{"id":44977,"date":"2025-10-11T15:28:43","date_gmt":"2025-10-11T13:28:43","guid":{"rendered":"https:\/\/silvereco.org\/doc\/?page_id=44977"},"modified":"2026-01-22T14:10:46","modified_gmt":"2026-01-22T13:10:46","slug":"silver-valley-a26-hall-a","status":"publish","type":"page","link":"https:\/\/silvereco.org\/doc\/silver-valley-a26-hall-a\/","title":{"rendered":"Silver Valley \/ A26 \/ HALL A"},"content":{"rendered":"\n<figure class=\"wp-block-image is-resized\"><img decoding=\"async\" src=\"https:\/\/silvereco.org\/festival\/fr\/wp-content\/medias\/2025\/10\/silvervalley-25.png\" alt=\"\" style=\"width:402px;height:auto\"\/><\/figure>\n\n\n\n<h5 class=\"wp-block-heading\"><\/h5>\n\n\n\n<figure class=\"wp-block-image size-full\"><img loading=\"lazy\" decoding=\"async\" width=\"25\" height=\"24\" src=\"https:\/\/silvereco.org\/doc\/wp-content\/uploads\/2025\/10\/image-9.png\" alt=\"\" class=\"wp-image-44996\"\/><\/figure>\n\n\n\n<p>Silver Valley est le premier p\u00f4le d\u2019innovation europ\u00e9en d\u00e9di\u00e9 \u00e0 la transition d\u00e9mographique.<\/p>\n\n\n\n<p>Il f\u00e9d\u00e8re plus de 230 organisations de la Silver \u00c9conomie, fili\u00e8re transversale qui r\u00e9pond aux besoins et usages des seniors et de leur entourage. Un \u00e9cosyst\u00e8me unique en Europe qui a pour objectif de pr\u00e9parer la soci\u00e9t\u00e9 de la long\u00e9vit\u00e9, d\u2019acc\u00e9l\u00e9rer le d\u00e9veloppement et la mise sur le march\u00e9 de solutions innovantes pour favoriser le mieux-vieillir, l\u2019inclusion des personnes et g\u00e9n\u00e9rer croissance et emploi. <\/p>\n\n\n\n<p>A ce jour 4500 professionnels sont affili\u00e9s au cluster et Silver Valley a accompagn\u00e9 ou analys\u00e9 plus de 2000 projets entrepreneuriaux d\u00e9di\u00e9s au bien vieillir. Silver Valley porte \u00e9galement le principal prix d\u2019innovation de la transition d\u00e9mographique, le Prix Silver Valley depuis pr\u00e8s de 20 ans.<\/p>\n\n\n\n<figure class=\"wp-block-image size-full\"><img loading=\"lazy\" decoding=\"async\" width=\"25\" height=\"25\" src=\"https:\/\/silvereco.org\/doc\/wp-content\/uploads\/2025\/10\/image-22.png\" alt=\"\" class=\"wp-image-45023\"\/><\/figure>\n\n\n\n<p>Silver Valley is Europe\u2019s leading innovation hub dedicated to the demographic transition.<\/p>\n\n\n\n<p>Bringing together over 230 organizations from the Silver Economy \u2014 a cross-sector industry addressing the needs and lifestyles of older adults and their circles \u2014 Silver Valley fosters a unique ecosystem designed to prepare society for longevity. Its mission is to accelerate the development and market entry of innovative solutions that promote ageing well, social inclusion, and sustainable economic growth. Today, more than 4,500 professionals are part of the cluster, and Silver Valley has supported or analyzed over 2,000 entrepreneurial projects dedicated to ageing well. It also manages the Silver Valley Innovation Award, the main European prize for innovation in demographic transition, for nearly two decades.<\/p>\n\n\n\n<p><strong>Mots Clefs :<\/strong><br>transition d\u00e9mographique, innovation, d\u00e9veloppement, acc\u00e9l\u00e9ration, bien vieillir<\/p>\n\n\n\n<p><strong>KeyWords :<\/strong><br>Demographic transition, innovation, development, acceleration, ageing well<\/p>\n\n\n\n<p><strong>SilverEco Congr\u00e8s \/ Summits :<\/strong><br>Living at Home Summit &#8211; le Congr\u00e8s Bien-vieillir chez soi<br>Nursing Home Summit &#8211; le Congr\u00e8s EHPAD, RSS et h\u00e9bergement collectif<br>SilverTech Summit &#8211; le Congr\u00e8s des technologies pour l&rsquo;autonomie<br>Yes We Care Summit &#8211; le Congr\u00e8s de l&rsquo;aide aux aidants<br>Silver Citizen Summit &#8211; le Congr\u00e8s Silver citoyennet\u00e9<br>Healthy Ageing Summit &#8211; le Congr\u00e8s Sant\u00e9 e-Sant\u00e9<\/p>\n\n\n\n<p><strong>Contact :<\/strong><br>54 rue Moli\u00e8re 94200 Ivry sur Seine \u2013 France<br>contact@silvervalley.fr<br><a href=\"https:\/\/www.silvervalley.fr\/\">Website<\/a><\/p>\n","protected":false},"excerpt":{"rendered":"<p>Silver Valley est le premier p\u00f4le d\u2019innovation europ\u00e9en d\u00e9di\u00e9 \u00e0 la transition d\u00e9mographique. Il f\u00e9d\u00e8re plus de 230 organisations de la Silver \u00c9conomie, fili\u00e8re transversale qui r\u00e9pond aux besoins et usages des seniors et de leur entourage. Un \u00e9cosyst\u00e8me unique en Europe qui a pour objectif de pr\u00e9parer la soci\u00e9t\u00e9 de la long\u00e9vit\u00e9, d\u2019acc\u00e9l\u00e9rer le [&hellip;]<\/p>\n","protected":false},"author":639,"featured_media":0,"parent":0,"menu_order":0,"comment_status":"closed","ping_status":"closed","template":"","meta":{"site-sidebar-layout":"default","site-content-layout":"","ast-site-content-layout":"default","site-content-style":"default","site-sidebar-style":"default","ast-global-header-display":"","ast-banner-title-visibility":"","ast-main-header-display":"","ast-hfb-above-header-display":"","ast-hfb-below-header-display":"","ast-hfb-mobile-header-display":"","site-post-title":"","ast-breadcrumbs-content":"","ast-featured-img":"","footer-sml-layout":"","ast-disable-related-posts":"","theme-transparent-header-meta":"","adv-header-id-meta":"","stick-header-meta":"","header-above-stick-meta":"","header-main-stick-meta":"","header-below-stick-meta":"","astra-migrate-meta-layouts":"set","ast-page-background-enabled":"default","ast-page-background-meta":{"desktop":{"background-color":"var(--ast-global-color-4)","background-image":"","background-repeat":"repeat","background-position":"center center","background-size":"auto","background-attachment":"scroll","background-type":"","background-media":"","overlay-type":"","overlay-color":"","overlay-opacity":"","overlay-gradient":""},"tablet":{"background-color":"","background-image":"","background-repeat":"repeat","background-position":"center center","background-size":"auto","background-attachment":"scroll","background-type":"","background-media":"","overlay-type":"","overlay-color":"","overlay-opacity":"","overlay-gradient":""},"mobile":{"background-color":"","background-image":"","background-repeat":"repeat","background-position":"center center","background-size":"auto","background-attachment":"scroll","background-type":"","background-media":"","overlay-type":"","overlay-color":"","overlay-opacity":"","overlay-gradient":""}},"ast-content-background-meta":{"desktop":{"background-color":"var(--ast-global-color-5)","background-image":"","background-repeat":"repeat","background-position":"center center","background-size":"auto","background-attachment":"scroll","background-type":"","background-media":"","overlay-type":"","overlay-color":"","overlay-opacity":"","overlay-gradient":""},"tablet":{"background-color":"var(--ast-global-color-5)","background-image":"","background-repeat":"repeat","background-position":"center center","background-size":"auto","background-attachment":"scroll","background-type":"","background-media":"","overlay-type":"","overlay-color":"","overlay-opacity":"","overlay-gradient":""},"mobile":{"background-color":"var(--ast-global-color-5)","background-image":"","background-repeat":"repeat","background-position":"center center","background-size":"auto","background-attachment":"scroll","background-type":"","background-media":"","overlay-type":"","overlay-color":"","overlay-opacity":"","overlay-gradient":""}},"footnotes":""},"class_list":["post-44977","page","type-page","status-publish","hentry"],"_links":{"self":[{"href":"https:\/\/silvereco.org\/doc\/wp-json\/wp\/v2\/pages\/44977","targetHints":{"allow":["GET"]}}],"collection":[{"href":"https:\/\/silvereco.org\/doc\/wp-json\/wp\/v2\/pages"}],"about":[{"href":"https:\/\/silvereco.org\/doc\/wp-json\/wp\/v2\/types\/page"}],"author":[{"embeddable":true,"href":"https:\/\/silvereco.org\/doc\/wp-json\/wp\/v2\/users\/639"}],"replies":[{"embeddable":true,"href":"https:\/\/silvereco.org\/doc\/wp-json\/wp\/v2\/comments?post=44977"}],"version-history":[{"count":5,"href":"https:\/\/silvereco.org\/doc\/wp-json\/wp\/v2\/pages\/44977\/revisions"}],"predecessor-version":[{"id":45652,"href":"https:\/\/silvereco.org\/doc\/wp-json\/wp\/v2\/pages\/44977\/revisions\/45652"}],"wp:attachment":[{"href":"https:\/\/silvereco.org\/doc\/wp-json\/wp\/v2\/media?parent=44977"}],"curies":[{"name":"wp","href":"https:\/\/api.w.org\/{rel}","templated":true}]}}