{"id":44976,"date":"2025-10-11T15:29:12","date_gmt":"2025-10-11T13:29:12","guid":{"rendered":"https:\/\/silvereco.org\/doc\/?page_id=44976"},"modified":"2026-01-22T14:10:46","modified_gmt":"2026-01-22T13:10:46","slug":"somoba-c47-hallc","status":"publish","type":"page","link":"https:\/\/silvereco.org\/doc\/somoba-c47-hallc\/","title":{"rendered":"SOMOBA \/ C47 \/ HALLC"},"content":{"rendered":"\n<figure class=\"wp-block-image is-resized\"><img decoding=\"async\" src=\"https:\/\/silvereco.org\/festival\/fr\/wp-content\/medias\/2025\/10\/somoba-25.png\" alt=\"\" style=\"width:423px;height:auto\"\/><\/figure>\n\n\n\n<h5 class=\"wp-block-heading\"><\/h5>\n\n\n\n<figure class=\"wp-block-image size-full\"><img loading=\"lazy\" decoding=\"async\" width=\"25\" height=\"24\" src=\"https:\/\/silvereco.org\/doc\/wp-content\/uploads\/2025\/10\/image-8.png\" alt=\"\" class=\"wp-image-44995\"\/><\/figure>\n\n\n\n<p>Face \u00e0 la fragilit\u00e9, \u00e0 la douleur ou \u00e0 la fin de vie, comment continuer \u00e0 accompagner autrement, avec douceur, respect et pr\u00e9sence dans le cadre de la qualit\u00e9 de vie au travail. Nous sommes sp\u00e9cialis\u00e9s dans les approches non m\u00e9dicamenteuses \u00e0 travers le Snoezelen, le CRDL, les jardins et parcours th\u00e9rapeutiques, le digital (table magique), l\u2019olfactif, l\u2019\u00e9clairage au rythme circadien. Nous proposons gratuitement nos services pour accompagner tous les projets avec nos deux bureaux d\u2019\u00e9tudes.<\/p>\n\n\n\n<p>Nous sommes aussi un organisme de formation certifi\u00e9 Qualiopi . Notre formation : concevoir et adapter un accompagnement multisensoriel, est la seule formation \u00e0 ce jour certifiante et \u00e9ligible au CPF.<\/p>\n\n\n\n<figure class=\"wp-block-image size-full\"><img loading=\"lazy\" decoding=\"async\" width=\"25\" height=\"25\" src=\"https:\/\/silvereco.org\/doc\/wp-content\/uploads\/2025\/10\/image-23.png\" alt=\"\" class=\"wp-image-45025\"\/><\/figure>\n\n\n\n<p>When facing fragility, pain, or end-of-life situations, how can we continue to provide care differently \u2014 with gentleness, respect, and mindful presence \u2014 while preserving quality of life at work?<\/p>\n\n\n\n<p>The organization specializes in non-pharmacological approaches such as Snoezelen, CRDL, therapeutic gardens and pathways, digital sensory tools (like the \u201cmagic table\u201d), olfactory stimulation, and circadian lighting. With two dedicated design offices, they offer free support and guidance for all care and wellbeing projects, promoting environments that foster serenity, dignity, and meaningful human connection.<\/p>\n\n\n\n<p><strong>Mots Clefs :<\/strong><br>Snoezelen, Aromath\u00e9rapie, musicoth\u00e9rapie, jardins et parcours th\u00e9rapeutiques, luminoth\u00e9rapie, olfacth\u00e9rapie,<\/p>\n\n\n\n<p><strong>KeyWords :<\/strong><br>Snoezelen, aromatherapy, music therapy, therapeutic gardens and pathways, light therapy, olfactotherapy<\/p>\n\n\n\n<p><strong>SilverEco Congr\u00e8s \/ Summits :<\/strong><br>Nursing Home Summit \u2013 le Congr\u00e8s EHPAD, RSS et h\u00e9bergement collectif<br>SilverTech Summit \u2013 le Congr\u00e8s des technologies pour l\u2019autonomie<br>Healthy Ageing Summit \u2013 le Congr\u00e8s Sant\u00e9 e-Sant\u00e9<\/p>\n\n\n\n<p><strong>Contact :<\/strong><br>82 rue Andr\u00e9 Amp\u00e8re, PAE La Tour, 34570 Montarnaud . France<br>+33 6 71 61 99 58<br>contact@somoba.fr<br><a href=\"https:\/\/www.somoba.fr\/\">Website<\/a><\/p>\n","protected":false},"excerpt":{"rendered":"<p>Face \u00e0 la fragilit\u00e9, \u00e0 la douleur ou \u00e0 la fin de vie, comment continuer \u00e0 accompagner autrement, avec douceur, respect et pr\u00e9sence dans le cadre de la qualit\u00e9 de vie au travail. Nous sommes sp\u00e9cialis\u00e9s dans les approches non m\u00e9dicamenteuses \u00e0 travers le Snoezelen, le CRDL, les jardins et parcours th\u00e9rapeutiques, le digital (table [&hellip;]<\/p>\n","protected":false},"author":639,"featured_media":0,"parent":0,"menu_order":0,"comment_status":"closed","ping_status":"closed","template":"","meta":{"site-sidebar-layout":"default","site-content-layout":"","ast-site-content-layout":"default","site-content-style":"default","site-sidebar-style":"default","ast-global-header-display":"","ast-banner-title-visibility":"","ast-main-header-display":"","ast-hfb-above-header-display":"","ast-hfb-below-header-display":"","ast-hfb-mobile-header-display":"","site-post-title":"","ast-breadcrumbs-content":"","ast-featured-img":"","footer-sml-layout":"","ast-disable-related-posts":"","theme-transparent-header-meta":"","adv-header-id-meta":"","stick-header-meta":"","header-above-stick-meta":"","header-main-stick-meta":"","header-below-stick-meta":"","astra-migrate-meta-layouts":"set","ast-page-background-enabled":"default","ast-page-background-meta":{"desktop":{"background-color":"var(--ast-global-color-4)","background-image":"","background-repeat":"repeat","background-position":"center center","background-size":"auto","background-attachment":"scroll","background-type":"","background-media":"","overlay-type":"","overlay-color":"","overlay-opacity":"","overlay-gradient":""},"tablet":{"background-color":"","background-image":"","background-repeat":"repeat","background-position":"center center","background-size":"auto","background-attachment":"scroll","background-type":"","background-media":"","overlay-type":"","overlay-color":"","overlay-opacity":"","overlay-gradient":""},"mobile":{"background-color":"","background-image":"","background-repeat":"repeat","background-position":"center center","background-size":"auto","background-attachment":"scroll","background-type":"","background-media":"","overlay-type":"","overlay-color":"","overlay-opacity":"","overlay-gradient":""}},"ast-content-background-meta":{"desktop":{"background-color":"var(--ast-global-color-5)","background-image":"","background-repeat":"repeat","background-position":"center center","background-size":"auto","background-attachment":"scroll","background-type":"","background-media":"","overlay-type":"","overlay-color":"","overlay-opacity":"","overlay-gradient":""},"tablet":{"background-color":"var(--ast-global-color-5)","background-image":"","background-repeat":"repeat","background-position":"center center","background-size":"auto","background-attachment":"scroll","background-type":"","background-media":"","overlay-type":"","overlay-color":"","overlay-opacity":"","overlay-gradient":""},"mobile":{"background-color":"var(--ast-global-color-5)","background-image":"","background-repeat":"repeat","background-position":"center center","background-size":"auto","background-attachment":"scroll","background-type":"","background-media":"","overlay-type":"","overlay-color":"","overlay-opacity":"","overlay-gradient":""}},"footnotes":""},"class_list":["post-44976","page","type-page","status-publish","hentry"],"_links":{"self":[{"href":"https:\/\/silvereco.org\/doc\/wp-json\/wp\/v2\/pages\/44976","targetHints":{"allow":["GET"]}}],"collection":[{"href":"https:\/\/silvereco.org\/doc\/wp-json\/wp\/v2\/pages"}],"about":[{"href":"https:\/\/silvereco.org\/doc\/wp-json\/wp\/v2\/types\/page"}],"author":[{"embeddable":true,"href":"https:\/\/silvereco.org\/doc\/wp-json\/wp\/v2\/users\/639"}],"replies":[{"embeddable":true,"href":"https:\/\/silvereco.org\/doc\/wp-json\/wp\/v2\/comments?post=44976"}],"version-history":[{"count":4,"href":"https:\/\/silvereco.org\/doc\/wp-json\/wp\/v2\/pages\/44976\/revisions"}],"predecessor-version":[{"id":45649,"href":"https:\/\/silvereco.org\/doc\/wp-json\/wp\/v2\/pages\/44976\/revisions\/45649"}],"wp:attachment":[{"href":"https:\/\/silvereco.org\/doc\/wp-json\/wp\/v2\/media?parent=44976"}],"curies":[{"name":"wp","href":"https:\/\/api.w.org\/{rel}","templated":true}]}}