{"id":44975,"date":"2025-10-11T15:29:57","date_gmt":"2025-10-11T13:29:57","guid":{"rendered":"https:\/\/silvereco.org\/doc\/?page_id=44975"},"modified":"2026-01-22T14:10:23","modified_gmt":"2026-01-22T13:10:23","slug":"corerpa-coordination-des-retraites-et-personnes-agees-ile-de-france-a12-hall-a","status":"publish","type":"page","link":"https:\/\/silvereco.org\/doc\/corerpa-coordination-des-retraites-et-personnes-agees-ile-de-france-a12-hall-a\/","title":{"rendered":"CORERPA \u00ab\u00a0coordination des retrait\u00e9s et personnes \u00e2g\u00e9es ile de france\u00a0\u00bb \/ A12 \/ HALL A"},"content":{"rendered":"\n<figure class=\"wp-block-image is-resized\"><img decoding=\"async\" src=\"https:\/\/silvereco.org\/festival\/fr\/wp-content\/medias\/2025\/10\/corerpa-25.png\" alt=\"\" style=\"width:310px;height:auto\"\/><\/figure>\n\n\n\n<h5 class=\"wp-block-heading\"><\/h5>\n\n\n\n<figure class=\"wp-block-image size-full\"><img loading=\"lazy\" decoding=\"async\" width=\"25\" height=\"24\" src=\"https:\/\/silvereco.org\/doc\/wp-content\/uploads\/2025\/10\/image-7.png\" alt=\"\" class=\"wp-image-44994\"\/><\/figure>\n\n\n\n<p>La Corerpa \u00ab&nbsp;Coordination des retrait\u00e9s et Personnes \u00e2g\u00e9es \u00bb a pour but de r\u00e9unir les formations Personnes \u00e2g\u00e9es des CDCA en vue de mutualiser et et coordonner leurs r\u00e9flexions, leurs propositions ,leurs travaux et traiter les sujets relevant du niveau r\u00e9gional ayant en particulier aux transports, aux logements et \u00e0 la sant\u00e9.<\/p>\n\n\n\n<p>En tant que membres des Conf\u00e9rences des financeurs et des nouveaux CTA, elle soutient l\u2019innovation au service de la Long\u00e9vit\u00e9 en portant la parole des usagers retrait\u00e9s.<\/p>\n\n\n\n<figure class=\"wp-block-image size-full\"><img loading=\"lazy\" decoding=\"async\" width=\"25\" height=\"25\" src=\"https:\/\/silvereco.org\/doc\/wp-content\/uploads\/2025\/10\/image-24.png\" alt=\"\" class=\"wp-image-45027\"\/><\/figure>\n\n\n\n<p>The Corerpa (\u201cCoordination of Retired and Older Persons\u201d) aims to bring together the \u201cOlder Persons\u201d committees from the CDCA (Departmental Councils for Citizen Engagement and Autonomy) to share and coordinate their reflections, proposals, and initiatives. It addresses issues that require a regional approach, particularly in areas such as transport, housing, and health.<\/p>\n\n\n\n<p>As a member of the Funding Conferences and the new Territorial Autonomy Committees (CTA), Corerpa actively supports innovation serving longevity, ensuring that the voices and experiences of retired citizens are heard and represented in public policies.<\/p>\n\n\n\n<p><strong>Mots Clefs :<\/strong><br>Voix des personnes \u00e2g\u00e9es\/ Participation des usagers prescripteurs et consommateurs \/Engagement citoyen<\/p>\n\n\n\n<p><strong>KeyWords :<\/strong><br>Voice of older people, Participation of users as prescribers and consumers, Civic engagement<\/p>\n\n\n\n<p><strong>SilverEco Congr\u00e8s \/ Summits :<\/strong><br>Living at Home Summit \u2013 le Congr\u00e8s Bien-vieillir chez soi<br>Yes We Care Summit \u2013 le Congr\u00e8s de l\u2019aide aux aidants<br>Silver Citizen Summit \u2013 le Congr\u00e8s Silver citoyennet\u00e9<\/p>\n\n\n\n<p><strong>Contact :<\/strong><br>5 avenue Daniel Lesueur Paris 75007 \u2013 France<br>+33 6 29 70 20 18<br>christiane.flouquet@gmail.com<br><a href=\"https:\/\/corerpa-idf.fr\/\">Website<\/a><\/p>\n","protected":false},"excerpt":{"rendered":"<p>La Corerpa \u00ab&nbsp;Coordination des retrait\u00e9s et Personnes \u00e2g\u00e9es \u00bb a pour but de r\u00e9unir les formations Personnes \u00e2g\u00e9es des CDCA en vue de mutualiser et et coordonner leurs r\u00e9flexions, leurs propositions ,leurs travaux et traiter les sujets relevant du niveau r\u00e9gional ayant en particulier aux transports, aux logements et \u00e0 la sant\u00e9. En tant que [&hellip;]<\/p>\n","protected":false},"author":639,"featured_media":0,"parent":0,"menu_order":0,"comment_status":"closed","ping_status":"closed","template":"","meta":{"site-sidebar-layout":"default","site-content-layout":"","ast-site-content-layout":"default","site-content-style":"default","site-sidebar-style":"default","ast-global-header-display":"","ast-banner-title-visibility":"","ast-main-header-display":"","ast-hfb-above-header-display":"","ast-hfb-below-header-display":"","ast-hfb-mobile-header-display":"","site-post-title":"","ast-breadcrumbs-content":"","ast-featured-img":"","footer-sml-layout":"","ast-disable-related-posts":"","theme-transparent-header-meta":"","adv-header-id-meta":"","stick-header-meta":"","header-above-stick-meta":"","header-main-stick-meta":"","header-below-stick-meta":"","astra-migrate-meta-layouts":"set","ast-page-background-enabled":"default","ast-page-background-meta":{"desktop":{"background-color":"var(--ast-global-color-4)","background-image":"","background-repeat":"repeat","background-position":"center center","background-size":"auto","background-attachment":"scroll","background-type":"","background-media":"","overlay-type":"","overlay-color":"","overlay-opacity":"","overlay-gradient":""},"tablet":{"background-color":"","background-image":"","background-repeat":"repeat","background-position":"center center","background-size":"auto","background-attachment":"scroll","background-type":"","background-media":"","overlay-type":"","overlay-color":"","overlay-opacity":"","overlay-gradient":""},"mobile":{"background-color":"","background-image":"","background-repeat":"repeat","background-position":"center center","background-size":"auto","background-attachment":"scroll","background-type":"","background-media":"","overlay-type":"","overlay-color":"","overlay-opacity":"","overlay-gradient":""}},"ast-content-background-meta":{"desktop":{"background-color":"var(--ast-global-color-5)","background-image":"","background-repeat":"repeat","background-position":"center center","background-size":"auto","background-attachment":"scroll","background-type":"","background-media":"","overlay-type":"","overlay-color":"","overlay-opacity":"","overlay-gradient":""},"tablet":{"background-color":"var(--ast-global-color-5)","background-image":"","background-repeat":"repeat","background-position":"center center","background-size":"auto","background-attachment":"scroll","background-type":"","background-media":"","overlay-type":"","overlay-color":"","overlay-opacity":"","overlay-gradient":""},"mobile":{"background-color":"var(--ast-global-color-5)","background-image":"","background-repeat":"repeat","background-position":"center center","background-size":"auto","background-attachment":"scroll","background-type":"","background-media":"","overlay-type":"","overlay-color":"","overlay-opacity":"","overlay-gradient":""}},"footnotes":""},"class_list":["post-44975","page","type-page","status-publish","hentry"],"_links":{"self":[{"href":"https:\/\/silvereco.org\/doc\/wp-json\/wp\/v2\/pages\/44975","targetHints":{"allow":["GET"]}}],"collection":[{"href":"https:\/\/silvereco.org\/doc\/wp-json\/wp\/v2\/pages"}],"about":[{"href":"https:\/\/silvereco.org\/doc\/wp-json\/wp\/v2\/types\/page"}],"author":[{"embeddable":true,"href":"https:\/\/silvereco.org\/doc\/wp-json\/wp\/v2\/users\/639"}],"replies":[{"embeddable":true,"href":"https:\/\/silvereco.org\/doc\/wp-json\/wp\/v2\/comments?post=44975"}],"version-history":[{"count":6,"href":"https:\/\/silvereco.org\/doc\/wp-json\/wp\/v2\/pages\/44975\/revisions"}],"predecessor-version":[{"id":45578,"href":"https:\/\/silvereco.org\/doc\/wp-json\/wp\/v2\/pages\/44975\/revisions\/45578"}],"wp:attachment":[{"href":"https:\/\/silvereco.org\/doc\/wp-json\/wp\/v2\/media?parent=44975"}],"curies":[{"name":"wp","href":"https:\/\/api.w.org\/{rel}","templated":true}]}}