{"id":44959,"date":"2025-10-11T15:15:17","date_gmt":"2025-10-11T13:15:17","guid":{"rendered":"https:\/\/silvereco.org\/doc\/?page_id=44959"},"modified":"2026-01-22T14:11:09","modified_gmt":"2026-01-22T13:11:09","slug":"union-des-gerontopoles-de-france-h3-hall-a","status":"publish","type":"page","link":"https:\/\/silvereco.org\/doc\/union-des-gerontopoles-de-france-h3-hall-a\/","title":{"rendered":"Union des G\u00e9rontop\u00f4les de France \/ H3 \/ HALL A"},"content":{"rendered":"\n<figure class=\"wp-block-image is-resized\"><img decoding=\"async\" src=\"https:\/\/silvereco.org\/festival\/fr\/wp-content\/medias\/2025\/10\/UGF-25.png\" alt=\"\" style=\"width:394px;height:auto\"\/><\/figure>\n\n\n\n<h5 class=\"wp-block-heading\"><\/h5>\n\n\n\n<figure class=\"wp-block-image size-full\"><img loading=\"lazy\" decoding=\"async\" width=\"25\" height=\"24\" src=\"https:\/\/silvereco.org\/doc\/wp-content\/uploads\/2025\/10\/image-10.png\" alt=\"\" class=\"wp-image-44997\"\/><\/figure>\n\n\n\n<p>Face aux multiples enjeux du vieillissement de la population (sociaux, sanitaires, politiques et \u00e9conomiques), l\u2019Union des G\u00e9rontop\u00f4les de France est un moyen d\u2019action strat\u00e9gique, scientifique et p\u00e9dagogique au service de la qualit\u00e9 de vie des personnes \u00e2g\u00e9es et de la transition d\u00e9mographique.<\/p>\n\n\n\n<p>L\u2019Union repr\u00e9sente, accompagne, soutien et coordonne le r\u00e9seau des G\u00e9ronto\u00f4les pour en favoriser la visibilit\u00e9, la promotion et la reconnaissance en \u00e9tant un appui de r\u00e9f\u00e9rence. Les G\u00e9rontop\u00f4les sont engag\u00e9s solidairement dans l\u2019action par leur cahier des charges commun, ainsi que dans la gouvernance et la r\u00e9alisation de la mission de leur Union.<\/p>\n\n\n\n<figure class=\"wp-block-image size-full\"><img loading=\"lazy\" decoding=\"async\" width=\"25\" height=\"25\" src=\"https:\/\/silvereco.org\/doc\/wp-content\/uploads\/2025\/10\/image-21.png\" alt=\"\" class=\"wp-image-45021\"\/><\/figure>\n\n\n\n<p>Faced with the many social, health, political, and economic challenges of population ageing, the Union of G\u00e9rontop\u00f4les of France serves as a strategic, scientific, and educational instrument dedicated to improving the quality of life of older adults and supporting the demographic transition.<\/p>\n\n\n\n<p>The Union represents, supports, and coordinates the national network of G\u00e9rontop\u00f4les, enhancing their visibility, promotion, and recognition as key reference centers. United by a shared charter and mission, the G\u00e9rontop\u00f4les work collectively within the Union\u2019s governance framework to advance research, innovation, and practical actions in favour of ageing well across France.<\/p>\n\n\n\n<p><strong>Mots Clefs :<\/strong><br>G\u00e9rontopole<\/p>\n\n\n\n<p><strong>KeyWords :<\/strong><br>Gerontopole<\/p>\n\n\n\n<p><strong>SilverEco Congr\u00e8s \/ Summits :<\/strong><\/p>\n\n\n\n<p><strong>Contact :<\/strong><br><a href=\"https:\/\/www.silvereco.fr\/union-des-gerontopoles-de-france\/\">Website<\/a><\/p>\n","protected":false},"excerpt":{"rendered":"<p>Face aux multiples enjeux du vieillissement de la population (sociaux, sanitaires, politiques et \u00e9conomiques), l\u2019Union des G\u00e9rontop\u00f4les de France est un moyen d\u2019action strat\u00e9gique, scientifique et p\u00e9dagogique au service de la qualit\u00e9 de vie des personnes \u00e2g\u00e9es et de la transition d\u00e9mographique. L\u2019Union repr\u00e9sente, accompagne, soutien et coordonne le r\u00e9seau des G\u00e9ronto\u00f4les pour en favoriser [&hellip;]<\/p>\n","protected":false},"author":639,"featured_media":0,"parent":0,"menu_order":0,"comment_status":"closed","ping_status":"closed","template":"","meta":{"site-sidebar-layout":"default","site-content-layout":"","ast-site-content-layout":"default","site-content-style":"default","site-sidebar-style":"default","ast-global-header-display":"","ast-banner-title-visibility":"","ast-main-header-display":"","ast-hfb-above-header-display":"","ast-hfb-below-header-display":"","ast-hfb-mobile-header-display":"","site-post-title":"","ast-breadcrumbs-content":"","ast-featured-img":"","footer-sml-layout":"","ast-disable-related-posts":"","theme-transparent-header-meta":"","adv-header-id-meta":"","stick-header-meta":"","header-above-stick-meta":"","header-main-stick-meta":"","header-below-stick-meta":"","astra-migrate-meta-layouts":"set","ast-page-background-enabled":"default","ast-page-background-meta":{"desktop":{"background-color":"var(--ast-global-color-4)","background-image":"","background-repeat":"repeat","background-position":"center center","background-size":"auto","background-attachment":"scroll","background-type":"","background-media":"","overlay-type":"","overlay-color":"","overlay-opacity":"","overlay-gradient":""},"tablet":{"background-color":"","background-image":"","background-repeat":"repeat","background-position":"center center","background-size":"auto","background-attachment":"scroll","background-type":"","background-media":"","overlay-type":"","overlay-color":"","overlay-opacity":"","overlay-gradient":""},"mobile":{"background-color":"","background-image":"","background-repeat":"repeat","background-position":"center center","background-size":"auto","background-attachment":"scroll","background-type":"","background-media":"","overlay-type":"","overlay-color":"","overlay-opacity":"","overlay-gradient":""}},"ast-content-background-meta":{"desktop":{"background-color":"var(--ast-global-color-5)","background-image":"","background-repeat":"repeat","background-position":"center center","background-size":"auto","background-attachment":"scroll","background-type":"","background-media":"","overlay-type":"","overlay-color":"","overlay-opacity":"","overlay-gradient":""},"tablet":{"background-color":"var(--ast-global-color-5)","background-image":"","background-repeat":"repeat","background-position":"center center","background-size":"auto","background-attachment":"scroll","background-type":"","background-media":"","overlay-type":"","overlay-color":"","overlay-opacity":"","overlay-gradient":""},"mobile":{"background-color":"var(--ast-global-color-5)","background-image":"","background-repeat":"repeat","background-position":"center center","background-size":"auto","background-attachment":"scroll","background-type":"","background-media":"","overlay-type":"","overlay-color":"","overlay-opacity":"","overlay-gradient":""}},"footnotes":""},"class_list":["post-44959","page","type-page","status-publish","hentry"],"_links":{"self":[{"href":"https:\/\/silvereco.org\/doc\/wp-json\/wp\/v2\/pages\/44959","targetHints":{"allow":["GET"]}}],"collection":[{"href":"https:\/\/silvereco.org\/doc\/wp-json\/wp\/v2\/pages"}],"about":[{"href":"https:\/\/silvereco.org\/doc\/wp-json\/wp\/v2\/types\/page"}],"author":[{"embeddable":true,"href":"https:\/\/silvereco.org\/doc\/wp-json\/wp\/v2\/users\/639"}],"replies":[{"embeddable":true,"href":"https:\/\/silvereco.org\/doc\/wp-json\/wp\/v2\/comments?post=44959"}],"version-history":[{"count":3,"href":"https:\/\/silvereco.org\/doc\/wp-json\/wp\/v2\/pages\/44959\/revisions"}],"predecessor-version":[{"id":45431,"href":"https:\/\/silvereco.org\/doc\/wp-json\/wp\/v2\/pages\/44959\/revisions\/45431"}],"wp:attachment":[{"href":"https:\/\/silvereco.org\/doc\/wp-json\/wp\/v2\/media?parent=44959"}],"curies":[{"name":"wp","href":"https:\/\/api.w.org\/{rel}","templated":true}]}}