{"id":44958,"date":"2025-10-11T15:14:47","date_gmt":"2025-10-11T13:14:47","guid":{"rendered":"https:\/\/silvereco.org\/doc\/?page_id=44958"},"modified":"2026-01-22T14:11:09","modified_gmt":"2026-01-22T13:11:09","slug":"synapse-a1-a2-hall-a","status":"publish","type":"page","link":"https:\/\/silvereco.org\/doc\/synapse-a1-a2-hall-a\/","title":{"rendered":"SYNAPSE \/ A1-A2 \/ HALL A"},"content":{"rendered":"\n<figure class=\"wp-block-image is-resized\"><img decoding=\"async\" src=\"https:\/\/silvereco.org\/festival\/fr\/wp-content\/medias\/2025\/10\/synapse-25.png\" alt=\"\" style=\"width:451px;height:auto\"\/><\/figure>\n\n\n\n<h5 class=\"wp-block-heading\"><\/h5>\n\n\n\n<figure class=\"wp-block-image size-full\"><img loading=\"lazy\" decoding=\"async\" width=\"25\" height=\"24\" src=\"https:\/\/silvereco.org\/doc\/wp-content\/uploads\/2025\/10\/image-11.png\" alt=\"\" class=\"wp-image-44998\"\/><\/figure>\n\n\n\n<p>Le Syndicat National pour la Silver Economie (SYNAPSE) est le r\u00e9f\u00e9rent professionnel d\u2019un secteur ou l\u2019humain et l\u2019\u00e9thique doivent \u00eatre pr\u00e9pond\u00e9rants.<\/p>\n\n\n\n<p>Le Syndicat National pour la Silver Economie, a \u00e9t\u00e9 cr\u00e9\u00e9 \u00e0 l\u2019initiative de professionnels du secteur de la Silver Economie. Il s\u2019inscrit dans la continuit\u00e9 de l\u2019Association ASIPAG cr\u00e9\u00e9e en 2010 qui a initi\u00e9 la cr\u00e9ation de la fili\u00e8re Silver Economie en France. Chacun de nos membres s\u2019engage \u00e0 respecter notre charte et nos valeurs \u00e9thiques.<\/p>\n\n\n\n<figure class=\"wp-block-image size-full\"><img loading=\"lazy\" decoding=\"async\" width=\"25\" height=\"25\" src=\"https:\/\/silvereco.org\/doc\/wp-content\/uploads\/2025\/10\/image-20.png\" alt=\"\" class=\"wp-image-45019\"\/><\/figure>\n\n\n\n<p>The National Union for the Silver Economy (SYNAPSE) is the leading professional organization in a sector where humanity and ethics must remain at the forefront.<\/p>\n\n\n\n<p>Founded by key professionals in the ageing-well industry, SYNAPSE continues the legacy of ASIPAG, the association created in 2010 that initiated the development of the Silver Economy in France. Each member of the union is committed to upholding its charter and ethical values, ensuring that innovation and growth in the field always serve the dignity and well-being of older adults.<\/p>\n\n\n\n<p><strong>Mots Clefs :<\/strong><br>Silver Economie<\/p>\n\n\n\n<p><strong>KeyWords :<\/strong><br>Silver Economy<\/p>\n\n\n\n<p><strong>SilverEco Congr\u00e8s \/ Summits :<\/strong><br>Living at Home Summit \u2013 le Congr\u00e8s Bien-vieillir chez soi<br>Nursing Home Summit \u2013 le Congr\u00e8s EHPAD, RSS et h\u00e9bergement collectif<br>SilverTech Summit \u2013 le Congr\u00e8s des technologies pour l\u2019autonomie<br>Yes We Care Summit \u2013 le Congr\u00e8s de l\u2019aide aux aidants<br>Silver Citizen Summit \u2013 le Congr\u00e8s Silver citoyennet\u00e9<br>Healthy Ageing Summit \u2013 le Congr\u00e8s Sant\u00e9 e-Sant\u00e9<\/p>\n\n\n\n<p><strong>Contact :<\/strong><br>54, rue Moli\u00e8re 94200 IVRY SUR SEINE \u2013 France<br><a href=\"https:\/\/www.synapse-france.org\/\">Website<\/a><\/p>\n","protected":false},"excerpt":{"rendered":"<p>Le Syndicat National pour la Silver Economie (SYNAPSE) est le r\u00e9f\u00e9rent professionnel d\u2019un secteur ou l\u2019humain et l\u2019\u00e9thique doivent \u00eatre pr\u00e9pond\u00e9rants. Le Syndicat National pour la Silver Economie, a \u00e9t\u00e9 cr\u00e9\u00e9 \u00e0 l\u2019initiative de professionnels du secteur de la Silver Economie. Il s\u2019inscrit dans la continuit\u00e9 de l\u2019Association ASIPAG cr\u00e9\u00e9e en 2010 qui a initi\u00e9 [&hellip;]<\/p>\n","protected":false},"author":639,"featured_media":0,"parent":0,"menu_order":0,"comment_status":"closed","ping_status":"closed","template":"","meta":{"site-sidebar-layout":"default","site-content-layout":"","ast-site-content-layout":"default","site-content-style":"default","site-sidebar-style":"default","ast-global-header-display":"","ast-banner-title-visibility":"","ast-main-header-display":"","ast-hfb-above-header-display":"","ast-hfb-below-header-display":"","ast-hfb-mobile-header-display":"","site-post-title":"","ast-breadcrumbs-content":"","ast-featured-img":"","footer-sml-layout":"","ast-disable-related-posts":"","theme-transparent-header-meta":"","adv-header-id-meta":"","stick-header-meta":"","header-above-stick-meta":"","header-main-stick-meta":"","header-below-stick-meta":"","astra-migrate-meta-layouts":"set","ast-page-background-enabled":"default","ast-page-background-meta":{"desktop":{"background-color":"var(--ast-global-color-4)","background-image":"","background-repeat":"repeat","background-position":"center center","background-size":"auto","background-attachment":"scroll","background-type":"","background-media":"","overlay-type":"","overlay-color":"","overlay-opacity":"","overlay-gradient":""},"tablet":{"background-color":"","background-image":"","background-repeat":"repeat","background-position":"center center","background-size":"auto","background-attachment":"scroll","background-type":"","background-media":"","overlay-type":"","overlay-color":"","overlay-opacity":"","overlay-gradient":""},"mobile":{"background-color":"","background-image":"","background-repeat":"repeat","background-position":"center center","background-size":"auto","background-attachment":"scroll","background-type":"","background-media":"","overlay-type":"","overlay-color":"","overlay-opacity":"","overlay-gradient":""}},"ast-content-background-meta":{"desktop":{"background-color":"var(--ast-global-color-5)","background-image":"","background-repeat":"repeat","background-position":"center center","background-size":"auto","background-attachment":"scroll","background-type":"","background-media":"","overlay-type":"","overlay-color":"","overlay-opacity":"","overlay-gradient":""},"tablet":{"background-color":"var(--ast-global-color-5)","background-image":"","background-repeat":"repeat","background-position":"center center","background-size":"auto","background-attachment":"scroll","background-type":"","background-media":"","overlay-type":"","overlay-color":"","overlay-opacity":"","overlay-gradient":""},"mobile":{"background-color":"var(--ast-global-color-5)","background-image":"","background-repeat":"repeat","background-position":"center center","background-size":"auto","background-attachment":"scroll","background-type":"","background-media":"","overlay-type":"","overlay-color":"","overlay-opacity":"","overlay-gradient":""}},"footnotes":""},"class_list":["post-44958","page","type-page","status-publish","hentry"],"_links":{"self":[{"href":"https:\/\/silvereco.org\/doc\/wp-json\/wp\/v2\/pages\/44958","targetHints":{"allow":["GET"]}}],"collection":[{"href":"https:\/\/silvereco.org\/doc\/wp-json\/wp\/v2\/pages"}],"about":[{"href":"https:\/\/silvereco.org\/doc\/wp-json\/wp\/v2\/types\/page"}],"author":[{"embeddable":true,"href":"https:\/\/silvereco.org\/doc\/wp-json\/wp\/v2\/users\/639"}],"replies":[{"embeddable":true,"href":"https:\/\/silvereco.org\/doc\/wp-json\/wp\/v2\/comments?post=44958"}],"version-history":[{"count":3,"href":"https:\/\/silvereco.org\/doc\/wp-json\/wp\/v2\/pages\/44958\/revisions"}],"predecessor-version":[{"id":45430,"href":"https:\/\/silvereco.org\/doc\/wp-json\/wp\/v2\/pages\/44958\/revisions\/45430"}],"wp:attachment":[{"href":"https:\/\/silvereco.org\/doc\/wp-json\/wp\/v2\/media?parent=44958"}],"curies":[{"name":"wp","href":"https:\/\/api.w.org\/{rel}","templated":true}]}}