{"id":44957,"date":"2025-10-11T15:13:39","date_gmt":"2025-10-11T13:13:39","guid":{"rendered":"https:\/\/silvereco.org\/doc\/?page_id=44957"},"modified":"2026-01-22T14:11:09","modified_gmt":"2026-01-22T13:11:09","slug":"telecom-design-a23-hall-a","status":"publish","type":"page","link":"https:\/\/silvereco.org\/doc\/telecom-design-a23-hall-a\/","title":{"rendered":"Telecom Design \/ A23 \/ HALL A"},"content":{"rendered":"\n<figure class=\"wp-block-image is-resized\"><img decoding=\"async\" src=\"https:\/\/silvereco.org\/festival\/fr\/wp-content\/medias\/2025\/10\/telecomdesign-25.png\" alt=\"\" style=\"width:364px;height:auto\"\/><\/figure>\n\n\n\n<h5 class=\"wp-block-heading\"><\/h5>\n\n\n\n<figure class=\"wp-block-image size-full\"><img loading=\"lazy\" decoding=\"async\" width=\"25\" height=\"24\" src=\"https:\/\/silvereco.org\/doc\/wp-content\/uploads\/2025\/10\/image-12.png\" alt=\"\" class=\"wp-image-44999\"\/><\/figure>\n\n\n\n<p>Fond\u00e9 en 2000, Telecom Design d\u00e9veloppe et commercialise des solutions IoT compl\u00e8tes et innovantes sur les march\u00e9s de la S\u00e9curit\u00e9, de la Sant\u00e9 et du Bien-vieillir.<\/p>\n\n\n\n<p>Telecom Design, doit notamment son succ\u00e8s \u00e0 sa technologie de d\u00e9tection automatique de chute et \u00e0 son produit phare le Vibby Oak. Ce bracelet, distribu\u00e9 par la plupart des op\u00e9rateurs de t\u00e9l\u00e9assistance, s\u2019est vendu \u00e0 plus de 1 500 000 exemplaires en Europe. Depuis cette ann\u00e9e, Telecom Design va plus loin en lan\u00e7ant Vibby Home, sa 1\u00e8re offre compl\u00e8te (Bracelet connect\u00e9 + Hub) \u00e0 destination des op\u00e9rateurs de t\u00e9l\u00e9assistance. <\/p>\n\n\n\n<p>Outre la s\u00e9curit\u00e9, cette derni\u00e8re explore de nouveaux champs d\u2019application comme la pr\u00e9vention des chutes, le suivi d\u2019activit\u00e9, le bien-\u00eatre et le lien social chez les Seniors. <\/p>\n\n\n\n<figure class=\"wp-block-image size-full\"><img loading=\"lazy\" decoding=\"async\" width=\"25\" height=\"25\" src=\"https:\/\/silvereco.org\/doc\/wp-content\/uploads\/2025\/10\/image-19.png\" alt=\"\" class=\"wp-image-45017\"\/><\/figure>\n\n\n\n<p>Founded in 2000, Telecom Design develops and markets complete and innovative IoT solutions in the Security, Health and Healthy Ageing markets. <\/p>\n\n\n\n<p>Telecom Design owes its success in particular to its automatic fall detection technology and its flagship product, Vibby Oak. This bracelet, distributed by most teleassistance operators, has sold more than 1,500,000 copies in Europe. <\/p>\n\n\n\n<p>Since this year, Telecom Design has gone further by launching Vibby Home, its first complete offer (Connected Bracelet + Hub) for teleassistance operators. In addition to security, the latter explores new fields of application such as fall prevention, activity monitoring, well-being and social ties among seniors.<\/p>\n\n\n\n<p><strong>Mots Clefs :<\/strong><br>D\u00e9tection de chute, Pr\u00e9vention des chutes, Chutes, Gestion d\u2019activit\u00e9, Maintien \u00e0 domicile, Autonomie, Seniors, T\u00e9l\u00e9assistance, Telecare<\/p>\n\n\n\n<p><strong>KeyWords :<\/strong><br>Fall detection, Fall prevention, Falls, Activity management, Home support, Autonomy, Seniors, Teleassistance, Telecare<\/p>\n\n\n\n<p><strong>SilverEco Congr\u00e8s \/ Summits :<\/strong><br>Living at Home Summit \u2013 le Congr\u00e8s Bien-vieillir chez soi<br>SilverTech Summit \u2013 le Congr\u00e8s des technologies pour l\u2019autonomie<\/p>\n\n\n\n<p><strong>Contact :<\/strong><br>Zone Actipolis II 2 Bis r Nully de Harcourt, 33610 Can\u00e9jan \u2013 France<br>+33 5 57 35 63 70<br>contact@telecomdesign.com<br><a href=\"https:\/\/telecomdesign.com\/\">Website<\/a><\/p>\n","protected":false},"excerpt":{"rendered":"<p>Fond\u00e9 en 2000, Telecom Design d\u00e9veloppe et commercialise des solutions IoT compl\u00e8tes et innovantes sur les march\u00e9s de la S\u00e9curit\u00e9, de la Sant\u00e9 et du Bien-vieillir. Telecom Design, doit notamment son succ\u00e8s \u00e0 sa technologie de d\u00e9tection automatique de chute et \u00e0 son produit phare le Vibby Oak. Ce bracelet, distribu\u00e9 par la plupart des [&hellip;]<\/p>\n","protected":false},"author":639,"featured_media":0,"parent":0,"menu_order":0,"comment_status":"closed","ping_status":"closed","template":"","meta":{"site-sidebar-layout":"default","site-content-layout":"","ast-site-content-layout":"default","site-content-style":"default","site-sidebar-style":"default","ast-global-header-display":"","ast-banner-title-visibility":"","ast-main-header-display":"","ast-hfb-above-header-display":"","ast-hfb-below-header-display":"","ast-hfb-mobile-header-display":"","site-post-title":"","ast-breadcrumbs-content":"","ast-featured-img":"","footer-sml-layout":"","ast-disable-related-posts":"","theme-transparent-header-meta":"","adv-header-id-meta":"","stick-header-meta":"","header-above-stick-meta":"","header-main-stick-meta":"","header-below-stick-meta":"","astra-migrate-meta-layouts":"set","ast-page-background-enabled":"default","ast-page-background-meta":{"desktop":{"background-color":"var(--ast-global-color-4)","background-image":"","background-repeat":"repeat","background-position":"center center","background-size":"auto","background-attachment":"scroll","background-type":"","background-media":"","overlay-type":"","overlay-color":"","overlay-opacity":"","overlay-gradient":""},"tablet":{"background-color":"","background-image":"","background-repeat":"repeat","background-position":"center center","background-size":"auto","background-attachment":"scroll","background-type":"","background-media":"","overlay-type":"","overlay-color":"","overlay-opacity":"","overlay-gradient":""},"mobile":{"background-color":"","background-image":"","background-repeat":"repeat","background-position":"center center","background-size":"auto","background-attachment":"scroll","background-type":"","background-media":"","overlay-type":"","overlay-color":"","overlay-opacity":"","overlay-gradient":""}},"ast-content-background-meta":{"desktop":{"background-color":"var(--ast-global-color-5)","background-image":"","background-repeat":"repeat","background-position":"center center","background-size":"auto","background-attachment":"scroll","background-type":"","background-media":"","overlay-type":"","overlay-color":"","overlay-opacity":"","overlay-gradient":""},"tablet":{"background-color":"var(--ast-global-color-5)","background-image":"","background-repeat":"repeat","background-position":"center center","background-size":"auto","background-attachment":"scroll","background-type":"","background-media":"","overlay-type":"","overlay-color":"","overlay-opacity":"","overlay-gradient":""},"mobile":{"background-color":"var(--ast-global-color-5)","background-image":"","background-repeat":"repeat","background-position":"center center","background-size":"auto","background-attachment":"scroll","background-type":"","background-media":"","overlay-type":"","overlay-color":"","overlay-opacity":"","overlay-gradient":""}},"footnotes":""},"class_list":["post-44957","page","type-page","status-publish","hentry"],"_links":{"self":[{"href":"https:\/\/silvereco.org\/doc\/wp-json\/wp\/v2\/pages\/44957","targetHints":{"allow":["GET"]}}],"collection":[{"href":"https:\/\/silvereco.org\/doc\/wp-json\/wp\/v2\/pages"}],"about":[{"href":"https:\/\/silvereco.org\/doc\/wp-json\/wp\/v2\/types\/page"}],"author":[{"embeddable":true,"href":"https:\/\/silvereco.org\/doc\/wp-json\/wp\/v2\/users\/639"}],"replies":[{"embeddable":true,"href":"https:\/\/silvereco.org\/doc\/wp-json\/wp\/v2\/comments?post=44957"}],"version-history":[{"count":3,"href":"https:\/\/silvereco.org\/doc\/wp-json\/wp\/v2\/pages\/44957\/revisions"}],"predecessor-version":[{"id":45636,"href":"https:\/\/silvereco.org\/doc\/wp-json\/wp\/v2\/pages\/44957\/revisions\/45636"}],"wp:attachment":[{"href":"https:\/\/silvereco.org\/doc\/wp-json\/wp\/v2\/media?parent=44957"}],"curies":[{"name":"wp","href":"https:\/\/api.w.org\/{rel}","templated":true}]}}