{"id":44956,"date":"2025-10-11T15:12:43","date_gmt":"2025-10-11T13:12:43","guid":{"rendered":"https:\/\/silvereco.org\/doc\/?page_id=44956"},"modified":"2026-01-22T14:10:46","modified_gmt":"2026-01-22T13:10:46","slug":"risingsud-h13-hall-a","status":"publish","type":"page","link":"https:\/\/silvereco.org\/doc\/risingsud-h13-hall-a\/","title":{"rendered":"RisingSUD \/ H13 \/ HALL A"},"content":{"rendered":"\n<figure class=\"wp-block-image is-resized\"><img decoding=\"async\" src=\"https:\/\/silvereco.org\/festival\/fr\/wp-content\/medias\/2025\/10\/risingsud-25.png\" alt=\"\" style=\"width:367px;height:auto\"\/><\/figure>\n\n\n\n<h5 class=\"wp-block-heading\"><\/h5>\n\n\n\n<figure class=\"wp-block-image size-full\"><img loading=\"lazy\" decoding=\"async\" width=\"25\" height=\"24\" src=\"https:\/\/silvereco.org\/doc\/wp-content\/uploads\/2025\/10\/image-13.png\" alt=\"\" class=\"wp-image-45000\"\/><\/figure>\n\n\n\n<p>RisingSUD est l\u2019agence de promotion et de d\u00e9veloppement \u00e9conomique de la r\u00e9gion Sud Provence Alpes C\u00f4te d\u2019Azur.<\/p>\n\n\n\n<p>Nous avons 3 objectifs principaux : <br>&#8211; ACCOMPAGNER les entreprises et les villes de la r\u00e9gion avec des solutions sur-mesure, <br>&#8211; ATTIRER les investissements et les talents pour renforcer nos fili\u00e8res d\u2019excellence, <br>&#8211; AM\u00c9LIORER l\u2019image \u00e9conomique du Sud de la France par des actions d\u2019influence. <\/p>\n\n\n\n<p>Nous avons \u00e0 c\u0153ur de vous accompagner dans votre projet ! Qu\u2019il s\u2019agisse de cr\u00e9er une entreprise, d\u2019exporter vers de nouveaux march\u00e9s, de lever des fonds, de recruter des talents, de mener une transformation digitale ou de mettre en place une strat\u00e9gie RSE, notre \u00e9quipe de 50 collaborateurs met toute son expertise et son exp\u00e9rience \u00e0 votre service pour assurer la r\u00e9ussite de votre projet. <\/p>\n\n\n\n<p>risingSUD est particuli\u00e8rement engag\u00e9e sur les enjeux environnementaux et \u00e9nerg\u00e9tiques pour accompagner les politiques men\u00e9es par la R\u00e9gion Sud qui a adopt\u00e9 en 2023 le premier budget 100% vert d\u2019Europe pour garder une longueur d\u2019avance dans la lutte contre le changement climatique. <\/p>\n\n\n\n<p>L\u2019un de nos 8 secteurs strat\u00e9giques \u00e9tant la Silver Economie, notre objectif est de FAIRE DE LA PROVENCE-ALPES-C\u00d4TE D\u2019AZUR LA R\u00c9F\u00c9RENCE EN MATI\u00c8RE DE BIEN-\u00caTRE ET DE LONG\u00c9VIT\u00c9. <\/p>\n\n\n\n<p>Nous sommes particuli\u00e8rement heureux de participer chaque ann\u00e9e au Festival de la Silver Economie de Cannes, alors n\u2019h\u00e9sitez pas \u00e0 venir nous rendre visite sur notre stand pour en savoir plus sur nos services et pourquoi investir en R\u00e9gion Sud pour r\u00e9ussir votre activit\u00e9. <\/p>\n\n\n\n<figure class=\"wp-block-image size-full\"><img loading=\"lazy\" decoding=\"async\" width=\"25\" height=\"25\" src=\"https:\/\/silvereco.org\/doc\/wp-content\/uploads\/2025\/10\/image-18.png\" alt=\"\" class=\"wp-image-45015\"\/><\/figure>\n\n\n\n<p>risingSUD is the promotion and economic development agency of the Sud Provence Alpes C\u00f4te d\u2019Azur region. <\/p>\n\n\n\n<p>We have 3 main objectives: <br>&#8211; ASSIST companies and cities across the region with tailor-made solutions, <br>&#8211; ATTRACT investments and talents to strengthen our sectors of excellence, <br>&#8211; IMPROVE the South of France\u2019s economic image through influencing actions. <\/p>\n\n\n\n<p>We are dedicated to supporting you and your project! Whether it is setting up a business, exporting to new markets, raising funds, recruiting talent, undergoing a digital transformation, or implementing a CSR strategy, our team of 50 employees puts all their expertise and experience at your service to ensure that your project is a success. <\/p>\n\n\n\n<p>risingSUD is particularly committed to environmental and energy issues to support the policies being implemented by the Region Sud, which adopted the first 100% green budget in Europe in 2023 to stay one step ahead in the fight against climate change. One of our 8 strategic sectors being the Silver Economy, our goal is TO MAKE PROVENCE-ALPES-C\u00d4TE D\u2019AZUR THE REFERENCE IN WELL-BEING AND LONGEVITY. <\/p>\n\n\n\n<p>We are particularly pleased to participate each year in the Cannes Silver Economy Festival, so do not hesitate to come and visit us at our stand to find out more about our services and why you should invest in the South Region to make your business a success.<\/p>\n\n\n\n<p><strong>Mots Clefs :<\/strong><br>promotion, d\u00e9veloppement \u00e9conomique, solutions sur mesure, accompagner, attirer, am\u00e9liorer, r\u00e9gion Sud, acc\u00e9l\u00e9rer, investissement, soutien financier, talent<\/p>\n\n\n\n<p><strong>KeyWords :<\/strong><br>promotion, economic development, tailor-made solutions, assist, attract, Improve, region Sud, accelerate, investment, financial support, talent<\/p>\n\n\n\n<p><strong>SilverEco Congr\u00e8s \/ Summits :<\/strong><br>Living at Home Summit \u2013 le Congr\u00e8s Bien-vieillir chez soi<br>SilverTech Summit \u2013 le Congr\u00e8s des technologies pour l\u2019autonomie<br>Healthy Ageing Summit \u2013 le Congr\u00e8s Sant\u00e9 e-Sant\u00e9<\/p>\n\n\n\n<p><strong>Contact :<\/strong><br>vjannot@risingsud.fr<br><a href=\"https:\/\/www.risingsud.fr\/en\">Website<\/a><\/p>\n","protected":false},"excerpt":{"rendered":"<p>RisingSUD est l\u2019agence de promotion et de d\u00e9veloppement \u00e9conomique de la r\u00e9gion Sud Provence Alpes C\u00f4te d\u2019Azur. Nous avons 3 objectifs principaux : &#8211; ACCOMPAGNER les entreprises et les villes de la r\u00e9gion avec des solutions sur-mesure, &#8211; ATTIRER les investissements et les talents pour renforcer nos fili\u00e8res d\u2019excellence, &#8211; AM\u00c9LIORER l\u2019image \u00e9conomique du Sud [&hellip;]<\/p>\n","protected":false},"author":639,"featured_media":0,"parent":0,"menu_order":0,"comment_status":"closed","ping_status":"closed","template":"","meta":{"site-sidebar-layout":"default","site-content-layout":"","ast-site-content-layout":"default","site-content-style":"default","site-sidebar-style":"default","ast-global-header-display":"","ast-banner-title-visibility":"","ast-main-header-display":"","ast-hfb-above-header-display":"","ast-hfb-below-header-display":"","ast-hfb-mobile-header-display":"","site-post-title":"","ast-breadcrumbs-content":"","ast-featured-img":"","footer-sml-layout":"","ast-disable-related-posts":"","theme-transparent-header-meta":"","adv-header-id-meta":"","stick-header-meta":"","header-above-stick-meta":"","header-main-stick-meta":"","header-below-stick-meta":"","astra-migrate-meta-layouts":"set","ast-page-background-enabled":"default","ast-page-background-meta":{"desktop":{"background-color":"var(--ast-global-color-4)","background-image":"","background-repeat":"repeat","background-position":"center center","background-size":"auto","background-attachment":"scroll","background-type":"","background-media":"","overlay-type":"","overlay-color":"","overlay-opacity":"","overlay-gradient":""},"tablet":{"background-color":"","background-image":"","background-repeat":"repeat","background-position":"center center","background-size":"auto","background-attachment":"scroll","background-type":"","background-media":"","overlay-type":"","overlay-color":"","overlay-opacity":"","overlay-gradient":""},"mobile":{"background-color":"","background-image":"","background-repeat":"repeat","background-position":"center center","background-size":"auto","background-attachment":"scroll","background-type":"","background-media":"","overlay-type":"","overlay-color":"","overlay-opacity":"","overlay-gradient":""}},"ast-content-background-meta":{"desktop":{"background-color":"var(--ast-global-color-5)","background-image":"","background-repeat":"repeat","background-position":"center center","background-size":"auto","background-attachment":"scroll","background-type":"","background-media":"","overlay-type":"","overlay-color":"","overlay-opacity":"","overlay-gradient":""},"tablet":{"background-color":"var(--ast-global-color-5)","background-image":"","background-repeat":"repeat","background-position":"center center","background-size":"auto","background-attachment":"scroll","background-type":"","background-media":"","overlay-type":"","overlay-color":"","overlay-opacity":"","overlay-gradient":""},"mobile":{"background-color":"var(--ast-global-color-5)","background-image":"","background-repeat":"repeat","background-position":"center center","background-size":"auto","background-attachment":"scroll","background-type":"","background-media":"","overlay-type":"","overlay-color":"","overlay-opacity":"","overlay-gradient":""}},"footnotes":""},"class_list":["post-44956","page","type-page","status-publish","hentry"],"_links":{"self":[{"href":"https:\/\/silvereco.org\/doc\/wp-json\/wp\/v2\/pages\/44956","targetHints":{"allow":["GET"]}}],"collection":[{"href":"https:\/\/silvereco.org\/doc\/wp-json\/wp\/v2\/pages"}],"about":[{"href":"https:\/\/silvereco.org\/doc\/wp-json\/wp\/v2\/types\/page"}],"author":[{"embeddable":true,"href":"https:\/\/silvereco.org\/doc\/wp-json\/wp\/v2\/users\/639"}],"replies":[{"embeddable":true,"href":"https:\/\/silvereco.org\/doc\/wp-json\/wp\/v2\/comments?post=44956"}],"version-history":[{"count":2,"href":"https:\/\/silvereco.org\/doc\/wp-json\/wp\/v2\/pages\/44956\/revisions"}],"predecessor-version":[{"id":45016,"href":"https:\/\/silvereco.org\/doc\/wp-json\/wp\/v2\/pages\/44956\/revisions\/45016"}],"wp:attachment":[{"href":"https:\/\/silvereco.org\/doc\/wp-json\/wp\/v2\/media?parent=44956"}],"curies":[{"name":"wp","href":"https:\/\/api.w.org\/{rel}","templated":true}]}}