{"id":44955,"date":"2025-10-11T15:11:03","date_gmt":"2025-10-11T13:11:03","guid":{"rendered":"https:\/\/silvereco.org\/doc\/?page_id=44955"},"modified":"2026-01-22T14:10:46","modified_gmt":"2026-01-22T13:10:46","slug":"resante-vous-c29-hall-c","status":"publish","type":"page","link":"https:\/\/silvereco.org\/doc\/resante-vous-c29-hall-c\/","title":{"rendered":"ReSant\u00e9-Vous \/ C29 \/ HALL C"},"content":{"rendered":"\n<figure class=\"wp-block-image is-resized\"><img decoding=\"async\" src=\"https:\/\/silvereco.org\/festival\/fr\/wp-content\/medias\/2025\/10\/resantevous-25.jpeg\" alt=\"\" style=\"width:407px;height:auto\"\/><\/figure>\n\n\n\n<h5 class=\"wp-block-heading\"><\/h5>\n\n\n\n<figure class=\"wp-block-image size-full\"><img loading=\"lazy\" decoding=\"async\" width=\"25\" height=\"24\" src=\"https:\/\/silvereco.org\/doc\/wp-content\/uploads\/2025\/10\/image-14.png\" alt=\"\" class=\"wp-image-45001\"\/><\/figure>\n\n\n\n<p>ReSant\u00e9-Vous est une entreprise solidaire d\u2019utilit\u00e9 sociale, agissant pour que chaque personne \u00e2g\u00e9e puisse se sentir autonome, s\u2019\u00e9panouir et s\u2019engager dans des activit\u00e9s porteuses de sens, quel que soit son \u00e9tat de sant\u00e9.<\/p>\n\n\n\n<p>Constitu\u00e9e d\u2019une \u00e9quipe transdisciplinaire d\u2019une cinquantaine de professionnels nous menons une r\u00e9flexion collective centr\u00e9e sur la personne d\u2019inspiration Montessori et c\u2019est ce qui fait notre force d\u2019innovation depuis 2007. <\/p>\n\n\n\n<p>Par la diversit\u00e9 de nos actions de formation, de conseils, de r\u00e9adaptation et de pr\u00e9vention, nous agissons aupr\u00e8s d\u2019EHPAD, service \u00e0 la personne et de collectivit\u00e9s territoriales pour accompagner la personne \u00e2g\u00e9e et son entourage. <\/p>\n\n\n\n<p>ReSant\u00e9-Vous est aujourd\u2019hui un collectif dynamique, porteur d\u2019innovations et de perfectionnement des pratiques en g\u00e9rontologie. <\/p>\n\n\n\n<figure class=\"wp-block-image size-full\"><img loading=\"lazy\" decoding=\"async\" width=\"25\" height=\"25\" src=\"https:\/\/silvereco.org\/doc\/wp-content\/uploads\/2025\/10\/image-17.png\" alt=\"\" class=\"wp-image-45013\"\/><\/figure>\n\n\n\n<p>ReSant\u00e9-Vous is a socially-responsible company, working to ensure that every elderly person, whatever their state of health, can feel autonomous, flourish and engage in meaningful activities. <\/p>\n\n\n\n<p>Comprising a cross-disciplinary team of some fifty professionals, our Montessori-inspired, person-centred approach has been the driving force behind our innovative strength since 2007. <\/p>\n\n\n\n<p>Through the diversity of our training, consulting, rehabilitation and prevention actions, we work with nursing homes, personal services and local authorities to support the elderly and their families. Today, ReSant\u00e9-Vous is a dynamic collective, driving innovation and improving gerontological practices.<\/p>\n\n\n\n<p><strong>Mots Clefs :<\/strong><br>Innovation sociale, autonomie, formation, impact social, \u00e9panouissement, QVCT, Activit\u00e9s porteuses de sens<\/p>\n\n\n\n<p><strong>KeyWords :<\/strong><br>Social innovation, autonomy, training, social impact, fulfilment, QVCT, Meaningful activities<\/p>\n\n\n\n<p><strong>SilverEco Congr\u00e8s \/ Summits :<\/strong><br>Nursing Home Summit \u2013 le Congr\u00e8s EHPAD, RSS et h\u00e9bergement collectif<br>Yes We Care Summit \u2013 le Congr\u00e8s de l\u2019aide aux aidants<br>Healthy Ageing Summit \u2013 le Congr\u00e8s Sant\u00e9 e-Sant\u00e9<\/p>\n\n\n\n<p><strong>Contact :<\/strong><br>18, rue Sophie Germain, 86 000 Poitiers \u2013 France<br>+33 5 49 52 24 17<br>contact@resantevous.fr<br><a href=\"https:\/\/www.resantevous.fr\/\">Website<\/a><\/p>\n","protected":false},"excerpt":{"rendered":"<p>ReSant\u00e9-Vous est une entreprise solidaire d\u2019utilit\u00e9 sociale, agissant pour que chaque personne \u00e2g\u00e9e puisse se sentir autonome, s\u2019\u00e9panouir et s\u2019engager dans des activit\u00e9s porteuses de sens, quel que soit son \u00e9tat de sant\u00e9. Constitu\u00e9e d\u2019une \u00e9quipe transdisciplinaire d\u2019une cinquantaine de professionnels nous menons une r\u00e9flexion collective centr\u00e9e sur la personne d\u2019inspiration Montessori et c\u2019est ce [&hellip;]<\/p>\n","protected":false},"author":639,"featured_media":0,"parent":0,"menu_order":0,"comment_status":"closed","ping_status":"closed","template":"","meta":{"site-sidebar-layout":"default","site-content-layout":"","ast-site-content-layout":"default","site-content-style":"default","site-sidebar-style":"default","ast-global-header-display":"","ast-banner-title-visibility":"","ast-main-header-display":"","ast-hfb-above-header-display":"","ast-hfb-below-header-display":"","ast-hfb-mobile-header-display":"","site-post-title":"","ast-breadcrumbs-content":"","ast-featured-img":"","footer-sml-layout":"","ast-disable-related-posts":"","theme-transparent-header-meta":"","adv-header-id-meta":"","stick-header-meta":"","header-above-stick-meta":"","header-main-stick-meta":"","header-below-stick-meta":"","astra-migrate-meta-layouts":"set","ast-page-background-enabled":"default","ast-page-background-meta":{"desktop":{"background-color":"var(--ast-global-color-4)","background-image":"","background-repeat":"repeat","background-position":"center center","background-size":"auto","background-attachment":"scroll","background-type":"","background-media":"","overlay-type":"","overlay-color":"","overlay-opacity":"","overlay-gradient":""},"tablet":{"background-color":"","background-image":"","background-repeat":"repeat","background-position":"center center","background-size":"auto","background-attachment":"scroll","background-type":"","background-media":"","overlay-type":"","overlay-color":"","overlay-opacity":"","overlay-gradient":""},"mobile":{"background-color":"","background-image":"","background-repeat":"repeat","background-position":"center center","background-size":"auto","background-attachment":"scroll","background-type":"","background-media":"","overlay-type":"","overlay-color":"","overlay-opacity":"","overlay-gradient":""}},"ast-content-background-meta":{"desktop":{"background-color":"var(--ast-global-color-5)","background-image":"","background-repeat":"repeat","background-position":"center center","background-size":"auto","background-attachment":"scroll","background-type":"","background-media":"","overlay-type":"","overlay-color":"","overlay-opacity":"","overlay-gradient":""},"tablet":{"background-color":"var(--ast-global-color-5)","background-image":"","background-repeat":"repeat","background-position":"center center","background-size":"auto","background-attachment":"scroll","background-type":"","background-media":"","overlay-type":"","overlay-color":"","overlay-opacity":"","overlay-gradient":""},"mobile":{"background-color":"var(--ast-global-color-5)","background-image":"","background-repeat":"repeat","background-position":"center center","background-size":"auto","background-attachment":"scroll","background-type":"","background-media":"","overlay-type":"","overlay-color":"","overlay-opacity":"","overlay-gradient":""}},"footnotes":""},"class_list":["post-44955","page","type-page","status-publish","hentry"],"_links":{"self":[{"href":"https:\/\/silvereco.org\/doc\/wp-json\/wp\/v2\/pages\/44955","targetHints":{"allow":["GET"]}}],"collection":[{"href":"https:\/\/silvereco.org\/doc\/wp-json\/wp\/v2\/pages"}],"about":[{"href":"https:\/\/silvereco.org\/doc\/wp-json\/wp\/v2\/types\/page"}],"author":[{"embeddable":true,"href":"https:\/\/silvereco.org\/doc\/wp-json\/wp\/v2\/users\/639"}],"replies":[{"embeddable":true,"href":"https:\/\/silvereco.org\/doc\/wp-json\/wp\/v2\/comments?post=44955"}],"version-history":[{"count":4,"href":"https:\/\/silvereco.org\/doc\/wp-json\/wp\/v2\/pages\/44955\/revisions"}],"predecessor-version":[{"id":45640,"href":"https:\/\/silvereco.org\/doc\/wp-json\/wp\/v2\/pages\/44955\/revisions\/45640"}],"wp:attachment":[{"href":"https:\/\/silvereco.org\/doc\/wp-json\/wp\/v2\/media?parent=44955"}],"curies":[{"name":"wp","href":"https:\/\/api.w.org\/{rel}","templated":true}]}}