{"id":44954,"date":"2025-10-11T15:10:21","date_gmt":"2025-10-11T13:10:21","guid":{"rendered":"https:\/\/silvereco.org\/doc\/?page_id=44954"},"modified":"2026-01-22T14:10:45","modified_gmt":"2026-01-22T13:10:45","slug":"merci-julie-h27-hall-a","status":"publish","type":"page","link":"https:\/\/silvereco.org\/doc\/merci-julie-h27-hall-a\/","title":{"rendered":"Merci Julie \/ H27 \/ HALL A"},"content":{"rendered":"\n<figure class=\"wp-block-image is-resized\"><img decoding=\"async\" src=\"https:\/\/silvereco.org\/festival\/fr\/wp-content\/medias\/2025\/10\/mercijulie-25.png\" alt=\"\" style=\"width:428px;height:auto\"\/><\/figure>\n\n\n\n<h5 class=\"wp-block-heading\"><\/h5>\n\n\n\n<figure class=\"wp-block-image size-full\"><img loading=\"lazy\" decoding=\"async\" width=\"25\" height=\"24\" src=\"https:\/\/silvereco.org\/doc\/wp-content\/uploads\/2025\/10\/image-15.png\" alt=\"\" class=\"wp-image-45003\"\/><\/figure>\n\n\n\n<p>Merci Julie accompagne au quotidien les acteurs de la Silver \u00e9conomie \u2013 collectivit\u00e9s, caisses de retraite, op\u00e9rateurs du m\u00e9dico-social, bailleurs sociaux et professionnels de sant\u00e9 \u2013 dans leurs politiques d\u2019adaptation du logement, de maintien de la mobilit\u00e9 et de pr\u00e9vention de la perte d\u2019autonomie. <\/p>\n\n\n\n<p>Notre ambition : rendre l\u2019autonomie accessible \u00e0 tous, gr\u00e2ce \u00e0 une alliance entre expertise ergoth\u00e9rapique et accompagnement personnalis\u00e9 dans le parcours de vie des seniors.<\/p>\n\n\n\n<figure class=\"wp-block-image size-full\"><img loading=\"lazy\" decoding=\"async\" width=\"25\" height=\"25\" src=\"https:\/\/silvereco.org\/doc\/wp-content\/uploads\/2025\/10\/image-16.png\" alt=\"\" class=\"wp-image-45005\"\/><\/figure>\n\n\n\n<p>Merci Julie supports stakeholders in the Silver Economy \u2014 local authorities, pension funds, medico-social operators, social landlords, and healthcare professionals \u2014 in implementing policies for housing adaptation, mobility maintenance, and autonomy preservation.<\/p>\n\n\n\n<p>Its ambition is to make independence accessible to everyone through a combination of occupational therapy expertise and personalized guidance throughout the life course of older adults.<\/p>\n\n\n\n<p><strong>Mots Clefs :<\/strong><br>Ergoth\u00e9rapeute, G\u00e9riatrie, Autonomie, logement<\/p>\n\n\n\n<p><strong>KeyWords :<\/strong><br>Occupational therapist, Geriatrics, Autonomy, Housing<\/p>\n\n\n\n<p><strong>SilverEco Congr\u00e8s \/ Summits :<\/strong><br>Living at Home Summit \u2013 le Congr\u00e8s Bien-vieillir chez soi<br>Nursing Home Summit \u2013 le Congr\u00e8s EHPAD, RSS et h\u00e9bergement collectif<br>SilverTech Summit \u2013 le Congr\u00e8s des technologies pour l\u2019autonomie<br>Yes We Care Summit \u2013 le Congr\u00e8s de l\u2019aide aux aidants<br>Healthy Ageing Summit \u2013 le Congr\u00e8s Sant\u00e9 e-Sant\u00e9<\/p>\n\n\n\n<p><strong>Contact :<\/strong><br>94120 Fontenay Sous Bois \u2013 France<br>+33 1 80 87 69 22<br>infos@merci-julie.fr<br><a href=\"https:\/\/www.merci-julie.fr\/\">Website<\/a><\/p>\n","protected":false},"excerpt":{"rendered":"<p>Merci Julie accompagne au quotidien les acteurs de la Silver \u00e9conomie \u2013 collectivit\u00e9s, caisses de retraite, op\u00e9rateurs du m\u00e9dico-social, bailleurs sociaux et professionnels de sant\u00e9 \u2013 dans leurs politiques d\u2019adaptation du logement, de maintien de la mobilit\u00e9 et de pr\u00e9vention de la perte d\u2019autonomie. Notre ambition : rendre l\u2019autonomie accessible \u00e0 tous, gr\u00e2ce \u00e0 une [&hellip;]<\/p>\n","protected":false},"author":639,"featured_media":0,"parent":0,"menu_order":0,"comment_status":"closed","ping_status":"closed","template":"","meta":{"site-sidebar-layout":"default","site-content-layout":"","ast-site-content-layout":"default","site-content-style":"default","site-sidebar-style":"default","ast-global-header-display":"","ast-banner-title-visibility":"","ast-main-header-display":"","ast-hfb-above-header-display":"","ast-hfb-below-header-display":"","ast-hfb-mobile-header-display":"","site-post-title":"","ast-breadcrumbs-content":"","ast-featured-img":"","footer-sml-layout":"","ast-disable-related-posts":"","theme-transparent-header-meta":"","adv-header-id-meta":"","stick-header-meta":"","header-above-stick-meta":"","header-main-stick-meta":"","header-below-stick-meta":"","astra-migrate-meta-layouts":"set","ast-page-background-enabled":"default","ast-page-background-meta":{"desktop":{"background-color":"var(--ast-global-color-4)","background-image":"","background-repeat":"repeat","background-position":"center center","background-size":"auto","background-attachment":"scroll","background-type":"","background-media":"","overlay-type":"","overlay-color":"","overlay-opacity":"","overlay-gradient":""},"tablet":{"background-color":"","background-image":"","background-repeat":"repeat","background-position":"center center","background-size":"auto","background-attachment":"scroll","background-type":"","background-media":"","overlay-type":"","overlay-color":"","overlay-opacity":"","overlay-gradient":""},"mobile":{"background-color":"","background-image":"","background-repeat":"repeat","background-position":"center center","background-size":"auto","background-attachment":"scroll","background-type":"","background-media":"","overlay-type":"","overlay-color":"","overlay-opacity":"","overlay-gradient":""}},"ast-content-background-meta":{"desktop":{"background-color":"var(--ast-global-color-5)","background-image":"","background-repeat":"repeat","background-position":"center center","background-size":"auto","background-attachment":"scroll","background-type":"","background-media":"","overlay-type":"","overlay-color":"","overlay-opacity":"","overlay-gradient":""},"tablet":{"background-color":"var(--ast-global-color-5)","background-image":"","background-repeat":"repeat","background-position":"center center","background-size":"auto","background-attachment":"scroll","background-type":"","background-media":"","overlay-type":"","overlay-color":"","overlay-opacity":"","overlay-gradient":""},"mobile":{"background-color":"var(--ast-global-color-5)","background-image":"","background-repeat":"repeat","background-position":"center center","background-size":"auto","background-attachment":"scroll","background-type":"","background-media":"","overlay-type":"","overlay-color":"","overlay-opacity":"","overlay-gradient":""}},"footnotes":""},"class_list":["post-44954","page","type-page","status-publish","hentry"],"_links":{"self":[{"href":"https:\/\/silvereco.org\/doc\/wp-json\/wp\/v2\/pages\/44954","targetHints":{"allow":["GET"]}}],"collection":[{"href":"https:\/\/silvereco.org\/doc\/wp-json\/wp\/v2\/pages"}],"about":[{"href":"https:\/\/silvereco.org\/doc\/wp-json\/wp\/v2\/types\/page"}],"author":[{"embeddable":true,"href":"https:\/\/silvereco.org\/doc\/wp-json\/wp\/v2\/users\/639"}],"replies":[{"embeddable":true,"href":"https:\/\/silvereco.org\/doc\/wp-json\/wp\/v2\/comments?post=44954"}],"version-history":[{"count":6,"href":"https:\/\/silvereco.org\/doc\/wp-json\/wp\/v2\/pages\/44954\/revisions"}],"predecessor-version":[{"id":45618,"href":"https:\/\/silvereco.org\/doc\/wp-json\/wp\/v2\/pages\/44954\/revisions\/45618"}],"wp:attachment":[{"href":"https:\/\/silvereco.org\/doc\/wp-json\/wp\/v2\/media?parent=44954"}],"curies":[{"name":"wp","href":"https:\/\/api.w.org\/{rel}","templated":true}]}}