{"id":44952,"date":"2025-10-11T15:09:54","date_gmt":"2025-10-11T13:09:54","guid":{"rendered":"https:\/\/silvereco.org\/doc\/?page_id=44952"},"modified":"2026-01-22T14:10:45","modified_gmt":"2026-01-22T13:10:45","slug":"lavi-sap-c33-hallc","status":"publish","type":"page","link":"https:\/\/silvereco.org\/doc\/lavi-sap-c33-hallc\/","title":{"rendered":"LAVI SAP \/ C33 \/ HALLC"},"content":{"rendered":"\n<figure class=\"wp-block-image is-resized\"><img decoding=\"async\" src=\"https:\/\/silvereco.org\/festival\/fr\/wp-content\/medias\/2025\/10\/lavi-25.jpg\" alt=\"\" style=\"width:255px;height:auto\"\/><\/figure>\n\n\n\n<h5 class=\"wp-block-heading\"><\/h5>\n\n\n\n<figure class=\"wp-block-image size-full\"><img loading=\"lazy\" decoding=\"async\" width=\"25\" height=\"24\" src=\"https:\/\/silvereco.org\/doc\/wp-content\/uploads\/2025\/10\/image-57.png\" alt=\"\" class=\"wp-image-45092\"\/><\/figure>\n\n\n\n<p>LAVI, la nouvelle appli qui r\u00e9invente l\u2019aide \u00e0 domicile ! Agences et intervenants : matchez en un clic, gagnez du temps et trouvez les bonnes missions au bon moment. Un outil simple, humain et efficace, pens\u00e9 pour am\u00e9liorer le quotidien de tous ceux qui \u0153uvrent pour le bien-\u00eatre \u00e0 domicile. Avec LAVI, l&rsquo;humain est au c\u0153ur de la connexion !<a href=\"https:\/\/www.linkedin.com\/company\/lavi-sap\/#\"><\/a><\/p>\n\n\n\n<figure class=\"wp-block-image size-full\"><img loading=\"lazy\" decoding=\"async\" width=\"25\" height=\"25\" src=\"https:\/\/silvereco.org\/doc\/wp-content\/uploads\/2025\/10\/image-25.png\" alt=\"\" class=\"wp-image-45030\"\/><\/figure>\n\n\n\n<p>LAVI, the new app reinventing home care! Agencies and caregivers can match with a single click, save time, and find the right missions at the right moment. A simple, human, and efficient tool designed to improve the daily lives of everyone working for wellbeing at home. With LAVI, human connection is at the heart of everything.<\/p>\n\n\n\n<p><strong>Mots Clefs :<\/strong><br>aide \u00e0 domicile<\/p>\n\n\n\n<p><strong>KeyWords :<\/strong><br>home care<\/p>\n\n\n\n<p><strong>SilverEco Congr\u00e8s \/ Summits :<\/strong><br>Living at Home Summit \u2013 le Congr\u00e8s Bien-vieillir chez soi<\/p>\n\n\n\n<p><strong>Contact :<\/strong><br><a href=\"https:\/\/lavi-sap.fr\/\">Website<\/a><\/p>\n","protected":false},"excerpt":{"rendered":"<p>LAVI, la nouvelle appli qui r\u00e9invente l\u2019aide \u00e0 domicile ! Agences et intervenants : matchez en un clic, gagnez du temps et trouvez les bonnes missions au bon moment. Un outil simple, humain et efficace, pens\u00e9 pour am\u00e9liorer le quotidien de tous ceux qui \u0153uvrent pour le bien-\u00eatre \u00e0 domicile. Avec LAVI, l&rsquo;humain est au [&hellip;]<\/p>\n","protected":false},"author":639,"featured_media":0,"parent":0,"menu_order":0,"comment_status":"closed","ping_status":"closed","template":"","meta":{"site-sidebar-layout":"default","site-content-layout":"","ast-site-content-layout":"default","site-content-style":"default","site-sidebar-style":"default","ast-global-header-display":"","ast-banner-title-visibility":"","ast-main-header-display":"","ast-hfb-above-header-display":"","ast-hfb-below-header-display":"","ast-hfb-mobile-header-display":"","site-post-title":"","ast-breadcrumbs-content":"","ast-featured-img":"","footer-sml-layout":"","ast-disable-related-posts":"","theme-transparent-header-meta":"","adv-header-id-meta":"","stick-header-meta":"","header-above-stick-meta":"","header-main-stick-meta":"","header-below-stick-meta":"","astra-migrate-meta-layouts":"set","ast-page-background-enabled":"default","ast-page-background-meta":{"desktop":{"background-color":"var(--ast-global-color-4)","background-image":"","background-repeat":"repeat","background-position":"center center","background-size":"auto","background-attachment":"scroll","background-type":"","background-media":"","overlay-type":"","overlay-color":"","overlay-opacity":"","overlay-gradient":""},"tablet":{"background-color":"","background-image":"","background-repeat":"repeat","background-position":"center center","background-size":"auto","background-attachment":"scroll","background-type":"","background-media":"","overlay-type":"","overlay-color":"","overlay-opacity":"","overlay-gradient":""},"mobile":{"background-color":"","background-image":"","background-repeat":"repeat","background-position":"center center","background-size":"auto","background-attachment":"scroll","background-type":"","background-media":"","overlay-type":"","overlay-color":"","overlay-opacity":"","overlay-gradient":""}},"ast-content-background-meta":{"desktop":{"background-color":"var(--ast-global-color-5)","background-image":"","background-repeat":"repeat","background-position":"center center","background-size":"auto","background-attachment":"scroll","background-type":"","background-media":"","overlay-type":"","overlay-color":"","overlay-opacity":"","overlay-gradient":""},"tablet":{"background-color":"var(--ast-global-color-5)","background-image":"","background-repeat":"repeat","background-position":"center center","background-size":"auto","background-attachment":"scroll","background-type":"","background-media":"","overlay-type":"","overlay-color":"","overlay-opacity":"","overlay-gradient":""},"mobile":{"background-color":"var(--ast-global-color-5)","background-image":"","background-repeat":"repeat","background-position":"center center","background-size":"auto","background-attachment":"scroll","background-type":"","background-media":"","overlay-type":"","overlay-color":"","overlay-opacity":"","overlay-gradient":""}},"footnotes":""},"class_list":["post-44952","page","type-page","status-publish","hentry"],"_links":{"self":[{"href":"https:\/\/silvereco.org\/doc\/wp-json\/wp\/v2\/pages\/44952","targetHints":{"allow":["GET"]}}],"collection":[{"href":"https:\/\/silvereco.org\/doc\/wp-json\/wp\/v2\/pages"}],"about":[{"href":"https:\/\/silvereco.org\/doc\/wp-json\/wp\/v2\/types\/page"}],"author":[{"embeddable":true,"href":"https:\/\/silvereco.org\/doc\/wp-json\/wp\/v2\/users\/639"}],"replies":[{"embeddable":true,"href":"https:\/\/silvereco.org\/doc\/wp-json\/wp\/v2\/comments?post=44952"}],"version-history":[{"count":5,"href":"https:\/\/silvereco.org\/doc\/wp-json\/wp\/v2\/pages\/44952\/revisions"}],"predecessor-version":[{"id":45772,"href":"https:\/\/silvereco.org\/doc\/wp-json\/wp\/v2\/pages\/44952\/revisions\/45772"}],"wp:attachment":[{"href":"https:\/\/silvereco.org\/doc\/wp-json\/wp\/v2\/media?parent=44952"}],"curies":[{"name":"wp","href":"https:\/\/api.w.org\/{rel}","templated":true}]}}