{"id":44951,"date":"2025-10-11T15:09:40","date_gmt":"2025-10-11T13:09:40","guid":{"rendered":"https:\/\/silvereco.org\/doc\/?page_id=44951"},"modified":"2026-01-22T14:10:45","modified_gmt":"2026-01-22T13:10:45","slug":"gerontopole-nouvelle-aquitaine-h36-hall-a","status":"publish","type":"page","link":"https:\/\/silvereco.org\/doc\/gerontopole-nouvelle-aquitaine-h36-hall-a\/","title":{"rendered":"G\u00e9rontop\u00f4le Nouvelle Aquitaine \/ H36 \/ HALL A"},"content":{"rendered":"\n<figure class=\"wp-block-image is-resized\"><img decoding=\"async\" src=\"https:\/\/silvereco.org\/festival\/fr\/wp-content\/medias\/2025\/10\/gerontopoleNA-25.jpg\" alt=\"\" style=\"width:353px;height:auto\"\/><\/figure>\n\n\n\n<h5 class=\"wp-block-heading\"><\/h5>\n\n\n\n<figure class=\"wp-block-image size-full\"><img loading=\"lazy\" decoding=\"async\" width=\"25\" height=\"24\" src=\"https:\/\/silvereco.org\/doc\/wp-content\/uploads\/2025\/10\/image-56.png\" alt=\"\" class=\"wp-image-45090\"\/><\/figure>\n\n\n\n<p>P\u00f4le d\u2019expertise, d\u2019appui et d\u2019action pour le bien vieillir Le G\u00e9rontop\u00f4le Nouvelle-Aquitaine accompagne tous les acteurs du bien-vieillir en fonction de leurs besoins et de l\u2019\u00e9tat d\u2019avancement de leurs projets.<\/p>\n\n\n\n<p>\u00c0 travers nos services et nos actions, nous soutenons nos membres et encourageons l\u2019\u00e9mergence d\u2019id\u00e9es, de solutions innovantes et leur consolidation.<\/p>\n\n\n\n<p>En tant qu\u2019acteur majeur du bien vieillir, le G\u00e9rontop\u00f4le Nouvelle-Aquitaine s\u2019investit chaque jour pour d\u00e9velopper la recherche et l\u2019innovation en travaillant sur la pr\u00e9vention, la promotion d\u2019un vieillissement actif, la formation des personnels ainsi que l\u2019accompagnement des personnes \u00e2g\u00e9es dans leurs d\u00e9cisions.<\/p>\n\n\n\n<figure class=\"wp-block-image size-full\"><img loading=\"lazy\" decoding=\"async\" width=\"25\" height=\"25\" src=\"https:\/\/silvereco.org\/doc\/wp-content\/uploads\/2025\/10\/image-26.png\" alt=\"\" class=\"wp-image-45031\"\/><\/figure>\n\n\n\n<p>Center of expertise, support, and action for ageing well, the G\u00e9rontop\u00f4le Nouvelle-Aquitaine assists all stakeholders in the ageing well sector according to their needs and the progress of their projects.<\/p>\n\n\n\n<p>Through our services and initiatives, we support our members, encourage the emergence of ideas and innovative solutions, and help them grow stronger.<\/p>\n\n\n\n<p>As a key player in the field of ageing well, the G\u00e9rontop\u00f4le Nouvelle-Aquitaine is committed every day to advancing research and innovation by focusing on prevention, the promotion of active ageing, staff training, and supporting older adults in their decision-making.<\/p>\n\n\n\n<p><strong>Mots Clefs :<\/strong><br>bien vieillir \/ vieillissement actif, autonomie,\u00a0\u00a0 innovation, recherche pluridisciplinaire, pr\u00e9vention, accompagnement des\u00a0 aidants, formation<\/p>\n\n\n\n<p><strong>KeyWords :<\/strong><br>ageing well \/ active ageing, autonomy, innovation, multidisciplinary research, prevention, caregiver support, training<\/p>\n\n\n\n<p><strong>SilverEco Congr\u00e8s \/ Summits :<\/strong><br>Living at Home Summit &#8211; le Congr\u00e8s Bien-vieillir chez soi<br>Nursing Home Summit &#8211; le Congr\u00e8s EHPAD, RSS et h\u00e9bergement collectif<br>Yes We Care Summit &#8211; le Congr\u00e8s de l&rsquo;aide aux aidants<\/p>\n\n\n\n<p><strong>Contact :<\/strong><br>Parc ESTER Technopole 24, rue Atlantis \u2013 Bat Bor\u00e9al, 87069 Limoges Cedex \u2013 France<br>m-duboisdenghien@gerontopole-na.fr<br><a href=\"https:\/\/gerontopole-na.fr\/\">Website<\/a><\/p>\n","protected":false},"excerpt":{"rendered":"<p>P\u00f4le d\u2019expertise, d\u2019appui et d\u2019action pour le bien vieillir Le G\u00e9rontop\u00f4le Nouvelle-Aquitaine accompagne tous les acteurs du bien-vieillir en fonction de leurs besoins et de l\u2019\u00e9tat d\u2019avancement de leurs projets. \u00c0 travers nos services et nos actions, nous soutenons nos membres et encourageons l\u2019\u00e9mergence d\u2019id\u00e9es, de solutions innovantes et leur consolidation. En tant qu\u2019acteur majeur [&hellip;]<\/p>\n","protected":false},"author":639,"featured_media":0,"parent":0,"menu_order":0,"comment_status":"closed","ping_status":"closed","template":"","meta":{"site-sidebar-layout":"default","site-content-layout":"","ast-site-content-layout":"default","site-content-style":"default","site-sidebar-style":"default","ast-global-header-display":"","ast-banner-title-visibility":"","ast-main-header-display":"","ast-hfb-above-header-display":"","ast-hfb-below-header-display":"","ast-hfb-mobile-header-display":"","site-post-title":"","ast-breadcrumbs-content":"","ast-featured-img":"","footer-sml-layout":"","ast-disable-related-posts":"","theme-transparent-header-meta":"","adv-header-id-meta":"","stick-header-meta":"","header-above-stick-meta":"","header-main-stick-meta":"","header-below-stick-meta":"","astra-migrate-meta-layouts":"set","ast-page-background-enabled":"default","ast-page-background-meta":{"desktop":{"background-color":"var(--ast-global-color-4)","background-image":"","background-repeat":"repeat","background-position":"center center","background-size":"auto","background-attachment":"scroll","background-type":"","background-media":"","overlay-type":"","overlay-color":"","overlay-opacity":"","overlay-gradient":""},"tablet":{"background-color":"","background-image":"","background-repeat":"repeat","background-position":"center center","background-size":"auto","background-attachment":"scroll","background-type":"","background-media":"","overlay-type":"","overlay-color":"","overlay-opacity":"","overlay-gradient":""},"mobile":{"background-color":"","background-image":"","background-repeat":"repeat","background-position":"center center","background-size":"auto","background-attachment":"scroll","background-type":"","background-media":"","overlay-type":"","overlay-color":"","overlay-opacity":"","overlay-gradient":""}},"ast-content-background-meta":{"desktop":{"background-color":"var(--ast-global-color-5)","background-image":"","background-repeat":"repeat","background-position":"center center","background-size":"auto","background-attachment":"scroll","background-type":"","background-media":"","overlay-type":"","overlay-color":"","overlay-opacity":"","overlay-gradient":""},"tablet":{"background-color":"var(--ast-global-color-5)","background-image":"","background-repeat":"repeat","background-position":"center center","background-size":"auto","background-attachment":"scroll","background-type":"","background-media":"","overlay-type":"","overlay-color":"","overlay-opacity":"","overlay-gradient":""},"mobile":{"background-color":"var(--ast-global-color-5)","background-image":"","background-repeat":"repeat","background-position":"center center","background-size":"auto","background-attachment":"scroll","background-type":"","background-media":"","overlay-type":"","overlay-color":"","overlay-opacity":"","overlay-gradient":""}},"footnotes":""},"class_list":["post-44951","page","type-page","status-publish","hentry"],"_links":{"self":[{"href":"https:\/\/silvereco.org\/doc\/wp-json\/wp\/v2\/pages\/44951","targetHints":{"allow":["GET"]}}],"collection":[{"href":"https:\/\/silvereco.org\/doc\/wp-json\/wp\/v2\/pages"}],"about":[{"href":"https:\/\/silvereco.org\/doc\/wp-json\/wp\/v2\/types\/page"}],"author":[{"embeddable":true,"href":"https:\/\/silvereco.org\/doc\/wp-json\/wp\/v2\/users\/639"}],"replies":[{"embeddable":true,"href":"https:\/\/silvereco.org\/doc\/wp-json\/wp\/v2\/comments?post=44951"}],"version-history":[{"count":4,"href":"https:\/\/silvereco.org\/doc\/wp-json\/wp\/v2\/pages\/44951\/revisions"}],"predecessor-version":[{"id":45778,"href":"https:\/\/silvereco.org\/doc\/wp-json\/wp\/v2\/pages\/44951\/revisions\/45778"}],"wp:attachment":[{"href":"https:\/\/silvereco.org\/doc\/wp-json\/wp\/v2\/media?parent=44951"}],"curies":[{"name":"wp","href":"https:\/\/api.w.org\/{rel}","templated":true}]}}