{"id":44949,"date":"2025-10-11T15:07:05","date_gmt":"2025-10-11T13:07:05","guid":{"rendered":"https:\/\/silvereco.org\/doc\/?page_id=44949"},"modified":"2026-01-22T14:10:23","modified_gmt":"2026-01-22T13:10:23","slug":"eneal-groupe-action-logement-a36-hall-a","status":"publish","type":"page","link":"https:\/\/silvereco.org\/doc\/eneal-groupe-action-logement-a36-hall-a\/","title":{"rendered":"En\u00e9al \u2013 groupe Action Logement \/ A36 \/ HALL A"},"content":{"rendered":"\n<figure class=\"wp-block-image is-resized\"><img decoding=\"async\" src=\"https:\/\/silvereco.org\/festival\/fr\/wp-content\/medias\/2025\/10\/eneal-25l.png\" alt=\"\" style=\"width:338px;height:auto\"\/><\/figure>\n\n\n\n<h5 class=\"wp-block-heading\"><\/h5>\n\n\n\n<figure class=\"wp-block-image size-full\"><img loading=\"lazy\" decoding=\"async\" width=\"25\" height=\"24\" src=\"https:\/\/silvereco.org\/doc\/wp-content\/uploads\/2025\/10\/image-54.png\" alt=\"\" class=\"wp-image-45086\"\/><\/figure>\n\n\n\n<p>\u00c9n\u00e9al est la fonci\u00e8re m\u00e9dico-sociale du groupe Action Logement.<\/p>\n\n\n\n<p>Propri\u00e9taire de 139 \u00e9tablissements m\u00e9dico-sociaux (33 Ehpad, 93 r\u00e9sidences autonomie et 13 autres ESMS) et 69 r\u00e9sidences interg\u00e9n\u00e9rationnelles, \u00c9n\u00e9al propose aux acteurs du secteur m\u00e9dico-social public et non lucratif d\u2019acqu\u00e9rir les murs de leurs \u00e9tablissements et de financer des op\u00e9rations ambitieuses de construction, r\u00e9novation, r\u00e9habilitation. <\/p>\n\n\n\n<p>Engag\u00e9e aux c\u00f4t\u00e9s des gestionnaires, \u00c9n\u00e9al les accompagne dans la recherche d\u2019un \u00e9quilibre \u00e9conomique et dans une qualit\u00e9 d\u2019accueil de leurs r\u00e9sidents. En collaboration avec les collectivit\u00e9s et les CCAS, \u00c9n\u00e9al innove \u00e0 travers le d\u00e9veloppement de nouveaux \u00e9tablissements m\u00e9dico-sociaux, adapt\u00e9s et abordables pour les a\u00een\u00e9s, ouverts sur la ville pour favoriser leur inclusion. <\/p>\n\n\n\n<p>Sp\u00e9cialiste de l\u2019habitat senior, \u00c9n\u00e9al contribue \u00e0 la strat\u00e9gie vieillissement du groupe Action Logement en apportant son expertise aux filiales ESH du Groupe sur cette probl\u00e9matique et plus concr\u00e8tement sur la d\u00e9tection des fragilit\u00e9s, la pr\u00e9vention, l\u2019am\u00e9nagement des logements pour un maintien \u00e0 domicile et la fluidit\u00e9 du parcours r\u00e9sidentiel. Ainsi, \u00c9n\u00e9al s\u2019engage pour r\u00e9inventer l\u2019habitat des a\u00een\u00e9s.<\/p>\n\n\n\n<figure class=\"wp-block-image size-full\"><img loading=\"lazy\" decoding=\"async\" width=\"25\" height=\"25\" src=\"https:\/\/silvereco.org\/doc\/wp-content\/uploads\/2025\/10\/image-28.png\" alt=\"\" class=\"wp-image-45033\"\/><\/figure>\n\n\n\n<p>\u00c9n\u00e9al is the medico-social real estate company of the Action Logement Group.<\/p>\n\n\n\n<p>Owner of 139 medico-social establishments (33 nursing homes, 93 independent living residences, and 13 other facilities) and 69 intergenerational residences, \u00c9n\u00e9al offers public and non-profit organizations in the sector the opportunity to acquire their buildings and finance ambitious construction, renovation, and rehabilitation projects. Working closely with operators, \u00c9n\u00e9al helps them achieve economic balance while ensuring high-quality care and living conditions for residents. In partnership with local authorities and CCAS, \u00c9n\u00e9al develops innovative, inclusive, and affordable facilities designed for older adults.<\/p>\n\n\n\n<p>A specialist in senior housing, \u00c9n\u00e9al contributes to Action Logement\u2019s ageing strategy by supporting its ESH subsidiaries in identifying vulnerabilities, promoting prevention, adapting housing for ageing in place, and improving residential pathways. Through these initiatives, \u00c9n\u00e9al is committed to reinventing housing for older people.<\/p>\n\n\n\n<p><strong>Mots Clefs :<\/strong><br>Habitat \u2013 Seniors \u2013 R\u00e9habilitation \u2013 Construction \u2013 Innovation \u2013 RSE \u2013 Aidance<\/p>\n\n\n\n<p><strong>KeyWords :<\/strong><br>Housing \u2013 Seniors \u2013 Rehabilitation \u2013 Construction \u2013 Innovation \u2013 CSR \u2013 Caregiving<\/p>\n\n\n\n<p><strong>SilverEco Congr\u00e8s \/ Summits :<\/strong><br>Nursing Home Summit \u2013 le Congr\u00e8s EHPAD, RSS et h\u00e9bergement collectif<br>SilverTech Summit \u2013 le Congr\u00e8s des technologies pour l\u2019autonomie<br>Yes We Care Summit \u2013 le Congr\u00e8s de l\u2019aide aux aidants<\/p>\n\n\n\n<p><strong>Contact :<\/strong><br>12 rue Chantecrit CS 62035 33071 Bordeaux Cedex \u2013 France<br>reseau@eneal.fr<br><a href=\"https:\/\/eneal.fr\/\">Website<\/a><\/p>\n","protected":false},"excerpt":{"rendered":"<p>\u00c9n\u00e9al est la fonci\u00e8re m\u00e9dico-sociale du groupe Action Logement. Propri\u00e9taire de 139 \u00e9tablissements m\u00e9dico-sociaux (33 Ehpad, 93 r\u00e9sidences autonomie et 13 autres ESMS) et 69 r\u00e9sidences interg\u00e9n\u00e9rationnelles, \u00c9n\u00e9al propose aux acteurs du secteur m\u00e9dico-social public et non lucratif d\u2019acqu\u00e9rir les murs de leurs \u00e9tablissements et de financer des op\u00e9rations ambitieuses de construction, r\u00e9novation, r\u00e9habilitation. Engag\u00e9e [&hellip;]<\/p>\n","protected":false},"author":639,"featured_media":0,"parent":0,"menu_order":0,"comment_status":"closed","ping_status":"closed","template":"","meta":{"site-sidebar-layout":"default","site-content-layout":"","ast-site-content-layout":"default","site-content-style":"default","site-sidebar-style":"default","ast-global-header-display":"","ast-banner-title-visibility":"","ast-main-header-display":"","ast-hfb-above-header-display":"","ast-hfb-below-header-display":"","ast-hfb-mobile-header-display":"","site-post-title":"","ast-breadcrumbs-content":"","ast-featured-img":"","footer-sml-layout":"","ast-disable-related-posts":"","theme-transparent-header-meta":"","adv-header-id-meta":"","stick-header-meta":"","header-above-stick-meta":"","header-main-stick-meta":"","header-below-stick-meta":"","astra-migrate-meta-layouts":"set","ast-page-background-enabled":"default","ast-page-background-meta":{"desktop":{"background-color":"var(--ast-global-color-4)","background-image":"","background-repeat":"repeat","background-position":"center center","background-size":"auto","background-attachment":"scroll","background-type":"","background-media":"","overlay-type":"","overlay-color":"","overlay-opacity":"","overlay-gradient":""},"tablet":{"background-color":"","background-image":"","background-repeat":"repeat","background-position":"center center","background-size":"auto","background-attachment":"scroll","background-type":"","background-media":"","overlay-type":"","overlay-color":"","overlay-opacity":"","overlay-gradient":""},"mobile":{"background-color":"","background-image":"","background-repeat":"repeat","background-position":"center center","background-size":"auto","background-attachment":"scroll","background-type":"","background-media":"","overlay-type":"","overlay-color":"","overlay-opacity":"","overlay-gradient":""}},"ast-content-background-meta":{"desktop":{"background-color":"var(--ast-global-color-5)","background-image":"","background-repeat":"repeat","background-position":"center center","background-size":"auto","background-attachment":"scroll","background-type":"","background-media":"","overlay-type":"","overlay-color":"","overlay-opacity":"","overlay-gradient":""},"tablet":{"background-color":"var(--ast-global-color-5)","background-image":"","background-repeat":"repeat","background-position":"center center","background-size":"auto","background-attachment":"scroll","background-type":"","background-media":"","overlay-type":"","overlay-color":"","overlay-opacity":"","overlay-gradient":""},"mobile":{"background-color":"var(--ast-global-color-5)","background-image":"","background-repeat":"repeat","background-position":"center center","background-size":"auto","background-attachment":"scroll","background-type":"","background-media":"","overlay-type":"","overlay-color":"","overlay-opacity":"","overlay-gradient":""}},"footnotes":""},"class_list":["post-44949","page","type-page","status-publish","hentry"],"_links":{"self":[{"href":"https:\/\/silvereco.org\/doc\/wp-json\/wp\/v2\/pages\/44949","targetHints":{"allow":["GET"]}}],"collection":[{"href":"https:\/\/silvereco.org\/doc\/wp-json\/wp\/v2\/pages"}],"about":[{"href":"https:\/\/silvereco.org\/doc\/wp-json\/wp\/v2\/types\/page"}],"author":[{"embeddable":true,"href":"https:\/\/silvereco.org\/doc\/wp-json\/wp\/v2\/users\/639"}],"replies":[{"embeddable":true,"href":"https:\/\/silvereco.org\/doc\/wp-json\/wp\/v2\/comments?post=44949"}],"version-history":[{"count":5,"href":"https:\/\/silvereco.org\/doc\/wp-json\/wp\/v2\/pages\/44949\/revisions"}],"predecessor-version":[{"id":45603,"href":"https:\/\/silvereco.org\/doc\/wp-json\/wp\/v2\/pages\/44949\/revisions\/45603"}],"wp:attachment":[{"href":"https:\/\/silvereco.org\/doc\/wp-json\/wp\/v2\/media?parent=44949"}],"curies":[{"name":"wp","href":"https:\/\/api.w.org\/{rel}","templated":true}]}}