{"id":44947,"date":"2025-10-11T15:05:45","date_gmt":"2025-10-11T13:05:45","guid":{"rendered":"https:\/\/silvereco.org\/doc\/?page_id=44947"},"modified":"2026-01-22T14:10:23","modified_gmt":"2026-01-22T13:10:23","slug":"clickcare-h22-hall-a","status":"publish","type":"page","link":"https:\/\/silvereco.org\/doc\/clickcare-h22-hall-a\/","title":{"rendered":"Click&amp;Care \/ H22 \/ HALL A"},"content":{"rendered":"\n<figure class=\"wp-block-image is-resized\"><img decoding=\"async\" src=\"https:\/\/silvereco.org\/festival\/fr\/wp-content\/medias\/2025\/10\/clickandcare-25.png\" alt=\"\" style=\"width:482px;height:auto\"\/><\/figure>\n\n\n\n<h5 class=\"wp-block-heading\"><\/h5>\n\n\n\n<figure class=\"wp-block-image size-full\"><img loading=\"lazy\" decoding=\"async\" width=\"25\" height=\"24\" src=\"https:\/\/silvereco.org\/doc\/wp-content\/uploads\/2025\/10\/image-52.png\" alt=\"\" class=\"wp-image-45082\"\/><\/figure>\n\n\n\n<p>1\u00e8re plateforme d\u2019aide \u00e0 domicile agr\u00e9\u00e9e en France, Click&amp;Care am\u00e9liore l\u2019acc\u00e8s \u00e0 une aide de qualit\u00e9, pour tous, partout sur le territoire. Disponible aussi bien dans les zones urbaines que dans les d\u00e9serts, Click&amp;Care incarne une nouvelle g\u00e9n\u00e9ration de services \u00e0 la personne : plus inclusifs, plus efficaces, et ancr\u00e9s localement.<\/p>\n\n\n\n<figure class=\"wp-block-image size-full\"><img loading=\"lazy\" decoding=\"async\" width=\"25\" height=\"25\" src=\"https:\/\/silvereco.org\/doc\/wp-content\/uploads\/2025\/10\/image-30.png\" alt=\"\" class=\"wp-image-45037\"\/><\/figure>\n\n\n\n<p>As the first approved home care platform in France, Click&amp;Care improves access to quality assistance for everyone, everywhere in the country. Available in both urban areas and underserved regions, Click&amp;Care represents a new generation of personal services: more inclusive, more efficient, and locally rooted.<\/p>\n\n\n\n<p><strong>Mots Clefs :<\/strong><br>Senior, Domicile, D\u00e9pendance,<\/p>\n\n\n\n<p><strong>KeyWords :<\/strong><br>Seniors, Home, Dependency<\/p>\n\n\n\n<p><strong>SilverEco Congr\u00e8s \/ Summits :<\/strong><br>Living at Home Summit \u2013 le Congr\u00e8s Bien-vieillir chez soi<br>Nursing Home Summit \u2013 le Congr\u00e8s EHPAD, RSS et h\u00e9bergement collectif<br>SilverTech Summit \u2013 le Congr\u00e8s des technologies pour l\u2019autonomie<br>Yes We Care Summit \u2013 le Congr\u00e8s de l\u2019aide aux aidants<br>Silver Citizen Summit \u2013 le Congr\u00e8s Silver citoyennet\u00e9<br>Healthy Ageing Summit \u2013 le Congr\u00e8s Sant\u00e9 e-Sant\u00e9<\/p>\n\n\n\n<p><strong>Contact :<\/strong><br>33 avenue du Maine 75015 Paris \u2013 France<br>famille@clickandcare.fr<br><a href=\"https:\/\/clickandcare.fr\/\">Website<\/a><\/p>\n","protected":false},"excerpt":{"rendered":"<p>1\u00e8re plateforme d\u2019aide \u00e0 domicile agr\u00e9\u00e9e en France, Click&amp;Care am\u00e9liore l\u2019acc\u00e8s \u00e0 une aide de qualit\u00e9, pour tous, partout sur le territoire. Disponible aussi bien dans les zones urbaines que dans les d\u00e9serts, Click&amp;Care incarne une nouvelle g\u00e9n\u00e9ration de services \u00e0 la personne : plus inclusifs, plus efficaces, et ancr\u00e9s localement. As the first approved [&hellip;]<\/p>\n","protected":false},"author":639,"featured_media":0,"parent":0,"menu_order":0,"comment_status":"closed","ping_status":"closed","template":"","meta":{"site-sidebar-layout":"default","site-content-layout":"","ast-site-content-layout":"default","site-content-style":"default","site-sidebar-style":"default","ast-global-header-display":"","ast-banner-title-visibility":"","ast-main-header-display":"","ast-hfb-above-header-display":"","ast-hfb-below-header-display":"","ast-hfb-mobile-header-display":"","site-post-title":"","ast-breadcrumbs-content":"","ast-featured-img":"","footer-sml-layout":"","ast-disable-related-posts":"","theme-transparent-header-meta":"","adv-header-id-meta":"","stick-header-meta":"","header-above-stick-meta":"","header-main-stick-meta":"","header-below-stick-meta":"","astra-migrate-meta-layouts":"set","ast-page-background-enabled":"default","ast-page-background-meta":{"desktop":{"background-color":"var(--ast-global-color-4)","background-image":"","background-repeat":"repeat","background-position":"center center","background-size":"auto","background-attachment":"scroll","background-type":"","background-media":"","overlay-type":"","overlay-color":"","overlay-opacity":"","overlay-gradient":""},"tablet":{"background-color":"","background-image":"","background-repeat":"repeat","background-position":"center center","background-size":"auto","background-attachment":"scroll","background-type":"","background-media":"","overlay-type":"","overlay-color":"","overlay-opacity":"","overlay-gradient":""},"mobile":{"background-color":"","background-image":"","background-repeat":"repeat","background-position":"center center","background-size":"auto","background-attachment":"scroll","background-type":"","background-media":"","overlay-type":"","overlay-color":"","overlay-opacity":"","overlay-gradient":""}},"ast-content-background-meta":{"desktop":{"background-color":"var(--ast-global-color-5)","background-image":"","background-repeat":"repeat","background-position":"center center","background-size":"auto","background-attachment":"scroll","background-type":"","background-media":"","overlay-type":"","overlay-color":"","overlay-opacity":"","overlay-gradient":""},"tablet":{"background-color":"var(--ast-global-color-5)","background-image":"","background-repeat":"repeat","background-position":"center center","background-size":"auto","background-attachment":"scroll","background-type":"","background-media":"","overlay-type":"","overlay-color":"","overlay-opacity":"","overlay-gradient":""},"mobile":{"background-color":"var(--ast-global-color-5)","background-image":"","background-repeat":"repeat","background-position":"center center","background-size":"auto","background-attachment":"scroll","background-type":"","background-media":"","overlay-type":"","overlay-color":"","overlay-opacity":"","overlay-gradient":""}},"footnotes":""},"class_list":["post-44947","page","type-page","status-publish","hentry"],"_links":{"self":[{"href":"https:\/\/silvereco.org\/doc\/wp-json\/wp\/v2\/pages\/44947","targetHints":{"allow":["GET"]}}],"collection":[{"href":"https:\/\/silvereco.org\/doc\/wp-json\/wp\/v2\/pages"}],"about":[{"href":"https:\/\/silvereco.org\/doc\/wp-json\/wp\/v2\/types\/page"}],"author":[{"embeddable":true,"href":"https:\/\/silvereco.org\/doc\/wp-json\/wp\/v2\/users\/639"}],"replies":[{"embeddable":true,"href":"https:\/\/silvereco.org\/doc\/wp-json\/wp\/v2\/comments?post=44947"}],"version-history":[{"count":4,"href":"https:\/\/silvereco.org\/doc\/wp-json\/wp\/v2\/pages\/44947\/revisions"}],"predecessor-version":[{"id":45581,"href":"https:\/\/silvereco.org\/doc\/wp-json\/wp\/v2\/pages\/44947\/revisions\/45581"}],"wp:attachment":[{"href":"https:\/\/silvereco.org\/doc\/wp-json\/wp\/v2\/media?parent=44947"}],"curies":[{"name":"wp","href":"https:\/\/api.w.org\/{rel}","templated":true}]}}