{"id":44933,"date":"2025-10-11T15:01:29","date_gmt":"2025-10-11T13:01:29","guid":{"rendered":"https:\/\/silvereco.org\/doc\/?page_id=44933"},"modified":"2026-01-22T14:10:23","modified_gmt":"2026-01-22T13:10:23","slug":"ellii-c11-hallc","status":"publish","type":"page","link":"https:\/\/silvereco.org\/doc\/ellii-c11-hallc\/","title":{"rendered":"Ellii \/ C11 \/ HALLC"},"content":{"rendered":"\n<figure class=\"wp-block-image is-resized\"><img decoding=\"async\" src=\"https:\/\/silvereco.org\/festival\/fr\/wp-content\/medias\/2025\/10\/ellii-25.png\" alt=\"\" style=\"width:260px;height:auto\"\/><\/figure>\n\n\n\n<h5 class=\"wp-block-heading\"><\/h5>\n\n\n\n<figure class=\"wp-block-image size-full\"><img loading=\"lazy\" decoding=\"async\" width=\"25\" height=\"24\" src=\"https:\/\/silvereco.org\/doc\/wp-content\/uploads\/2025\/10\/image-48.png\" alt=\"\" class=\"wp-image-45075\"\/><\/figure>\n\n\n\n<p>Ellii accompagne seniors et proches aidants de mani\u00e8re personnalis\u00e9e et pr\u00e9ventive avec ses ateliers collectifs et interactifs anim\u00e9s en ligne afin de rester en forme tout en s\u2019amusant !<\/p>\n\n\n\n<figure class=\"wp-block-image size-full\"><img loading=\"lazy\" decoding=\"async\" width=\"25\" height=\"25\" src=\"https:\/\/silvereco.org\/doc\/wp-content\/uploads\/2025\/10\/image-33.png\" alt=\"\" class=\"wp-image-45045\"\/><\/figure>\n\n\n\n<p>Ellii offers personalized and preventive support for seniors and family caregivers through interactive online group workshops designed to help them stay active, healthy, and have fun at the same time.<\/p>\n\n\n\n<p><strong>Mots Clefs :<\/strong><br>Pr\u00e9vention, ESUS, start-up, digital, bien-\u00eatre<\/p>\n\n\n\n<p><strong>KeyWords :<\/strong><br>Prevention, ESUS, startup, digital, well-being<\/p>\n\n\n\n<p><strong>SilverEco Congr\u00e8s \/ Summits :<\/strong><br>Living at Home Summit \u2013 le Congr\u00e8s Bien-vieillir chez soi<br>SilverTech Summit \u2013 le Congr\u00e8s des technologies pour l\u2019autonomie<br>Yes We Care Summit \u2013 le Congr\u00e8s de l\u2019aide aux aidants<\/p>\n\n\n\n<p><strong>Contact :<\/strong><br>75005 PARIS \u2013 France<br>+33 6 29 23 69 69<br>andrea@ellii.net<br><a href=\"https:\/\/www.ellii.net\/\">Website<\/a><\/p>\n","protected":false},"excerpt":{"rendered":"<p>Ellii accompagne seniors et proches aidants de mani\u00e8re personnalis\u00e9e et pr\u00e9ventive avec ses ateliers collectifs et interactifs anim\u00e9s en ligne afin de rester en forme tout en s\u2019amusant ! Ellii offers personalized and preventive support for seniors and family caregivers through interactive online group workshops designed to help them stay active, healthy, and have fun [&hellip;]<\/p>\n","protected":false},"author":639,"featured_media":0,"parent":0,"menu_order":0,"comment_status":"closed","ping_status":"closed","template":"","meta":{"site-sidebar-layout":"default","site-content-layout":"","ast-site-content-layout":"default","site-content-style":"default","site-sidebar-style":"default","ast-global-header-display":"","ast-banner-title-visibility":"","ast-main-header-display":"","ast-hfb-above-header-display":"","ast-hfb-below-header-display":"","ast-hfb-mobile-header-display":"","site-post-title":"","ast-breadcrumbs-content":"","ast-featured-img":"","footer-sml-layout":"","ast-disable-related-posts":"","theme-transparent-header-meta":"","adv-header-id-meta":"","stick-header-meta":"","header-above-stick-meta":"","header-main-stick-meta":"","header-below-stick-meta":"","astra-migrate-meta-layouts":"set","ast-page-background-enabled":"default","ast-page-background-meta":{"desktop":{"background-color":"var(--ast-global-color-4)","background-image":"","background-repeat":"repeat","background-position":"center center","background-size":"auto","background-attachment":"scroll","background-type":"","background-media":"","overlay-type":"","overlay-color":"","overlay-opacity":"","overlay-gradient":""},"tablet":{"background-color":"","background-image":"","background-repeat":"repeat","background-position":"center center","background-size":"auto","background-attachment":"scroll","background-type":"","background-media":"","overlay-type":"","overlay-color":"","overlay-opacity":"","overlay-gradient":""},"mobile":{"background-color":"","background-image":"","background-repeat":"repeat","background-position":"center center","background-size":"auto","background-attachment":"scroll","background-type":"","background-media":"","overlay-type":"","overlay-color":"","overlay-opacity":"","overlay-gradient":""}},"ast-content-background-meta":{"desktop":{"background-color":"var(--ast-global-color-5)","background-image":"","background-repeat":"repeat","background-position":"center center","background-size":"auto","background-attachment":"scroll","background-type":"","background-media":"","overlay-type":"","overlay-color":"","overlay-opacity":"","overlay-gradient":""},"tablet":{"background-color":"var(--ast-global-color-5)","background-image":"","background-repeat":"repeat","background-position":"center center","background-size":"auto","background-attachment":"scroll","background-type":"","background-media":"","overlay-type":"","overlay-color":"","overlay-opacity":"","overlay-gradient":""},"mobile":{"background-color":"var(--ast-global-color-5)","background-image":"","background-repeat":"repeat","background-position":"center center","background-size":"auto","background-attachment":"scroll","background-type":"","background-media":"","overlay-type":"","overlay-color":"","overlay-opacity":"","overlay-gradient":""}},"footnotes":""},"class_list":["post-44933","page","type-page","status-publish","hentry"],"_links":{"self":[{"href":"https:\/\/silvereco.org\/doc\/wp-json\/wp\/v2\/pages\/44933","targetHints":{"allow":["GET"]}}],"collection":[{"href":"https:\/\/silvereco.org\/doc\/wp-json\/wp\/v2\/pages"}],"about":[{"href":"https:\/\/silvereco.org\/doc\/wp-json\/wp\/v2\/types\/page"}],"author":[{"embeddable":true,"href":"https:\/\/silvereco.org\/doc\/wp-json\/wp\/v2\/users\/639"}],"replies":[{"embeddable":true,"href":"https:\/\/silvereco.org\/doc\/wp-json\/wp\/v2\/comments?post=44933"}],"version-history":[{"count":5,"href":"https:\/\/silvereco.org\/doc\/wp-json\/wp\/v2\/pages\/44933\/revisions"}],"predecessor-version":[{"id":45605,"href":"https:\/\/silvereco.org\/doc\/wp-json\/wp\/v2\/pages\/44933\/revisions\/45605"}],"wp:attachment":[{"href":"https:\/\/silvereco.org\/doc\/wp-json\/wp\/v2\/media?parent=44933"}],"curies":[{"name":"wp","href":"https:\/\/api.w.org\/{rel}","templated":true}]}}