{"id":44932,"date":"2025-10-11T15:01:10","date_gmt":"2025-10-11T13:01:10","guid":{"rendered":"https:\/\/silvereco.org\/doc\/?page_id=44932"},"modified":"2026-01-22T14:10:23","modified_gmt":"2026-01-22T13:10:23","slug":"caisse-des-depots-banque-des-territoires-h2-hall-a","status":"publish","type":"page","link":"https:\/\/silvereco.org\/doc\/caisse-des-depots-banque-des-territoires-h2-hall-a\/","title":{"rendered":"CAISSE DES DEPOTS \u2013 BANQUE DES TERRITOIRES \/ H2 \/ HALL A"},"content":{"rendered":"\n<figure class=\"wp-block-image is-resized\"><img decoding=\"async\" src=\"https:\/\/silvereco.org\/festival\/fr\/wp-content\/medias\/2025\/10\/cdc-25.svg\" alt=\"\" style=\"width:557px;height:auto\"\/><\/figure>\n\n\n\n<h5 class=\"wp-block-heading\"><\/h5>\n\n\n\n<figure class=\"wp-block-image size-full\"><img loading=\"lazy\" decoding=\"async\" width=\"25\" height=\"24\" src=\"https:\/\/silvereco.org\/doc\/wp-content\/uploads\/2025\/10\/image-47.png\" alt=\"\" class=\"wp-image-45073\"\/><\/figure>\n\n\n\n<p>La Banque des Territoires est l\u2019un des m\u00e9tiers de la Caisse des D\u00e9p\u00f4ts. Elle r\u00e9unit les expertises internes \u00e0 destination des territoires.<\/p>\n\n\n\n<p>Porte d\u2019entr\u00e9e unique pour ses clients, elle \u0153uvre aux c\u00f4t\u00e9s de tous les acteurs territoriaux : collectivit\u00e9s locales, entreprises publiques locales, organismes de logement social, professions juridiques, entreprises et acteurs financiers. <\/p>\n\n\n\n<p>Elle les accompagne dans la r\u00e9alisation de leurs projets d\u2019int\u00e9r\u00eat g\u00e9n\u00e9ral en proposant un continuum de solutions : conseils, pr\u00eats, investissements en fonds propres, consignations et services bancaires. <\/p>\n\n\n\n<p>En s\u2019adressant \u00e0 tous les territoires, depuis les zones rurales jusqu\u2019aux m\u00e9tropoles, la Banque des Territoires a pour ambition de maximiser son impact notamment sur les volets de la transformation \u00e9cologique et de la coh\u00e9sion sociale et territoriale. <\/p>\n\n\n\n<p>Les 37 implantations locales de la Banque des Territoires assurent le d\u00e9ploiement de son action sur l\u2019ensemble des territoires m\u00e9tropolitains et ultra-marins. Agir ensemble pour d\u00e9velopper des territoires plus verts et plus solidaires.<\/p>\n\n\n\n<figure class=\"wp-block-image size-full\"><img loading=\"lazy\" decoding=\"async\" width=\"25\" height=\"25\" src=\"https:\/\/silvereco.org\/doc\/wp-content\/uploads\/2025\/10\/image-34.png\" alt=\"\" class=\"wp-image-45046\"\/><\/figure>\n\n\n\n<p>La Banque des Territoires is one of the core branches of the Caisse des D\u00e9p\u00f4ts Group, bringing together internal expertise dedicated to supporting local and regional development.<\/p>\n\n\n\n<p>As a single entry point for its clients, it works alongside all territorial stakeholders \u2014 local authorities, public enterprises, social housing organizations, legal professionals, businesses, and financial actors. It supports them in carrying out projects serving the public interest by offering a full range of solutions: advisory services, loans, equity investments, deposits, and banking services.<\/p>\n\n\n\n<p>Serving all types of territories, from rural areas to major metropolitan regions, La Banque des Territoires aims to maximize its impact, particularly in ecological transition and social and territorial cohesion. Its 37 local branches ensure nationwide presence across mainland France and overseas territories \u2014 working together to build greener, more inclusive communities.<\/p>\n\n\n\n<p><strong>Mots Clefs :<\/strong><br>Silver Economie, <\/p>\n\n\n\n<p><strong>KeyWords :<\/strong><br>Silver Economy<\/p>\n\n\n\n<p><strong>SilverEco Congr\u00e8s \/ Summits :<\/strong><br>SilverTech Summit \u2013 le Congr\u00e8s des technologies pour l\u2019autonomie<\/p>\n\n\n\n<p><strong>Contact :<\/strong><br>10 place de la Joliette \u2013 Atrium 10.5 \u2013 13002 MARSEILLE \u2013 France<br>0033 6 40 94 83 39<br>esther.even@caissedesdepots.fr<br><a href=\"https:\/\/www.banquedesterritoires.fr\/\">Website<\/a><\/p>\n","protected":false},"excerpt":{"rendered":"<p>La Banque des Territoires est l\u2019un des m\u00e9tiers de la Caisse des D\u00e9p\u00f4ts. Elle r\u00e9unit les expertises internes \u00e0 destination des territoires. Porte d\u2019entr\u00e9e unique pour ses clients, elle \u0153uvre aux c\u00f4t\u00e9s de tous les acteurs territoriaux : collectivit\u00e9s locales, entreprises publiques locales, organismes de logement social, professions juridiques, entreprises et acteurs financiers. Elle les [&hellip;]<\/p>\n","protected":false},"author":639,"featured_media":0,"parent":0,"menu_order":0,"comment_status":"closed","ping_status":"closed","template":"","meta":{"site-sidebar-layout":"default","site-content-layout":"","ast-site-content-layout":"default","site-content-style":"default","site-sidebar-style":"default","ast-global-header-display":"","ast-banner-title-visibility":"","ast-main-header-display":"","ast-hfb-above-header-display":"","ast-hfb-below-header-display":"","ast-hfb-mobile-header-display":"","site-post-title":"","ast-breadcrumbs-content":"","ast-featured-img":"","footer-sml-layout":"","ast-disable-related-posts":"","theme-transparent-header-meta":"","adv-header-id-meta":"","stick-header-meta":"","header-above-stick-meta":"","header-main-stick-meta":"","header-below-stick-meta":"","astra-migrate-meta-layouts":"set","ast-page-background-enabled":"default","ast-page-background-meta":{"desktop":{"background-color":"var(--ast-global-color-4)","background-image":"","background-repeat":"repeat","background-position":"center center","background-size":"auto","background-attachment":"scroll","background-type":"","background-media":"","overlay-type":"","overlay-color":"","overlay-opacity":"","overlay-gradient":""},"tablet":{"background-color":"","background-image":"","background-repeat":"repeat","background-position":"center center","background-size":"auto","background-attachment":"scroll","background-type":"","background-media":"","overlay-type":"","overlay-color":"","overlay-opacity":"","overlay-gradient":""},"mobile":{"background-color":"","background-image":"","background-repeat":"repeat","background-position":"center center","background-size":"auto","background-attachment":"scroll","background-type":"","background-media":"","overlay-type":"","overlay-color":"","overlay-opacity":"","overlay-gradient":""}},"ast-content-background-meta":{"desktop":{"background-color":"var(--ast-global-color-5)","background-image":"","background-repeat":"repeat","background-position":"center center","background-size":"auto","background-attachment":"scroll","background-type":"","background-media":"","overlay-type":"","overlay-color":"","overlay-opacity":"","overlay-gradient":""},"tablet":{"background-color":"var(--ast-global-color-5)","background-image":"","background-repeat":"repeat","background-position":"center center","background-size":"auto","background-attachment":"scroll","background-type":"","background-media":"","overlay-type":"","overlay-color":"","overlay-opacity":"","overlay-gradient":""},"mobile":{"background-color":"var(--ast-global-color-5)","background-image":"","background-repeat":"repeat","background-position":"center center","background-size":"auto","background-attachment":"scroll","background-type":"","background-media":"","overlay-type":"","overlay-color":"","overlay-opacity":"","overlay-gradient":""}},"footnotes":""},"class_list":["post-44932","page","type-page","status-publish","hentry"],"_links":{"self":[{"href":"https:\/\/silvereco.org\/doc\/wp-json\/wp\/v2\/pages\/44932","targetHints":{"allow":["GET"]}}],"collection":[{"href":"https:\/\/silvereco.org\/doc\/wp-json\/wp\/v2\/pages"}],"about":[{"href":"https:\/\/silvereco.org\/doc\/wp-json\/wp\/v2\/types\/page"}],"author":[{"embeddable":true,"href":"https:\/\/silvereco.org\/doc\/wp-json\/wp\/v2\/users\/639"}],"replies":[{"embeddable":true,"href":"https:\/\/silvereco.org\/doc\/wp-json\/wp\/v2\/comments?post=44932"}],"version-history":[{"count":3,"href":"https:\/\/silvereco.org\/doc\/wp-json\/wp\/v2\/pages\/44932\/revisions"}],"predecessor-version":[{"id":45467,"href":"https:\/\/silvereco.org\/doc\/wp-json\/wp\/v2\/pages\/44932\/revisions\/45467"}],"wp:attachment":[{"href":"https:\/\/silvereco.org\/doc\/wp-json\/wp\/v2\/media?parent=44932"}],"curies":[{"name":"wp","href":"https:\/\/api.w.org\/{rel}","templated":true}]}}