{"id":44929,"date":"2025-10-11T14:59:30","date_gmt":"2025-10-11T12:59:30","guid":{"rendered":"https:\/\/silvereco.org\/doc\/?page_id=44929"},"modified":"2026-01-22T14:10:23","modified_gmt":"2026-01-22T13:10:23","slug":"coloc-gran-moun-et-handi-coloc-c37-hallc","status":"publish","type":"page","link":"https:\/\/silvereco.org\/doc\/coloc-gran-moun-et-handi-coloc-c37-hallc\/","title":{"rendered":"COLOC GRAN MOUN ET HANDI COLOC \/ C37 \/ HALLC"},"content":{"rendered":"\n<figure class=\"wp-block-image is-resized\"><img decoding=\"async\" src=\"https:\/\/silvereco.org\/festival\/fr\/wp-content\/medias\/2025\/10\/colocgranmoun-25.jpg\" alt=\"\" style=\"width:231px;height:auto\"\/><\/figure>\n\n\n\n<h5 class=\"wp-block-heading\"><\/h5>\n\n\n\n<figure class=\"wp-block-image size-full\"><img loading=\"lazy\" decoding=\"async\" width=\"25\" height=\"24\" src=\"https:\/\/silvereco.org\/doc\/wp-content\/uploads\/2025\/10\/image-45.png\" alt=\"\" class=\"wp-image-45069\"\/><\/figure>\n\n\n\n<p>L\u2019association \u00ab COLOC GRAN MOUN &amp; HANDI COLOC \u00bb propose de la colocation assist\u00e9e entre personnes \u00e2g\u00e9es et personnes en situation d\u2019handicap au sein des logements.<\/p>\n\n\n\n<p>Cette action sociale est un dispositif qui rentre dans le cadre de \u00ab l\u2019habitat inclusif \u00bb. <\/p>\n\n\n\n<p>Nous coordonnons des prestations de qualit\u00e9 personnalis\u00e9es \u00e0 nos b\u00e9n\u00e9ficiaires et une prise en charge m\u00e9dicale compl\u00e8te gr\u00e2ce \u00e0 notre \u00e9quipe pluriprofessionnelle (AMP, AVS, Aide-soignante, Infirmi\u00e8re, kin\u00e9sith\u00e9rapeute\u2026). Celle-ci est impliqu\u00e9e et pr\u00e9sente 7j\/7 et 24h\/24. Nous contactons des bailleurs (agences immobili\u00e8res ou propri\u00e9taires particuliers) afin de leur proposer une collaboration pour permettre la colocation de seniors en perte d\u2019autonomie ou pas. <\/p>\n\n\n\n<p>Lors de l\u2019\u00e9tablissement du contrat entre les 2 parties, l\u2019association signe \u00e9galement une convention tripartite avec : \u2013 Le bailleur \u2013 Le colocataire <\/p>\n\n\n\n<p>Nous mettons \u00e9galement en place une convention avec des SAAD ayant leur agr\u00e9ment reconnu par leur d\u00e9partement respectif.<\/p>\n\n\n\n<figure class=\"wp-block-image size-full\"><img loading=\"lazy\" decoding=\"async\" width=\"25\" height=\"25\" src=\"https:\/\/silvereco.org\/doc\/wp-content\/uploads\/2025\/10\/image-36.png\" alt=\"\" class=\"wp-image-45048\"\/><\/figure>\n\n\n\n<p>The association \u201cCOLOC GRAN MOUN &amp; HANDI COLOC\u201d offers assisted shared housing between older adults and people with disabilities.<\/p>\n\n\n\n<p>This social initiative is part of the \u201cinclusive housing\u201d framework. The association coordinates personalized, high-quality support and comprehensive medical care through its multidisciplinary team (care assistants, nursing aides, nurses, physiotherapists, etc.), available 24\/7. It works with landlords, real estate agencies, and private owners to establish partnerships that make shared housing possible for seniors, whether or not they are experiencing a loss of autonomy.<\/p>\n\n\n\n<p>When a rental contract is established, a tripartite agreement is signed between the landlord, the tenant, and the association. Additionally, the association sets up agreements with authorized home care services (SAAD) recognized by their respective departments.<\/p>\n\n\n\n<p><strong>Mots Clefs :<\/strong><br>HABITAT INCLUSIF (partag\u00e9)<\/p>\n\n\n\n<p><strong>KeyWords :<\/strong><br>INCLUSIVE (shared) HOUSING<\/p>\n\n\n\n<p><strong>SilverEco Congr\u00e8s \/ Summits :<\/strong><br>Living at Home Summit \u2013 le Congr\u00e8s Bien-vieillir chez soi<br>Yes We Care Summit \u2013 le Congr\u00e8s de l\u2019aide aux aidants<\/p>\n\n\n\n<p><strong>Contact :<\/strong><br>578 AVENUE JEAN-MARIE SERRAULT CIT\u00c9 DILLON 97200 FORT-DE-FRANCE<br>+33 6 96 83 70 19<br>colocgranmounethandicoloc1@gmail.com<br><a href=\"https:\/\/www.coloc-gran-moun-et-handi-coloc.com\/\">Website<\/a><\/p>\n","protected":false},"excerpt":{"rendered":"<p>L\u2019association \u00ab COLOC GRAN MOUN &amp; HANDI COLOC \u00bb propose de la colocation assist\u00e9e entre personnes \u00e2g\u00e9es et personnes en situation d\u2019handicap au sein des logements. Cette action sociale est un dispositif qui rentre dans le cadre de \u00ab l\u2019habitat inclusif \u00bb. Nous coordonnons des prestations de qualit\u00e9 personnalis\u00e9es \u00e0 nos b\u00e9n\u00e9ficiaires et une prise [&hellip;]<\/p>\n","protected":false},"author":639,"featured_media":0,"parent":0,"menu_order":0,"comment_status":"closed","ping_status":"closed","template":"","meta":{"site-sidebar-layout":"default","site-content-layout":"","ast-site-content-layout":"default","site-content-style":"default","site-sidebar-style":"default","ast-global-header-display":"","ast-banner-title-visibility":"","ast-main-header-display":"","ast-hfb-above-header-display":"","ast-hfb-below-header-display":"","ast-hfb-mobile-header-display":"","site-post-title":"","ast-breadcrumbs-content":"","ast-featured-img":"","footer-sml-layout":"","ast-disable-related-posts":"","theme-transparent-header-meta":"","adv-header-id-meta":"","stick-header-meta":"","header-above-stick-meta":"","header-main-stick-meta":"","header-below-stick-meta":"","astra-migrate-meta-layouts":"set","ast-page-background-enabled":"default","ast-page-background-meta":{"desktop":{"background-color":"var(--ast-global-color-4)","background-image":"","background-repeat":"repeat","background-position":"center center","background-size":"auto","background-attachment":"scroll","background-type":"","background-media":"","overlay-type":"","overlay-color":"","overlay-opacity":"","overlay-gradient":""},"tablet":{"background-color":"","background-image":"","background-repeat":"repeat","background-position":"center center","background-size":"auto","background-attachment":"scroll","background-type":"","background-media":"","overlay-type":"","overlay-color":"","overlay-opacity":"","overlay-gradient":""},"mobile":{"background-color":"","background-image":"","background-repeat":"repeat","background-position":"center center","background-size":"auto","background-attachment":"scroll","background-type":"","background-media":"","overlay-type":"","overlay-color":"","overlay-opacity":"","overlay-gradient":""}},"ast-content-background-meta":{"desktop":{"background-color":"var(--ast-global-color-5)","background-image":"","background-repeat":"repeat","background-position":"center center","background-size":"auto","background-attachment":"scroll","background-type":"","background-media":"","overlay-type":"","overlay-color":"","overlay-opacity":"","overlay-gradient":""},"tablet":{"background-color":"var(--ast-global-color-5)","background-image":"","background-repeat":"repeat","background-position":"center center","background-size":"auto","background-attachment":"scroll","background-type":"","background-media":"","overlay-type":"","overlay-color":"","overlay-opacity":"","overlay-gradient":""},"mobile":{"background-color":"var(--ast-global-color-5)","background-image":"","background-repeat":"repeat","background-position":"center center","background-size":"auto","background-attachment":"scroll","background-type":"","background-media":"","overlay-type":"","overlay-color":"","overlay-opacity":"","overlay-gradient":""}},"footnotes":""},"class_list":["post-44929","page","type-page","status-publish","hentry"],"_links":{"self":[{"href":"https:\/\/silvereco.org\/doc\/wp-json\/wp\/v2\/pages\/44929","targetHints":{"allow":["GET"]}}],"collection":[{"href":"https:\/\/silvereco.org\/doc\/wp-json\/wp\/v2\/pages"}],"about":[{"href":"https:\/\/silvereco.org\/doc\/wp-json\/wp\/v2\/types\/page"}],"author":[{"embeddable":true,"href":"https:\/\/silvereco.org\/doc\/wp-json\/wp\/v2\/users\/639"}],"replies":[{"embeddable":true,"href":"https:\/\/silvereco.org\/doc\/wp-json\/wp\/v2\/comments?post=44929"}],"version-history":[{"count":4,"href":"https:\/\/silvereco.org\/doc\/wp-json\/wp\/v2\/pages\/44929\/revisions"}],"predecessor-version":[{"id":45580,"href":"https:\/\/silvereco.org\/doc\/wp-json\/wp\/v2\/pages\/44929\/revisions\/45580"}],"wp:attachment":[{"href":"https:\/\/silvereco.org\/doc\/wp-json\/wp\/v2\/media?parent=44929"}],"curies":[{"name":"wp","href":"https:\/\/api.w.org\/{rel}","templated":true}]}}