{"id":44926,"date":"2025-10-11T14:55:59","date_gmt":"2025-10-11T12:55:59","guid":{"rendered":"https:\/\/silvereco.org\/doc\/?page_id=44926"},"modified":"2026-01-22T14:10:45","modified_gmt":"2026-01-22T13:10:45","slug":"petrarque-snoezelen-c48-hallc","status":"publish","type":"page","link":"https:\/\/silvereco.org\/doc\/petrarque-snoezelen-c48-hallc\/","title":{"rendered":"PETRARQUE SNOEZELEN \/ C48 \/ HALLC"},"content":{"rendered":"\n<figure class=\"wp-block-image is-resized\"><img decoding=\"async\" src=\"https:\/\/silvereco.org\/festival\/fr\/wp-content\/medias\/2025\/10\/petrarque-25.png\" alt=\"\" style=\"width:438px;height:auto\"\/><\/figure>\n\n\n\n<h5 class=\"wp-block-heading\"><\/h5>\n\n\n\n<figure class=\"wp-block-image size-full\"><img loading=\"lazy\" decoding=\"async\" width=\"25\" height=\"24\" src=\"https:\/\/silvereco.org\/doc\/wp-content\/uploads\/2025\/10\/image-42.png\" alt=\"\" class=\"wp-image-45063\"\/><\/figure>\n\n\n\n<p>Depuis sa cr\u00e9ation en 1993, la soci\u00e9t\u00e9 P\u00c9TRARQUE n\u2019a cess\u00e9 d\u2019\u00e9voluer pour apporter aux professionnels des secteurs sanitaires, sociaux et m\u00e9dico-sociaux des solutions novatrices dans l\u2019accompagnement des personnes fragilis\u00e9es par l\u2019\u00e2ge, le handicap ou de la petite enfance.<\/p>\n\n\n\n<p>P\u00c9TRARQUE propose aujourd\u2019hui un v\u00e9ritable univers destin\u00e9 \u00e0 am\u00e9liorer le quotidien des individus dans le but de leur procurer un \u00ab mieux \u00eatre \u00bb et de la s\u00e9r\u00e9nit\u00e9. <\/p>\n\n\n\n<p>\u2013 Conception et installation de salles Snoezelen <br>\u2013 Cr\u00e9ation de jardins sensoriels &amp; de parcours sant\u00e9 <br>\u2013 Instrument CRDL (Cr\u00e9er Du Lien) <br>\u2013 Formation des professionnels <br>\u2013 \u00c9dition <br>\u2013 Cr\u00e9ateur de l\u2019iSnoezz\u00ae, syst\u00e8me novateur permettant de contr\u00f4ler son espace Snoezelen gr\u00e2ce \u00e0 des outils magiques ! <br>\u2013 Concepteur d\u2019outils de ludoth\u00e9rapie : tables magiques sensorielles \u2013 iVasion, am\u00e9nagement de salles de relaxation interactives<\/p>\n\n\n\n<figure class=\"wp-block-image size-full\"><img loading=\"lazy\" decoding=\"async\" width=\"25\" height=\"25\" src=\"https:\/\/silvereco.org\/doc\/wp-content\/uploads\/2025\/10\/image-39.png\" alt=\"\" class=\"wp-image-45051\"\/><\/figure>\n\n\n\n<p>Since its creation in 1993, P\u00c9TRARQUE has continually evolved to provide professionals in the health, social, and medico-social sectors with innovative solutions to support people affected by age, disability, or early childhood needs.<\/p>\n\n\n\n<p>Today, P\u00c9TRARQUE offers a complete universe designed to enhance daily life and promote wellbeing and serenity. Its activities include the design and installation of Snoezelen rooms, the creation of sensory gardens and health pathways, the CRDL (Cr\u00e9er Du Lien) instrument, professional training, publishing, and the development of iSnoezz\u00ae, an innovative system that allows users to control their Snoezelen environment through interactive tools. P\u00c9TRARQUE is also a creator of therapeutic play tools such as sensory \u201cmagic tables\u201d (iVasion) and interactive relaxation spaces.<\/p>\n\n\n\n<p><strong>Mots Clefs :<\/strong><br>Snoezelen, ludoth\u00e9rapie, tables sensorielles, formation<\/p>\n\n\n\n<p><strong>KeyWords :<\/strong><br>Snoezelen, play therapy, sensory tables, training.<\/p>\n\n\n\n<p><strong>SilverEco Congr\u00e8s \/ Summits :<\/strong><br>Nursing Home Summit \u2013 le Congr\u00e8s EHPAD, RSS et h\u00e9bergement collectif<br>SilverTech Summit \u2013 le Congr\u00e8s des technologies pour l\u2019autonomie<br>Healthy Ageing Summit \u2013 le Congr\u00e8s Sant\u00e9 e-Sant\u00e9<\/p>\n\n\n\n<p><strong>Contact :<\/strong><br>7 place Copernic \u2013 Immeuble Le Cassiop\u00e9e \u2013 91023 EVRY CEDEX \u2013 France<br>+33 1 78 05 40 21<br>contact@petrarque.fr<br><a href=\"https:\/\/www.petrarque.org\/\">Website<\/a><\/p>\n","protected":false},"excerpt":{"rendered":"<p>Depuis sa cr\u00e9ation en 1993, la soci\u00e9t\u00e9 P\u00c9TRARQUE n\u2019a cess\u00e9 d\u2019\u00e9voluer pour apporter aux professionnels des secteurs sanitaires, sociaux et m\u00e9dico-sociaux des solutions novatrices dans l\u2019accompagnement des personnes fragilis\u00e9es par l\u2019\u00e2ge, le handicap ou de la petite enfance. P\u00c9TRARQUE propose aujourd\u2019hui un v\u00e9ritable univers destin\u00e9 \u00e0 am\u00e9liorer le quotidien des individus dans le but de [&hellip;]<\/p>\n","protected":false},"author":639,"featured_media":0,"parent":0,"menu_order":0,"comment_status":"closed","ping_status":"closed","template":"","meta":{"site-sidebar-layout":"default","site-content-layout":"","ast-site-content-layout":"default","site-content-style":"default","site-sidebar-style":"default","ast-global-header-display":"","ast-banner-title-visibility":"","ast-main-header-display":"","ast-hfb-above-header-display":"","ast-hfb-below-header-display":"","ast-hfb-mobile-header-display":"","site-post-title":"","ast-breadcrumbs-content":"","ast-featured-img":"","footer-sml-layout":"","ast-disable-related-posts":"","theme-transparent-header-meta":"","adv-header-id-meta":"","stick-header-meta":"","header-above-stick-meta":"","header-main-stick-meta":"","header-below-stick-meta":"","astra-migrate-meta-layouts":"set","ast-page-background-enabled":"default","ast-page-background-meta":{"desktop":{"background-color":"var(--ast-global-color-4)","background-image":"","background-repeat":"repeat","background-position":"center center","background-size":"auto","background-attachment":"scroll","background-type":"","background-media":"","overlay-type":"","overlay-color":"","overlay-opacity":"","overlay-gradient":""},"tablet":{"background-color":"","background-image":"","background-repeat":"repeat","background-position":"center center","background-size":"auto","background-attachment":"scroll","background-type":"","background-media":"","overlay-type":"","overlay-color":"","overlay-opacity":"","overlay-gradient":""},"mobile":{"background-color":"","background-image":"","background-repeat":"repeat","background-position":"center center","background-size":"auto","background-attachment":"scroll","background-type":"","background-media":"","overlay-type":"","overlay-color":"","overlay-opacity":"","overlay-gradient":""}},"ast-content-background-meta":{"desktop":{"background-color":"var(--ast-global-color-5)","background-image":"","background-repeat":"repeat","background-position":"center center","background-size":"auto","background-attachment":"scroll","background-type":"","background-media":"","overlay-type":"","overlay-color":"","overlay-opacity":"","overlay-gradient":""},"tablet":{"background-color":"var(--ast-global-color-5)","background-image":"","background-repeat":"repeat","background-position":"center center","background-size":"auto","background-attachment":"scroll","background-type":"","background-media":"","overlay-type":"","overlay-color":"","overlay-opacity":"","overlay-gradient":""},"mobile":{"background-color":"var(--ast-global-color-5)","background-image":"","background-repeat":"repeat","background-position":"center center","background-size":"auto","background-attachment":"scroll","background-type":"","background-media":"","overlay-type":"","overlay-color":"","overlay-opacity":"","overlay-gradient":""}},"footnotes":""},"class_list":["post-44926","page","type-page","status-publish","hentry"],"_links":{"self":[{"href":"https:\/\/silvereco.org\/doc\/wp-json\/wp\/v2\/pages\/44926","targetHints":{"allow":["GET"]}}],"collection":[{"href":"https:\/\/silvereco.org\/doc\/wp-json\/wp\/v2\/pages"}],"about":[{"href":"https:\/\/silvereco.org\/doc\/wp-json\/wp\/v2\/types\/page"}],"author":[{"embeddable":true,"href":"https:\/\/silvereco.org\/doc\/wp-json\/wp\/v2\/users\/639"}],"replies":[{"embeddable":true,"href":"https:\/\/silvereco.org\/doc\/wp-json\/wp\/v2\/comments?post=44926"}],"version-history":[{"count":4,"href":"https:\/\/silvereco.org\/doc\/wp-json\/wp\/v2\/pages\/44926\/revisions"}],"predecessor-version":[{"id":45667,"href":"https:\/\/silvereco.org\/doc\/wp-json\/wp\/v2\/pages\/44926\/revisions\/45667"}],"wp:attachment":[{"href":"https:\/\/silvereco.org\/doc\/wp-json\/wp\/v2\/media?parent=44926"}],"curies":[{"name":"wp","href":"https:\/\/api.w.org\/{rel}","templated":true}]}}