{"id":44925,"date":"2025-10-11T14:55:13","date_gmt":"2025-10-11T12:55:13","guid":{"rendered":"https:\/\/silvereco.org\/doc\/?page_id=44925"},"modified":"2026-01-22T14:10:45","modified_gmt":"2026-01-22T13:10:45","slug":"gerontopole-centre-val-de-loire-h31-hall-a","status":"publish","type":"page","link":"https:\/\/silvereco.org\/doc\/gerontopole-centre-val-de-loire-h31-hall-a\/","title":{"rendered":"G\u00e9rontop\u00f4le Centre-Val de Loire \/ H31 \/ HALL A"},"content":{"rendered":"\n<figure class=\"wp-block-image is-resized\"><img decoding=\"async\" src=\"https:\/\/silvereco.org\/festival\/fr\/wp-content\/medias\/2025\/10\/gerontopolecdvl-25.jpg\" alt=\"\" style=\"width:482px;height:auto\"\/><\/figure>\n\n\n\n<h5 class=\"wp-block-heading\"><\/h5>\n\n\n\n<figure class=\"wp-block-image size-full\"><img loading=\"lazy\" decoding=\"async\" width=\"25\" height=\"24\" src=\"https:\/\/silvereco.org\/doc\/wp-content\/uploads\/2025\/10\/image-41.png\" alt=\"\" class=\"wp-image-45056\"\/><\/figure>\n\n\n\n<p>Le G\u00e9rontop\u00f4le Centre-Val de Loire est une association \u00e0 but non lucratif rassemblant un \u00e9cosyst\u00e8me d\u2019acteurs engag\u00e9s dans la transition d\u00e9mographique : professionnels du secteur du vieillissement, chercheurs, collectivit\u00e9s territoriales, entreprises, associations et citoyens.<\/p>\n\n\n\n<p>Il \u0153uvre \u00e0 b\u00e2tir une soci\u00e9t\u00e9 dans laquelle la long\u00e9vit\u00e9 rime avec qualit\u00e9 de vie et \u00e9panouissement pour toutes et tous. Sa vocation est de favoriser l\u2019\u00e9mergence de synergies et de projets concrets en faveur du bien vieillir sur le territoire r\u00e9gional. <\/p>\n\n\n\n<p>Le G\u00e9rontop\u00f4le Centre-Val de Loire intervient de mani\u00e8re transversale dans cinq domaines cl\u00e9s : la recherche, l\u2019innovation ; la formation ; la communication et la valorisation de l\u2019image de l\u2019\u00e2ge ; la silver \u00e9conomie, l\u2019appui aux politiques publiques. <\/p>\n\n\n\n<p>Ses missions s\u2019articulent autour de trois grands axes : <br>\u2013 Cr\u00e9er une dynamique r\u00e9gionale : Le G\u00e9rontop\u00f4le favorise l\u2019\u00e9mergence de projets collaboratifs et d\u2019initiatives autour du vieillissement, soutient la recherche, la silver \u00e9conomie, et contribue au d\u00e9veloppement de formations \u00e0 destination de tous les publics. <br>\u2013 \u00catre une force de communication : Il agit pour faire conna\u00eetre les enjeux li\u00e9s \u00e0 la transition d\u00e9mographique, lutter contre l\u2019\u00e2gisme, valoriser la place des personnes \u00e2g\u00e9es dans la soci\u00e9t\u00e9, et mettre en lumi\u00e8re les actions des acteurs engag\u00e9s sur le territoire. <br>\u2013 Jouer un r\u00f4le de conseil et d\u2019expertise : Il accompagne la d\u00e9clinaison des politiques nationales \u00e0 l\u2019\u00e9chelle r\u00e9gionale, soutient les collectivit\u00e9s et les porteurs de projets, \u00e9value les dispositifs, services ou produits, et participe \u00e0 la production et \u00e0 la diffusion d\u2019\u00e9tudes. <\/p>\n\n\n\n<p>V\u00e9ritable facilitateur, le G\u00e9rontop\u00f4le Centre-Val de Loire est aussi un point d\u2019entr\u00e9e privil\u00e9gi\u00e9 pour les acteurs nationaux souhaitant initier ou d\u00e9velopper des projets dans la r\u00e9gion. En lien \u00e9troit avec les autres G\u00e9rontop\u00f4les de France, il s\u2019inscrit dans une dynamique collective pour r\u00e9pondre aux d\u00e9fis du vieillissement.<\/p>\n\n\n\n<figure class=\"wp-block-image size-full\"><img loading=\"lazy\" decoding=\"async\" width=\"25\" height=\"25\" src=\"https:\/\/silvereco.org\/doc\/wp-content\/uploads\/2025\/10\/image-40.png\" alt=\"\" class=\"wp-image-45052\"\/><\/figure>\n\n\n\n<p>The G\u00e9rontop\u00f4le Centre-Val de Loire is a non-profit association that brings together a diverse ecosystem of stakeholders engaged in addressing demographic transition \u2014 including ageing professionals, researchers, local authorities, companies, associations, and citizens.<\/p>\n\n\n\n<p>Its mission is to build a society where longevity goes hand in hand with quality of life and fulfillment for all. The organization fosters synergies and concrete projects that promote ageing well across the region. It works transversally in five key areas: research and innovation, training, communication and positive ageing representation, the Silver Economy, and support for public policies.<\/p>\n\n\n\n<p>Its work is structured around three main pillars: creating a regional dynamic by encouraging collaborative projects, research, and training initiatives; acting as a communication force to raise awareness about demographic challenges, combat ageism, and highlight local actions; and serving as a source of advice and expertise by supporting public authorities, project leaders, and the evaluation of services and innovations. A true facilitator, the G\u00e9rontop\u00f4le Centre-Val de Loire also acts as a key entry point for national stakeholders wishing to develop projects in the region, working closely with other G\u00e9rontop\u00f4les across France within a shared effort to address the challenges of ageing.<\/p>\n\n\n\n<p><strong>Mots Clefs :<\/strong><br>Synergie \u2013 Dynamisme \u2013 Territoires \u2013 Innovation \u2013 Expertise \u2013 Facilitateur<\/p>\n\n\n\n<p><strong>KeyWords :<\/strong><br>Synergy \u2013 Dynamism \u2013 Territories \u2013 Innovation \u2013 Expertise \u2013 Facilitator<\/p>\n\n\n\n<p><strong>SilverEco Congr\u00e8s \/ Summits :<\/strong><br>Living at Home Summit \u2013 le Congr\u00e8s Bien-vieillir chez soi<br>SilverTech Summit \u2013 le Congr\u00e8s des technologies pour l\u2019autonomie<br>Silver Citizen Summit \u2013 le Congr\u00e8s Silver citoyennet\u00e9<\/p>\n\n\n\n<p><strong>Contact :<\/strong><br>2 all\u00e9e Gaston Pages \/ Tours \/ 37100 \/ France<br>+33 6 27 92 91 64<br>contact@gerontopole-cvdl.com<br><a href=\"https:\/\/gerontopole-cvdl.com\/\">Website<\/a><\/p>\n","protected":false},"excerpt":{"rendered":"<p>Le G\u00e9rontop\u00f4le Centre-Val de Loire est une association \u00e0 but non lucratif rassemblant un \u00e9cosyst\u00e8me d\u2019acteurs engag\u00e9s dans la transition d\u00e9mographique : professionnels du secteur du vieillissement, chercheurs, collectivit\u00e9s territoriales, entreprises, associations et citoyens. Il \u0153uvre \u00e0 b\u00e2tir une soci\u00e9t\u00e9 dans laquelle la long\u00e9vit\u00e9 rime avec qualit\u00e9 de vie et \u00e9panouissement pour toutes et tous. [&hellip;]<\/p>\n","protected":false},"author":639,"featured_media":0,"parent":0,"menu_order":0,"comment_status":"closed","ping_status":"closed","template":"","meta":{"site-sidebar-layout":"default","site-content-layout":"","ast-site-content-layout":"default","site-content-style":"default","site-sidebar-style":"default","ast-global-header-display":"","ast-banner-title-visibility":"","ast-main-header-display":"","ast-hfb-above-header-display":"","ast-hfb-below-header-display":"","ast-hfb-mobile-header-display":"","site-post-title":"","ast-breadcrumbs-content":"","ast-featured-img":"","footer-sml-layout":"","ast-disable-related-posts":"","theme-transparent-header-meta":"","adv-header-id-meta":"","stick-header-meta":"","header-above-stick-meta":"","header-main-stick-meta":"","header-below-stick-meta":"","astra-migrate-meta-layouts":"set","ast-page-background-enabled":"default","ast-page-background-meta":{"desktop":{"background-color":"var(--ast-global-color-4)","background-image":"","background-repeat":"repeat","background-position":"center center","background-size":"auto","background-attachment":"scroll","background-type":"","background-media":"","overlay-type":"","overlay-color":"","overlay-opacity":"","overlay-gradient":""},"tablet":{"background-color":"","background-image":"","background-repeat":"repeat","background-position":"center center","background-size":"auto","background-attachment":"scroll","background-type":"","background-media":"","overlay-type":"","overlay-color":"","overlay-opacity":"","overlay-gradient":""},"mobile":{"background-color":"","background-image":"","background-repeat":"repeat","background-position":"center center","background-size":"auto","background-attachment":"scroll","background-type":"","background-media":"","overlay-type":"","overlay-color":"","overlay-opacity":"","overlay-gradient":""}},"ast-content-background-meta":{"desktop":{"background-color":"var(--ast-global-color-5)","background-image":"","background-repeat":"repeat","background-position":"center center","background-size":"auto","background-attachment":"scroll","background-type":"","background-media":"","overlay-type":"","overlay-color":"","overlay-opacity":"","overlay-gradient":""},"tablet":{"background-color":"var(--ast-global-color-5)","background-image":"","background-repeat":"repeat","background-position":"center center","background-size":"auto","background-attachment":"scroll","background-type":"","background-media":"","overlay-type":"","overlay-color":"","overlay-opacity":"","overlay-gradient":""},"mobile":{"background-color":"var(--ast-global-color-5)","background-image":"","background-repeat":"repeat","background-position":"center center","background-size":"auto","background-attachment":"scroll","background-type":"","background-media":"","overlay-type":"","overlay-color":"","overlay-opacity":"","overlay-gradient":""}},"footnotes":""},"class_list":["post-44925","page","type-page","status-publish","hentry"],"_links":{"self":[{"href":"https:\/\/silvereco.org\/doc\/wp-json\/wp\/v2\/pages\/44925","targetHints":{"allow":["GET"]}}],"collection":[{"href":"https:\/\/silvereco.org\/doc\/wp-json\/wp\/v2\/pages"}],"about":[{"href":"https:\/\/silvereco.org\/doc\/wp-json\/wp\/v2\/types\/page"}],"author":[{"embeddable":true,"href":"https:\/\/silvereco.org\/doc\/wp-json\/wp\/v2\/users\/639"}],"replies":[{"embeddable":true,"href":"https:\/\/silvereco.org\/doc\/wp-json\/wp\/v2\/comments?post=44925"}],"version-history":[{"count":4,"href":"https:\/\/silvereco.org\/doc\/wp-json\/wp\/v2\/pages\/44925\/revisions"}],"predecessor-version":[{"id":45597,"href":"https:\/\/silvereco.org\/doc\/wp-json\/wp\/v2\/pages\/44925\/revisions\/45597"}],"wp:attachment":[{"href":"https:\/\/silvereco.org\/doc\/wp-json\/wp\/v2\/media?parent=44925"}],"curies":[{"name":"wp","href":"https:\/\/api.w.org\/{rel}","templated":true}]}}