{"id":44915,"date":"2025-10-11T14:51:44","date_gmt":"2025-10-11T12:51:44","guid":{"rendered":"https:\/\/silvereco.org\/doc\/?page_id=44915"},"modified":"2026-01-22T14:11:09","modified_gmt":"2026-01-22T13:11:09","slug":"zenior-c14-hallc","status":"publish","type":"page","link":"https:\/\/silvereco.org\/doc\/zenior-c14-hallc\/","title":{"rendered":"Zenior \/ C14 \/ HALLC"},"content":{"rendered":"\n<figure class=\"wp-block-image is-resized\"><img decoding=\"async\" src=\"https:\/\/silvereco.org\/festival\/fr\/wp-content\/medias\/2025\/10\/zenior-25.png\" alt=\"\" style=\"width:444px;height:auto\"\/><\/figure>\n\n\n\n<h5 class=\"wp-block-heading\"><\/h5>\n\n\n\n<figure class=\"wp-block-image size-full\"><img loading=\"lazy\" decoding=\"async\" width=\"25\" height=\"24\" src=\"https:\/\/silvereco.org\/doc\/wp-content\/uploads\/2025\/10\/image-58.png\" alt=\"\" class=\"wp-image-45094\"\/><\/figure>\n\n\n\n<p>Zenior r\u00e9volutionne le bien vieillir en devenant le partenaire de r\u00e9f\u00e9rence de la prise en charge senior.<\/p>\n\n\n\n<p>Notre mission en 3 objectifs : <br>\u2013 Trouver la meilleure solution de prise en charge pour chacun &amp; faciliter sa mise en place. <br>\u2013 Aider les professionnels \u00e0 mieux prendre en charge les b\u00e9n\u00e9ficiaires &amp; developper leur activit\u00e9 <br>\u2013 Permettre \u00e0 tous de financer son bien vieillir Rendez-vous sur zenior.care<\/p>\n\n\n\n<figure class=\"wp-block-image size-full\"><img loading=\"lazy\" decoding=\"async\" width=\"25\" height=\"25\" src=\"https:\/\/silvereco.org\/doc\/wp-content\/uploads\/2025\/10\/image-95.png\" alt=\"\" class=\"wp-image-45166\"\/><\/figure>\n\n\n\n<p>Zenior is revolutionizing ageing well by becoming the leading partner in senior care management.<\/p>\n\n\n\n<p>Its mission is built around three objectives: finding the best care solution for each individual and facilitating its implementation, helping professionals improve care delivery and grow their activity, and enabling everyone to finance their ageing well. Visit zenior.care for more information.<\/p>\n\n\n\n<p><strong>Mots Clefs :<\/strong><br>Accompagnement, Transparence, Expertise, Technologie, Humain<\/p>\n\n\n\n<p><strong>KeyWords :<\/strong><br>Support, Transparency, Expertise, Technology, Human<\/p>\n\n\n\n<p><strong>SilverEco Congr\u00e8s \/ Summits :<\/strong><br>Yes We Care Summit \u2013 le Congr\u00e8s de l\u2019aide aux aidants<\/p>\n\n\n\n<p><strong>Contact :<\/strong><br>39 rue de Douai, 75009 Paris \u2013 France<br>+33 6 99 29 64 92<br>johan@zenior.care<br><a href=\"https:\/\/www.zenior.care\/\">Website<\/a><\/p>\n","protected":false},"excerpt":{"rendered":"<p>Zenior r\u00e9volutionne le bien vieillir en devenant le partenaire de r\u00e9f\u00e9rence de la prise en charge senior. Notre mission en 3 objectifs : \u2013 Trouver la meilleure solution de prise en charge pour chacun &amp; faciliter sa mise en place. \u2013 Aider les professionnels \u00e0 mieux prendre en charge les b\u00e9n\u00e9ficiaires &amp; developper leur activit\u00e9 [&hellip;]<\/p>\n","protected":false},"author":639,"featured_media":0,"parent":0,"menu_order":0,"comment_status":"closed","ping_status":"closed","template":"","meta":{"site-sidebar-layout":"default","site-content-layout":"","ast-site-content-layout":"default","site-content-style":"default","site-sidebar-style":"default","ast-global-header-display":"","ast-banner-title-visibility":"","ast-main-header-display":"","ast-hfb-above-header-display":"","ast-hfb-below-header-display":"","ast-hfb-mobile-header-display":"","site-post-title":"","ast-breadcrumbs-content":"","ast-featured-img":"","footer-sml-layout":"","ast-disable-related-posts":"","theme-transparent-header-meta":"","adv-header-id-meta":"","stick-header-meta":"","header-above-stick-meta":"","header-main-stick-meta":"","header-below-stick-meta":"","astra-migrate-meta-layouts":"set","ast-page-background-enabled":"default","ast-page-background-meta":{"desktop":{"background-color":"var(--ast-global-color-4)","background-image":"","background-repeat":"repeat","background-position":"center center","background-size":"auto","background-attachment":"scroll","background-type":"","background-media":"","overlay-type":"","overlay-color":"","overlay-opacity":"","overlay-gradient":""},"tablet":{"background-color":"","background-image":"","background-repeat":"repeat","background-position":"center center","background-size":"auto","background-attachment":"scroll","background-type":"","background-media":"","overlay-type":"","overlay-color":"","overlay-opacity":"","overlay-gradient":""},"mobile":{"background-color":"","background-image":"","background-repeat":"repeat","background-position":"center center","background-size":"auto","background-attachment":"scroll","background-type":"","background-media":"","overlay-type":"","overlay-color":"","overlay-opacity":"","overlay-gradient":""}},"ast-content-background-meta":{"desktop":{"background-color":"var(--ast-global-color-5)","background-image":"","background-repeat":"repeat","background-position":"center center","background-size":"auto","background-attachment":"scroll","background-type":"","background-media":"","overlay-type":"","overlay-color":"","overlay-opacity":"","overlay-gradient":""},"tablet":{"background-color":"var(--ast-global-color-5)","background-image":"","background-repeat":"repeat","background-position":"center center","background-size":"auto","background-attachment":"scroll","background-type":"","background-media":"","overlay-type":"","overlay-color":"","overlay-opacity":"","overlay-gradient":""},"mobile":{"background-color":"var(--ast-global-color-5)","background-image":"","background-repeat":"repeat","background-position":"center center","background-size":"auto","background-attachment":"scroll","background-type":"","background-media":"","overlay-type":"","overlay-color":"","overlay-opacity":"","overlay-gradient":""}},"footnotes":""},"class_list":["post-44915","page","type-page","status-publish","hentry"],"_links":{"self":[{"href":"https:\/\/silvereco.org\/doc\/wp-json\/wp\/v2\/pages\/44915","targetHints":{"allow":["GET"]}}],"collection":[{"href":"https:\/\/silvereco.org\/doc\/wp-json\/wp\/v2\/pages"}],"about":[{"href":"https:\/\/silvereco.org\/doc\/wp-json\/wp\/v2\/types\/page"}],"author":[{"embeddable":true,"href":"https:\/\/silvereco.org\/doc\/wp-json\/wp\/v2\/users\/639"}],"replies":[{"embeddable":true,"href":"https:\/\/silvereco.org\/doc\/wp-json\/wp\/v2\/comments?post=44915"}],"version-history":[{"count":4,"href":"https:\/\/silvereco.org\/doc\/wp-json\/wp\/v2\/pages\/44915\/revisions"}],"predecessor-version":[{"id":45641,"href":"https:\/\/silvereco.org\/doc\/wp-json\/wp\/v2\/pages\/44915\/revisions\/45641"}],"wp:attachment":[{"href":"https:\/\/silvereco.org\/doc\/wp-json\/wp\/v2\/media?parent=44915"}],"curies":[{"name":"wp","href":"https:\/\/api.w.org\/{rel}","templated":true}]}}