{"id":44914,"date":"2025-10-11T14:51:20","date_gmt":"2025-10-11T12:51:20","guid":{"rendered":"https:\/\/silvereco.org\/doc\/?page_id=44914"},"modified":"2026-01-22T14:10:23","modified_gmt":"2026-01-22T13:10:23","slug":"audiome-spokeo-c38-hallc","status":"publish","type":"page","link":"https:\/\/silvereco.org\/doc\/audiome-spokeo-c38-hallc\/","title":{"rendered":"AUDIOME \u2013 SPOKEO \/ C38 \/ HALLC"},"content":{"rendered":"\n<figure class=\"wp-block-image is-resized\"><img decoding=\"async\" src=\"https:\/\/silvereco.org\/festival\/fr\/wp-content\/medias\/2025\/10\/spokeo-25.png\" alt=\"\" style=\"width:462px;height:auto\"\/><\/figure>\n\n\n\n<h5 class=\"wp-block-heading\"><\/h5>\n\n\n\n<figure class=\"wp-block-image size-full\"><img loading=\"lazy\" decoding=\"async\" width=\"25\" height=\"24\" src=\"https:\/\/silvereco.org\/doc\/wp-content\/uploads\/2025\/10\/image-59.png\" alt=\"\" class=\"wp-image-45095\"\/><\/figure>\n\n\n\n<p>Spokeo est un assistant d\u2019\u00e9coute innovant, laur\u00e9at du Concours L\u00e9pine 2025, con\u00e7u pour am\u00e9liorer la communication avec les personnes pr\u00e9sentant une perte auditive mal ou pas compens\u00e9e, notamment \u00e0 cause d\u2019une perte d\u2019autonomie.<\/p>\n\n\n\n<p>Gr\u00e2ce \u00e0 sa technologie unique de bi-conduction (a\u00e9rienne et osseuse) et \u00e0 son micro intelligent d\u00e9port\u00e9, Spokeo restitue uniquement la voix de l\u2019interlocuteur, m\u00eame en environnement bruyant ou en pr\u00e9sence d\u2019obstacles dans le conduit auditif. <\/p>\n\n\n\n<p>Solution 100 % sans fil, simple d\u2019utilisation et pr\u00eate \u00e0 l\u2019emploi, Spokeo facilite la vie des aidants familiaux, des soignants et des professionnels de sant\u00e9. <\/p>\n\n\n\n<p>Utilis\u00e9 \u00e0 domicile, en EHPAD, \u00e0 l\u2019h\u00f4pital ou lors de consultations, Spokeo favorise l\u2019inclusion, pr\u00e9serve l\u2019autonomie relationnelle et am\u00e9liore la qualit\u00e9 des \u00e9changes humains. D\u00e9j\u00e0 adopt\u00e9 par de nombreux \u00e9tablissements m\u00e9dico-sociaux en France et \u00e0 l\u2019international, Spokeo incarne une approche concr\u00e8te et efficace de l\u2019innovation au service du bien vieillir.<\/p>\n\n\n\n<figure class=\"wp-block-image size-full\"><img loading=\"lazy\" decoding=\"async\" width=\"25\" height=\"25\" src=\"https:\/\/silvereco.org\/doc\/wp-content\/uploads\/2025\/10\/image-94.png\" alt=\"\" class=\"wp-image-45164\"\/><\/figure>\n\n\n\n<p>Spokeo is an innovative listening assistant, winner of the 2025 L\u00e9pine Competition, designed to improve communication with people experiencing untreated or poorly compensated hearing loss, often linked to reduced autonomy.<\/p>\n\n\n\n<p>Using a unique dual-conduction technology (air and bone) combined with an external intelligent microphone, Spokeo transmits only the speaker\u2019s voice, even in noisy environments or when the ear canal is obstructed. Fully wireless, easy to use, and ready to operate, Spokeo supports family caregivers, healthcare workers, and medical professionals. Whether used at home, in nursing facilities, hospitals, or during consultations, it promotes inclusion, preserves social autonomy, and enhances the quality of human interactions. Already adopted by many medico-social institutions in France and abroad, Spokeo embodies a concrete and effective innovation for ageing well.<\/p>\n\n\n\n<p><strong>Mots Clefs :<\/strong><br>Assistants d\u2019\u00e9coute, aide \u00e0 la communication, perte auditive, inclusion, EHPAD, aide aux aidants<\/p>\n\n\n\n<p><strong>KeyWords :<\/strong><br>Listening assistants, communication support, hearing loss, inclusion, nursing home, caregiver support<\/p>\n\n\n\n<p><strong>SilverEco Congr\u00e8s \/ Summits :<\/strong><br>Nursing Home Summit \u2013 le Congr\u00e8s EHPAD, RSS et h\u00e9bergement collectif<br>SilverTech Summit \u2013 le Congr\u00e8s des technologies pour l\u2019autonomie<br>Healthy Ageing Summit \u2013 le Congr\u00e8s Sant\u00e9 e-Sant\u00e9<\/p>\n\n\n\n<p><strong>Contact :<\/strong><br>60 rue de fontenay, 92350 le Plessis-Robinson, France<br>+33 6 78 45 25 01<br>raphael@myspokeo.com<br><a href=\"https:\/\/myspokeo.com\/\">Website<\/a><\/p>\n","protected":false},"excerpt":{"rendered":"<p>Spokeo est un assistant d\u2019\u00e9coute innovant, laur\u00e9at du Concours L\u00e9pine 2025, con\u00e7u pour am\u00e9liorer la communication avec les personnes pr\u00e9sentant une perte auditive mal ou pas compens\u00e9e, notamment \u00e0 cause d\u2019une perte d\u2019autonomie. Gr\u00e2ce \u00e0 sa technologie unique de bi-conduction (a\u00e9rienne et osseuse) et \u00e0 son micro intelligent d\u00e9port\u00e9, Spokeo restitue uniquement la voix de [&hellip;]<\/p>\n","protected":false},"author":639,"featured_media":0,"parent":0,"menu_order":0,"comment_status":"closed","ping_status":"closed","template":"","meta":{"site-sidebar-layout":"default","site-content-layout":"","ast-site-content-layout":"default","site-content-style":"default","site-sidebar-style":"default","ast-global-header-display":"","ast-banner-title-visibility":"","ast-main-header-display":"","ast-hfb-above-header-display":"","ast-hfb-below-header-display":"","ast-hfb-mobile-header-display":"","site-post-title":"","ast-breadcrumbs-content":"","ast-featured-img":"","footer-sml-layout":"","ast-disable-related-posts":"","theme-transparent-header-meta":"","adv-header-id-meta":"","stick-header-meta":"","header-above-stick-meta":"","header-main-stick-meta":"","header-below-stick-meta":"","astra-migrate-meta-layouts":"set","ast-page-background-enabled":"default","ast-page-background-meta":{"desktop":{"background-color":"var(--ast-global-color-4)","background-image":"","background-repeat":"repeat","background-position":"center center","background-size":"auto","background-attachment":"scroll","background-type":"","background-media":"","overlay-type":"","overlay-color":"","overlay-opacity":"","overlay-gradient":""},"tablet":{"background-color":"","background-image":"","background-repeat":"repeat","background-position":"center center","background-size":"auto","background-attachment":"scroll","background-type":"","background-media":"","overlay-type":"","overlay-color":"","overlay-opacity":"","overlay-gradient":""},"mobile":{"background-color":"","background-image":"","background-repeat":"repeat","background-position":"center center","background-size":"auto","background-attachment":"scroll","background-type":"","background-media":"","overlay-type":"","overlay-color":"","overlay-opacity":"","overlay-gradient":""}},"ast-content-background-meta":{"desktop":{"background-color":"var(--ast-global-color-5)","background-image":"","background-repeat":"repeat","background-position":"center center","background-size":"auto","background-attachment":"scroll","background-type":"","background-media":"","overlay-type":"","overlay-color":"","overlay-opacity":"","overlay-gradient":""},"tablet":{"background-color":"var(--ast-global-color-5)","background-image":"","background-repeat":"repeat","background-position":"center center","background-size":"auto","background-attachment":"scroll","background-type":"","background-media":"","overlay-type":"","overlay-color":"","overlay-opacity":"","overlay-gradient":""},"mobile":{"background-color":"var(--ast-global-color-5)","background-image":"","background-repeat":"repeat","background-position":"center center","background-size":"auto","background-attachment":"scroll","background-type":"","background-media":"","overlay-type":"","overlay-color":"","overlay-opacity":"","overlay-gradient":""}},"footnotes":""},"class_list":["post-44914","page","type-page","status-publish","hentry"],"_links":{"self":[{"href":"https:\/\/silvereco.org\/doc\/wp-json\/wp\/v2\/pages\/44914","targetHints":{"allow":["GET"]}}],"collection":[{"href":"https:\/\/silvereco.org\/doc\/wp-json\/wp\/v2\/pages"}],"about":[{"href":"https:\/\/silvereco.org\/doc\/wp-json\/wp\/v2\/types\/page"}],"author":[{"embeddable":true,"href":"https:\/\/silvereco.org\/doc\/wp-json\/wp\/v2\/users\/639"}],"replies":[{"embeddable":true,"href":"https:\/\/silvereco.org\/doc\/wp-json\/wp\/v2\/comments?post=44914"}],"version-history":[{"count":5,"href":"https:\/\/silvereco.org\/doc\/wp-json\/wp\/v2\/pages\/44914\/revisions"}],"predecessor-version":[{"id":45589,"href":"https:\/\/silvereco.org\/doc\/wp-json\/wp\/v2\/pages\/44914\/revisions\/45589"}],"wp:attachment":[{"href":"https:\/\/silvereco.org\/doc\/wp-json\/wp\/v2\/media?parent=44914"}],"curies":[{"name":"wp","href":"https:\/\/api.w.org\/{rel}","templated":true}]}}