{"id":44912,"date":"2025-10-11T14:50:17","date_gmt":"2025-10-11T12:50:17","guid":{"rendered":"https:\/\/silvereco.org\/doc\/?page_id=44912"},"modified":"2026-01-22T14:10:45","modified_gmt":"2026-01-22T13:10:45","slug":"nodeus-solutions-c8-hallc","status":"publish","type":"page","link":"https:\/\/silvereco.org\/doc\/nodeus-solutions-c8-hallc\/","title":{"rendered":"Nodeus Solutions \/ C8 \/ HALLC"},"content":{"rendered":"\n<figure class=\"wp-block-image is-resized\"><img decoding=\"async\" src=\"https:\/\/silvereco.org\/festival\/fr\/wp-content\/medias\/2025\/10\/nodeus-25.png\" alt=\"\" style=\"width:356px;height:auto\"\/><\/figure>\n\n\n\n<h5 class=\"wp-block-heading\"><\/h5>\n\n\n\n<figure class=\"wp-block-image size-full\"><img loading=\"lazy\" decoding=\"async\" width=\"25\" height=\"24\" src=\"https:\/\/silvereco.org\/doc\/wp-content\/uploads\/2025\/10\/image-61.png\" alt=\"\" class=\"wp-image-45097\"\/><\/figure>\n\n\n\n<p>Cr\u00e9ee en 2019 \u00e0 Cagnes sue mer, Nodeus Solutions agit au coeur de l\u2019innovation technologique et sociale.<\/p>\n\n\n\n<p>N\u00e9e d\u2019une volont\u00e9e d\u2019allier progr\u00e9s et utilit\u00e9 sociale, l\u2019entreprise s\u2019est d\u00e9velopp\u00e9e au rythme des grands d\u00e9fis de notre \u00e9poque: transition num\u00e9rique, imp\u00e9ratifs de s\u00e9curit\u00e9 au domicile, enjeux environnementaux et nouveaux besoins des familles et des aidants. <\/p>\n\n\n\n<p>Aujourd\u2019hui, jeune entreprise high tech \u00e0 rayonnement internationnal, elle s\u2019appuie sur un r\u00e9seau actif dans plus de 40 pays, plus de 50 millions de composants livr\u00e9es et la reconnaissance de clients et partenaires signe de sa capacit\u00e9 \u00e0 inventer l\u2019avenir. <\/p>\n\n\n\n<p>Nodeus Solutions a cr\u00e9\u00e9e et brevet\u00e9 le syst\u00e8me \u00ab KoKoon \u00bb, une solution de bienveillance pour la pr\u00e9vention et le bien-\u00eatre des personnes isol\u00e9es \u00e0 domicile. Autonome, innovant, discret et fonctionne comme un mod\u00e8le participatif de bienveillance des personnes isol\u00e9e \u00e0 domicile, face au mod\u00e8le ancien et stigmatisant de la t\u00e9l\u00e9assistance classique, KoKoon : <br>\u2022 Renforce l\u2019appropriation du syst\u00e8me par les familles. <br>\u2022 R\u00e9duit consid\u00e9rablement les co\u00fbts de surveillance. <br>\u2022 Permet une personnalisation du suivi et une meilleure coordination entre les proches-aidants. <\/p>\n\n\n\n<p>La solution Kokoon est compos\u00e9e d\u2019un pack domotique constitu\u00e9 d\u2019une box et d\u2019un jeu de capteurs sans cam\u00e9ra, micro, ni dispositif port\u00e9, facile d\u2019installation \u00e0 domicile sans travaux, et d\u2019une application mobile destin\u00e9e aux proches aidants. Le duex modes de commercialisation sont la marque blanche pour les professionnel du secteur et de la s\u00e9curit\u00e9, ou bien la location de service aupr\u00e8s des utilisateurs finaux ; l\u2019abonnement inclus un service apr\u00e8s-vente r\u00e9actif, personnalis\u00e9 et de qualit\u00e9, augmentant la bonne exp\u00e9rience utilisateur, la satisfaction client et la fid\u00e9lisation dans un cadre solidaire, s\u00e9curisant et ma\u00eetris\u00e9.<\/p>\n\n\n\n<figure class=\"wp-block-image size-full\"><img loading=\"lazy\" decoding=\"async\" width=\"25\" height=\"25\" src=\"https:\/\/silvereco.org\/doc\/wp-content\/uploads\/2025\/10\/image-92.png\" alt=\"\" class=\"wp-image-45160\"\/><\/figure>\n\n\n\n<p>Founded in 2019 in Cagnes-sur-Mer, Nodeus Solutions operates at the crossroads of technological and social innovation.<\/p>\n\n\n\n<p>Born from the ambition to combine progress and social utility, the company has grown in response to major contemporary challenges: digital transition, home safety, environmental responsibility, and the evolving needs of families and caregivers. Today, this young high-tech company has an international presence, active in over 40 countries, with more than 50 million components delivered and recognized by clients and partners for its ability to invent the future.<\/p>\n\n\n\n<p>Nodeus Solutions developed and patented \u201cKoKoon,\u201d an innovative and caring system for the prevention and wellbeing of people living alone at home. Autonomous, discreet, and participatory, KoKoon offers an alternative to traditional, stigmatizing telecare models by strengthening family involvement, reducing monitoring costs, and enabling personalized support and coordination among caregivers. The system includes a smart home kit \u2014 a hub and non-intrusive sensors (no cameras, microphones, or wearables) \u2014 easily installed without renovation, and a mobile app for family caregivers. It is marketed either as a white-label solution for professionals or as a subscription-based service for end users, which includes personalized, high-quality customer support to ensure satisfaction, loyalty, and trust in a secure, compassionate framework.<\/p>\n\n\n\n<p><strong>Mots Clefs :<\/strong><br>#syst\u00e8medesurveillance #AVQ #reconnaissanced\u2019activit\u00e9 #\u00e9valuationcognitive #pr\u00e9vention #solidarit\u00e9 #bienveillance #s\u00e9curit\u00e9 #respectdelaviepriv\u00e9e<\/p>\n\n\n\n<p><strong>KeyWords :<\/strong><br>#monitoringsystem #ADL #activityrecognition #cognitiveassessment #prevention #solidarity #kindness #safety #privacyrespect<\/p>\n\n\n\n<p><strong>SilverEco Congr\u00e8s \/ Summits :<\/strong><br>Living at Home Summit \u2013 le Congr\u00e8s Bien-vieillir chez soi<br>SilverTech Summit \u2013 le Congr\u00e8s des technologies pour l\u2019autonomie<br>Silver Citizen Summit \u2013 le Congr\u00e8s Silver citoyennet\u00e9<\/p>\n\n\n\n<p><strong>Contact :<\/strong><br>21 avenue de Grasse 06800 Cagnes sur Mer \u2013 France<br>+33 6 60 94 29 93<br>james@nodeus.solutions<br><a href=\"https:\/\/www.nodeus.solutions\/\">Website<\/a><\/p>\n","protected":false},"excerpt":{"rendered":"<p>Cr\u00e9ee en 2019 \u00e0 Cagnes sue mer, Nodeus Solutions agit au coeur de l\u2019innovation technologique et sociale. N\u00e9e d\u2019une volont\u00e9e d\u2019allier progr\u00e9s et utilit\u00e9 sociale, l\u2019entreprise s\u2019est d\u00e9velopp\u00e9e au rythme des grands d\u00e9fis de notre \u00e9poque: transition num\u00e9rique, imp\u00e9ratifs de s\u00e9curit\u00e9 au domicile, enjeux environnementaux et nouveaux besoins des familles et des aidants. Aujourd\u2019hui, jeune [&hellip;]<\/p>\n","protected":false},"author":639,"featured_media":0,"parent":0,"menu_order":0,"comment_status":"closed","ping_status":"closed","template":"","meta":{"site-sidebar-layout":"default","site-content-layout":"","ast-site-content-layout":"default","site-content-style":"default","site-sidebar-style":"default","ast-global-header-display":"","ast-banner-title-visibility":"","ast-main-header-display":"","ast-hfb-above-header-display":"","ast-hfb-below-header-display":"","ast-hfb-mobile-header-display":"","site-post-title":"","ast-breadcrumbs-content":"","ast-featured-img":"","footer-sml-layout":"","ast-disable-related-posts":"","theme-transparent-header-meta":"","adv-header-id-meta":"","stick-header-meta":"","header-above-stick-meta":"","header-main-stick-meta":"","header-below-stick-meta":"","astra-migrate-meta-layouts":"set","ast-page-background-enabled":"default","ast-page-background-meta":{"desktop":{"background-color":"var(--ast-global-color-4)","background-image":"","background-repeat":"repeat","background-position":"center center","background-size":"auto","background-attachment":"scroll","background-type":"","background-media":"","overlay-type":"","overlay-color":"","overlay-opacity":"","overlay-gradient":""},"tablet":{"background-color":"","background-image":"","background-repeat":"repeat","background-position":"center center","background-size":"auto","background-attachment":"scroll","background-type":"","background-media":"","overlay-type":"","overlay-color":"","overlay-opacity":"","overlay-gradient":""},"mobile":{"background-color":"","background-image":"","background-repeat":"repeat","background-position":"center center","background-size":"auto","background-attachment":"scroll","background-type":"","background-media":"","overlay-type":"","overlay-color":"","overlay-opacity":"","overlay-gradient":""}},"ast-content-background-meta":{"desktop":{"background-color":"var(--ast-global-color-5)","background-image":"","background-repeat":"repeat","background-position":"center center","background-size":"auto","background-attachment":"scroll","background-type":"","background-media":"","overlay-type":"","overlay-color":"","overlay-opacity":"","overlay-gradient":""},"tablet":{"background-color":"var(--ast-global-color-5)","background-image":"","background-repeat":"repeat","background-position":"center center","background-size":"auto","background-attachment":"scroll","background-type":"","background-media":"","overlay-type":"","overlay-color":"","overlay-opacity":"","overlay-gradient":""},"mobile":{"background-color":"var(--ast-global-color-5)","background-image":"","background-repeat":"repeat","background-position":"center center","background-size":"auto","background-attachment":"scroll","background-type":"","background-media":"","overlay-type":"","overlay-color":"","overlay-opacity":"","overlay-gradient":""}},"footnotes":""},"class_list":["post-44912","page","type-page","status-publish","hentry"],"_links":{"self":[{"href":"https:\/\/silvereco.org\/doc\/wp-json\/wp\/v2\/pages\/44912","targetHints":{"allow":["GET"]}}],"collection":[{"href":"https:\/\/silvereco.org\/doc\/wp-json\/wp\/v2\/pages"}],"about":[{"href":"https:\/\/silvereco.org\/doc\/wp-json\/wp\/v2\/types\/page"}],"author":[{"embeddable":true,"href":"https:\/\/silvereco.org\/doc\/wp-json\/wp\/v2\/users\/639"}],"replies":[{"embeddable":true,"href":"https:\/\/silvereco.org\/doc\/wp-json\/wp\/v2\/comments?post=44912"}],"version-history":[{"count":5,"href":"https:\/\/silvereco.org\/doc\/wp-json\/wp\/v2\/pages\/44912\/revisions"}],"predecessor-version":[{"id":45610,"href":"https:\/\/silvereco.org\/doc\/wp-json\/wp\/v2\/pages\/44912\/revisions\/45610"}],"wp:attachment":[{"href":"https:\/\/silvereco.org\/doc\/wp-json\/wp\/v2\/media?parent=44912"}],"curies":[{"name":"wp","href":"https:\/\/api.w.org\/{rel}","templated":true}]}}