{"id":44910,"date":"2025-10-11T14:48:34","date_gmt":"2025-10-11T12:48:34","guid":{"rendered":"https:\/\/silvereco.org\/doc\/?page_id=44910"},"modified":"2026-01-22T14:10:23","modified_gmt":"2026-01-22T13:10:23","slug":"confidences-production-c7-hallc","status":"publish","type":"page","link":"https:\/\/silvereco.org\/doc\/confidences-production-c7-hallc\/","title":{"rendered":"CONFIDENCES PRODUCTION \/ C7 \/ HALLC"},"content":{"rendered":"\n<figure class=\"wp-block-image is-resized\"><img decoding=\"async\" src=\"https:\/\/silvereco.org\/festival\/fr\/wp-content\/medias\/2025\/10\/confidences-25.png\" alt=\"\" style=\"width:314px;height:auto\"\/><\/figure>\n\n\n\n<h5 class=\"wp-block-heading\"><\/h5>\n\n\n\n<figure class=\"wp-block-image size-full\"><img loading=\"lazy\" decoding=\"async\" width=\"25\" height=\"24\" src=\"https:\/\/silvereco.org\/doc\/wp-content\/uploads\/2025\/10\/image-63.png\" alt=\"\" class=\"wp-image-45099\"\/><\/figure>\n\n\n\n<p>Confidences Production est LA MARQUE qui f\u00e9d\u00e8re partout en France un r\u00e9seau de biographes et vid\u00e9o-biographes certifi\u00e9s.<\/p>\n\n\n\n<p>Nous r\u00e9alisons des biographies \u2014 livres, films et t\u00e9moignages audio \u2014 pour particuliers, familles et organisations. Des tarifs connus d\u2019avance avec la possibilit\u00e9 de sur-mesure, processus cl\u00e9 en main,grande exigence \u00e9ditoriale, \u00e9thique et respect des droits d\u2019image garantis. <\/p>\n\n\n\n<p>Notre mission : REVELER , PERSERVER et TRANSMETTRE les histoires de vie, partout en France et bient\u00f4t ailleurs\u2026<\/p>\n\n\n\n<figure class=\"wp-block-image size-full\"><img loading=\"lazy\" decoding=\"async\" width=\"25\" height=\"25\" src=\"https:\/\/silvereco.org\/doc\/wp-content\/uploads\/2025\/10\/image-90.png\" alt=\"\" class=\"wp-image-45156\"\/><\/figure>\n\n\n\n<p>Confidences Production is the brand that brings together a nationwide network of certified biographers and video biographers.<\/p>\n\n\n\n<p>It creates written, filmed, and audio life stories for individuals, families, and organizations, offering transparent pricing, customized options, and a turnkey process with strong editorial standards, ethics, and image rights protection. Its mission: to reveal, preserve, and share life stories \u2014 across France and soon beyond.<\/p>\n\n\n\n<p><strong>Mots Clefs :<\/strong><br>Biographie, vid\u00e9o-biographie, chemin de vie, parcours de vie,<\/p>\n\n\n\n<p><strong>KeyWords :<\/strong><br>Biography, video biography, life journey, life story<\/p>\n\n\n\n<p><strong>SilverEco Congr\u00e8s \/ Summits :<\/strong><br>Living at Home Summit \u2013 le Congr\u00e8s Bien-vieillir chez soi<br>SilverTech Summit \u2013 le Congr\u00e8s des technologies pour l\u2019autonomie<br>Healthy Ageing Summit \u2013 le Congr\u00e8s Sant\u00e9 e-Sant\u00e9<\/p>\n\n\n\n<p><strong>Contact :<\/strong><br>45 AVENUE DU PRESIDENT JF KENNEDY 64200 BIARRITZ \u2013 France<br>+33 6 80 20 95 46<br>Philippe.confidences@gmail.com<br><a href=\"https:\/\/www.confidences.io\/\">Website<\/a><\/p>\n","protected":false},"excerpt":{"rendered":"<p>Confidences Production est LA MARQUE qui f\u00e9d\u00e8re partout en France un r\u00e9seau de biographes et vid\u00e9o-biographes certifi\u00e9s. Nous r\u00e9alisons des biographies \u2014 livres, films et t\u00e9moignages audio \u2014 pour particuliers, familles et organisations. Des tarifs connus d\u2019avance avec la possibilit\u00e9 de sur-mesure, processus cl\u00e9 en main,grande exigence \u00e9ditoriale, \u00e9thique et respect des droits d\u2019image garantis. [&hellip;]<\/p>\n","protected":false},"author":639,"featured_media":0,"parent":0,"menu_order":0,"comment_status":"closed","ping_status":"closed","template":"","meta":{"site-sidebar-layout":"default","site-content-layout":"","ast-site-content-layout":"default","site-content-style":"default","site-sidebar-style":"default","ast-global-header-display":"","ast-banner-title-visibility":"","ast-main-header-display":"","ast-hfb-above-header-display":"","ast-hfb-below-header-display":"","ast-hfb-mobile-header-display":"","site-post-title":"","ast-breadcrumbs-content":"","ast-featured-img":"","footer-sml-layout":"","ast-disable-related-posts":"","theme-transparent-header-meta":"","adv-header-id-meta":"","stick-header-meta":"","header-above-stick-meta":"","header-main-stick-meta":"","header-below-stick-meta":"","astra-migrate-meta-layouts":"set","ast-page-background-enabled":"default","ast-page-background-meta":{"desktop":{"background-color":"var(--ast-global-color-4)","background-image":"","background-repeat":"repeat","background-position":"center center","background-size":"auto","background-attachment":"scroll","background-type":"","background-media":"","overlay-type":"","overlay-color":"","overlay-opacity":"","overlay-gradient":""},"tablet":{"background-color":"","background-image":"","background-repeat":"repeat","background-position":"center center","background-size":"auto","background-attachment":"scroll","background-type":"","background-media":"","overlay-type":"","overlay-color":"","overlay-opacity":"","overlay-gradient":""},"mobile":{"background-color":"","background-image":"","background-repeat":"repeat","background-position":"center center","background-size":"auto","background-attachment":"scroll","background-type":"","background-media":"","overlay-type":"","overlay-color":"","overlay-opacity":"","overlay-gradient":""}},"ast-content-background-meta":{"desktop":{"background-color":"var(--ast-global-color-5)","background-image":"","background-repeat":"repeat","background-position":"center center","background-size":"auto","background-attachment":"scroll","background-type":"","background-media":"","overlay-type":"","overlay-color":"","overlay-opacity":"","overlay-gradient":""},"tablet":{"background-color":"var(--ast-global-color-5)","background-image":"","background-repeat":"repeat","background-position":"center center","background-size":"auto","background-attachment":"scroll","background-type":"","background-media":"","overlay-type":"","overlay-color":"","overlay-opacity":"","overlay-gradient":""},"mobile":{"background-color":"var(--ast-global-color-5)","background-image":"","background-repeat":"repeat","background-position":"center center","background-size":"auto","background-attachment":"scroll","background-type":"","background-media":"","overlay-type":"","overlay-color":"","overlay-opacity":"","overlay-gradient":""}},"footnotes":""},"class_list":["post-44910","page","type-page","status-publish","hentry"],"_links":{"self":[{"href":"https:\/\/silvereco.org\/doc\/wp-json\/wp\/v2\/pages\/44910","targetHints":{"allow":["GET"]}}],"collection":[{"href":"https:\/\/silvereco.org\/doc\/wp-json\/wp\/v2\/pages"}],"about":[{"href":"https:\/\/silvereco.org\/doc\/wp-json\/wp\/v2\/types\/page"}],"author":[{"embeddable":true,"href":"https:\/\/silvereco.org\/doc\/wp-json\/wp\/v2\/users\/639"}],"replies":[{"embeddable":true,"href":"https:\/\/silvereco.org\/doc\/wp-json\/wp\/v2\/comments?post=44910"}],"version-history":[{"count":4,"href":"https:\/\/silvereco.org\/doc\/wp-json\/wp\/v2\/pages\/44910\/revisions"}],"predecessor-version":[{"id":45579,"href":"https:\/\/silvereco.org\/doc\/wp-json\/wp\/v2\/pages\/44910\/revisions\/45579"}],"wp:attachment":[{"href":"https:\/\/silvereco.org\/doc\/wp-json\/wp\/v2\/media?parent=44910"}],"curies":[{"name":"wp","href":"https:\/\/api.w.org\/{rel}","templated":true}]}}