{"id":44909,"date":"2025-10-11T14:48:04","date_gmt":"2025-10-11T12:48:04","guid":{"rendered":"https:\/\/silvereco.org\/doc\/?page_id=44909"},"modified":"2026-01-22T14:10:23","modified_gmt":"2026-01-22T13:10:23","slug":"carsat-sud-est-a25-hall-a","status":"publish","type":"page","link":"https:\/\/silvereco.org\/doc\/carsat-sud-est-a25-hall-a\/","title":{"rendered":"Assurance Retraite Sud-Est \/ A25 \/ HALL A"},"content":{"rendered":"\n<figure class=\"wp-block-image is-resized\"><img decoding=\"async\" src=\"https:\/\/silvereco.org\/festival\/fr\/wp-content\/medias\/2025\/10\/assuranceretraite-25.png\" alt=\"\" style=\"width:437px;height:auto\"\/><\/figure>\n\n\n\n<h5 class=\"wp-block-heading\"><\/h5>\n\n\n\n<figure class=\"wp-block-image size-full\"><img loading=\"lazy\" decoding=\"async\" width=\"25\" height=\"24\" src=\"https:\/\/silvereco.org\/doc\/wp-content\/uploads\/2025\/10\/image-64.png\" alt=\"\" class=\"wp-image-45100\"\/><\/figure>\n\n\n\n<p>L\u2019Assurance retraite, le service public de la retraite de la S\u00e9curit\u00e9 sociale Premier organisme fran\u00e7ais de retraite, l\u2019Assurance retraite (Caisse nationale, Carsat, CGSS et CSSM) g\u00e8re la retraite du r\u00e9gime g\u00e9n\u00e9ral de la S\u00e9curit\u00e9 sociale et conduit des actions de pr\u00e9vention en faveur du bien-vieillir et de la pr\u00e9servation de l\u2019autonomie des retrait\u00e9s.<\/p>\n\n\n\n<p>En fondant, avec des partenaires incontournables (France Active, Banque des Territoires, Agirc-Arrco, MSA) l\u2019acc\u00e9l\u00e9rateur VIVA.Lab, l\u2019Assurance retraite a souhait\u00e9 s\u2019engager r\u00e9solument dans le soutien \u00e0 l\u2019innovation et l\u2019\u00e9mergence de nouvelles solutions pour favoriser un vieillissement actif en sant\u00e9. <br>En savoir plus : vivalab.fr <\/p>\n\n\n\n<p>La Carsat Sud-Est s\u2019inscrit dans une approche globale positive de la pr\u00e9vention et oriente son action sociale afin de pr\u00e9venir les effets du vieillissement, et soutenir le Bien-Vieillir et l\u2019autonomie \u00e0 domicile. <\/p>\n\n\n\n<p>Cette politique s\u2019articule autour de quatre grands axes d\u2019intervention : <br>\u2013 Informer, sensibiliser et promouvoir un vieillissement actif en sant\u00e9 via, notamment, le site inter-r\u00e9gimes pourbienvieillir.fr et des ateliers \u00ab&nbsp;Bienvenue \u00e0 la retraite&nbsp;\u00bb,<br> \u2013 Agir pour pr\u00e9venir les fragilit\u00e9s li\u00e9es au vieillissement \u00e0 travers des actions de pr\u00e9vention et de maintien du lien social et partir \u00e0 la rencontre des retrait\u00e9s sur les forums seniors, <br>\u2013 Accompagner individuellement les retrait\u00e9s qui rencontrent de premi\u00e8res difficult\u00e9s dans leur autonomie \u00e0 domicile et les aidants retrait\u00e9s par des professionnels via le plan d\u2019aides OSCAR (Offre de Services Coordonn\u00e9e pour l\u2019Accompagnement de ma Retraite) ou encore via des aides financi\u00e8res exceptionnelles, <br>\u2013 Soutenir des solutions alternatives au domicile en finan\u00e7ant la modernisation, la r\u00e9novation et la construction de lieux de vie collectifs adapt\u00e9s, mais aussi l\u2019adaptation au vieillissement des logements du parc social.<\/p>\n\n\n\n<figure class=\"wp-block-image size-full\"><img loading=\"lazy\" decoding=\"async\" width=\"25\" height=\"25\" src=\"https:\/\/silvereco.org\/doc\/wp-content\/uploads\/2025\/10\/image-89.png\" alt=\"\" class=\"wp-image-45154\"\/><\/figure>\n\n\n\n<p>L\u2019Assurance Retraite, the public pension service of France\u2019s Social Security system, is the country\u2019s leading retirement organization. It manages pensions under the general Social Security scheme and carries out prevention initiatives promoting ageing well and preserving retirees\u2019 autonomy.<\/p>\n\n\n\n<p>By founding the VIVA.Lab accelerator with key partners (France Active, Banque des Territoires, Agirc-Arrco, and MSA), L\u2019Assurance Retraite has made a firm commitment to supporting innovation and developing new solutions for active and healthy ageing. The Carsat Sud-Est follows a positive, holistic approach to prevention, focusing its social action on reducing the effects of ageing and supporting wellbeing and independence at home.<\/p>\n\n\n\n<p><strong>Mots Clefs :<\/strong><br>retrait\u00e9s, seniors, action sociale, bien vieillir, autonomie, accompagnement, pr\u00e9vention, solidarit\u00e9, plans d\u2019action, vieillissement actif<\/p>\n\n\n\n<p><strong>KeyWords :<\/strong><br>Retirees, seniors, social action, ageing well, autonomy, support, prevention, solidarity, action plans, active ageing<\/p>\n\n\n\n<p><strong>SilverEco Congr\u00e8s \/ Summits :<\/strong><br>Living at Home Summit \u2013 le Congr\u00e8s Bien-vieillir chez soi<\/p>\n\n\n\n<p><strong>Contact :<\/strong><br>35 Rue George 13386 Marseille Cedex 20 \u2013 France<br>partenairesas@carsat-sudest.fr<br><a href=\"https:\/\/www.carsat-sudest.fr\/\">Website<\/a><\/p>\n","protected":false},"excerpt":{"rendered":"<p>L\u2019Assurance retraite, le service public de la retraite de la S\u00e9curit\u00e9 sociale Premier organisme fran\u00e7ais de retraite, l\u2019Assurance retraite (Caisse nationale, Carsat, CGSS et CSSM) g\u00e8re la retraite du r\u00e9gime g\u00e9n\u00e9ral de la S\u00e9curit\u00e9 sociale et conduit des actions de pr\u00e9vention en faveur du bien-vieillir et de la pr\u00e9servation de l\u2019autonomie des retrait\u00e9s. En fondant, [&hellip;]<\/p>\n","protected":false},"author":639,"featured_media":0,"parent":0,"menu_order":0,"comment_status":"closed","ping_status":"closed","template":"","meta":{"site-sidebar-layout":"default","site-content-layout":"","ast-site-content-layout":"default","site-content-style":"default","site-sidebar-style":"default","ast-global-header-display":"","ast-banner-title-visibility":"","ast-main-header-display":"","ast-hfb-above-header-display":"","ast-hfb-below-header-display":"","ast-hfb-mobile-header-display":"","site-post-title":"","ast-breadcrumbs-content":"","ast-featured-img":"","footer-sml-layout":"","ast-disable-related-posts":"","theme-transparent-header-meta":"","adv-header-id-meta":"","stick-header-meta":"","header-above-stick-meta":"","header-main-stick-meta":"","header-below-stick-meta":"","astra-migrate-meta-layouts":"set","ast-page-background-enabled":"default","ast-page-background-meta":{"desktop":{"background-color":"var(--ast-global-color-4)","background-image":"","background-repeat":"repeat","background-position":"center center","background-size":"auto","background-attachment":"scroll","background-type":"","background-media":"","overlay-type":"","overlay-color":"","overlay-opacity":"","overlay-gradient":""},"tablet":{"background-color":"","background-image":"","background-repeat":"repeat","background-position":"center center","background-size":"auto","background-attachment":"scroll","background-type":"","background-media":"","overlay-type":"","overlay-color":"","overlay-opacity":"","overlay-gradient":""},"mobile":{"background-color":"","background-image":"","background-repeat":"repeat","background-position":"center center","background-size":"auto","background-attachment":"scroll","background-type":"","background-media":"","overlay-type":"","overlay-color":"","overlay-opacity":"","overlay-gradient":""}},"ast-content-background-meta":{"desktop":{"background-color":"var(--ast-global-color-5)","background-image":"","background-repeat":"repeat","background-position":"center center","background-size":"auto","background-attachment":"scroll","background-type":"","background-media":"","overlay-type":"","overlay-color":"","overlay-opacity":"","overlay-gradient":""},"tablet":{"background-color":"var(--ast-global-color-5)","background-image":"","background-repeat":"repeat","background-position":"center center","background-size":"auto","background-attachment":"scroll","background-type":"","background-media":"","overlay-type":"","overlay-color":"","overlay-opacity":"","overlay-gradient":""},"mobile":{"background-color":"var(--ast-global-color-5)","background-image":"","background-repeat":"repeat","background-position":"center center","background-size":"auto","background-attachment":"scroll","background-type":"","background-media":"","overlay-type":"","overlay-color":"","overlay-opacity":"","overlay-gradient":""}},"footnotes":""},"class_list":["post-44909","page","type-page","status-publish","hentry"],"_links":{"self":[{"href":"https:\/\/silvereco.org\/doc\/wp-json\/wp\/v2\/pages\/44909","targetHints":{"allow":["GET"]}}],"collection":[{"href":"https:\/\/silvereco.org\/doc\/wp-json\/wp\/v2\/pages"}],"about":[{"href":"https:\/\/silvereco.org\/doc\/wp-json\/wp\/v2\/types\/page"}],"author":[{"embeddable":true,"href":"https:\/\/silvereco.org\/doc\/wp-json\/wp\/v2\/users\/639"}],"replies":[{"embeddable":true,"href":"https:\/\/silvereco.org\/doc\/wp-json\/wp\/v2\/comments?post=44909"}],"version-history":[{"count":5,"href":"https:\/\/silvereco.org\/doc\/wp-json\/wp\/v2\/pages\/44909\/revisions"}],"predecessor-version":[{"id":45566,"href":"https:\/\/silvereco.org\/doc\/wp-json\/wp\/v2\/pages\/44909\/revisions\/45566"}],"wp:attachment":[{"href":"https:\/\/silvereco.org\/doc\/wp-json\/wp\/v2\/media?parent=44909"}],"curies":[{"name":"wp","href":"https:\/\/api.w.org\/{rel}","templated":true}]}}