{"id":44906,"date":"2025-10-11T14:45:38","date_gmt":"2025-10-11T12:45:38","guid":{"rendered":"https:\/\/silvereco.org\/doc\/?page_id=44906"},"modified":"2026-01-22T14:10:45","modified_gmt":"2026-01-22T13:10:45","slug":"gerontonews-b13-hall-b","status":"publish","type":"page","link":"https:\/\/silvereco.org\/doc\/gerontonews-b13-hall-b\/","title":{"rendered":"Gerontonews \/ B13 \/ HALL B"},"content":{"rendered":"\n<figure class=\"wp-block-image is-resized\"><img decoding=\"async\" src=\"https:\/\/silvereco.org\/festival\/fr\/wp-content\/medias\/2025\/10\/Gerontonews-25.png\" alt=\"\" style=\"width:442px;height:auto\"\/><\/figure>\n\n\n\n<h5 class=\"wp-block-heading\"><\/h5>\n\n\n\n<figure class=\"wp-block-image size-full\"><img loading=\"lazy\" decoding=\"async\" width=\"25\" height=\"24\" src=\"https:\/\/silvereco.org\/doc\/wp-content\/uploads\/2025\/10\/image-65.png\" alt=\"\" class=\"wp-image-45101\"\/><\/figure>\n\n\n\n<p>Gerontonews est un site d\u2019information \u00e0 destination des professionnels du grand \u00e2ge.<\/p>\n\n\n\n<p>D\u00e9couvrez des contenus pertinents et fiables pour vous accompagner au quotidien ! Faites confiance \u00e0 un partenaire de r\u00e9f\u00e9rence ! Nos rubriques : Politique nationale, Actualit\u00e9s locales, M\u00e9decine, Soins &amp; accompagnements, Acteurs du secteur, Silver \u00e9conomie, Gestion, Finance &amp; RH, Justice et faits divers\u2026<\/p>\n\n\n\n<figure class=\"wp-block-image size-full\"><img loading=\"lazy\" decoding=\"async\" width=\"25\" height=\"25\" src=\"https:\/\/silvereco.org\/doc\/wp-content\/uploads\/2025\/10\/image-88.png\" alt=\"\" class=\"wp-image-45152\"\/><\/figure>\n\n\n\n<p>Gerontonews is a news website dedicated to professionals in the ageing and elder care sector.<\/p>\n\n\n\n<p>It provides reliable and relevant content to support them in their daily work. As a trusted reference partner, Gerontonews covers a wide range of topics, including national policy, local news, medicine, care and support, key industry players, the Silver Economy, management, finance and HR, as well as legal and current affairs.<\/p>\n\n\n\n<p><strong>Mots Clefs :<\/strong><br>G\u00e9rontologie; EHPAD ; Soins et accompagnement; Silver \u00e9conomie; Gestion d\u2019\u00e9tablissements; Actualit\u00e9s seniors; M\u00e9decine g\u00e9riatrique; Innovations pour seniors<\/p>\n\n\n\n<p><strong>KeyWords :<\/strong><br>Gerontology; Nursing homes; Care and support; Silver economy; Facility management; Senior news; Geriatric medicine; Innovations for seniors<\/p>\n\n\n\n<p><strong>SilverEco Congr\u00e8s \/ Summits :<\/strong><br>Living at Home Summit \u2013 le Congr\u00e8s Bien-vieillir chez soi<br>Nursing Home Summit \u2013 le Congr\u00e8s EHPAD, RSS et h\u00e9bergement collectif<br>Yes We Care Summit \u2013 le Congr\u00e8s de l\u2019aide aux aidants<\/p>\n\n\n\n<p><strong>Contact :<\/strong><br>33 Avenue de la R\u00e9publique 75011 Paris \u2013 France<br>ventes@gerontonews.com<br><a href=\"https:\/\/www.gerontonews.com\/\">Website<\/a><\/p>\n","protected":false},"excerpt":{"rendered":"<p>Gerontonews est un site d\u2019information \u00e0 destination des professionnels du grand \u00e2ge. D\u00e9couvrez des contenus pertinents et fiables pour vous accompagner au quotidien ! Faites confiance \u00e0 un partenaire de r\u00e9f\u00e9rence ! Nos rubriques : Politique nationale, Actualit\u00e9s locales, M\u00e9decine, Soins &amp; accompagnements, Acteurs du secteur, Silver \u00e9conomie, Gestion, Finance &amp; RH, Justice et faits [&hellip;]<\/p>\n","protected":false},"author":639,"featured_media":0,"parent":0,"menu_order":0,"comment_status":"closed","ping_status":"closed","template":"","meta":{"site-sidebar-layout":"default","site-content-layout":"","ast-site-content-layout":"default","site-content-style":"default","site-sidebar-style":"default","ast-global-header-display":"","ast-banner-title-visibility":"","ast-main-header-display":"","ast-hfb-above-header-display":"","ast-hfb-below-header-display":"","ast-hfb-mobile-header-display":"","site-post-title":"","ast-breadcrumbs-content":"","ast-featured-img":"","footer-sml-layout":"","ast-disable-related-posts":"","theme-transparent-header-meta":"","adv-header-id-meta":"","stick-header-meta":"","header-above-stick-meta":"","header-main-stick-meta":"","header-below-stick-meta":"","astra-migrate-meta-layouts":"set","ast-page-background-enabled":"default","ast-page-background-meta":{"desktop":{"background-color":"var(--ast-global-color-4)","background-image":"","background-repeat":"repeat","background-position":"center center","background-size":"auto","background-attachment":"scroll","background-type":"","background-media":"","overlay-type":"","overlay-color":"","overlay-opacity":"","overlay-gradient":""},"tablet":{"background-color":"","background-image":"","background-repeat":"repeat","background-position":"center center","background-size":"auto","background-attachment":"scroll","background-type":"","background-media":"","overlay-type":"","overlay-color":"","overlay-opacity":"","overlay-gradient":""},"mobile":{"background-color":"","background-image":"","background-repeat":"repeat","background-position":"center center","background-size":"auto","background-attachment":"scroll","background-type":"","background-media":"","overlay-type":"","overlay-color":"","overlay-opacity":"","overlay-gradient":""}},"ast-content-background-meta":{"desktop":{"background-color":"var(--ast-global-color-5)","background-image":"","background-repeat":"repeat","background-position":"center center","background-size":"auto","background-attachment":"scroll","background-type":"","background-media":"","overlay-type":"","overlay-color":"","overlay-opacity":"","overlay-gradient":""},"tablet":{"background-color":"var(--ast-global-color-5)","background-image":"","background-repeat":"repeat","background-position":"center center","background-size":"auto","background-attachment":"scroll","background-type":"","background-media":"","overlay-type":"","overlay-color":"","overlay-opacity":"","overlay-gradient":""},"mobile":{"background-color":"var(--ast-global-color-5)","background-image":"","background-repeat":"repeat","background-position":"center center","background-size":"auto","background-attachment":"scroll","background-type":"","background-media":"","overlay-type":"","overlay-color":"","overlay-opacity":"","overlay-gradient":""}},"footnotes":""},"class_list":["post-44906","page","type-page","status-publish","hentry"],"_links":{"self":[{"href":"https:\/\/silvereco.org\/doc\/wp-json\/wp\/v2\/pages\/44906","targetHints":{"allow":["GET"]}}],"collection":[{"href":"https:\/\/silvereco.org\/doc\/wp-json\/wp\/v2\/pages"}],"about":[{"href":"https:\/\/silvereco.org\/doc\/wp-json\/wp\/v2\/types\/page"}],"author":[{"embeddable":true,"href":"https:\/\/silvereco.org\/doc\/wp-json\/wp\/v2\/users\/639"}],"replies":[{"embeddable":true,"href":"https:\/\/silvereco.org\/doc\/wp-json\/wp\/v2\/comments?post=44906"}],"version-history":[{"count":4,"href":"https:\/\/silvereco.org\/doc\/wp-json\/wp\/v2\/pages\/44906\/revisions"}],"predecessor-version":[{"id":45595,"href":"https:\/\/silvereco.org\/doc\/wp-json\/wp\/v2\/pages\/44906\/revisions\/45595"}],"wp:attachment":[{"href":"https:\/\/silvereco.org\/doc\/wp-json\/wp\/v2\/media?parent=44906"}],"curies":[{"name":"wp","href":"https:\/\/api.w.org\/{rel}","templated":true}]}}