{"id":44905,"date":"2025-10-11T14:45:18","date_gmt":"2025-10-11T12:45:18","guid":{"rendered":"https:\/\/silvereco.org\/doc\/?page_id=44905"},"modified":"2026-01-22T14:10:46","modified_gmt":"2026-01-22T13:10:46","slug":"social-ability-c5-hallc","status":"publish","type":"page","link":"https:\/\/silvereco.org\/doc\/social-ability-c5-hallc\/","title":{"rendered":"Social-Ability \/ C5 \/ HALLC"},"content":{"rendered":"\n<figure class=\"wp-block-image is-resized\"><img decoding=\"async\" src=\"https:\/\/silvereco.org\/festival\/fr\/wp-content\/medias\/2025\/10\/socialability-25.png\" alt=\"\" style=\"width:443px;height:auto\"\/><\/figure>\n\n\n\n<h5 class=\"wp-block-heading\"><\/h5>\n\n\n\n<figure class=\"wp-block-image size-full\"><img loading=\"lazy\" decoding=\"async\" width=\"25\" height=\"24\" src=\"https:\/\/silvereco.org\/doc\/wp-content\/uploads\/2025\/10\/image-66.png\" alt=\"\" class=\"wp-image-45105\"\/><\/figure>\n\n\n\n<p>Cr\u00e9er des moments de joie, de lien et de bien-\u00eatre pour les personnes vivant avec des troubles cognitifs : c\u2019est la mission de Social-Ability. Notre solution innovante, le Happiness Programme, utilise une lumi\u00e8re interactive projet\u00e9e pour animer des activit\u00e9s apaisantes ou ludiques, sur table, murs, draps d\u2019un lit, au sol ou au plafond.<\/p>\n\n\n\n<p>Mais notre impact ne r\u00e9side pas uniquement dans la technologie. <br>Notre vraie valeur est humaine. Nous accompagnons les \u00e9quipes au quotidien avec un service de formation illimit\u00e9, un suivi personnalis\u00e9, et une logique de partenariat durable. <\/p>\n\n\n\n<p>Le programme valorise les comp\u00e9tences des animateurs, soignants, psychologues, psychomotriciens\u2026 tout en s\u2019int\u00e9grant naturellement dans leur quotidien. 100 % mobile, le dispositif s\u2019adapte \u00e0 l\u2019environnement des r\u00e9sidents et de l\u2019\u00e9tablissement \u2013 Facile \u00e0 utiliser, mobile, cl\u00e9-en-main \u2013 Des b\u00e9n\u00e9fices concrets : stimulation cognitive, physique, relaxation, lien social, engagement des \u00e9quipes \u2013 D\u00e9j\u00e0 adopt\u00e9 par plus de 1000 \u00e9tablissements au Royaume-Uni, Am\u00e9rique du Nord et France Laur\u00e9at 2024 du SilverEco International Award \u2013 \u00ab&nbsp;Lutte contre l\u2019isolement&nbsp;\u00bb<\/p>\n\n\n\n<figure class=\"wp-block-image size-full\"><img loading=\"lazy\" decoding=\"async\" width=\"25\" height=\"25\" src=\"https:\/\/silvereco.org\/doc\/wp-content\/uploads\/2025\/10\/image-87.png\" alt=\"\" class=\"wp-image-45150\"\/><\/figure>\n\n\n\n<p>Creating moments of joy, connection, and wellbeing for people living with cognitive disorders \u2014 that is the mission of Social-Ability. Its innovative solution, the Happiness Programme, uses interactive projected light to create soothing or playful activities on tables, walls, bed sheets, floors, or ceilings.<\/p>\n\n\n\n<p>But its true impact goes beyond technology. Its real value is human. Social-Ability supports care teams daily through unlimited training, personalized follow-up, and long-term partnerships. The program enhances the skills of activity leaders, caregivers, psychologists, and psychomotor therapists while fitting naturally into their routines. Fully mobile and turnkey, the device adapts to residents and care environments, delivering tangible benefits such as cognitive and physical stimulation, relaxation, social connection, and team engagement. Already adopted by more than 1,000 facilities in the UK, North America, and France, Social-Ability received the 2024 SilverEco International Award for \u201cFighting Isolation.\u201d<\/p>\n\n\n\n<p><strong>Mots Clefs :<\/strong><br>Lutte contre l&rsquo;isolement, bien-\u00eatre, Snoezelen, luminoth\u00e9rapie, th\u00e9rapie non m\u00e9dicamenteuse, INM<\/p>\n\n\n\n<p><strong>KeyWords :<\/strong><br>Fighting Isolation, wellbeing, Snoezelen, light therapy, ,non-pharmacological intervention<\/p>\n\n\n\n<p><strong>SilverEco Congr\u00e8s \/ Summits :<\/strong><br>Nursing Home Summit \u2013 le Congr\u00e8s EHPAD, RSS et h\u00e9bergement collectif<br>SilverTech Summit \u2013 le Congr\u00e8s des technologies pour l\u2019autonomie<\/p>\n\n\n\n<p><strong>Contact :<\/strong><br>46 Hollybrook Crescent, Newtownabbey, United Kingdom, BT36 4ZW<br>+33 7 44 90 37 28<br>estelle@socialability.fr<br><a href=\"https:\/\/social-ability.fr\/\">Website<\/a><\/p>\n","protected":false},"excerpt":{"rendered":"<p>Cr\u00e9er des moments de joie, de lien et de bien-\u00eatre pour les personnes vivant avec des troubles cognitifs : c\u2019est la mission de Social-Ability. Notre solution innovante, le Happiness Programme, utilise une lumi\u00e8re interactive projet\u00e9e pour animer des activit\u00e9s apaisantes ou ludiques, sur table, murs, draps d\u2019un lit, au sol ou au plafond. Mais notre [&hellip;]<\/p>\n","protected":false},"author":639,"featured_media":0,"parent":0,"menu_order":0,"comment_status":"closed","ping_status":"closed","template":"","meta":{"site-sidebar-layout":"default","site-content-layout":"","ast-site-content-layout":"default","site-content-style":"default","site-sidebar-style":"default","ast-global-header-display":"","ast-banner-title-visibility":"","ast-main-header-display":"","ast-hfb-above-header-display":"","ast-hfb-below-header-display":"","ast-hfb-mobile-header-display":"","site-post-title":"","ast-breadcrumbs-content":"","ast-featured-img":"","footer-sml-layout":"","ast-disable-related-posts":"","theme-transparent-header-meta":"","adv-header-id-meta":"","stick-header-meta":"","header-above-stick-meta":"","header-main-stick-meta":"","header-below-stick-meta":"","astra-migrate-meta-layouts":"set","ast-page-background-enabled":"default","ast-page-background-meta":{"desktop":{"background-color":"var(--ast-global-color-4)","background-image":"","background-repeat":"repeat","background-position":"center center","background-size":"auto","background-attachment":"scroll","background-type":"","background-media":"","overlay-type":"","overlay-color":"","overlay-opacity":"","overlay-gradient":""},"tablet":{"background-color":"","background-image":"","background-repeat":"repeat","background-position":"center center","background-size":"auto","background-attachment":"scroll","background-type":"","background-media":"","overlay-type":"","overlay-color":"","overlay-opacity":"","overlay-gradient":""},"mobile":{"background-color":"","background-image":"","background-repeat":"repeat","background-position":"center center","background-size":"auto","background-attachment":"scroll","background-type":"","background-media":"","overlay-type":"","overlay-color":"","overlay-opacity":"","overlay-gradient":""}},"ast-content-background-meta":{"desktop":{"background-color":"var(--ast-global-color-5)","background-image":"","background-repeat":"repeat","background-position":"center center","background-size":"auto","background-attachment":"scroll","background-type":"","background-media":"","overlay-type":"","overlay-color":"","overlay-opacity":"","overlay-gradient":""},"tablet":{"background-color":"var(--ast-global-color-5)","background-image":"","background-repeat":"repeat","background-position":"center center","background-size":"auto","background-attachment":"scroll","background-type":"","background-media":"","overlay-type":"","overlay-color":"","overlay-opacity":"","overlay-gradient":""},"mobile":{"background-color":"var(--ast-global-color-5)","background-image":"","background-repeat":"repeat","background-position":"center center","background-size":"auto","background-attachment":"scroll","background-type":"","background-media":"","overlay-type":"","overlay-color":"","overlay-opacity":"","overlay-gradient":""}},"footnotes":""},"class_list":["post-44905","page","type-page","status-publish","hentry"],"_links":{"self":[{"href":"https:\/\/silvereco.org\/doc\/wp-json\/wp\/v2\/pages\/44905","targetHints":{"allow":["GET"]}}],"collection":[{"href":"https:\/\/silvereco.org\/doc\/wp-json\/wp\/v2\/pages"}],"about":[{"href":"https:\/\/silvereco.org\/doc\/wp-json\/wp\/v2\/types\/page"}],"author":[{"embeddable":true,"href":"https:\/\/silvereco.org\/doc\/wp-json\/wp\/v2\/users\/639"}],"replies":[{"embeddable":true,"href":"https:\/\/silvereco.org\/doc\/wp-json\/wp\/v2\/comments?post=44905"}],"version-history":[{"count":5,"href":"https:\/\/silvereco.org\/doc\/wp-json\/wp\/v2\/pages\/44905\/revisions"}],"predecessor-version":[{"id":45776,"href":"https:\/\/silvereco.org\/doc\/wp-json\/wp\/v2\/pages\/44905\/revisions\/45776"}],"wp:attachment":[{"href":"https:\/\/silvereco.org\/doc\/wp-json\/wp\/v2\/media?parent=44905"}],"curies":[{"name":"wp","href":"https:\/\/api.w.org\/{rel}","templated":true}]}}