{"id":44892,"date":"2025-10-11T14:41:19","date_gmt":"2025-10-11T12:41:19","guid":{"rendered":"https:\/\/silvereco.org\/doc\/?page_id=44892"},"modified":"2026-01-22T14:10:45","modified_gmt":"2026-01-22T13:10:45","slug":"la-cnil-a8-hall-a","status":"publish","type":"page","link":"https:\/\/silvereco.org\/doc\/la-cnil-a8-hall-a\/","title":{"rendered":"La CNIL \/ A8 \/ HALL A"},"content":{"rendered":"\n<figure class=\"wp-block-image is-resized\"><img decoding=\"async\" src=\"https:\/\/silvereco.org\/festival\/fr\/wp-content\/medias\/2025\/10\/CNIL-25.png\" alt=\"\" style=\"width:369px;height:auto\"\/><\/figure>\n\n\n\n<h5 class=\"wp-block-heading\"><\/h5>\n\n\n\n<figure class=\"wp-block-image size-full\"><img loading=\"lazy\" decoding=\"async\" width=\"25\" height=\"24\" src=\"https:\/\/silvereco.org\/doc\/wp-content\/uploads\/2025\/10\/image-67.png\" alt=\"\" class=\"wp-image-45110\"\/><\/figure>\n\n\n\n<p>La CNIL assume une activit\u00e9 de conseil et de r\u00e9glementation.<\/p>\n\n\n\n<p>Elle conseille les organismes priv\u00e9s et publics qui souhaitent se mettre en conformit\u00e9 avec le RGPD, notamment dans le secteur de la silver \u00e9conomie. Elle propose des ressources adapt\u00e9es aux acteurs en fonction de leur taille et de leurs besoins. <\/p>\n\n\n\n<p>A ce titre, elle \u00e9labore actuellement des travaux sur la silver \u00e9conomie qui r\u00e9pondront aux interrogations et aux besoins des acteurs. Si vous avez des questions quant \u00e0 votre conformit\u00e9 avec le RGPD ou si vous souhaitez conna\u00eetre les ressources mises \u00e0 votre disposition par la CNIL, vous \u00eates invit\u00e9s \u00e0 nous rejoindre \u00e0 notre stand.<\/p>\n\n\n\n<figure class=\"wp-block-image size-full\"><img loading=\"lazy\" decoding=\"async\" width=\"25\" height=\"25\" src=\"https:\/\/silvereco.org\/doc\/wp-content\/uploads\/2025\/10\/image-86.png\" alt=\"\" class=\"wp-image-45148\"\/><\/figure>\n\n\n\n<p>The CNIL (French Data Protection Authority) carries out both advisory and regulatory missions.<\/p>\n\n\n\n<p>It provides guidance to private and public organizations seeking to comply with the GDPR, including those operating in the Silver Economy sector, and offers resources tailored to the size and needs of each actor.<\/p>\n\n\n\n<p>In this context, the CNIL is currently developing dedicated work on the Silver Economy to address stakeholders\u2019 questions and needs. If you have any inquiries about GDPR compliance or wish to learn more about the available resources, you are invited to visit the CNIL booth.<\/p>\n\n\n\n<p><strong>Mots Clefs :<\/strong><br>RGPD, donn\u00e9es personnelles, innovation, bien-vieillir, professionnels, conseil et r\u00e9glementation<\/p>\n\n\n\n<p><strong>KeyWords :<\/strong><br>GDPR, personal data, innovation, ageing well, professionals, guidance and regulation<\/p>\n\n\n\n<p><strong>SilverEco Congr\u00e8s \/ Summits :<\/strong><br>Nursing Home Summit \u2013 le Congr\u00e8s EHPAD, RSS et h\u00e9bergement collectif<br>SilverTech Summit \u2013 le Congr\u00e8s des technologies pour l\u2019autonomie<br>Healthy Ageing Summit \u2013 le Congr\u00e8s Sant\u00e9 e-Sant\u00e9<\/p>\n\n\n\n<p><strong>Contact :<\/strong><br>3 place de Fontenoy-Unesco 75007 Paris \u2013 France<br>+33 1 53 73 22 22<br><a href=\"https:\/\/www.cnil.fr\/fr\/professionnel\">Website<\/a><\/p>\n","protected":false},"excerpt":{"rendered":"<p>La CNIL assume une activit\u00e9 de conseil et de r\u00e9glementation. Elle conseille les organismes priv\u00e9s et publics qui souhaitent se mettre en conformit\u00e9 avec le RGPD, notamment dans le secteur de la silver \u00e9conomie. Elle propose des ressources adapt\u00e9es aux acteurs en fonction de leur taille et de leurs besoins. A ce titre, elle \u00e9labore [&hellip;]<\/p>\n","protected":false},"author":639,"featured_media":0,"parent":0,"menu_order":0,"comment_status":"closed","ping_status":"closed","template":"","meta":{"site-sidebar-layout":"default","site-content-layout":"","ast-site-content-layout":"default","site-content-style":"default","site-sidebar-style":"default","ast-global-header-display":"","ast-banner-title-visibility":"","ast-main-header-display":"","ast-hfb-above-header-display":"","ast-hfb-below-header-display":"","ast-hfb-mobile-header-display":"","site-post-title":"","ast-breadcrumbs-content":"","ast-featured-img":"","footer-sml-layout":"","ast-disable-related-posts":"","theme-transparent-header-meta":"","adv-header-id-meta":"","stick-header-meta":"","header-above-stick-meta":"","header-main-stick-meta":"","header-below-stick-meta":"","astra-migrate-meta-layouts":"set","ast-page-background-enabled":"default","ast-page-background-meta":{"desktop":{"background-color":"var(--ast-global-color-4)","background-image":"","background-repeat":"repeat","background-position":"center center","background-size":"auto","background-attachment":"scroll","background-type":"","background-media":"","overlay-type":"","overlay-color":"","overlay-opacity":"","overlay-gradient":""},"tablet":{"background-color":"","background-image":"","background-repeat":"repeat","background-position":"center center","background-size":"auto","background-attachment":"scroll","background-type":"","background-media":"","overlay-type":"","overlay-color":"","overlay-opacity":"","overlay-gradient":""},"mobile":{"background-color":"","background-image":"","background-repeat":"repeat","background-position":"center center","background-size":"auto","background-attachment":"scroll","background-type":"","background-media":"","overlay-type":"","overlay-color":"","overlay-opacity":"","overlay-gradient":""}},"ast-content-background-meta":{"desktop":{"background-color":"var(--ast-global-color-5)","background-image":"","background-repeat":"repeat","background-position":"center center","background-size":"auto","background-attachment":"scroll","background-type":"","background-media":"","overlay-type":"","overlay-color":"","overlay-opacity":"","overlay-gradient":""},"tablet":{"background-color":"var(--ast-global-color-5)","background-image":"","background-repeat":"repeat","background-position":"center center","background-size":"auto","background-attachment":"scroll","background-type":"","background-media":"","overlay-type":"","overlay-color":"","overlay-opacity":"","overlay-gradient":""},"mobile":{"background-color":"var(--ast-global-color-5)","background-image":"","background-repeat":"repeat","background-position":"center center","background-size":"auto","background-attachment":"scroll","background-type":"","background-media":"","overlay-type":"","overlay-color":"","overlay-opacity":"","overlay-gradient":""}},"footnotes":""},"class_list":["post-44892","page","type-page","status-publish","hentry"],"_links":{"self":[{"href":"https:\/\/silvereco.org\/doc\/wp-json\/wp\/v2\/pages\/44892","targetHints":{"allow":["GET"]}}],"collection":[{"href":"https:\/\/silvereco.org\/doc\/wp-json\/wp\/v2\/pages"}],"about":[{"href":"https:\/\/silvereco.org\/doc\/wp-json\/wp\/v2\/types\/page"}],"author":[{"embeddable":true,"href":"https:\/\/silvereco.org\/doc\/wp-json\/wp\/v2\/users\/639"}],"replies":[{"embeddable":true,"href":"https:\/\/silvereco.org\/doc\/wp-json\/wp\/v2\/comments?post=44892"}],"version-history":[{"count":4,"href":"https:\/\/silvereco.org\/doc\/wp-json\/wp\/v2\/pages\/44892\/revisions"}],"predecessor-version":[{"id":45628,"href":"https:\/\/silvereco.org\/doc\/wp-json\/wp\/v2\/pages\/44892\/revisions\/45628"}],"wp:attachment":[{"href":"https:\/\/silvereco.org\/doc\/wp-json\/wp\/v2\/media?parent=44892"}],"curies":[{"name":"wp","href":"https:\/\/api.w.org\/{rel}","templated":true}]}}