{"id":44891,"date":"2025-10-11T14:40:06","date_gmt":"2025-10-11T12:40:06","guid":{"rendered":"https:\/\/silvereco.org\/doc\/?page_id=44891"},"modified":"2026-01-22T14:11:09","modified_gmt":"2026-01-22T13:11:09","slug":"universite-europeenne-ulysseus-c12-hallc","status":"publish","type":"page","link":"https:\/\/silvereco.org\/doc\/universite-europeenne-ulysseus-c12-hallc\/","title":{"rendered":"Universit\u00e9 Europ\u00e9enne Ulysseus \/ C12 \/ HALLC"},"content":{"rendered":"\n<figure class=\"wp-block-image size-full is-resized\"><img loading=\"lazy\" decoding=\"async\" width=\"961\" height=\"370\" src=\"https:\/\/silvereco.org\/doc\/wp-content\/uploads\/2025\/10\/image-5.png\" alt=\"\" class=\"wp-image-44902\" style=\"width:410px;height:auto\" srcset=\"https:\/\/silvereco.org\/doc\/wp-content\/uploads\/2025\/10\/image-5.png 961w, https:\/\/silvereco.org\/doc\/wp-content\/uploads\/2025\/10\/image-5-300x116.png 300w, https:\/\/silvereco.org\/doc\/wp-content\/uploads\/2025\/10\/image-5-768x296.png 768w\" sizes=\"auto, (max-width: 961px) 100vw, 961px\" \/><\/figure>\n\n\n\n<h5 class=\"wp-block-heading\"><\/h5>\n\n\n\n<figure class=\"wp-block-image size-full\"><img loading=\"lazy\" decoding=\"async\" width=\"25\" height=\"24\" src=\"https:\/\/silvereco.org\/doc\/wp-content\/uploads\/2025\/10\/image-68.png\" alt=\"\" class=\"wp-image-45114\"\/><\/figure>\n\n\n\n<p>L\u2019Universit\u00e9 europ\u00e9enne Ulysseus, avec ses 8 partenaires \u00e0 travers l\u2019Europe, met l\u2019innovation au service du vieillissement et du bien-\u00eatre gr\u00e2ce \u00e0 son Innovation Hub \u00ab&nbsp;&nbsp;\u00bbAgeing &amp; Well-being&nbsp;\u00bb&nbsp;\u00bb.<\/p>\n\n\n\n<p>Bas\u00e9 \u00e0 l\u2019Universit\u00e9 C\u00f4te d\u2019Azur \u00e0 Nice (France), l\u2019Innovation Hub d\u00e9veloppe des projets de recherche nationaux et europ\u00e9ens sur les th\u00e9matiques li\u00e9es au vieillissement et dispose \u00e9galement d\u2019un programme d\u2019acc\u00e9l\u00e9ration d\u00e9di\u00e9 aux start-ups dans le domaine de la sant\u00e9, du vieillissement et du bien-\u00eatre.&nbsp; <\/p>\n\n\n\n<p>Lors du Festival Silver Eco, des chercheurs Ulysseus participeront \u00e0 des tables rondes d\u00e9di\u00e9es \u00e0 ces th\u00e9matiques, et 5 start-ups laur\u00e9ates de notre programme d\u2019accompagnement (Ellii, Sunwaves, Skribi, Confidences et Nodeus) seront pr\u00e9sentes pour partager leurs solutions innovantes qui transforment le march\u00e9 silver et am\u00e9liorent le quotidien des seniors.<\/p>\n\n\n\n<figure class=\"wp-block-image size-full\"><img loading=\"lazy\" decoding=\"async\" width=\"25\" height=\"25\" src=\"https:\/\/silvereco.org\/doc\/wp-content\/uploads\/2025\/10\/image-85.png\" alt=\"\" class=\"wp-image-45146\"\/><\/figure>\n\n\n\n<p>The Ulysseus European University, with its eight partner institutions across Europe, puts innovation at the service of ageing and wellbeing through its \u201cAgeing &amp; Well-being\u201d Innovation Hub.<\/p>\n\n\n\n<p>Based at Universit\u00e9 C\u00f4te d\u2019Azur in Nice (France), the Hub develops national and European research projects on ageing-related topics and runs an acceleration program dedicated to start-ups in health, ageing, and wellbeing.<\/p>\n\n\n\n<p>At the Silver Economy Festival, Ulysseus researchers will take part in roundtables focused on these themes, while five start-ups from its support program (Ellii, Sunwaves, Skribi, Confidences, and Nodeus) will showcase their innovative solutions that are transforming the silver market and improving seniors\u2019 daily lives.<\/p>\n\n\n\n<p><strong>Mots Clefs :<\/strong><br>Innovation; \u00c9conomie silver; Vieillissement; Bien-\u00eatre; Sant\u00e9.<\/p>\n\n\n\n<p><strong>KeyWords :<\/strong><br>Innovation; Silver economy; Ageing; Wellbeing; Health.<\/p>\n\n\n\n<p><strong>SilverEco Congr\u00e8s \/ Summits :<\/strong><br>Living at Home Summit \u2013 le Congr\u00e8s Bien-vieillir chez soi<br>SilverTech Summit \u2013 le Congr\u00e8s des technologies pour l\u2019autonomie<br>Healthy Ageing Summit \u2013 le Congr\u00e8s Sant\u00e9 e-Sant\u00e9<\/p>\n\n\n\n<p><strong>Contact :<\/strong><br>28 avenue Valrose 06000 Nice \u2013 France<br>hello@ulysseus.eu<br><a href=\"https:\/\/ulysseus.eu\/\">Website<\/a><\/p>\n","protected":false},"excerpt":{"rendered":"<p>L\u2019Universit\u00e9 europ\u00e9enne Ulysseus, avec ses 8 partenaires \u00e0 travers l\u2019Europe, met l\u2019innovation au service du vieillissement et du bien-\u00eatre gr\u00e2ce \u00e0 son Innovation Hub \u00ab&nbsp;&nbsp;\u00bbAgeing &amp; Well-being&nbsp;\u00bb&nbsp;\u00bb. Bas\u00e9 \u00e0 l\u2019Universit\u00e9 C\u00f4te d\u2019Azur \u00e0 Nice (France), l\u2019Innovation Hub d\u00e9veloppe des projets de recherche nationaux et europ\u00e9ens sur les th\u00e9matiques li\u00e9es au vieillissement et dispose \u00e9galement d\u2019un [&hellip;]<\/p>\n","protected":false},"author":639,"featured_media":0,"parent":0,"menu_order":0,"comment_status":"closed","ping_status":"closed","template":"","meta":{"site-sidebar-layout":"default","site-content-layout":"","ast-site-content-layout":"default","site-content-style":"default","site-sidebar-style":"default","ast-global-header-display":"","ast-banner-title-visibility":"","ast-main-header-display":"","ast-hfb-above-header-display":"","ast-hfb-below-header-display":"","ast-hfb-mobile-header-display":"","site-post-title":"","ast-breadcrumbs-content":"","ast-featured-img":"","footer-sml-layout":"","ast-disable-related-posts":"","theme-transparent-header-meta":"","adv-header-id-meta":"","stick-header-meta":"","header-above-stick-meta":"","header-main-stick-meta":"","header-below-stick-meta":"","astra-migrate-meta-layouts":"set","ast-page-background-enabled":"default","ast-page-background-meta":{"desktop":{"background-color":"var(--ast-global-color-4)","background-image":"","background-repeat":"repeat","background-position":"center center","background-size":"auto","background-attachment":"scroll","background-type":"","background-media":"","overlay-type":"","overlay-color":"","overlay-opacity":"","overlay-gradient":""},"tablet":{"background-color":"","background-image":"","background-repeat":"repeat","background-position":"center center","background-size":"auto","background-attachment":"scroll","background-type":"","background-media":"","overlay-type":"","overlay-color":"","overlay-opacity":"","overlay-gradient":""},"mobile":{"background-color":"","background-image":"","background-repeat":"repeat","background-position":"center center","background-size":"auto","background-attachment":"scroll","background-type":"","background-media":"","overlay-type":"","overlay-color":"","overlay-opacity":"","overlay-gradient":""}},"ast-content-background-meta":{"desktop":{"background-color":"var(--ast-global-color-5)","background-image":"","background-repeat":"repeat","background-position":"center center","background-size":"auto","background-attachment":"scroll","background-type":"","background-media":"","overlay-type":"","overlay-color":"","overlay-opacity":"","overlay-gradient":""},"tablet":{"background-color":"var(--ast-global-color-5)","background-image":"","background-repeat":"repeat","background-position":"center center","background-size":"auto","background-attachment":"scroll","background-type":"","background-media":"","overlay-type":"","overlay-color":"","overlay-opacity":"","overlay-gradient":""},"mobile":{"background-color":"var(--ast-global-color-5)","background-image":"","background-repeat":"repeat","background-position":"center center","background-size":"auto","background-attachment":"scroll","background-type":"","background-media":"","overlay-type":"","overlay-color":"","overlay-opacity":"","overlay-gradient":""}},"footnotes":""},"class_list":["post-44891","page","type-page","status-publish","hentry"],"_links":{"self":[{"href":"https:\/\/silvereco.org\/doc\/wp-json\/wp\/v2\/pages\/44891","targetHints":{"allow":["GET"]}}],"collection":[{"href":"https:\/\/silvereco.org\/doc\/wp-json\/wp\/v2\/pages"}],"about":[{"href":"https:\/\/silvereco.org\/doc\/wp-json\/wp\/v2\/types\/page"}],"author":[{"embeddable":true,"href":"https:\/\/silvereco.org\/doc\/wp-json\/wp\/v2\/users\/639"}],"replies":[{"embeddable":true,"href":"https:\/\/silvereco.org\/doc\/wp-json\/wp\/v2\/comments?post=44891"}],"version-history":[{"count":4,"href":"https:\/\/silvereco.org\/doc\/wp-json\/wp\/v2\/pages\/44891\/revisions"}],"predecessor-version":[{"id":45643,"href":"https:\/\/silvereco.org\/doc\/wp-json\/wp\/v2\/pages\/44891\/revisions\/45643"}],"wp:attachment":[{"href":"https:\/\/silvereco.org\/doc\/wp-json\/wp\/v2\/media?parent=44891"}],"curies":[{"name":"wp","href":"https:\/\/api.w.org\/{rel}","templated":true}]}}