{"id":44888,"date":"2025-10-11T14:37:34","date_gmt":"2025-10-11T12:37:34","guid":{"rendered":"https:\/\/silvereco.org\/doc\/?page_id=44888"},"modified":"2026-01-22T14:10:23","modified_gmt":"2026-01-22T13:10:23","slug":"attentive-a27-hall-a","status":"publish","type":"page","link":"https:\/\/silvereco.org\/doc\/attentive-a27-hall-a\/","title":{"rendered":"ATTENTIVE \/ A27 \/ HALL A"},"content":{"rendered":"\n<figure class=\"wp-block-image is-resized\"><img decoding=\"async\" src=\"https:\/\/silvereco.org\/festival\/fr\/wp-content\/medias\/2025\/10\/attentive-25.png\" alt=\"\" style=\"width:380px;height:auto\"\/><\/figure>\n\n\n\n<h5 class=\"wp-block-heading\"><\/h5>\n\n\n\n<figure class=\"wp-block-image size-full\"><img loading=\"lazy\" decoding=\"async\" width=\"25\" height=\"24\" src=\"https:\/\/silvereco.org\/doc\/wp-content\/uploads\/2025\/10\/image-71.png\" alt=\"\" class=\"wp-image-45118\"\/><\/figure>\n\n\n\n<p>ATTENTIVE TeleCare &amp; Care Technologies \u2013 Solutions de T\u00e9l\u00e9assistance connect\u00e9es et innovantes. <\/p>\n\n\n\n<p>Au domicile, en mobilit\u00e9 et en r\u00e9sidences seniors, chacune de nos solutions est con\u00e7ue et d\u00e9velopp\u00e9e pour am\u00e9liorer la qualit\u00e9 de vie des personnes aid\u00e9es, au quotidien. Tout en offrant une s\u00e9curit\u00e9 renforc\u00e9e \u00e0 l\u2019ensemble de leur \u00e9cosyst\u00e8me : aidants professionnels et aidants familiaux, gr\u00e2ce \u00e0 nos technologies connect\u00e9es. <\/p>\n\n\n\n<p>Lors de cette \u00e9dition 2025, d\u00e9couvrez : <br>\u2013 Notre nouveau m\u00e9daillon M4D : la fiabilit\u00e9 de notre m\u00e9daillon M4 et un design personnalisable pour elle comme pour lui. <br>\u2013 Notre nouvelle interface de plateforme, plus intuitive et humaine <br>\u2013 L\u2019application \u00e0 destination des techniciens de t\u00e9l\u00e9assistance Nous vous donnons rendez-vous sur notre stand pour d\u00e9couvrir l\u2019ensemble de nos solutions.<\/p>\n\n\n\n<figure class=\"wp-block-image size-full\"><img loading=\"lazy\" decoding=\"async\" width=\"25\" height=\"25\" src=\"https:\/\/silvereco.org\/doc\/wp-content\/uploads\/2025\/10\/image-82.png\" alt=\"\" class=\"wp-image-45140\"\/><\/figure>\n\n\n\n<p>ATTENTIVE TeleCare &amp; Care Technologies offers innovative connected teleassistance solutions.<\/p>\n\n\n\n<p>Whether at home, on the move, or in senior residences, each solution is designed and developed to enhance the daily quality of life of the people supported while providing greater safety for their entire care ecosystem \u2014 both professional and family caregivers \u2014 through connected technologies.<\/p>\n\n\n\n<p>At the 2025 edition, ATTENTIVE presents:<br>\u2013 The new M4D pendant: combining the reliability of the M4 model with a customizable design for both men and women.<br>\u2013 A new, more intuitive and human-centered platform interface.<br>\u2013 A dedicated mobile app for teleassistance technicians.<\/p>\n\n\n\n<p>Visit their booth to discover the full range of solutions.<\/p>\n\n\n\n<p><strong>Mots Clefs :<\/strong><br>Attentive \u2013 Teleassistance \u2013 Innovation \u2013 IoT<\/p>\n\n\n\n<p><strong>KeyWords :<\/strong><br>TeleCare \u2013 Care \u2013 Innovation \u2013 IoT<\/p>\n\n\n\n<p><strong>SilverEco Congr\u00e8s \/ Summits :<\/strong><br>Living at Home Summit \u2013 le Congr\u00e8s Bien-vieillir chez soi<br>Nursing Home Summit \u2013 le Congr\u00e8s EHPAD, RSS et h\u00e9bergement collectif<\/p>\n\n\n\n<p><strong>Contact :<\/strong><br>5 Rue Georges Besse 34830 CLAPIERS \u2013 France<br>+33 6 89 30 15 03<br>strabuchet@attentive-telecare.com<br><a href=\"https:\/\/www.attentive-telecare.com\/teleassistance\">Website<\/a><\/p>\n","protected":false},"excerpt":{"rendered":"<p>ATTENTIVE TeleCare &amp; Care Technologies \u2013 Solutions de T\u00e9l\u00e9assistance connect\u00e9es et innovantes. Au domicile, en mobilit\u00e9 et en r\u00e9sidences seniors, chacune de nos solutions est con\u00e7ue et d\u00e9velopp\u00e9e pour am\u00e9liorer la qualit\u00e9 de vie des personnes aid\u00e9es, au quotidien. Tout en offrant une s\u00e9curit\u00e9 renforc\u00e9e \u00e0 l\u2019ensemble de leur \u00e9cosyst\u00e8me : aidants professionnels et aidants [&hellip;]<\/p>\n","protected":false},"author":639,"featured_media":0,"parent":0,"menu_order":0,"comment_status":"closed","ping_status":"closed","template":"","meta":{"site-sidebar-layout":"default","site-content-layout":"","ast-site-content-layout":"default","site-content-style":"default","site-sidebar-style":"default","ast-global-header-display":"","ast-banner-title-visibility":"","ast-main-header-display":"","ast-hfb-above-header-display":"","ast-hfb-below-header-display":"","ast-hfb-mobile-header-display":"","site-post-title":"","ast-breadcrumbs-content":"","ast-featured-img":"","footer-sml-layout":"","ast-disable-related-posts":"","theme-transparent-header-meta":"","adv-header-id-meta":"","stick-header-meta":"","header-above-stick-meta":"","header-main-stick-meta":"","header-below-stick-meta":"","astra-migrate-meta-layouts":"set","ast-page-background-enabled":"default","ast-page-background-meta":{"desktop":{"background-color":"var(--ast-global-color-4)","background-image":"","background-repeat":"repeat","background-position":"center center","background-size":"auto","background-attachment":"scroll","background-type":"","background-media":"","overlay-type":"","overlay-color":"","overlay-opacity":"","overlay-gradient":""},"tablet":{"background-color":"","background-image":"","background-repeat":"repeat","background-position":"center center","background-size":"auto","background-attachment":"scroll","background-type":"","background-media":"","overlay-type":"","overlay-color":"","overlay-opacity":"","overlay-gradient":""},"mobile":{"background-color":"","background-image":"","background-repeat":"repeat","background-position":"center center","background-size":"auto","background-attachment":"scroll","background-type":"","background-media":"","overlay-type":"","overlay-color":"","overlay-opacity":"","overlay-gradient":""}},"ast-content-background-meta":{"desktop":{"background-color":"var(--ast-global-color-5)","background-image":"","background-repeat":"repeat","background-position":"center center","background-size":"auto","background-attachment":"scroll","background-type":"","background-media":"","overlay-type":"","overlay-color":"","overlay-opacity":"","overlay-gradient":""},"tablet":{"background-color":"var(--ast-global-color-5)","background-image":"","background-repeat":"repeat","background-position":"center center","background-size":"auto","background-attachment":"scroll","background-type":"","background-media":"","overlay-type":"","overlay-color":"","overlay-opacity":"","overlay-gradient":""},"mobile":{"background-color":"var(--ast-global-color-5)","background-image":"","background-repeat":"repeat","background-position":"center center","background-size":"auto","background-attachment":"scroll","background-type":"","background-media":"","overlay-type":"","overlay-color":"","overlay-opacity":"","overlay-gradient":""}},"footnotes":""},"class_list":["post-44888","page","type-page","status-publish","hentry"],"_links":{"self":[{"href":"https:\/\/silvereco.org\/doc\/wp-json\/wp\/v2\/pages\/44888","targetHints":{"allow":["GET"]}}],"collection":[{"href":"https:\/\/silvereco.org\/doc\/wp-json\/wp\/v2\/pages"}],"about":[{"href":"https:\/\/silvereco.org\/doc\/wp-json\/wp\/v2\/types\/page"}],"author":[{"embeddable":true,"href":"https:\/\/silvereco.org\/doc\/wp-json\/wp\/v2\/users\/639"}],"replies":[{"embeddable":true,"href":"https:\/\/silvereco.org\/doc\/wp-json\/wp\/v2\/comments?post=44888"}],"version-history":[{"count":5,"href":"https:\/\/silvereco.org\/doc\/wp-json\/wp\/v2\/pages\/44888\/revisions"}],"predecessor-version":[{"id":45591,"href":"https:\/\/silvereco.org\/doc\/wp-json\/wp\/v2\/pages\/44888\/revisions\/45591"}],"wp:attachment":[{"href":"https:\/\/silvereco.org\/doc\/wp-json\/wp\/v2\/media?parent=44888"}],"curies":[{"name":"wp","href":"https:\/\/api.w.org\/{rel}","templated":true}]}}