{"id":44887,"date":"2025-10-11T14:36:22","date_gmt":"2025-10-11T12:36:22","guid":{"rendered":"https:\/\/silvereco.org\/doc\/?page_id=44887"},"modified":"2026-01-22T14:10:45","modified_gmt":"2026-01-22T13:10:45","slug":"institut-4-10-b8-hall-b","status":"publish","type":"page","link":"https:\/\/silvereco.org\/doc\/institut-4-10-b8-hall-b\/","title":{"rendered":"INSTITUT 4.10 \/ B8 \/ HALL B"},"content":{"rendered":"\n<figure class=\"wp-block-image is-resized\"><img decoding=\"async\" src=\"https:\/\/silvereco.org\/festival\/fr\/wp-content\/medias\/2025\/10\/institut410-25.png\" alt=\"\" style=\"width:277px;height:auto\"\/><\/figure>\n\n\n\n<h5 class=\"wp-block-heading\"><\/h5>\n\n\n\n<figure class=\"wp-block-image size-full\"><img loading=\"lazy\" decoding=\"async\" width=\"25\" height=\"24\" src=\"https:\/\/silvereco.org\/doc\/wp-content\/uploads\/2025\/10\/image-72.png\" alt=\"\" class=\"wp-image-45119\"\/><\/figure>\n\n\n\n<p>En tant qu\u2019organisme de formation, nous avons construit une offre de formation \u00ab&nbsp;salari\u00e9s proche aidants&nbsp;\u00bb gr\u00e2ce \u00e0 l\u2019expertise de 3 acteurs (OCIRP, Institut4.10 et REVERTO) qui vise \u00e0 sensibiliser les entreprises, les salari\u00e9s et les IRP \u00e0 la r\u00e9alit\u00e9 v\u00e9cue par les salari\u00e9s proches aidants (non-professionnels).<\/p>\n\n\n\n<p>La formation met des images et des mots sur le quotidien souvent m\u00e9connu pour sortir du d\u00e9ni et du tabou qui entourent ces situations. Cette formation dynamique, ancr\u00e9e dans le r\u00e9el, centr\u00e9e sur l\u2019\u00e9volution des pratiques professionnelles, le dialogue social et la n\u00e9gociation collective peuvent aider \u00e0 faire \u00e9voluer le soutien accord\u00e9 \u00e0 ce statut de salari\u00e9s proches aidants. <\/p>\n\n\n\n<p>Cette offre s\u2019appuie sur un court m\u00e9trage en r\u00e9alit\u00e9 virtuelle \u00ab&nbsp;d\u2019un r\u00f4le \u00e0 l\u2019autre : reconna\u00eetre les salari\u00e9s aidants&nbsp;\u00bb qui marque une \u00e9tape importante dans notre volont\u00e9 d\u2019innover en mati\u00e8re de p\u00e9dagogie immersive. Les premiers retours obtenus des stagiaires ayant particip\u00e9s \u00e0 la formation nous encouragent \u00e0 poursuivre dans cette voie. (Taux de satisfaction de 9,5\/10 sur les formations 2025)<\/p>\n\n\n\n<figure class=\"wp-block-image size-full\"><img loading=\"lazy\" decoding=\"async\" width=\"25\" height=\"25\" src=\"https:\/\/silvereco.org\/doc\/wp-content\/uploads\/2025\/10\/image-81.png\" alt=\"\" class=\"wp-image-45138\"\/><\/figure>\n\n\n\n<p>As a training organization, we have developed a \u201cworking family caregivers\u201d training program through the combined expertise of three partners \u2014 OCIRP, Institut 4.10, and REVERTO. This program aims to raise awareness among companies, employees, and employee representatives about the realities faced by non-professional caregivers in the workplace.<\/p>\n\n\n\n<p>The training gives words and images to a daily reality that is often misunderstood, helping to break denial and taboos surrounding these situations. Dynamic, grounded in real-life experience, and focused on evolving professional practices, social dialogue, and collective negotiation, it helps improve how organizations support employees with caregiving responsibilities. The program is built around a virtual reality short film, \u201cFrom One Role to Another: Recognizing Working Caregivers,\u201d marking a significant step in immersive learning innovation. Feedback from participants has been highly positive, with a satisfaction rate of 9.5\/10 for the 2025 sessions.<\/p>\n\n\n\n<p><strong>Mots Clefs :<\/strong><br>organisme de formation, r\u00e9alit\u00e9 immersive, protection sociale, aidants, formation, casques<\/p>\n\n\n\n<p><strong>KeyWords :<\/strong><br>training organization, immersive reality, social protection, caregivers, training, headsets<\/p>\n\n\n\n<p><strong>SilverEco Congr\u00e8s \/ Summits :<\/strong><br>Yes We Care Summit \u2013 le Congr\u00e8s de l\u2019aide aux aidants<\/p>\n\n\n\n<p><strong>Contact :<\/strong><br>17-19 place de l\u2019Argonne, 75019 PARIS \u2013 France<br>+33 6 77 88 62 11<br>direction@institutquatredix.fr<br><a href=\"https:\/\/institutquatredix.fr\/\">Website<\/a><\/p>\n","protected":false},"excerpt":{"rendered":"<p>En tant qu\u2019organisme de formation, nous avons construit une offre de formation \u00ab&nbsp;salari\u00e9s proche aidants&nbsp;\u00bb gr\u00e2ce \u00e0 l\u2019expertise de 3 acteurs (OCIRP, Institut4.10 et REVERTO) qui vise \u00e0 sensibiliser les entreprises, les salari\u00e9s et les IRP \u00e0 la r\u00e9alit\u00e9 v\u00e9cue par les salari\u00e9s proches aidants (non-professionnels). La formation met des images et des mots sur [&hellip;]<\/p>\n","protected":false},"author":639,"featured_media":0,"parent":0,"menu_order":0,"comment_status":"closed","ping_status":"closed","template":"","meta":{"site-sidebar-layout":"default","site-content-layout":"","ast-site-content-layout":"default","site-content-style":"default","site-sidebar-style":"default","ast-global-header-display":"","ast-banner-title-visibility":"","ast-main-header-display":"","ast-hfb-above-header-display":"","ast-hfb-below-header-display":"","ast-hfb-mobile-header-display":"","site-post-title":"","ast-breadcrumbs-content":"","ast-featured-img":"","footer-sml-layout":"","ast-disable-related-posts":"","theme-transparent-header-meta":"","adv-header-id-meta":"","stick-header-meta":"","header-above-stick-meta":"","header-main-stick-meta":"","header-below-stick-meta":"","astra-migrate-meta-layouts":"set","ast-page-background-enabled":"default","ast-page-background-meta":{"desktop":{"background-color":"var(--ast-global-color-4)","background-image":"","background-repeat":"repeat","background-position":"center center","background-size":"auto","background-attachment":"scroll","background-type":"","background-media":"","overlay-type":"","overlay-color":"","overlay-opacity":"","overlay-gradient":""},"tablet":{"background-color":"","background-image":"","background-repeat":"repeat","background-position":"center center","background-size":"auto","background-attachment":"scroll","background-type":"","background-media":"","overlay-type":"","overlay-color":"","overlay-opacity":"","overlay-gradient":""},"mobile":{"background-color":"","background-image":"","background-repeat":"repeat","background-position":"center center","background-size":"auto","background-attachment":"scroll","background-type":"","background-media":"","overlay-type":"","overlay-color":"","overlay-opacity":"","overlay-gradient":""}},"ast-content-background-meta":{"desktop":{"background-color":"var(--ast-global-color-5)","background-image":"","background-repeat":"repeat","background-position":"center center","background-size":"auto","background-attachment":"scroll","background-type":"","background-media":"","overlay-type":"","overlay-color":"","overlay-opacity":"","overlay-gradient":""},"tablet":{"background-color":"var(--ast-global-color-5)","background-image":"","background-repeat":"repeat","background-position":"center center","background-size":"auto","background-attachment":"scroll","background-type":"","background-media":"","overlay-type":"","overlay-color":"","overlay-opacity":"","overlay-gradient":""},"mobile":{"background-color":"var(--ast-global-color-5)","background-image":"","background-repeat":"repeat","background-position":"center center","background-size":"auto","background-attachment":"scroll","background-type":"","background-media":"","overlay-type":"","overlay-color":"","overlay-opacity":"","overlay-gradient":""}},"footnotes":""},"class_list":["post-44887","page","type-page","status-publish","hentry"],"_links":{"self":[{"href":"https:\/\/silvereco.org\/doc\/wp-json\/wp\/v2\/pages\/44887","targetHints":{"allow":["GET"]}}],"collection":[{"href":"https:\/\/silvereco.org\/doc\/wp-json\/wp\/v2\/pages"}],"about":[{"href":"https:\/\/silvereco.org\/doc\/wp-json\/wp\/v2\/types\/page"}],"author":[{"embeddable":true,"href":"https:\/\/silvereco.org\/doc\/wp-json\/wp\/v2\/users\/639"}],"replies":[{"embeddable":true,"href":"https:\/\/silvereco.org\/doc\/wp-json\/wp\/v2\/comments?post=44887"}],"version-history":[{"count":4,"href":"https:\/\/silvereco.org\/doc\/wp-json\/wp\/v2\/pages\/44887\/revisions"}],"predecessor-version":[{"id":45631,"href":"https:\/\/silvereco.org\/doc\/wp-json\/wp\/v2\/pages\/44887\/revisions\/45631"}],"wp:attachment":[{"href":"https:\/\/silvereco.org\/doc\/wp-json\/wp\/v2\/media?parent=44887"}],"curies":[{"name":"wp","href":"https:\/\/api.w.org\/{rel}","templated":true}]}}