{"id":44885,"date":"2025-10-11T14:35:17","date_gmt":"2025-10-11T12:35:17","guid":{"rendered":"https:\/\/silvereco.org\/doc\/?page_id=44885"},"modified":"2026-01-22T14:10:45","modified_gmt":"2026-01-22T13:10:45","slug":"le-gerontopole-porte-par-le-centre-collegial-dexpertise-en-gerontologie-h34-hall-a","status":"publish","type":"page","link":"https:\/\/silvereco.org\/doc\/le-gerontopole-porte-par-le-centre-collegial-dexpertise-en-gerontologie-h34-hall-a\/","title":{"rendered":"Le G\u00e9rontop\u00f4le port\u00e9 par le Centre coll\u00e9gial d\u2019expertise en g\u00e9rontologie \/ H34 \/ HALL A"},"content":{"rendered":"\n<figure class=\"wp-block-image size-full is-resized\"><img loading=\"lazy\" decoding=\"async\" width=\"350\" height=\"200\" src=\"https:\/\/silvereco.org\/doc\/wp-content\/uploads\/2025\/10\/image-4.png\" alt=\"\" class=\"wp-image-44895\" style=\"width:296px;height:auto\" srcset=\"https:\/\/silvereco.org\/doc\/wp-content\/uploads\/2025\/10\/image-4.png 350w, https:\/\/silvereco.org\/doc\/wp-content\/uploads\/2025\/10\/image-4-300x171.png 300w\" sizes=\"auto, (max-width: 350px) 100vw, 350px\" \/><\/figure>\n\n\n\n<figure class=\"wp-block-image is-resized\"><img decoding=\"async\" src=\"https:\/\/silvereco.org\/festival\/fr\/wp-content\/medias\/2025\/10\/gerontopolequebec-25.png\" alt=\"\" style=\"width:466px;height:auto\"\/><\/figure>\n\n\n\n<h5 class=\"wp-block-heading\"><\/h5>\n\n\n\n<figure class=\"wp-block-image size-full\"><img loading=\"lazy\" decoding=\"async\" width=\"25\" height=\"24\" src=\"https:\/\/silvereco.org\/doc\/wp-content\/uploads\/2025\/10\/image-74.png\" alt=\"\" class=\"wp-image-45121\"\/><\/figure>\n\n\n\n<p>Le G\u00e9rontop\u00f4le port\u00e9 par le Centre coll\u00e9gial d\u2019expertise en g\u00e9rontologie (CCEG) du C\u00e9gep de Drummondville, constitue le tout premier en sol qu\u00e9b\u00e9cois.<\/p>\n\n\n\n<p>Cr\u00e9\u00e9 avec l\u2019appui de la Ville de Drummondville, Drummond \u00c9conomique et la Municipalit\u00e9 r\u00e9gionale de comt\u00e9 de Drummond, il s\u2019appuie sur l\u2019expertise du CCEG, un centre de recherche d\u00e9di\u00e9 \u00e0 la r\u00e9alisation de projets de recherche-action, d\u2019accompagnements sp\u00e9cialis\u00e9s et d\u2019offres de formation en partenariat avec des organisations offrant des services aux personnes a\u00een\u00e9es. <\/p>\n\n\n\n<p>Fort de cette base acad\u00e9mique et scientifique, Le G\u00e9rontop\u00f4le port\u00e9 par le CCEG vise \u00e0 stimuler la collaboration entre les milieux de la recherche, les organisations priv\u00e9es, publiques, sans but lucratif et gouvernementales, afin de co-construire des innovations sociales et technologiques permettant d\u2019am\u00e9liorer la sant\u00e9 physique et psychologique, l\u2019autonomie, le pouvoir d\u2019agir, l\u2019inclusion et la participation sociale des personnes a\u00een\u00e9es. <\/p>\n\n\n\n<p>Les initiatives ax\u00e9es sur l\u2019inclusion num\u00e9rique des personnes a\u00een\u00e9es et la collaboration interg\u00e9n\u00e9rationnelle, notamment en milieu de travail figurent parmi les priorit\u00e9s strat\u00e9giques. Les services du G\u00e9rontop\u00f4le port\u00e9 par le CCEG comprennent des activit\u00e9s de sensibilisation, du d\u00e9veloppement de partenariats, d\u2019accompagnement des organisations et des activit\u00e9s de transfert de connaissances.<\/p>\n\n\n\n<figure class=\"wp-block-image size-full\"><img loading=\"lazy\" decoding=\"async\" width=\"25\" height=\"25\" src=\"https:\/\/silvereco.org\/doc\/wp-content\/uploads\/2025\/10\/image-79.png\" alt=\"\" class=\"wp-image-45134\"\/><\/figure>\n\n\n\n<p>The G\u00e9rontop\u00f4le led by the Centre coll\u00e9gial d\u2019expertise en g\u00e9rontologie (CCEG) at C\u00e9gep de Drummondville is the very first of its kind in Quebec.<\/p>\n\n\n\n<p>Created with the support of the City of Drummondville, Drummond \u00c9conomique, and the Regional County Municipality of Drummond, it builds on the expertise of the CCEG \u2014 a research center dedicated to action research projects, specialized support, and training programs developed in partnership with organizations serving older adults.<\/p>\n\n\n\n<p>Grounded in this academic and scientific foundation, the G\u00e9rontop\u00f4le aims to foster collaboration among research institutions, private and public organizations, nonprofits, and government bodies to co-develop social and technological innovations that enhance physical and psychological health, autonomy, empowerment, inclusion, and social participation among seniors. Its strategic priorities include promoting digital inclusion for older adults and intergenerational collaboration, particularly in workplace contexts. The G\u00e9rontop\u00f4le\u2019s services include awareness-raising activities, partnership development, organizational support, and knowledge transfer initiatives.<\/p>\n\n\n\n<p><strong>Mots Clefs :<\/strong><br>G\u00e9rontop\u00f4le, Qu\u00e9bec, Canada, Recherche-action, Partenariat, Sensibilisation, Accompagnement, Transfert des connaissances<\/p>\n\n\n\n<p><strong>KeyWords :<\/strong><br>Gerontology Center, Quebec, Canada, Action research, Partnership, Awareness, Support, Knowledge transfer<\/p>\n\n\n\n<p><strong>SilverEco Congr\u00e8s \/ Summits :<\/strong><br>Living at Home Summit \u2013 le Congr\u00e8s Bien-vieillir chez soi<br>Nursing Home Summit \u2013 le Congr\u00e8s EHPAD, RSS et h\u00e9bergement collectif<br>SilverTech Summit \u2013 le Congr\u00e8s des technologies pour l\u2019autonomie<\/p>\n\n\n\n<p><strong>Contact :<\/strong><br>306 rue Lindsay, Drummondville, J2B 1G5, Canada<br>info.legerontopole@cegepdrummond.ca<br><a href=\"https:\/\/cceg.cegepdrummond.ca\/\">Website<\/a><\/p>\n","protected":false},"excerpt":{"rendered":"<p>Le G\u00e9rontop\u00f4le port\u00e9 par le Centre coll\u00e9gial d\u2019expertise en g\u00e9rontologie (CCEG) du C\u00e9gep de Drummondville, constitue le tout premier en sol qu\u00e9b\u00e9cois. Cr\u00e9\u00e9 avec l\u2019appui de la Ville de Drummondville, Drummond \u00c9conomique et la Municipalit\u00e9 r\u00e9gionale de comt\u00e9 de Drummond, il s\u2019appuie sur l\u2019expertise du CCEG, un centre de recherche d\u00e9di\u00e9 \u00e0 la r\u00e9alisation de [&hellip;]<\/p>\n","protected":false},"author":639,"featured_media":0,"parent":0,"menu_order":0,"comment_status":"closed","ping_status":"closed","template":"","meta":{"site-sidebar-layout":"default","site-content-layout":"","ast-site-content-layout":"default","site-content-style":"default","site-sidebar-style":"default","ast-global-header-display":"","ast-banner-title-visibility":"","ast-main-header-display":"","ast-hfb-above-header-display":"","ast-hfb-below-header-display":"","ast-hfb-mobile-header-display":"","site-post-title":"","ast-breadcrumbs-content":"","ast-featured-img":"","footer-sml-layout":"","ast-disable-related-posts":"","theme-transparent-header-meta":"","adv-header-id-meta":"","stick-header-meta":"","header-above-stick-meta":"","header-main-stick-meta":"","header-below-stick-meta":"","astra-migrate-meta-layouts":"set","ast-page-background-enabled":"default","ast-page-background-meta":{"desktop":{"background-color":"var(--ast-global-color-4)","background-image":"","background-repeat":"repeat","background-position":"center center","background-size":"auto","background-attachment":"scroll","background-type":"","background-media":"","overlay-type":"","overlay-color":"","overlay-opacity":"","overlay-gradient":""},"tablet":{"background-color":"","background-image":"","background-repeat":"repeat","background-position":"center center","background-size":"auto","background-attachment":"scroll","background-type":"","background-media":"","overlay-type":"","overlay-color":"","overlay-opacity":"","overlay-gradient":""},"mobile":{"background-color":"","background-image":"","background-repeat":"repeat","background-position":"center center","background-size":"auto","background-attachment":"scroll","background-type":"","background-media":"","overlay-type":"","overlay-color":"","overlay-opacity":"","overlay-gradient":""}},"ast-content-background-meta":{"desktop":{"background-color":"var(--ast-global-color-5)","background-image":"","background-repeat":"repeat","background-position":"center center","background-size":"auto","background-attachment":"scroll","background-type":"","background-media":"","overlay-type":"","overlay-color":"","overlay-opacity":"","overlay-gradient":""},"tablet":{"background-color":"var(--ast-global-color-5)","background-image":"","background-repeat":"repeat","background-position":"center center","background-size":"auto","background-attachment":"scroll","background-type":"","background-media":"","overlay-type":"","overlay-color":"","overlay-opacity":"","overlay-gradient":""},"mobile":{"background-color":"var(--ast-global-color-5)","background-image":"","background-repeat":"repeat","background-position":"center center","background-size":"auto","background-attachment":"scroll","background-type":"","background-media":"","overlay-type":"","overlay-color":"","overlay-opacity":"","overlay-gradient":""}},"footnotes":""},"class_list":["post-44885","page","type-page","status-publish","hentry"],"_links":{"self":[{"href":"https:\/\/silvereco.org\/doc\/wp-json\/wp\/v2\/pages\/44885","targetHints":{"allow":["GET"]}}],"collection":[{"href":"https:\/\/silvereco.org\/doc\/wp-json\/wp\/v2\/pages"}],"about":[{"href":"https:\/\/silvereco.org\/doc\/wp-json\/wp\/v2\/types\/page"}],"author":[{"embeddable":true,"href":"https:\/\/silvereco.org\/doc\/wp-json\/wp\/v2\/users\/639"}],"replies":[{"embeddable":true,"href":"https:\/\/silvereco.org\/doc\/wp-json\/wp\/v2\/comments?post=44885"}],"version-history":[{"count":4,"href":"https:\/\/silvereco.org\/doc\/wp-json\/wp\/v2\/pages\/44885\/revisions"}],"predecessor-version":[{"id":45625,"href":"https:\/\/silvereco.org\/doc\/wp-json\/wp\/v2\/pages\/44885\/revisions\/45625"}],"wp:attachment":[{"href":"https:\/\/silvereco.org\/doc\/wp-json\/wp\/v2\/media?parent=44885"}],"curies":[{"name":"wp","href":"https:\/\/api.w.org\/{rel}","templated":true}]}}