{"id":44884,"date":"2025-10-11T14:33:02","date_gmt":"2025-10-11T12:33:02","guid":{"rendered":"https:\/\/silvereco.org\/doc\/?page_id=44884"},"modified":"2026-01-22T14:10:24","modified_gmt":"2026-01-22T13:10:24","slug":"gerondif-le-gerontopole-dile-de-france-h35-hall-a","status":"publish","type":"page","link":"https:\/\/silvereco.org\/doc\/gerondif-le-gerontopole-dile-de-france-h35-hall-a\/","title":{"rendered":"G\u00e9rond\u2019if, le g\u00e9rontop\u00f4le d\u2019Ile-de-France \/ H35 \/ HALL A"},"content":{"rendered":"\n<figure class=\"wp-block-image is-resized\"><img decoding=\"async\" src=\"https:\/\/silvereco.org\/festival\/fr\/wp-content\/medias\/2025\/10\/gerondif-25.png\" alt=\"\" style=\"width:445px;height:auto\"\/><\/figure>\n\n\n\n<h5 class=\"wp-block-heading\"><\/h5>\n\n\n\n<figure class=\"wp-block-image size-full\"><img loading=\"lazy\" decoding=\"async\" width=\"25\" height=\"24\" src=\"https:\/\/silvereco.org\/doc\/wp-content\/uploads\/2025\/10\/image-75.png\" alt=\"\" class=\"wp-image-45122\"\/><\/figure>\n\n\n\n<p>Cr\u00e9\u00e9 en 2016, G\u00e9rond\u2019if, association \u00e0 but non lucratif, reconnue d\u2019utilit\u00e9 publique, est le g\u00e9rontop\u00f4le d\u2019Ile-de-France.<\/p>\n\n\n\n<p>Acteur engag\u00e9 de la r\u00e9flexion et de l\u2019action sur le vivre bien et longtemps, il rassemble chercheurs, professionnels de sant\u00e9, institutions, entreprises et associations autour d\u2019un objectif commun : mieux comprendre, accompagner et anticiper les effets du vieillissement. <\/p>\n\n\n\n<p>Pour relever ce d\u00e9fi, G\u00e9rond\u2019if s\u2019appuie sur quatre piliers compl\u00e9mentaires : <br>&#8211; Faire avancer la recherche dans toutes les dimensions du vieillissement, biologiques, cognitives, psychologiques, sociales ou soci\u00e9tales <br>&#8211; Former les professionnels de demain, gr\u00e2ce \u00e0 des programmes de qualit\u00e9, certifi\u00e9s Qualiopi, ancr\u00e9s dans la r\u00e9alit\u00e9 du terrain <br>&#8211; Mener des actions de pr\u00e9vention, en promouvant des approches globales pour favoriser l\u2019autonomie et la qualit\u00e9 de vie \u00e0 tous les \u00e2ges <br>&#8211; Identifier et \u00e9valuer des innovations technologiques et organisationnelles pertinentes, afin d\u2019am\u00e9liorer concr\u00e8tement la qualit\u00e9 de vie des personnes \u00e2g\u00e9es, de leurs aidants ainsi que des professionnels mobilis\u00e9s \u00e0 leurs c\u00f4t\u00e9s. <\/p>\n\n\n\n<p>Gr\u00e2ce \u00e0 une approche interdisciplinaire et collaborative, G\u00e9rond\u2019if initie, pilote et soutient des projets d\u2019envergure au service d\u2019une avanc\u00e9e en \u00e2ge en bonne sant\u00e9, en autonomie et en lien avec la soci\u00e9t\u00e9.<\/p>\n\n\n\n<figure class=\"wp-block-image size-full\"><img loading=\"lazy\" decoding=\"async\" width=\"25\" height=\"25\" src=\"https:\/\/silvereco.org\/doc\/wp-content\/uploads\/2025\/10\/image-78.png\" alt=\"\" class=\"wp-image-45127\"\/><\/figure>\n\n\n\n<p>Created in 2016, G\u00e9rond\u2019if is a non-profit association recognized as being of public interest and serves as the G\u00e9rontop\u00f4le of the \u00cele-de-France region.<\/p>\n\n\n\n<p>A committed player in research and action for ageing well, it brings together researchers, healthcare professionals, institutions, companies, and associations around a shared goal: to better understand, support, and anticipate the effects of ageing. G\u00e9rond\u2019if\u2019s work is structured around four complementary pillars: advancing research across all dimensions of ageing (biological, cognitive, psychological, social, and societal); training future professionals through high-quality, Qualiopi-certified programs grounded in real-world practice; leading prevention initiatives to promote autonomy and quality of life at all ages; and identifying and evaluating relevant technological and organizational innovations to improve daily life for older adults, caregivers, and professionals. Through an interdisciplinary and collaborative approach, G\u00e9rond\u2019if initiates, leads, and supports large-scale projects dedicated to advancing healthy and fulfilling ageing.<\/p>\n\n\n\n<p><strong>Mots Clefs :<\/strong><br>Recherche &amp; innovation &#8211; \u00c9valuation &#8211; Formation &amp; comp\u00e9tences &#8211; Ethique &#8211; Pr\u00e9vention &#8211; Bien-vieillir &#8211; Expertise scientifique &#8211; Vieillissement &#8211; Autonomie &#8211; G\u00e9rontechnologies &#8211; Silver \u00e9conomie<\/p>\n\n\n\n<p><strong>KeyWords :<\/strong><br>Research &amp; Innovation \u2013 Evaluation \u2013 Training &amp; Skills \u2013 Ethics \u2013 Prevention \u2013 Ageing Well \u2013 Scientific Expertise \u2013 Ageing \u2013 Autonomy \u2013 Gerontechnologies \u2013 Silver Economy<\/p>\n\n\n\n<p><strong>SilverEco Congr\u00e8s \/ Summits :<\/strong><br>Living at Home Summit \u2013 le Congr\u00e8s Bien-vieillir chez soi<br>SilverTech Summit \u2013 le Congr\u00e8s des technologies pour l\u2019autonomie<br>Healthy Ageing Summit \u2013 le Congr\u00e8s Sant\u00e9 e-Sant\u00e9<\/p>\n\n\n\n<p><strong>Contact :<\/strong><br>33 rue du Fer \u00e0 Moulin, 75 005 PARIS France<br>+33 1 85 78 10 10<br>contact@gerondif.org<br><a href=\"https:\/\/www.gerondif.org\/\">Website<\/a><\/p>\n","protected":false},"excerpt":{"rendered":"<p>Cr\u00e9\u00e9 en 2016, G\u00e9rond\u2019if, association \u00e0 but non lucratif, reconnue d\u2019utilit\u00e9 publique, est le g\u00e9rontop\u00f4le d\u2019Ile-de-France. Acteur engag\u00e9 de la r\u00e9flexion et de l\u2019action sur le vivre bien et longtemps, il rassemble chercheurs, professionnels de sant\u00e9, institutions, entreprises et associations autour d\u2019un objectif commun : mieux comprendre, accompagner et anticiper les effets du vieillissement. Pour [&hellip;]<\/p>\n","protected":false},"author":639,"featured_media":0,"parent":0,"menu_order":0,"comment_status":"closed","ping_status":"closed","template":"","meta":{"site-sidebar-layout":"default","site-content-layout":"","ast-site-content-layout":"default","site-content-style":"default","site-sidebar-style":"default","ast-global-header-display":"","ast-banner-title-visibility":"","ast-main-header-display":"","ast-hfb-above-header-display":"","ast-hfb-below-header-display":"","ast-hfb-mobile-header-display":"","site-post-title":"","ast-breadcrumbs-content":"","ast-featured-img":"","footer-sml-layout":"","ast-disable-related-posts":"","theme-transparent-header-meta":"","adv-header-id-meta":"","stick-header-meta":"","header-above-stick-meta":"","header-main-stick-meta":"","header-below-stick-meta":"","astra-migrate-meta-layouts":"set","ast-page-background-enabled":"default","ast-page-background-meta":{"desktop":{"background-color":"var(--ast-global-color-4)","background-image":"","background-repeat":"repeat","background-position":"center center","background-size":"auto","background-attachment":"scroll","background-type":"","background-media":"","overlay-type":"","overlay-color":"","overlay-opacity":"","overlay-gradient":""},"tablet":{"background-color":"","background-image":"","background-repeat":"repeat","background-position":"center center","background-size":"auto","background-attachment":"scroll","background-type":"","background-media":"","overlay-type":"","overlay-color":"","overlay-opacity":"","overlay-gradient":""},"mobile":{"background-color":"","background-image":"","background-repeat":"repeat","background-position":"center center","background-size":"auto","background-attachment":"scroll","background-type":"","background-media":"","overlay-type":"","overlay-color":"","overlay-opacity":"","overlay-gradient":""}},"ast-content-background-meta":{"desktop":{"background-color":"var(--ast-global-color-5)","background-image":"","background-repeat":"repeat","background-position":"center center","background-size":"auto","background-attachment":"scroll","background-type":"","background-media":"","overlay-type":"","overlay-color":"","overlay-opacity":"","overlay-gradient":""},"tablet":{"background-color":"var(--ast-global-color-5)","background-image":"","background-repeat":"repeat","background-position":"center center","background-size":"auto","background-attachment":"scroll","background-type":"","background-media":"","overlay-type":"","overlay-color":"","overlay-opacity":"","overlay-gradient":""},"mobile":{"background-color":"var(--ast-global-color-5)","background-image":"","background-repeat":"repeat","background-position":"center center","background-size":"auto","background-attachment":"scroll","background-type":"","background-media":"","overlay-type":"","overlay-color":"","overlay-opacity":"","overlay-gradient":""}},"footnotes":""},"class_list":["post-44884","page","type-page","status-publish","hentry"],"_links":{"self":[{"href":"https:\/\/silvereco.org\/doc\/wp-json\/wp\/v2\/pages\/44884","targetHints":{"allow":["GET"]}}],"collection":[{"href":"https:\/\/silvereco.org\/doc\/wp-json\/wp\/v2\/pages"}],"about":[{"href":"https:\/\/silvereco.org\/doc\/wp-json\/wp\/v2\/types\/page"}],"author":[{"embeddable":true,"href":"https:\/\/silvereco.org\/doc\/wp-json\/wp\/v2\/users\/639"}],"replies":[{"embeddable":true,"href":"https:\/\/silvereco.org\/doc\/wp-json\/wp\/v2\/comments?post=44884"}],"version-history":[{"count":4,"href":"https:\/\/silvereco.org\/doc\/wp-json\/wp\/v2\/pages\/44884\/revisions"}],"predecessor-version":[{"id":45599,"href":"https:\/\/silvereco.org\/doc\/wp-json\/wp\/v2\/pages\/44884\/revisions\/45599"}],"wp:attachment":[{"href":"https:\/\/silvereco.org\/doc\/wp-json\/wp\/v2\/media?parent=44884"}],"curies":[{"name":"wp","href":"https:\/\/api.w.org\/{rel}","templated":true}]}}