{"id":44868,"date":"2025-10-11T14:28:33","date_gmt":"2025-10-11T12:28:33","guid":{"rendered":"https:\/\/silvereco.org\/doc\/?page_id=44868"},"modified":"2026-01-22T14:10:45","modified_gmt":"2026-01-22T13:10:45","slug":"hub-colab-for-silver-a35-hall-a","status":"publish","type":"page","link":"https:\/\/silvereco.org\/doc\/hub-colab-for-silver-a35-hall-a\/","title":{"rendered":"Hub CoLab for Silver \/ A35 \/ HALL A"},"content":{"rendered":"\n<figure class=\"wp-block-image is-resized\"><img decoding=\"async\" src=\"https:\/\/silvereco.org\/festival\/fr\/wp-content\/medias\/2025\/10\/hubcolab-25.png\" alt=\"\" style=\"width:418px;height:auto\"\/><\/figure>\n\n\n\n<h5 class=\"wp-block-heading\"><\/h5>\n\n\n\n<figure class=\"wp-block-image size-full\"><img loading=\"lazy\" decoding=\"async\" width=\"25\" height=\"24\" src=\"https:\/\/silvereco.org\/doc\/wp-content\/uploads\/2025\/10\/image-96.png\" alt=\"\" class=\"wp-image-45168\"\/><\/figure>\n\n\n\n<p>Fond\u00e9 en 2022 \u00e0l\u2019initiative du CEA, de la Macif et de la Fondation Toyota Mobilit\u00e9, le Hub CoLab for Silver f\u00e9d\u00e8re diff\u00e9rents acteurs, ressources et expertises pour favoriser le d\u00e9veloppement d\u2019id\u00e9es et de projets innovants.<\/p>\n\n\n\n<p>L\u2019\u00e9cosyst\u00e8me du Hub se nourrit des comp\u00e9tences multisectorielles des partenaires et du terrain pour alimenter les r\u00e9flexions, imaginer et construire ensemble des concepts. Il s\u2019appuie sur un r\u00e9seau de territoires locaux pour exp\u00e9rimenter et mettre en \u0153uvre ces solutions en fonction de leurs besoins. <\/p>\n\n\n\n<p>Cette strat\u00e9gie vise \u00e0 d\u00e9finir, par l\u2019exp\u00e9rimentation et la preuve de concept, les conditions optimales de d\u00e9ploiement de solutions technologiques \u00e0 forte valeur ajout\u00e9e pour mieux vivre et mieux vieillir.<\/p>\n\n\n\n<figure class=\"wp-block-image size-full\"><img loading=\"lazy\" decoding=\"async\" width=\"25\" height=\"25\" src=\"https:\/\/silvereco.org\/doc\/wp-content\/uploads\/2025\/10\/image-117.png\" alt=\"\" class=\"wp-image-45210\"\/><\/figure>\n\n\n\n<p>Founded in 2022 by CEA, Macif, and the Toyota Mobility Foundation, the Hub CoLab for Silver brings together various stakeholders, resources, and expertise to foster the development of innovative ideas and projects.<\/p>\n\n\n\n<p>The Hub\u2019s ecosystem draws on the multisectoral skills of its partners and field experience to inspire reflection, co-create concepts, and design practical solutions. Supported by a network of local territories, it tests and implements these innovations according to real needs. This approach aims to define, through experimentation and proof of concept, the optimal conditions for deploying high-value technological solutions that promote better living and ageing well.<\/p>\n\n\n\n<p><strong>Mots Clefs :<\/strong><br>usages, innovations, technologies, d\u00e9ploiement<\/p>\n\n\n\n<p><strong>KeyWords :<\/strong><br>uses, innovations, technologies, deployment<\/p>\n\n\n\n<p><strong>SilverEco Congr\u00e8s \/ Summits :<\/strong><br>Living at Home Summit \u2013 le Congr\u00e8s Bien-vieillir chez soi<br>SilverTech Summit \u2013 le Congr\u00e8s des technologies pour l\u2019autonomie<br>Healthy Ageing Summit \u2013 le Congr\u00e8s Sant\u00e9 e-Sant\u00e9<\/p>\n\n\n\n<p><strong>Contact :<\/strong><br>CEA DSud \u2013 B\u00e2timent Connexio 9 avenue Valery Giscard D\u2019Estaing CS 71157 06203 NICE CEDEX 3 \u2013 France<br>+33 7 67 07 11 17<br>marjorie.nanteuil@cea.fr<br><a href=\"https:\/\/colabforsilver.fr\/\">Website<\/a><\/p>\n","protected":false},"excerpt":{"rendered":"<p>Fond\u00e9 en 2022 \u00e0l\u2019initiative du CEA, de la Macif et de la Fondation Toyota Mobilit\u00e9, le Hub CoLab for Silver f\u00e9d\u00e8re diff\u00e9rents acteurs, ressources et expertises pour favoriser le d\u00e9veloppement d\u2019id\u00e9es et de projets innovants. L\u2019\u00e9cosyst\u00e8me du Hub se nourrit des comp\u00e9tences multisectorielles des partenaires et du terrain pour alimenter les r\u00e9flexions, imaginer et construire [&hellip;]<\/p>\n","protected":false},"author":639,"featured_media":0,"parent":0,"menu_order":0,"comment_status":"closed","ping_status":"closed","template":"","meta":{"site-sidebar-layout":"default","site-content-layout":"","ast-site-content-layout":"default","site-content-style":"default","site-sidebar-style":"default","ast-global-header-display":"","ast-banner-title-visibility":"","ast-main-header-display":"","ast-hfb-above-header-display":"","ast-hfb-below-header-display":"","ast-hfb-mobile-header-display":"","site-post-title":"","ast-breadcrumbs-content":"","ast-featured-img":"","footer-sml-layout":"","ast-disable-related-posts":"","theme-transparent-header-meta":"","adv-header-id-meta":"","stick-header-meta":"","header-above-stick-meta":"","header-main-stick-meta":"","header-below-stick-meta":"","astra-migrate-meta-layouts":"set","ast-page-background-enabled":"default","ast-page-background-meta":{"desktop":{"background-color":"var(--ast-global-color-4)","background-image":"","background-repeat":"repeat","background-position":"center center","background-size":"auto","background-attachment":"scroll","background-type":"","background-media":"","overlay-type":"","overlay-color":"","overlay-opacity":"","overlay-gradient":""},"tablet":{"background-color":"","background-image":"","background-repeat":"repeat","background-position":"center center","background-size":"auto","background-attachment":"scroll","background-type":"","background-media":"","overlay-type":"","overlay-color":"","overlay-opacity":"","overlay-gradient":""},"mobile":{"background-color":"","background-image":"","background-repeat":"repeat","background-position":"center center","background-size":"auto","background-attachment":"scroll","background-type":"","background-media":"","overlay-type":"","overlay-color":"","overlay-opacity":"","overlay-gradient":""}},"ast-content-background-meta":{"desktop":{"background-color":"var(--ast-global-color-5)","background-image":"","background-repeat":"repeat","background-position":"center center","background-size":"auto","background-attachment":"scroll","background-type":"","background-media":"","overlay-type":"","overlay-color":"","overlay-opacity":"","overlay-gradient":""},"tablet":{"background-color":"var(--ast-global-color-5)","background-image":"","background-repeat":"repeat","background-position":"center center","background-size":"auto","background-attachment":"scroll","background-type":"","background-media":"","overlay-type":"","overlay-color":"","overlay-opacity":"","overlay-gradient":""},"mobile":{"background-color":"var(--ast-global-color-5)","background-image":"","background-repeat":"repeat","background-position":"center center","background-size":"auto","background-attachment":"scroll","background-type":"","background-media":"","overlay-type":"","overlay-color":"","overlay-opacity":"","overlay-gradient":""}},"footnotes":""},"class_list":["post-44868","page","type-page","status-publish","hentry"],"_links":{"self":[{"href":"https:\/\/silvereco.org\/doc\/wp-json\/wp\/v2\/pages\/44868","targetHints":{"allow":["GET"]}}],"collection":[{"href":"https:\/\/silvereco.org\/doc\/wp-json\/wp\/v2\/pages"}],"about":[{"href":"https:\/\/silvereco.org\/doc\/wp-json\/wp\/v2\/types\/page"}],"author":[{"embeddable":true,"href":"https:\/\/silvereco.org\/doc\/wp-json\/wp\/v2\/users\/639"}],"replies":[{"embeddable":true,"href":"https:\/\/silvereco.org\/doc\/wp-json\/wp\/v2\/comments?post=44868"}],"version-history":[{"count":6,"href":"https:\/\/silvereco.org\/doc\/wp-json\/wp\/v2\/pages\/44868\/revisions"}],"predecessor-version":[{"id":45633,"href":"https:\/\/silvereco.org\/doc\/wp-json\/wp\/v2\/pages\/44868\/revisions\/45633"}],"wp:attachment":[{"href":"https:\/\/silvereco.org\/doc\/wp-json\/wp\/v2\/media?parent=44868"}],"curies":[{"name":"wp","href":"https:\/\/api.w.org\/{rel}","templated":true}]}}