{"id":44865,"date":"2025-10-11T14:27:10","date_gmt":"2025-10-11T12:27:10","guid":{"rendered":"https:\/\/silvereco.org\/doc\/?page_id=44865"},"modified":"2026-01-22T14:10:23","modified_gmt":"2026-01-22T13:10:23","slug":"aal-association-h4-hall-a","status":"publish","type":"page","link":"https:\/\/silvereco.org\/doc\/aal-association-h4-hall-a\/","title":{"rendered":"AAL Association \/ H4 \/ HALL A"},"content":{"rendered":"\n<figure class=\"wp-block-image size-full is-resized\"><img loading=\"lazy\" decoding=\"async\" width=\"859\" height=\"430\" src=\"https:\/\/silvereco.org\/doc\/wp-content\/uploads\/2025\/10\/image-3.png\" alt=\"\" class=\"wp-image-44878\" style=\"width:417px;height:auto\" srcset=\"https:\/\/silvereco.org\/doc\/wp-content\/uploads\/2025\/10\/image-3.png 859w, https:\/\/silvereco.org\/doc\/wp-content\/uploads\/2025\/10\/image-3-300x150.png 300w, https:\/\/silvereco.org\/doc\/wp-content\/uploads\/2025\/10\/image-3-768x384.png 768w\" sizes=\"auto, (max-width: 859px) 100vw, 859px\" \/><\/figure>\n\n\n\n<h5 class=\"wp-block-heading\"><\/h5>\n\n\n\n<figure class=\"wp-block-image size-full\"><img loading=\"lazy\" decoding=\"async\" width=\"25\" height=\"25\" src=\"https:\/\/silvereco.org\/doc\/wp-content\/uploads\/2025\/10\/image-120.png\" alt=\"\" class=\"wp-image-45216\"\/><\/figure>\n\n\n\n<p>AAL is a European programme funding innovation to support a better quality of life for older people while strengthening industrial opportunities in the field of healthy ageing technology and innovation.<\/p>\n\n\n\n<p>The programme has funded over 300 ICT driven projects addressing a number of issues, including management of chronic conditions, social inclusion, access to online services, mobility, management of daily activities, and support from informal carers. <\/p>\n\n\n\n<p>The specific aims of the AAL Programme are to: <br>\u2022 Foster the emergence of innovative ICT-based products, services and systems for ageing well at home, in the community, and at work. <br>\u2022 Create a critical mass of research, development and innovation at EU level in technologies and services for ageing well, including the establishment of a favourable environment for participation of SMEs. <br>\u2022 Help create the market conditions for the industrial exploitation of healthy ageing products by providing a European framework that supports the development of standardised solutions and facilitates their adaptation to local, regional and national levels to account for varying social preferences and regulatory requirements. <\/p>\n\n\n\n<p>AAL is co-financed by the European Commission (through Horizon 2020) and 17 countries.<\/p>\n\n\n\n<figure class=\"wp-block-image size-full\"><img loading=\"lazy\" decoding=\"async\" width=\"25\" height=\"24\" src=\"https:\/\/silvereco.org\/doc\/wp-content\/uploads\/2025\/10\/image-99.png\" alt=\"\" class=\"wp-image-45172\"\/><\/figure>\n\n\n\n<p>AAL est un programme europ\u00e9en finan\u00e7ant l\u2019innovation pour am\u00e9liorer la qualit\u00e9 de vie des personnes \u00e2g\u00e9es tout en renfor\u00e7ant les opportunit\u00e9s industrielles dans le domaine des technologies et de l\u2019innovation li\u00e9es au vieillissement en bonne sant\u00e9.<\/p>\n\n\n\n<p>Le programme a soutenu plus de 300 projets bas\u00e9s sur les TIC, traitant de nombreux enjeux tels que la gestion des maladies chroniques, l\u2019inclusion sociale, l\u2019acc\u00e8s aux services en ligne, la mobilit\u00e9, la gestion des activit\u00e9s quotidiennes et le soutien aux aidants informels.<\/p>\n\n\n\n<p>Les objectifs sp\u00e9cifiques du programme AAL sont de favoriser l\u2019\u00e9mergence de produits, services et syst\u00e8mes innovants bas\u00e9s sur les TIC pour bien vieillir \u00e0 domicile, dans la communaut\u00e9 et au travail ; de cr\u00e9er une masse critique de recherche, de d\u00e9veloppement et d\u2019innovation \u00e0 l\u2019\u00e9chelle europ\u00e9enne, notamment en encourageant la participation des PME ; et de contribuer \u00e0 la mise en place de conditions de march\u00e9 favorables \u00e0 l\u2019exploitation industrielle des produits li\u00e9s au vieillissement en bonne sant\u00e9, gr\u00e2ce \u00e0 un cadre europ\u00e9en favorisant les solutions standardis\u00e9es et leur adaptation aux contextes locaux, r\u00e9gionaux et nationaux.<\/p>\n\n\n\n<p>AAL est cofinanc\u00e9 par la Commission europ\u00e9enne (via Horizon 2020) et 17 pays partenaires.<\/p>\n\n\n\n<p><strong>Mots Clefs :<\/strong><br>Programme de financement europ\u00e9en. Bien vieillir. Innovation sociale. Bien vieillir \u00e0 l\u2019\u00e8re du num\u00e9rique.<\/p>\n\n\n\n<p><strong>KeyWords :<\/strong><br>European Funding Programme. Ageing well. Social innovation. Ageing well in a digital world.<\/p>\n\n\n\n<p><strong>SilverEco Congr\u00e8s \/ Summits :<\/strong><br>SilverTech Summit \u2013 le Congr\u00e8s des technologies pour l\u2019autonomie<br>Silver Citizen Summit \u2013 le Congr\u00e8s Silver citoyennet\u00e9<br>Healthy Ageing Summit \u2013 le Congr\u00e8s Sant\u00e9 e-Sant\u00e9<\/p>\n\n\n\n<p><strong>Contact :<\/strong><br>2-4 Schuman Round-About, 1040, Brussels, Belgium<br>472061646<br>dominique.repapis@aal-europe.eu<br><a href=\"https:\/\/www.aal-europe.eu\/\">Website<\/a><\/p>\n","protected":false},"excerpt":{"rendered":"<p>AAL is a European programme funding innovation to support a better quality of life for older people while strengthening industrial opportunities in the field of healthy ageing technology and innovation. The programme has funded over 300 ICT driven projects addressing a number of issues, including management of chronic conditions, social inclusion, access to online services, [&hellip;]<\/p>\n","protected":false},"author":639,"featured_media":0,"parent":0,"menu_order":0,"comment_status":"closed","ping_status":"closed","template":"","meta":{"site-sidebar-layout":"default","site-content-layout":"","ast-site-content-layout":"default","site-content-style":"default","site-sidebar-style":"default","ast-global-header-display":"","ast-banner-title-visibility":"","ast-main-header-display":"","ast-hfb-above-header-display":"","ast-hfb-below-header-display":"","ast-hfb-mobile-header-display":"","site-post-title":"","ast-breadcrumbs-content":"","ast-featured-img":"","footer-sml-layout":"","ast-disable-related-posts":"","theme-transparent-header-meta":"","adv-header-id-meta":"","stick-header-meta":"","header-above-stick-meta":"","header-main-stick-meta":"","header-below-stick-meta":"","astra-migrate-meta-layouts":"set","ast-page-background-enabled":"default","ast-page-background-meta":{"desktop":{"background-color":"var(--ast-global-color-4)","background-image":"","background-repeat":"repeat","background-position":"center center","background-size":"auto","background-attachment":"scroll","background-type":"","background-media":"","overlay-type":"","overlay-color":"","overlay-opacity":"","overlay-gradient":""},"tablet":{"background-color":"","background-image":"","background-repeat":"repeat","background-position":"center center","background-size":"auto","background-attachment":"scroll","background-type":"","background-media":"","overlay-type":"","overlay-color":"","overlay-opacity":"","overlay-gradient":""},"mobile":{"background-color":"","background-image":"","background-repeat":"repeat","background-position":"center center","background-size":"auto","background-attachment":"scroll","background-type":"","background-media":"","overlay-type":"","overlay-color":"","overlay-opacity":"","overlay-gradient":""}},"ast-content-background-meta":{"desktop":{"background-color":"var(--ast-global-color-5)","background-image":"","background-repeat":"repeat","background-position":"center center","background-size":"auto","background-attachment":"scroll","background-type":"","background-media":"","overlay-type":"","overlay-color":"","overlay-opacity":"","overlay-gradient":""},"tablet":{"background-color":"var(--ast-global-color-5)","background-image":"","background-repeat":"repeat","background-position":"center center","background-size":"auto","background-attachment":"scroll","background-type":"","background-media":"","overlay-type":"","overlay-color":"","overlay-opacity":"","overlay-gradient":""},"mobile":{"background-color":"var(--ast-global-color-5)","background-image":"","background-repeat":"repeat","background-position":"center center","background-size":"auto","background-attachment":"scroll","background-type":"","background-media":"","overlay-type":"","overlay-color":"","overlay-opacity":"","overlay-gradient":""}},"footnotes":""},"class_list":["post-44865","page","type-page","status-publish","hentry"],"_links":{"self":[{"href":"https:\/\/silvereco.org\/doc\/wp-json\/wp\/v2\/pages\/44865","targetHints":{"allow":["GET"]}}],"collection":[{"href":"https:\/\/silvereco.org\/doc\/wp-json\/wp\/v2\/pages"}],"about":[{"href":"https:\/\/silvereco.org\/doc\/wp-json\/wp\/v2\/types\/page"}],"author":[{"embeddable":true,"href":"https:\/\/silvereco.org\/doc\/wp-json\/wp\/v2\/users\/639"}],"replies":[{"embeddable":true,"href":"https:\/\/silvereco.org\/doc\/wp-json\/wp\/v2\/comments?post=44865"}],"version-history":[{"count":4,"href":"https:\/\/silvereco.org\/doc\/wp-json\/wp\/v2\/pages\/44865\/revisions"}],"predecessor-version":[{"id":45560,"href":"https:\/\/silvereco.org\/doc\/wp-json\/wp\/v2\/pages\/44865\/revisions\/45560"}],"wp:attachment":[{"href":"https:\/\/silvereco.org\/doc\/wp-json\/wp\/v2\/media?parent=44865"}],"curies":[{"name":"wp","href":"https:\/\/api.w.org\/{rel}","templated":true}]}}