{"id":44863,"date":"2025-10-11T14:25:25","date_gmt":"2025-10-11T12:25:25","guid":{"rendered":"https:\/\/silvereco.org\/doc\/?page_id=44863"},"modified":"2026-01-22T14:10:23","modified_gmt":"2026-01-22T13:10:23","slug":"avecvous-family-c40-hallc","status":"publish","type":"page","link":"https:\/\/silvereco.org\/doc\/avecvous-family-c40-hallc\/","title":{"rendered":"AvecVous.family \/ C40 \/ HALLC"},"content":{"rendered":"\n<figure class=\"wp-block-image is-resized\"><img decoding=\"async\" src=\"https:\/\/silvereco.org\/festival\/fr\/wp-content\/medias\/2025\/10\/avecvous-25.png\" alt=\"\" style=\"width:400px;height:auto\"\/><\/figure>\n\n\n\n<h5 class=\"wp-block-heading\"><\/h5>\n\n\n\n<figure class=\"wp-block-image size-full\"><img loading=\"lazy\" decoding=\"async\" width=\"25\" height=\"24\" src=\"https:\/\/silvereco.org\/doc\/wp-content\/uploads\/2025\/10\/image-101.png\" alt=\"\" class=\"wp-image-45177\"\/><\/figure>\n\n\n\n<p>AvecVous est une plateforme num\u00e9rique s\u00e9curis\u00e9e qui permet aux seniors de centraliser leurs donn\u00e9es personnelles et de pr\u00e9parer, en amont, les d\u00e9marches li\u00e9es \u00e0 leur fin de vie.<\/p>\n\n\n\n<p>Ce service vise \u00e0 all\u00e9ger la charge mentale des proches et \u00e0 favoriser un dialogue familial serein autour de la transmission. Un positionnement in\u00e9dit Loin des solutions d\u2019urgence ou post-d\u00e9c\u00e8s, AvecVous agit en pr\u00e9vention, avec une approche positive de l\u2019anticipation. Elle permet aux personnes \u00e2g\u00e9es de rester actrices de leur parcours de vie, en pr\u00e9parant l\u2019essentiel pour ceux qui comptent. Une innovation \u00e0 double impact Le service s\u2019adresse \u00e0 la fois aux ascendants (qui souhaitent transmettre) et aux descendants (qui devront g\u00e9rer les d\u00e9marches). Cette double cible est rare et r\u00e9pond \u00e0 un v\u00e9ritable besoin interg\u00e9n\u00e9rationnel.<\/p>\n\n\n\n<p>Une solution inclusive, \u00e9thique et souveraine AvecVous se distingue par son accessibilit\u00e9 num\u00e9rique et tarifaire, son accompagnement humain, et son engagement sur la souverainet\u00e9 des donn\u00e9es (h\u00e9bergement en France, s\u00e9curisation, projet d\u2019int\u00e9gration avec FranceConnect). C\u2019est un outil du quotidien qui redonne du pouvoir d\u2019agir, m\u00eame aux publics peu technophiles. <\/p>\n\n\n\n<p>Un soutien concret aux h\u00e9ritiers Chaque ann\u00e9e en France, 13 000 successions sont vacantes et 6,8 milliards d\u2019euros dorment en d\u00e9sh\u00e9rence. En centralisant les informations cl\u00e9s et en facilitant la transmission des volont\u00e9s, AvecVous vise \u00e0 r\u00e9duire les d\u00e9lais de d\u00e9marches (actuellement de 4 \u00e0 6 mois en moyenne) et \u00e0 \u00e9viter que les h\u00e9ritiers soient l\u00e9s\u00e9s ou d\u00e9munis face \u00e0 l\u2019administration. Le service lutte ainsi contre les oublis, les pertes d\u2019informations, et les litiges familiaux. AvecVous propose une innovation sociale, technologique et humaine, au service d\u2019un vieillissement actif, digne et apais\u00e9.<\/p>\n\n\n\n<figure class=\"wp-block-image size-full\"><img loading=\"lazy\" decoding=\"async\" width=\"25\" height=\"25\" src=\"https:\/\/silvereco.org\/doc\/wp-content\/uploads\/2025\/10\/image-122.png\" alt=\"\" class=\"wp-image-45221\"\/><\/figure>\n\n\n\n<p>AvecVous is a secure digital platform that allows seniors to centralize their personal data and prepare, in advance, all matters related to end-of-life planning.<\/p>\n\n\n\n<p>Its goal is to ease the mental burden on relatives and foster calm, open family discussions about legacy and transmission. Unlike emergency or post-death services, AvecVous focuses on prevention with a positive approach to anticipation, empowering older adults to remain active participants in their life journey by preparing what truly matters for their loved ones.<\/p>\n\n\n\n<p>This inclusive, ethical, and sovereign solution stands out for its digital and financial accessibility, human support, and commitment to data sovereignty (hosting in France, strong security, and planned FranceConnect integration). Addressing both older adults who wish to pass things on and their heirs who will later manage the process, it meets a genuine intergenerational need. By centralizing key information, AvecVous helps prevent forgotten assets and inheritance delays \u2014 a growing issue in France, where 13,000 estates remain unclaimed each year and \u20ac6.8 billion go dormant. It represents a social, technological, and human innovation promoting active, dignified, and peaceful ageing.<\/p>\n\n\n\n<p><strong>Mots Clefs :<\/strong><br>Bien vieillir, anticipation, simplification, fluidit\u00e9, centralisation, s\u00e9curit\u00e9, fiabilit\u00e9, s\u00e9r\u00e9nit\u00e9, soulagement, transmission, dignit\u00e9, confiance, humanit\u00e9, innovation, digital, accessibilit\u00e9, pr\u00e9paration<\/p>\n\n\n\n<p><strong>KeyWords :<\/strong><br>Ageing well, anticipation, simplification, fluidity, centralization, security, reliability, serenity, relief, transmission, dignity, trust, humanity, innovation, digital, accessibility, preparation<\/p>\n\n\n\n<p><strong>SilverEco Congr\u00e8s \/ Summits :<\/strong><br>Living at Home Summit \u2013 le Congr\u00e8s Bien-vieillir chez soi<br>SilverTech Summit \u2013 le Congr\u00e8s des technologies pour l\u2019autonomie<br>Silver Citizen Summit \u2013 le Congr\u00e8s Silver citoyennet\u00e9<\/p>\n\n\n\n<p><strong>Contact :<\/strong><br>15 rue Cordonni\u00e8re \u2013 France<br>+33 6 87 20 16 72<br>benj.vasseur@gmail.com<br><a href=\"https:\/\/www.avec-vous.family\/\">Website<\/a><\/p>\n","protected":false},"excerpt":{"rendered":"<p>AvecVous est une plateforme num\u00e9rique s\u00e9curis\u00e9e qui permet aux seniors de centraliser leurs donn\u00e9es personnelles et de pr\u00e9parer, en amont, les d\u00e9marches li\u00e9es \u00e0 leur fin de vie. Ce service vise \u00e0 all\u00e9ger la charge mentale des proches et \u00e0 favoriser un dialogue familial serein autour de la transmission. Un positionnement in\u00e9dit Loin des solutions [&hellip;]<\/p>\n","protected":false},"author":639,"featured_media":0,"parent":0,"menu_order":0,"comment_status":"closed","ping_status":"closed","template":"","meta":{"site-sidebar-layout":"default","site-content-layout":"","ast-site-content-layout":"default","site-content-style":"default","site-sidebar-style":"default","ast-global-header-display":"","ast-banner-title-visibility":"","ast-main-header-display":"","ast-hfb-above-header-display":"","ast-hfb-below-header-display":"","ast-hfb-mobile-header-display":"","site-post-title":"","ast-breadcrumbs-content":"","ast-featured-img":"","footer-sml-layout":"","ast-disable-related-posts":"","theme-transparent-header-meta":"","adv-header-id-meta":"","stick-header-meta":"","header-above-stick-meta":"","header-main-stick-meta":"","header-below-stick-meta":"","astra-migrate-meta-layouts":"set","ast-page-background-enabled":"default","ast-page-background-meta":{"desktop":{"background-color":"var(--ast-global-color-4)","background-image":"","background-repeat":"repeat","background-position":"center center","background-size":"auto","background-attachment":"scroll","background-type":"","background-media":"","overlay-type":"","overlay-color":"","overlay-opacity":"","overlay-gradient":""},"tablet":{"background-color":"","background-image":"","background-repeat":"repeat","background-position":"center center","background-size":"auto","background-attachment":"scroll","background-type":"","background-media":"","overlay-type":"","overlay-color":"","overlay-opacity":"","overlay-gradient":""},"mobile":{"background-color":"","background-image":"","background-repeat":"repeat","background-position":"center center","background-size":"auto","background-attachment":"scroll","background-type":"","background-media":"","overlay-type":"","overlay-color":"","overlay-opacity":"","overlay-gradient":""}},"ast-content-background-meta":{"desktop":{"background-color":"var(--ast-global-color-5)","background-image":"","background-repeat":"repeat","background-position":"center center","background-size":"auto","background-attachment":"scroll","background-type":"","background-media":"","overlay-type":"","overlay-color":"","overlay-opacity":"","overlay-gradient":""},"tablet":{"background-color":"var(--ast-global-color-5)","background-image":"","background-repeat":"repeat","background-position":"center center","background-size":"auto","background-attachment":"scroll","background-type":"","background-media":"","overlay-type":"","overlay-color":"","overlay-opacity":"","overlay-gradient":""},"mobile":{"background-color":"var(--ast-global-color-5)","background-image":"","background-repeat":"repeat","background-position":"center center","background-size":"auto","background-attachment":"scroll","background-type":"","background-media":"","overlay-type":"","overlay-color":"","overlay-opacity":"","overlay-gradient":""}},"footnotes":""},"class_list":["post-44863","page","type-page","status-publish","hentry"],"_links":{"self":[{"href":"https:\/\/silvereco.org\/doc\/wp-json\/wp\/v2\/pages\/44863","targetHints":{"allow":["GET"]}}],"collection":[{"href":"https:\/\/silvereco.org\/doc\/wp-json\/wp\/v2\/pages"}],"about":[{"href":"https:\/\/silvereco.org\/doc\/wp-json\/wp\/v2\/types\/page"}],"author":[{"embeddable":true,"href":"https:\/\/silvereco.org\/doc\/wp-json\/wp\/v2\/users\/639"}],"replies":[{"embeddable":true,"href":"https:\/\/silvereco.org\/doc\/wp-json\/wp\/v2\/comments?post=44863"}],"version-history":[{"count":5,"href":"https:\/\/silvereco.org\/doc\/wp-json\/wp\/v2\/pages\/44863\/revisions"}],"predecessor-version":[{"id":45587,"href":"https:\/\/silvereco.org\/doc\/wp-json\/wp\/v2\/pages\/44863\/revisions\/45587"}],"wp:attachment":[{"href":"https:\/\/silvereco.org\/doc\/wp-json\/wp\/v2\/media?parent=44863"}],"curies":[{"name":"wp","href":"https:\/\/api.w.org\/{rel}","templated":true}]}}