{"id":44862,"date":"2025-10-11T14:24:34","date_gmt":"2025-10-11T12:24:34","guid":{"rendered":"https:\/\/silvereco.org\/doc\/?page_id=44862"},"modified":"2026-01-22T14:10:45","modified_gmt":"2026-01-22T13:10:45","slug":"ocirp-a32-hall-a","status":"publish","type":"page","link":"https:\/\/silvereco.org\/doc\/ocirp-a32-hall-a\/","title":{"rendered":"OCIRP \/ A32 \/ HALL A"},"content":{"rendered":"\n<figure class=\"wp-block-image is-resized\"><img decoding=\"async\" src=\"https:\/\/silvereco.org\/festival\/fr\/wp-content\/medias\/2025\/10\/ocirp-25.png\" alt=\"\" style=\"width:426px;height:auto\"\/><\/figure>\n\n\n\n<h5 class=\"wp-block-heading\"><\/h5>\n\n\n\n<figure class=\"wp-block-image size-full\"><img loading=\"lazy\" decoding=\"async\" width=\"25\" height=\"24\" src=\"https:\/\/silvereco.org\/doc\/wp-content\/uploads\/2025\/10\/image-102.png\" alt=\"\" class=\"wp-image-45178\"\/><\/figure>\n\n\n\n<p>L\u2019OCIRP : Engag\u00e9s pour l\u2019autonomie ! L\u2019OCIRP s\u2019engage \u00e0 apporter une s\u00e9curit\u00e9 financi\u00e8re et un soutien aux salari\u00e9s et \u00e0 leur famille dans les moments les plus d\u00e9licats de la vie.<\/p>\n\n\n\n<p>Union d\u2019institutions de pr\u00e9voyance \u00e0 but non lucratif et \u00e0 gouvernance paritaire, l\u2019OCIRP est aux c\u00f4t\u00e9s de celles et ceux qui doivent relever les d\u00e9fis de la vie autonome, quelles que soient les situations difficiles ou les \u00e9preuves travers\u00e9es : orphelinage, veuvage, deuil, situation de handicap, aidance, isolement, entr\u00e9e dans le grand \u00e2ge. <\/p>\n\n\n\n<p>Notre ambition est de r\u00e9pondre aux besoins non couverts pour soutenir l\u2019autonomie des actifs et de leur famille, en compl\u00e9mentarit\u00e9 des politiques publiques. Nous permettons aux b\u00e9n\u00e9ficiaires de nos garanties de (re)vivre autonomes. <\/p>\n\n\n\n<p>Nos r\u00e9ponses sont innovantes socialement et responsables financi\u00e8rement sur le long terme. Par son histoire et ses valeurs, l\u2019Union-OCIRP porte une attention particuli\u00e8re \u00e0 la recherche et \u00e0 la valorisation de son impact social et soci\u00e9tal.<\/p>\n\n\n\n<figure class=\"wp-block-image size-full\"><img loading=\"lazy\" decoding=\"async\" width=\"25\" height=\"25\" src=\"https:\/\/silvereco.org\/doc\/wp-content\/uploads\/2025\/10\/image-123.png\" alt=\"\" class=\"wp-image-45223\"\/><\/figure>\n\n\n\n<p>OCIRP: Committed to Autonomy!<\/p>\n\n\n\n<p>OCIRP is dedicated to providing financial security and support to employees and their families during life\u2019s most difficult moments.<\/p>\n\n\n\n<p>A non-profit union of provident institutions with joint governance, OCIRP stands alongside those facing challenges to their autonomy \u2014 such as orphanhood, bereavement, disability, caregiving, isolation, or ageing.<\/p>\n\n\n\n<p>Its ambition is to meet unmet needs and support the autonomy of working individuals and their families, complementing public policies. OCIRP\u2019s mission is to help its beneficiaries live \u2014 or live again \u2014 independently.<\/p>\n\n\n\n<p>Its solutions are socially innovative and financially sustainable over the long term. Guided by its history and values, OCIRP places a strong emphasis on research and on measuring and enhancing its social and societal impact.<\/p>\n\n\n\n<p><strong>Mots Clefs :<\/strong><br>Pr\u00e9voyance \u2013 Rentes \u2013 Accompagnement social \u2013 Salari\u00e9s \u2013 Autonomie \u2013 Aidants \u2013 Grand \u00e2ge \u2013 Handicap \u2013 D\u00e9c\u00e8s<\/p>\n\n\n\n<p><strong>KeyWords :<\/strong><br>Provident schemes \u2013 Annuities \u2013 Social support \u2013 Employees \u2013 Autonomy \u2013 Caregivers \u2013 Old age \u2013 Disability \u2013 Death<\/p>\n\n\n\n<p><strong>SilverEco Congr\u00e8s \/ Summits :<\/strong><br>Living at Home Summit \u2013 le Congr\u00e8s Bien-vieillir chez soi<br>Yes We Care Summit \u2013 le Congr\u00e8s de l\u2019aide aux aidants<br>Silver Citizen Summit \u2013 le Congr\u00e8s Silver citoyennet\u00e9<\/p>\n\n\n\n<p><strong>Contact :<\/strong><br>17 rue de Marignan 75008 PARIS \u2013 France<br>duviols@ocirp.fr<br><a href=\"https:\/\/www.ocirp.fr\/\">Website<\/a><\/p>\n","protected":false},"excerpt":{"rendered":"<p>L\u2019OCIRP : Engag\u00e9s pour l\u2019autonomie ! L\u2019OCIRP s\u2019engage \u00e0 apporter une s\u00e9curit\u00e9 financi\u00e8re et un soutien aux salari\u00e9s et \u00e0 leur famille dans les moments les plus d\u00e9licats de la vie. Union d\u2019institutions de pr\u00e9voyance \u00e0 but non lucratif et \u00e0 gouvernance paritaire, l\u2019OCIRP est aux c\u00f4t\u00e9s de celles et ceux qui doivent relever les [&hellip;]<\/p>\n","protected":false},"author":639,"featured_media":0,"parent":0,"menu_order":0,"comment_status":"closed","ping_status":"closed","template":"","meta":{"site-sidebar-layout":"default","site-content-layout":"","ast-site-content-layout":"default","site-content-style":"default","site-sidebar-style":"default","ast-global-header-display":"","ast-banner-title-visibility":"","ast-main-header-display":"","ast-hfb-above-header-display":"","ast-hfb-below-header-display":"","ast-hfb-mobile-header-display":"","site-post-title":"","ast-breadcrumbs-content":"","ast-featured-img":"","footer-sml-layout":"","ast-disable-related-posts":"","theme-transparent-header-meta":"","adv-header-id-meta":"","stick-header-meta":"","header-above-stick-meta":"","header-main-stick-meta":"","header-below-stick-meta":"","astra-migrate-meta-layouts":"set","ast-page-background-enabled":"default","ast-page-background-meta":{"desktop":{"background-color":"var(--ast-global-color-4)","background-image":"","background-repeat":"repeat","background-position":"center center","background-size":"auto","background-attachment":"scroll","background-type":"","background-media":"","overlay-type":"","overlay-color":"","overlay-opacity":"","overlay-gradient":""},"tablet":{"background-color":"","background-image":"","background-repeat":"repeat","background-position":"center center","background-size":"auto","background-attachment":"scroll","background-type":"","background-media":"","overlay-type":"","overlay-color":"","overlay-opacity":"","overlay-gradient":""},"mobile":{"background-color":"","background-image":"","background-repeat":"repeat","background-position":"center center","background-size":"auto","background-attachment":"scroll","background-type":"","background-media":"","overlay-type":"","overlay-color":"","overlay-opacity":"","overlay-gradient":""}},"ast-content-background-meta":{"desktop":{"background-color":"var(--ast-global-color-5)","background-image":"","background-repeat":"repeat","background-position":"center center","background-size":"auto","background-attachment":"scroll","background-type":"","background-media":"","overlay-type":"","overlay-color":"","overlay-opacity":"","overlay-gradient":""},"tablet":{"background-color":"var(--ast-global-color-5)","background-image":"","background-repeat":"repeat","background-position":"center center","background-size":"auto","background-attachment":"scroll","background-type":"","background-media":"","overlay-type":"","overlay-color":"","overlay-opacity":"","overlay-gradient":""},"mobile":{"background-color":"var(--ast-global-color-5)","background-image":"","background-repeat":"repeat","background-position":"center center","background-size":"auto","background-attachment":"scroll","background-type":"","background-media":"","overlay-type":"","overlay-color":"","overlay-opacity":"","overlay-gradient":""}},"footnotes":""},"class_list":["post-44862","page","type-page","status-publish","hentry"],"_links":{"self":[{"href":"https:\/\/silvereco.org\/doc\/wp-json\/wp\/v2\/pages\/44862","targetHints":{"allow":["GET"]}}],"collection":[{"href":"https:\/\/silvereco.org\/doc\/wp-json\/wp\/v2\/pages"}],"about":[{"href":"https:\/\/silvereco.org\/doc\/wp-json\/wp\/v2\/types\/page"}],"author":[{"embeddable":true,"href":"https:\/\/silvereco.org\/doc\/wp-json\/wp\/v2\/users\/639"}],"replies":[{"embeddable":true,"href":"https:\/\/silvereco.org\/doc\/wp-json\/wp\/v2\/comments?post=44862"}],"version-history":[{"count":4,"href":"https:\/\/silvereco.org\/doc\/wp-json\/wp\/v2\/pages\/44862\/revisions"}],"predecessor-version":[{"id":45671,"href":"https:\/\/silvereco.org\/doc\/wp-json\/wp\/v2\/pages\/44862\/revisions\/45671"}],"wp:attachment":[{"href":"https:\/\/silvereco.org\/doc\/wp-json\/wp\/v2\/media?parent=44862"}],"curies":[{"name":"wp","href":"https:\/\/api.w.org\/{rel}","templated":true}]}}