{"id":44861,"date":"2025-10-11T14:23:55","date_gmt":"2025-10-11T12:23:55","guid":{"rendered":"https:\/\/silvereco.org\/doc\/?page_id=44861"},"modified":"2026-01-22T14:10:46","modified_gmt":"2026-01-22T13:10:46","slug":"prose-staytuned-c32-hallc","status":"publish","type":"page","link":"https:\/\/silvereco.org\/doc\/prose-staytuned-c32-hallc\/","title":{"rendered":"Prose \/ StayTuned \/ C32 \/ HALLC"},"content":{"rendered":"\n<figure class=\"wp-block-image is-resized\"><img decoding=\"async\" src=\"https:\/\/silvereco.org\/festival\/fr\/wp-content\/medias\/2025\/10\/prose-25.png\" alt=\"\" style=\"width:319px;height:auto\"\/><\/figure>\n\n\n\n<h5 class=\"wp-block-heading\"><\/h5>\n\n\n\n<figure class=\"wp-block-image size-full\"><img loading=\"lazy\" decoding=\"async\" width=\"25\" height=\"24\" src=\"https:\/\/silvereco.org\/doc\/wp-content\/uploads\/2025\/10\/image-103.png\" alt=\"\" class=\"wp-image-45179\"\/><\/figure>\n\n\n\n<p>Prose a d\u00e9velopp\u00e9 un lecteur de livres audio qui rend la lecture accessible aux personnes qui en sont \u00e9loign\u00e9es : seniors ayant des difficult\u00e9s de vue, personnes en situation de handicap ou peu \u00e0 l\u2019aise avec la technologie.<\/p>\n\n\n\n<p>Son innovation repose sur un lecteur de livres audio simple, sans \u00e9cran ni application, con\u00e7u pour \u00eatre utilis\u00e9 imm\u00e9diatement, sans apprentissage technique. Avec son design intuitif et son catalogue riche de 20 000 titres contenant des packs audio ANM, Prose redonne le plaisir des histoires \u00e0 ceux qui ne peuvent plus ou n\u2019ont jamais pu profiter pleinement de la lecture traditionnelle. <\/p>\n\n\n\n<p>Sa mission : r\u00e9concilier chacun avec la culture et les mots, en toute simplicit\u00e9 et sans barri\u00e8re num\u00e9rique.<\/p>\n\n\n\n<figure class=\"wp-block-image size-full\"><img loading=\"lazy\" decoding=\"async\" width=\"25\" height=\"25\" src=\"https:\/\/silvereco.org\/doc\/wp-content\/uploads\/2025\/10\/image-124.png\" alt=\"\" class=\"wp-image-45225\"\/><\/figure>\n\n\n\n<p>Prose has developed an audiobook player that makes reading accessible to those who are distanced from it \u2014 seniors with visual impairments, people with disabilities, or anyone uncomfortable with technology.<\/p>\n\n\n\n<p>Its innovation lies in a simple, screen-free, app-free device designed for immediate use without any technical learning. With its intuitive design and a rich catalogue of 20,000 titles, including ANM audio packs, Prose restores the joy of storytelling to those who can no longer \u2014 or have never been able to \u2014 fully enjoy traditional reading.<\/p>\n\n\n\n<p>Its mission is to reconnect everyone with culture and words, in the simplest way possible, free from digital barriers.<\/p>\n\n\n\n<p><strong>Mots Clefs :<\/strong><br>lecture, culture, loisirs, bien-\u00eatre<\/p>\n\n\n\n<p><strong>KeyWords :<\/strong><br>Reading, culture, leisure, well-being.<\/p>\n\n\n\n<p><strong>SilverEco Congr\u00e8s \/ Summits :<\/strong><\/p>\n\n\n\n<p><strong>Contact :<\/strong><br>Staytuned.io, 33 rue Marceau, 94200 Ivry sur seine \u2013 France<br>ctoure@staytuned.io<br><a href=\"https:\/\/boutique.prose.audio\/\">Website<\/a><\/p>\n","protected":false},"excerpt":{"rendered":"<p>Prose a d\u00e9velopp\u00e9 un lecteur de livres audio qui rend la lecture accessible aux personnes qui en sont \u00e9loign\u00e9es : seniors ayant des difficult\u00e9s de vue, personnes en situation de handicap ou peu \u00e0 l\u2019aise avec la technologie. Son innovation repose sur un lecteur de livres audio simple, sans \u00e9cran ni application, con\u00e7u pour \u00eatre [&hellip;]<\/p>\n","protected":false},"author":639,"featured_media":0,"parent":0,"menu_order":0,"comment_status":"closed","ping_status":"closed","template":"","meta":{"site-sidebar-layout":"default","site-content-layout":"","ast-site-content-layout":"default","site-content-style":"default","site-sidebar-style":"default","ast-global-header-display":"","ast-banner-title-visibility":"","ast-main-header-display":"","ast-hfb-above-header-display":"","ast-hfb-below-header-display":"","ast-hfb-mobile-header-display":"","site-post-title":"","ast-breadcrumbs-content":"","ast-featured-img":"","footer-sml-layout":"","ast-disable-related-posts":"","theme-transparent-header-meta":"","adv-header-id-meta":"","stick-header-meta":"","header-above-stick-meta":"","header-main-stick-meta":"","header-below-stick-meta":"","astra-migrate-meta-layouts":"set","ast-page-background-enabled":"default","ast-page-background-meta":{"desktop":{"background-color":"var(--ast-global-color-4)","background-image":"","background-repeat":"repeat","background-position":"center center","background-size":"auto","background-attachment":"scroll","background-type":"","background-media":"","overlay-type":"","overlay-color":"","overlay-opacity":"","overlay-gradient":""},"tablet":{"background-color":"","background-image":"","background-repeat":"repeat","background-position":"center center","background-size":"auto","background-attachment":"scroll","background-type":"","background-media":"","overlay-type":"","overlay-color":"","overlay-opacity":"","overlay-gradient":""},"mobile":{"background-color":"","background-image":"","background-repeat":"repeat","background-position":"center center","background-size":"auto","background-attachment":"scroll","background-type":"","background-media":"","overlay-type":"","overlay-color":"","overlay-opacity":"","overlay-gradient":""}},"ast-content-background-meta":{"desktop":{"background-color":"var(--ast-global-color-5)","background-image":"","background-repeat":"repeat","background-position":"center center","background-size":"auto","background-attachment":"scroll","background-type":"","background-media":"","overlay-type":"","overlay-color":"","overlay-opacity":"","overlay-gradient":""},"tablet":{"background-color":"var(--ast-global-color-5)","background-image":"","background-repeat":"repeat","background-position":"center center","background-size":"auto","background-attachment":"scroll","background-type":"","background-media":"","overlay-type":"","overlay-color":"","overlay-opacity":"","overlay-gradient":""},"mobile":{"background-color":"var(--ast-global-color-5)","background-image":"","background-repeat":"repeat","background-position":"center center","background-size":"auto","background-attachment":"scroll","background-type":"","background-media":"","overlay-type":"","overlay-color":"","overlay-opacity":"","overlay-gradient":""}},"footnotes":""},"class_list":["post-44861","page","type-page","status-publish","hentry"],"_links":{"self":[{"href":"https:\/\/silvereco.org\/doc\/wp-json\/wp\/v2\/pages\/44861","targetHints":{"allow":["GET"]}}],"collection":[{"href":"https:\/\/silvereco.org\/doc\/wp-json\/wp\/v2\/pages"}],"about":[{"href":"https:\/\/silvereco.org\/doc\/wp-json\/wp\/v2\/types\/page"}],"author":[{"embeddable":true,"href":"https:\/\/silvereco.org\/doc\/wp-json\/wp\/v2\/users\/639"}],"replies":[{"embeddable":true,"href":"https:\/\/silvereco.org\/doc\/wp-json\/wp\/v2\/comments?post=44861"}],"version-history":[{"count":4,"href":"https:\/\/silvereco.org\/doc\/wp-json\/wp\/v2\/pages\/44861\/revisions"}],"predecessor-version":[{"id":45661,"href":"https:\/\/silvereco.org\/doc\/wp-json\/wp\/v2\/pages\/44861\/revisions\/45661"}],"wp:attachment":[{"href":"https:\/\/silvereco.org\/doc\/wp-json\/wp\/v2\/media?parent=44861"}],"curies":[{"name":"wp","href":"https:\/\/api.w.org\/{rel}","templated":true}]}}