{"id":44860,"date":"2025-10-11T14:23:27","date_gmt":"2025-10-11T12:23:27","guid":{"rendered":"https:\/\/silvereco.org\/doc\/?page_id=44860"},"modified":"2026-01-22T14:10:46","modified_gmt":"2026-01-22T13:10:46","slug":"sens-partners-a5-hall-a","status":"publish","type":"page","link":"https:\/\/silvereco.org\/doc\/sens-partners-a5-hall-a\/","title":{"rendered":"Sens &amp; partners \/ A5 \/ HALL A"},"content":{"rendered":"\n<figure class=\"wp-block-image is-resized\"><img decoding=\"async\" src=\"https:\/\/silvereco.org\/festival\/fr\/wp-content\/medias\/2025\/10\/sensandpartners-25.jpg\" alt=\"\" style=\"width:369px;height:auto\"\/><\/figure>\n\n\n\n<h5 class=\"wp-block-heading\"><\/h5>\n\n\n\n<figure class=\"wp-block-image size-full\"><img loading=\"lazy\" decoding=\"async\" width=\"25\" height=\"24\" src=\"https:\/\/silvereco.org\/doc\/wp-content\/uploads\/2025\/10\/image-104.png\" alt=\"\" class=\"wp-image-45180\"\/><\/figure>\n\n\n\n<p>La raison d\u2019\u00eatre de SENS &amp; Partners c\u2019est de r\u00e9pondre \u00e0 la question du Pourquoi ? <br>Pourquoi nous produisons , nous vendons, nous nous formons , nous c\u00e9l\u00e9brons \u2026 ?<\/p>\n\n\n\n<p>Gr\u00e2ce \u00e0 notre approche pluridisciplinaire, SENS &amp; Partners aborde ces sujets sous l\u2019angle pratique et m\u00e9thodologique de courants divers pour en acc\u00e9l\u00e9rer la mise en \u0153uvre. Nous les adapterons sur mesure \u00e0 votre entreprise en fonction de vos attentes et de vos objectifs en mati\u00e8re de cr\u00e9ation de valeur. <\/p>\n\n\n\n<p>Gr\u00e2ce \u00e0 notre m\u00e9thode exclusive : C.A.R.E&#x2122; Coh\u00e9rence, Authenticit\u00e9, R\u00e9flexion et Engagement, nous r\u00e9pondrons de mani\u00e8re optimum \u00e0 vos besoins en Conseil, Formation et Organisation d\u2019\u00e9v\u00e8nements. Afin de donner ENVIE \u00e0 chacun de vos partenaires (\u00e9quipes, collaborateurs, prestataires, clients, \u2026) d\u2019avancer plus LOIN, ensemble dans leurs missions, avec vous. Forts de 25 ans d\u2019exp\u00e9rience dans le monde des services dans le m\u00e9dico social, nous sommes convaincus que chacun donne le meilleur de lui-m\u00eame lorsqu\u2019il sait s\u2019entourer des meilleurs conseillers.<\/p>\n\n\n\n<figure class=\"wp-block-image size-full\"><img loading=\"lazy\" decoding=\"async\" width=\"25\" height=\"25\" src=\"https:\/\/silvereco.org\/doc\/wp-content\/uploads\/2025\/10\/image-125.png\" alt=\"\" class=\"wp-image-45227\"\/><\/figure>\n\n\n\n<p>The purpose of SENS &amp; Partners is to answer one essential question: <em>Why?<\/em><br>Why do we produce, sell, train, and celebrate?<\/p>\n\n\n\n<p>Through a multidisciplinary approach, SENS &amp; Partners tackles these questions using practical and methodological frameworks from various fields to accelerate implementation. Each solution is tailored to the company\u2019s goals and expectations in terms of value creation.<\/p>\n\n\n\n<p>With its exclusive C.A.R.E&#x2122; method \u2014 Coherence, Authenticity, Reflection, and Engagement \u2014 SENS &amp; Partners provides optimal support in consulting, training, and event organization. Its mission is to inspire every stakeholder \u2014 teams, employees, partners, clients \u2014 to move forward <em>further, together<\/em>, with purpose. Backed by 25 years of experience in the medico-social services sector, SENS &amp; Partners believes that everyone performs at their best when guided by the right advisors.<\/p>\n\n\n\n<p><strong>Mots Clefs :<\/strong><br>Accompagnement \/\/ Coaching \/\/ Formation \/\/ p\u00e9dagogie \u2013 Conseil \u2013 d\u00e9veloppement commercial .<\/p>\n\n\n\n<p><strong>KeyWords :<\/strong><br>Support, Coaching, Training, Pedagogy \u2013 Consulting \u2013 Business Development.<\/p>\n\n\n\n<p><strong>SilverEco Congr\u00e8s \/ Summits :<\/strong><br>Nursing Home Summit \u2013 le Congr\u00e8s EHPAD, RSS et h\u00e9bergement collectif<br>Yes We Care Summit \u2013 le Congr\u00e8s de l\u2019aide aux aidants<br>Silver Citizen Summit \u2013 le Congr\u00e8s Silver citoyennet\u00e9<br>Healthy Ageing Summit \u2013 le Congr\u00e8s Sant\u00e9 e-Sant\u00e9<\/p>\n\n\n\n<p><strong>Contact :<\/strong><br>12, boulevard Jean Mermoz \u2013 92200 Neuilly s\/Seine, France<br>+33 6 83 89 97 78<br>e.castelnau@sens-partners.com<br><a href=\"https:\/\/www.sens-partners.com\/\">Website<\/a><\/p>\n","protected":false},"excerpt":{"rendered":"<p>La raison d\u2019\u00eatre de SENS &amp; Partners c\u2019est de r\u00e9pondre \u00e0 la question du Pourquoi ? Pourquoi nous produisons , nous vendons, nous nous formons , nous c\u00e9l\u00e9brons \u2026 ? Gr\u00e2ce \u00e0 notre approche pluridisciplinaire, SENS &amp; Partners aborde ces sujets sous l\u2019angle pratique et m\u00e9thodologique de courants divers pour en acc\u00e9l\u00e9rer la mise en [&hellip;]<\/p>\n","protected":false},"author":639,"featured_media":0,"parent":0,"menu_order":0,"comment_status":"closed","ping_status":"closed","template":"","meta":{"site-sidebar-layout":"default","site-content-layout":"","ast-site-content-layout":"default","site-content-style":"default","site-sidebar-style":"default","ast-global-header-display":"","ast-banner-title-visibility":"","ast-main-header-display":"","ast-hfb-above-header-display":"","ast-hfb-below-header-display":"","ast-hfb-mobile-header-display":"","site-post-title":"","ast-breadcrumbs-content":"","ast-featured-img":"","footer-sml-layout":"","ast-disable-related-posts":"","theme-transparent-header-meta":"","adv-header-id-meta":"","stick-header-meta":"","header-above-stick-meta":"","header-main-stick-meta":"","header-below-stick-meta":"","astra-migrate-meta-layouts":"set","ast-page-background-enabled":"default","ast-page-background-meta":{"desktop":{"background-color":"var(--ast-global-color-4)","background-image":"","background-repeat":"repeat","background-position":"center center","background-size":"auto","background-attachment":"scroll","background-type":"","background-media":"","overlay-type":"","overlay-color":"","overlay-opacity":"","overlay-gradient":""},"tablet":{"background-color":"","background-image":"","background-repeat":"repeat","background-position":"center center","background-size":"auto","background-attachment":"scroll","background-type":"","background-media":"","overlay-type":"","overlay-color":"","overlay-opacity":"","overlay-gradient":""},"mobile":{"background-color":"","background-image":"","background-repeat":"repeat","background-position":"center center","background-size":"auto","background-attachment":"scroll","background-type":"","background-media":"","overlay-type":"","overlay-color":"","overlay-opacity":"","overlay-gradient":""}},"ast-content-background-meta":{"desktop":{"background-color":"var(--ast-global-color-5)","background-image":"","background-repeat":"repeat","background-position":"center center","background-size":"auto","background-attachment":"scroll","background-type":"","background-media":"","overlay-type":"","overlay-color":"","overlay-opacity":"","overlay-gradient":""},"tablet":{"background-color":"var(--ast-global-color-5)","background-image":"","background-repeat":"repeat","background-position":"center center","background-size":"auto","background-attachment":"scroll","background-type":"","background-media":"","overlay-type":"","overlay-color":"","overlay-opacity":"","overlay-gradient":""},"mobile":{"background-color":"var(--ast-global-color-5)","background-image":"","background-repeat":"repeat","background-position":"center center","background-size":"auto","background-attachment":"scroll","background-type":"","background-media":"","overlay-type":"","overlay-color":"","overlay-opacity":"","overlay-gradient":""}},"footnotes":""},"class_list":["post-44860","page","type-page","status-publish","hentry"],"_links":{"self":[{"href":"https:\/\/silvereco.org\/doc\/wp-json\/wp\/v2\/pages\/44860","targetHints":{"allow":["GET"]}}],"collection":[{"href":"https:\/\/silvereco.org\/doc\/wp-json\/wp\/v2\/pages"}],"about":[{"href":"https:\/\/silvereco.org\/doc\/wp-json\/wp\/v2\/types\/page"}],"author":[{"embeddable":true,"href":"https:\/\/silvereco.org\/doc\/wp-json\/wp\/v2\/users\/639"}],"replies":[{"embeddable":true,"href":"https:\/\/silvereco.org\/doc\/wp-json\/wp\/v2\/comments?post=44860"}],"version-history":[{"count":5,"href":"https:\/\/silvereco.org\/doc\/wp-json\/wp\/v2\/pages\/44860\/revisions"}],"predecessor-version":[{"id":45904,"href":"https:\/\/silvereco.org\/doc\/wp-json\/wp\/v2\/pages\/44860\/revisions\/45904"}],"wp:attachment":[{"href":"https:\/\/silvereco.org\/doc\/wp-json\/wp\/v2\/media?parent=44860"}],"curies":[{"name":"wp","href":"https:\/\/api.w.org\/{rel}","templated":true}]}}