{"id":44858,"date":"2025-10-11T14:22:05","date_gmt":"2025-10-11T12:22:05","guid":{"rendered":"https:\/\/silvereco.org\/doc\/?page_id=44858"},"modified":"2026-01-22T14:10:45","modified_gmt":"2026-01-22T13:10:45","slug":"notre-temps-a13-hall-a","status":"publish","type":"page","link":"https:\/\/silvereco.org\/doc\/notre-temps-a13-hall-a\/","title":{"rendered":"NOTRE TEMPS \/ A13 \/ HALL A"},"content":{"rendered":"\n<figure class=\"wp-block-image is-resized\"><img decoding=\"async\" src=\"https:\/\/silvereco.org\/festival\/fr\/wp-content\/medias\/2025\/10\/notretemps-25.jpg\" alt=\"\" style=\"width:406px;height:auto\"\/><\/figure>\n\n\n\n<h5 class=\"wp-block-heading\"><\/h5>\n\n\n\n<figure class=\"wp-block-image size-full\"><img loading=\"lazy\" decoding=\"async\" width=\"25\" height=\"24\" src=\"https:\/\/silvereco.org\/doc\/wp-content\/uploads\/2025\/10\/image-105.png\" alt=\"\" class=\"wp-image-45181\"\/><\/figure>\n\n\n\n<p>Cr\u00e9\u00e9 en 1968 et \u00e9dit\u00e9 par le groupe Bayard, Notre Temps, 1er mensuel fran\u00e7ais, est un m\u00e9dia g\u00e9n\u00e9raliste complet qui attire chaque mois pr\u00e8s de 5,2 millions de lecteurs et internautes.<\/p>\n\n\n\n<p>Proche de ses publics au quotidien, compagnon de plusieurs g\u00e9n\u00e9rations qui aspirent \u00e0 vivre pleinement les \u00e9tapes importantes de leur vie, il informe, accompagne, inspire, valorise et traite de sujets vari\u00e9s : droit, sant\u00e9, retraite, bien-\u00eatre, voyage, loisirs\u2026 <\/p>\n\n\n\n<p>Notre Temps, c\u2019est encore le trimestriel Notre Temps Sant\u00e9 &amp; Bien-\u00eatre, le mensuel Notre Temps Jeux, de nombreux hors-s\u00e9ries, le site NotreTemps.com, des newsletters, des tchats, des webinaires ( notamment des Ateliers num\u00e9riques), des ouvrages (Almanach et Ann\u00e9es-M\u00e9moire), des masterclass, des s\u00e9jours, des salons et des voyages. <\/p>\n\n\n\n<p>A vos c\u00f4t\u00e9s, Notre Temps cr\u00e9e aussi des op\u00e9rations inspirantes qui touchent nos publics : op\u00e9rations de visibilit\u00e9 ou \u00e9ditions sur mesure, content to commerce, offres d\u2019abonnements pr\u00e9f\u00e9rentiels, barom\u00e8tres, sondages, enqu\u00eate\u2026<\/p>\n\n\n\n<figure class=\"wp-block-image size-full\"><img loading=\"lazy\" decoding=\"async\" width=\"25\" height=\"25\" src=\"https:\/\/silvereco.org\/doc\/wp-content\/uploads\/2025\/10\/image-126.png\" alt=\"\" class=\"wp-image-45229\"\/><\/figure>\n\n\n\n<p>Created in 1968 and published by the Bayard Group, <em>Notre Temps<\/em>, France\u2019s leading monthly magazine, is a comprehensive general-interest media brand reaching nearly 5.2 million readers and online users each month.<\/p>\n\n\n\n<p>Close to its audience in everyday life and a companion across generations seeking to fully embrace each stage of life, <em>Notre Temps<\/em> informs, supports, and inspires through a wide range of topics \u2014 including law, health, retirement, wellbeing, travel, and leisure.<\/p>\n\n\n\n<p>Its ecosystem also includes <em>Notre Temps Sant\u00e9 &amp; Bien-\u00eatre<\/em> (quarterly), <em>Notre Temps Jeux<\/em> (monthly), numerous special issues, the website NotreTemps.com, newsletters, live chats, webinars (such as digital workshops), books (<em>Almanach<\/em> and <em>Ann\u00e9es-M\u00e9moire<\/em>), masterclasses, trips, and events.<\/p>\n\n\n\n<p>Alongside its readers and partners, <em>Notre Temps<\/em> also creates impactful initiatives \u2014 from visibility campaigns and custom publications to content-to-commerce projects, subscription offers, barometers, surveys, and opinion studies \u2014 all designed to connect and engage with its audience.<\/p>\n\n\n\n<p><strong>Mots Clefs :<\/strong><br>EDITIONS PERSONNALISEES \/ CONTENT TO COMMERCE \/ TARIF ABONNEMENT PREFERENTIEL \/ VISIBILITE 360 \/ PARTENARIATS<\/p>\n\n\n\n<p><strong>KeyWords :<\/strong><br>Custom publications, Content to commerce, Preferential subscription rate, 360 visibility, Partnerships<\/p>\n\n\n\n<p><strong>SilverEco Congr\u00e8s \/ Summits :<\/strong><\/p>\n\n\n\n<p><strong>Contact :<\/strong><br>15 boulevard Gabriel P\u00e9ri \u2013 92240 Malakoff \u2013 France<br>+33 6 67 44 58 89<br>Christelle.Delliere@groupebayard.com<br><a href=\"https:\/\/notretemps.com\/\">Website<\/a><\/p>\n","protected":false},"excerpt":{"rendered":"<p>Cr\u00e9\u00e9 en 1968 et \u00e9dit\u00e9 par le groupe Bayard, Notre Temps, 1er mensuel fran\u00e7ais, est un m\u00e9dia g\u00e9n\u00e9raliste complet qui attire chaque mois pr\u00e8s de 5,2 millions de lecteurs et internautes. Proche de ses publics au quotidien, compagnon de plusieurs g\u00e9n\u00e9rations qui aspirent \u00e0 vivre pleinement les \u00e9tapes importantes de leur vie, il informe, accompagne, [&hellip;]<\/p>\n","protected":false},"author":639,"featured_media":0,"parent":0,"menu_order":0,"comment_status":"closed","ping_status":"closed","template":"","meta":{"site-sidebar-layout":"default","site-content-layout":"","ast-site-content-layout":"default","site-content-style":"default","site-sidebar-style":"default","ast-global-header-display":"","ast-banner-title-visibility":"","ast-main-header-display":"","ast-hfb-above-header-display":"","ast-hfb-below-header-display":"","ast-hfb-mobile-header-display":"","site-post-title":"","ast-breadcrumbs-content":"","ast-featured-img":"","footer-sml-layout":"","ast-disable-related-posts":"","theme-transparent-header-meta":"","adv-header-id-meta":"","stick-header-meta":"","header-above-stick-meta":"","header-main-stick-meta":"","header-below-stick-meta":"","astra-migrate-meta-layouts":"set","ast-page-background-enabled":"default","ast-page-background-meta":{"desktop":{"background-color":"var(--ast-global-color-4)","background-image":"","background-repeat":"repeat","background-position":"center center","background-size":"auto","background-attachment":"scroll","background-type":"","background-media":"","overlay-type":"","overlay-color":"","overlay-opacity":"","overlay-gradient":""},"tablet":{"background-color":"","background-image":"","background-repeat":"repeat","background-position":"center center","background-size":"auto","background-attachment":"scroll","background-type":"","background-media":"","overlay-type":"","overlay-color":"","overlay-opacity":"","overlay-gradient":""},"mobile":{"background-color":"","background-image":"","background-repeat":"repeat","background-position":"center center","background-size":"auto","background-attachment":"scroll","background-type":"","background-media":"","overlay-type":"","overlay-color":"","overlay-opacity":"","overlay-gradient":""}},"ast-content-background-meta":{"desktop":{"background-color":"var(--ast-global-color-5)","background-image":"","background-repeat":"repeat","background-position":"center center","background-size":"auto","background-attachment":"scroll","background-type":"","background-media":"","overlay-type":"","overlay-color":"","overlay-opacity":"","overlay-gradient":""},"tablet":{"background-color":"var(--ast-global-color-5)","background-image":"","background-repeat":"repeat","background-position":"center center","background-size":"auto","background-attachment":"scroll","background-type":"","background-media":"","overlay-type":"","overlay-color":"","overlay-opacity":"","overlay-gradient":""},"mobile":{"background-color":"var(--ast-global-color-5)","background-image":"","background-repeat":"repeat","background-position":"center center","background-size":"auto","background-attachment":"scroll","background-type":"","background-media":"","overlay-type":"","overlay-color":"","overlay-opacity":"","overlay-gradient":""}},"footnotes":""},"class_list":["post-44858","page","type-page","status-publish","hentry"],"_links":{"self":[{"href":"https:\/\/silvereco.org\/doc\/wp-json\/wp\/v2\/pages\/44858","targetHints":{"allow":["GET"]}}],"collection":[{"href":"https:\/\/silvereco.org\/doc\/wp-json\/wp\/v2\/pages"}],"about":[{"href":"https:\/\/silvereco.org\/doc\/wp-json\/wp\/v2\/types\/page"}],"author":[{"embeddable":true,"href":"https:\/\/silvereco.org\/doc\/wp-json\/wp\/v2\/users\/639"}],"replies":[{"embeddable":true,"href":"https:\/\/silvereco.org\/doc\/wp-json\/wp\/v2\/comments?post=44858"}],"version-history":[{"count":4,"href":"https:\/\/silvereco.org\/doc\/wp-json\/wp\/v2\/pages\/44858\/revisions"}],"predecessor-version":[{"id":45672,"href":"https:\/\/silvereco.org\/doc\/wp-json\/wp\/v2\/pages\/44858\/revisions\/45672"}],"wp:attachment":[{"href":"https:\/\/silvereco.org\/doc\/wp-json\/wp\/v2\/media?parent=44858"}],"curies":[{"name":"wp","href":"https:\/\/api.w.org\/{rel}","templated":true}]}}