{"id":44845,"date":"2025-10-11T14:16:32","date_gmt":"2025-10-11T12:16:32","guid":{"rendered":"https:\/\/silvereco.org\/doc\/?page_id=44845"},"modified":"2026-01-22T14:10:46","modified_gmt":"2026-01-22T13:10:46","slug":"sunwaves-c10-hallc","status":"publish","type":"page","link":"https:\/\/silvereco.org\/doc\/sunwaves-c10-hallc\/","title":{"rendered":"SunWaves \/ C10 \/ HALLC"},"content":{"rendered":"\n<figure class=\"wp-block-image is-resized\"><img decoding=\"async\" src=\"https:\/\/silvereco.org\/festival\/fr\/wp-content\/medias\/2025\/10\/sunwaves-25.png\" alt=\"\" style=\"width:286px;height:auto\"\/><\/figure>\n\n\n\n<h5 class=\"wp-block-heading\"><\/h5>\n\n\n\n<figure class=\"wp-block-image size-full\"><img loading=\"lazy\" decoding=\"async\" width=\"25\" height=\"24\" src=\"https:\/\/silvereco.org\/doc\/wp-content\/uploads\/2025\/10\/image-107.png\" alt=\"\" class=\"wp-image-45183\"\/><\/figure>\n\n\n\n<p>SunWaves SAS \u2013 SunWaves Autonomie SunWaves est une entreprise fran\u00e7aise de sant\u00e9 digitale qui d\u00e9veloppe des solutions innovantes pour am\u00e9liorer l\u2019autonomie et la qualit\u00e9 de vie des personnes fragiles.<\/p>\n\n\n\n<p>Notre solution SunWaves Autonomie repose sur deux ruptures majeures : Une surveillance continue 24\/7, non intrusive, qui exploite et analyse toutes les donn\u00e9es de l\u2019abonn\u00e9 afin de permettre un suivi m\u00e9dical pr\u00e9cis en temps r\u00e9el, et m\u00eame de pr\u00e9dire la survenue de certains accidents par anticipation. <\/p>\n\n\n\n<p>Un Centre de Supervision M\u00e9dicale (CSM), disponible en permanence, qui suit individuellement chaque abonn\u00e9. Le CSM g\u00e8re les alertes, fait la part des choses, peut mobiliser les secours en cas d\u2019urgence, et reste \u00e0 disposition de l\u2019abonn\u00e9 d\u00e8s qu\u2019il ne se sent pas bien. <\/p>\n\n\n\n<p>Cette combinaison unique de technologie pr\u00e9dictive et de supervision humaine renforce la s\u00e9curit\u00e9 de tous nos abonn\u00e9s : personnes \u00e2g\u00e9es \u00e0 domicile ou en \u00e9tablissement, personnes en Affections Longue Dur\u00e9e (ALD), ou vivant avec un handicap. Elle redonne confiance aux familles et contribue \u00e0 une meilleure organisation des soins et de la pr\u00e9vention.<\/p>\n\n\n\n<figure class=\"wp-block-image size-full\"><img loading=\"lazy\" decoding=\"async\" width=\"25\" height=\"25\" src=\"https:\/\/silvereco.org\/doc\/wp-content\/uploads\/2025\/10\/image-128.png\" alt=\"\" class=\"wp-image-45233\"\/><\/figure>\n\n\n\n<p>SunWaves SAS \u2013 SunWaves Autonomie is a French digital health company developing innovative solutions to enhance autonomy and quality of life for vulnerable individuals.<\/p>\n\n\n\n<p>Its <strong>SunWaves Autonomie<\/strong> solution is based on two major breakthroughs: continuous, 24\/7 non-intrusive monitoring that collects and analyzes all user data to enable precise real-time medical tracking and even predict certain incidents in advance; and a Medical Supervision Center (CSM) available at all times, which monitors each subscriber individually, manages alerts, distinguishes real emergencies, can contact emergency services, and remains accessible whenever the user feels unwell.<\/p>\n\n\n\n<p>This unique combination of predictive technology and human supervision strengthens safety for all users \u2014 older adults at home or in care facilities, people with chronic conditions, or those living with disabilities \u2014 while restoring family confidence and improving the coordination of care and prevention.<\/p>\n\n\n\n<p><strong>Mots Clefs :<\/strong><br>Affections Longue Dur\u00e9e (ALD), sant\u00e9 digitale<\/p>\n\n\n\n<p><strong>KeyWords :<\/strong><br>people with chronic conditions, digital health<\/p>\n\n\n\n<p><strong>SilverEco Congr\u00e8s \/ Summits :<\/strong><br>Living at Home Summit \u2013 le Congr\u00e8s Bien-vieillir chez soi<br>SilverTech Summit \u2013 le Congr\u00e8s des technologies pour l\u2019autonomie<br>Healthy Ageing Summit \u2013 le Congr\u00e8s Sant\u00e9 e-Sant\u00e9<\/p>\n\n\n\n<p><strong>Contact :<\/strong><br>128 rue La Bo\u00e9tie \u2013 75008 PARIS \u2013 France<br>+33 1 84 80 47 49<br>contact@sunwaves-medtech.com<br><a href=\"https:\/\/www.sunwaves-medtech.com\/\">Website<\/a><\/p>\n","protected":false},"excerpt":{"rendered":"<p>SunWaves SAS \u2013 SunWaves Autonomie SunWaves est une entreprise fran\u00e7aise de sant\u00e9 digitale qui d\u00e9veloppe des solutions innovantes pour am\u00e9liorer l\u2019autonomie et la qualit\u00e9 de vie des personnes fragiles. Notre solution SunWaves Autonomie repose sur deux ruptures majeures : Une surveillance continue 24\/7, non intrusive, qui exploite et analyse toutes les donn\u00e9es de l\u2019abonn\u00e9 afin [&hellip;]<\/p>\n","protected":false},"author":639,"featured_media":0,"parent":0,"menu_order":0,"comment_status":"closed","ping_status":"closed","template":"","meta":{"site-sidebar-layout":"default","site-content-layout":"","ast-site-content-layout":"default","site-content-style":"default","site-sidebar-style":"default","ast-global-header-display":"","ast-banner-title-visibility":"","ast-main-header-display":"","ast-hfb-above-header-display":"","ast-hfb-below-header-display":"","ast-hfb-mobile-header-display":"","site-post-title":"","ast-breadcrumbs-content":"","ast-featured-img":"","footer-sml-layout":"","ast-disable-related-posts":"","theme-transparent-header-meta":"","adv-header-id-meta":"","stick-header-meta":"","header-above-stick-meta":"","header-main-stick-meta":"","header-below-stick-meta":"","astra-migrate-meta-layouts":"set","ast-page-background-enabled":"default","ast-page-background-meta":{"desktop":{"background-color":"var(--ast-global-color-4)","background-image":"","background-repeat":"repeat","background-position":"center center","background-size":"auto","background-attachment":"scroll","background-type":"","background-media":"","overlay-type":"","overlay-color":"","overlay-opacity":"","overlay-gradient":""},"tablet":{"background-color":"","background-image":"","background-repeat":"repeat","background-position":"center center","background-size":"auto","background-attachment":"scroll","background-type":"","background-media":"","overlay-type":"","overlay-color":"","overlay-opacity":"","overlay-gradient":""},"mobile":{"background-color":"","background-image":"","background-repeat":"repeat","background-position":"center center","background-size":"auto","background-attachment":"scroll","background-type":"","background-media":"","overlay-type":"","overlay-color":"","overlay-opacity":"","overlay-gradient":""}},"ast-content-background-meta":{"desktop":{"background-color":"var(--ast-global-color-5)","background-image":"","background-repeat":"repeat","background-position":"center center","background-size":"auto","background-attachment":"scroll","background-type":"","background-media":"","overlay-type":"","overlay-color":"","overlay-opacity":"","overlay-gradient":""},"tablet":{"background-color":"var(--ast-global-color-5)","background-image":"","background-repeat":"repeat","background-position":"center center","background-size":"auto","background-attachment":"scroll","background-type":"","background-media":"","overlay-type":"","overlay-color":"","overlay-opacity":"","overlay-gradient":""},"mobile":{"background-color":"var(--ast-global-color-5)","background-image":"","background-repeat":"repeat","background-position":"center center","background-size":"auto","background-attachment":"scroll","background-type":"","background-media":"","overlay-type":"","overlay-color":"","overlay-opacity":"","overlay-gradient":""}},"footnotes":""},"class_list":["post-44845","page","type-page","status-publish","hentry"],"_links":{"self":[{"href":"https:\/\/silvereco.org\/doc\/wp-json\/wp\/v2\/pages\/44845","targetHints":{"allow":["GET"]}}],"collection":[{"href":"https:\/\/silvereco.org\/doc\/wp-json\/wp\/v2\/pages"}],"about":[{"href":"https:\/\/silvereco.org\/doc\/wp-json\/wp\/v2\/types\/page"}],"author":[{"embeddable":true,"href":"https:\/\/silvereco.org\/doc\/wp-json\/wp\/v2\/users\/639"}],"replies":[{"embeddable":true,"href":"https:\/\/silvereco.org\/doc\/wp-json\/wp\/v2\/comments?post=44845"}],"version-history":[{"count":4,"href":"https:\/\/silvereco.org\/doc\/wp-json\/wp\/v2\/pages\/44845\/revisions"}],"predecessor-version":[{"id":45638,"href":"https:\/\/silvereco.org\/doc\/wp-json\/wp\/v2\/pages\/44845\/revisions\/45638"}],"wp:attachment":[{"href":"https:\/\/silvereco.org\/doc\/wp-json\/wp\/v2\/media?parent=44845"}],"curies":[{"name":"wp","href":"https:\/\/api.w.org\/{rel}","templated":true}]}}