{"id":44844,"date":"2025-10-11T14:15:56","date_gmt":"2025-10-11T12:15:56","guid":{"rendered":"https:\/\/silvereco.org\/doc\/?page_id=44844"},"modified":"2026-01-22T14:10:23","modified_gmt":"2026-01-22T13:10:23","slug":"alogia-h23-hall-a","status":"publish","type":"page","link":"https:\/\/silvereco.org\/doc\/alogia-h23-hall-a\/","title":{"rendered":"Alogia \/ H23 \/ HALL A"},"content":{"rendered":"\n<figure class=\"wp-block-image is-resized\"><img decoding=\"async\" src=\"https:\/\/silvereco.org\/festival\/fr\/wp-content\/medias\/2025\/10\/alogia-25.png\" alt=\"\" style=\"width:416px;height:auto\"\/><\/figure>\n\n\n\n<h5 class=\"wp-block-heading\"><\/h5>\n\n\n\n<figure class=\"wp-block-image size-full\"><img loading=\"lazy\" decoding=\"async\" width=\"25\" height=\"24\" src=\"https:\/\/silvereco.org\/doc\/wp-content\/uploads\/2025\/10\/image-108.png\" alt=\"\" class=\"wp-image-45184\"\/><\/figure>\n\n\n\n<p>ALOGIA Groupe est la premi\u00e8re soci\u00e9t\u00e9 \u00e0 mission de la Silver \u00c9conomie \u00e0 mettre l\u2019Intelligence Artificielle et le Big Data au service du bien vieillir. Forte de plus de 10 ans d\u2019expertise, la soci\u00e9t\u00e9 d\u00e9veloppe des technologies pr\u00e9dictives et des services de pr\u00e9vention au service des strat\u00e9gies seniors.<\/p>\n\n\n\n<p>Apr\u00e8s avoir lev\u00e9 6,5 millions d\u2019euros en 2024, ALOGIA d\u00e9ploie RevealCare, un logiciel innovant d\u00e9di\u00e9 aux professionnels, qui analyse et croise des milliards de donn\u00e9es afin d\u2019optimiser les politiques seniors, d\u2019anticiper les besoins et d\u2019orienter les actions de pr\u00e9vention.<\/p>\n\n\n\n<figure class=\"wp-block-image size-full\"><img loading=\"lazy\" decoding=\"async\" width=\"25\" height=\"25\" src=\"https:\/\/silvereco.org\/doc\/wp-content\/uploads\/2025\/10\/image-129.png\" alt=\"\" class=\"wp-image-45235\"\/><\/figure>\n\n\n\n<p>ALOGIA Groupe is the first mission-driven company in the Silver Economy to harness Artificial Intelligence and Big Data in the service of ageing well. With more than ten years of expertise, the company develops predictive technologies and preventive services to support senior strategies.<\/p>\n\n\n\n<p>After raising \u20ac6.5 million in 2024, ALOGIA is deploying RevealCare, an innovative software solution for professionals that analyzes and cross-references billions of data points to optimize senior policies, anticipate needs, and guide prevention initiatives.<\/p>\n\n\n\n<p><strong>Mots Clefs :<\/strong><br>innovation, pr\u00e9diction, pr\u00e9vention, accompagnement, data, IA, seniors,<\/p>\n\n\n\n<p><strong>KeyWords :<\/strong><br>Innovation, prediction, prevention, support, data, AI, seniors<\/p>\n\n\n\n<p><strong>SilverEco Congr\u00e8s \/ Summits :<\/strong><br>Living at Home Summit \u2013 le Congr\u00e8s Bien-vieillir chez soi<br>SilverTech Summit \u2013 le Congr\u00e8s des technologies pour l\u2019autonomie<br>Healthy Ageing Summit \u2013 le Congr\u00e8s Sant\u00e9 e-Sant\u00e9<\/p>\n\n\n\n<p><strong>Contact :<\/strong><br>155 Boulevard Haussmann, 75008 Paris \u2013 France<br>contact@alogiagroupe.com<br><a href=\"https:\/\/alogiagroupe.com\/\">Website<\/a><\/p>\n","protected":false},"excerpt":{"rendered":"<p>ALOGIA Groupe est la premi\u00e8re soci\u00e9t\u00e9 \u00e0 mission de la Silver \u00c9conomie \u00e0 mettre l\u2019Intelligence Artificielle et le Big Data au service du bien vieillir. Forte de plus de 10 ans d\u2019expertise, la soci\u00e9t\u00e9 d\u00e9veloppe des technologies pr\u00e9dictives et des services de pr\u00e9vention au service des strat\u00e9gies seniors. Apr\u00e8s avoir lev\u00e9 6,5 millions d\u2019euros en [&hellip;]<\/p>\n","protected":false},"author":639,"featured_media":0,"parent":0,"menu_order":0,"comment_status":"closed","ping_status":"closed","template":"","meta":{"site-sidebar-layout":"default","site-content-layout":"","ast-site-content-layout":"default","site-content-style":"default","site-sidebar-style":"default","ast-global-header-display":"","ast-banner-title-visibility":"","ast-main-header-display":"","ast-hfb-above-header-display":"","ast-hfb-below-header-display":"","ast-hfb-mobile-header-display":"","site-post-title":"","ast-breadcrumbs-content":"","ast-featured-img":"","footer-sml-layout":"","ast-disable-related-posts":"","theme-transparent-header-meta":"","adv-header-id-meta":"","stick-header-meta":"","header-above-stick-meta":"","header-main-stick-meta":"","header-below-stick-meta":"","astra-migrate-meta-layouts":"set","ast-page-background-enabled":"default","ast-page-background-meta":{"desktop":{"background-color":"var(--ast-global-color-4)","background-image":"","background-repeat":"repeat","background-position":"center center","background-size":"auto","background-attachment":"scroll","background-type":"","background-media":"","overlay-type":"","overlay-color":"","overlay-opacity":"","overlay-gradient":""},"tablet":{"background-color":"","background-image":"","background-repeat":"repeat","background-position":"center center","background-size":"auto","background-attachment":"scroll","background-type":"","background-media":"","overlay-type":"","overlay-color":"","overlay-opacity":"","overlay-gradient":""},"mobile":{"background-color":"","background-image":"","background-repeat":"repeat","background-position":"center center","background-size":"auto","background-attachment":"scroll","background-type":"","background-media":"","overlay-type":"","overlay-color":"","overlay-opacity":"","overlay-gradient":""}},"ast-content-background-meta":{"desktop":{"background-color":"var(--ast-global-color-5)","background-image":"","background-repeat":"repeat","background-position":"center center","background-size":"auto","background-attachment":"scroll","background-type":"","background-media":"","overlay-type":"","overlay-color":"","overlay-opacity":"","overlay-gradient":""},"tablet":{"background-color":"var(--ast-global-color-5)","background-image":"","background-repeat":"repeat","background-position":"center center","background-size":"auto","background-attachment":"scroll","background-type":"","background-media":"","overlay-type":"","overlay-color":"","overlay-opacity":"","overlay-gradient":""},"mobile":{"background-color":"var(--ast-global-color-5)","background-image":"","background-repeat":"repeat","background-position":"center center","background-size":"auto","background-attachment":"scroll","background-type":"","background-media":"","overlay-type":"","overlay-color":"","overlay-opacity":"","overlay-gradient":""}},"footnotes":""},"class_list":["post-44844","page","type-page","status-publish","hentry"],"_links":{"self":[{"href":"https:\/\/silvereco.org\/doc\/wp-json\/wp\/v2\/pages\/44844","targetHints":{"allow":["GET"]}}],"collection":[{"href":"https:\/\/silvereco.org\/doc\/wp-json\/wp\/v2\/pages"}],"about":[{"href":"https:\/\/silvereco.org\/doc\/wp-json\/wp\/v2\/types\/page"}],"author":[{"embeddable":true,"href":"https:\/\/silvereco.org\/doc\/wp-json\/wp\/v2\/users\/639"}],"replies":[{"embeddable":true,"href":"https:\/\/silvereco.org\/doc\/wp-json\/wp\/v2\/comments?post=44844"}],"version-history":[{"count":4,"href":"https:\/\/silvereco.org\/doc\/wp-json\/wp\/v2\/pages\/44844\/revisions"}],"predecessor-version":[{"id":45565,"href":"https:\/\/silvereco.org\/doc\/wp-json\/wp\/v2\/pages\/44844\/revisions\/45565"}],"wp:attachment":[{"href":"https:\/\/silvereco.org\/doc\/wp-json\/wp\/v2\/media?parent=44844"}],"curies":[{"name":"wp","href":"https:\/\/api.w.org\/{rel}","templated":true}]}}