{"id":44843,"date":"2025-10-11T14:15:29","date_gmt":"2025-10-11T12:15:29","guid":{"rendered":"https:\/\/silvereco.org\/doc\/?page_id=44843"},"modified":"2026-01-22T14:10:23","modified_gmt":"2026-01-22T13:10:23","slug":"amn-concept-b12-hall-b","status":"publish","type":"page","link":"https:\/\/silvereco.org\/doc\/amn-concept-b12-hall-b\/","title":{"rendered":"AMN Concept \/ B12 \/ HALL B"},"content":{"rendered":"\n<figure class=\"wp-block-image is-resized\"><img decoding=\"async\" src=\"https:\/\/silvereco.org\/festival\/fr\/wp-content\/medias\/2025\/10\/amnconcept-25.png\" alt=\"\" style=\"width:354px;height:auto\"\/><\/figure>\n\n\n\n<h5 class=\"wp-block-heading\"><\/h5>\n\n\n\n<figure class=\"wp-block-image size-full\"><img loading=\"lazy\" decoding=\"async\" width=\"25\" height=\"24\" src=\"https:\/\/silvereco.org\/doc\/wp-content\/uploads\/2025\/10\/image-109.png\" alt=\"\" class=\"wp-image-45185\"\/><\/figure>\n\n\n\n<p>AMN Concept est une jeune soci\u00e9t\u00e9 innovante, sp\u00e9cialis\u00e9e dans la conception, la fabrication et la diffusion d\u2019aides techniques ergonomiques et d\u2019outils de ludop\u00e9dagogie d\u00e9di\u00e9s notamment, au secteur sanitaire, m\u00e9dico-social et \u00e0 domicile.<\/p>\n\n\n\n<p>Nous sommes les cr\u00e9ateurs de CARL\u00ae \u2013 Coussin d\u2019Aide au Retournement Lat\u00e9ral, un dispositif brevet\u00e9 et certifi\u00e9 CE, r\u00e9compens\u00e9 par le Prix Pr\u00e9ventica 2023 (cat\u00e9gorie pr\u00e9vention des TMS) et nomin\u00e9 aux Solutions Silver Eco 2025. CARL\u00ae est une solution simple, efficace et \u00e9conomique qui soulage le travail des soignants, limite les troubles musculosquelettiques (TMS) et am\u00e9liore le confort des personnes \u00e2g\u00e9es ou en perte d\u2019autonomie. <\/p>\n\n\n\n<p>Au-del\u00e0 des dispositifs techniques, AMN Concept d\u00e9veloppe \u00e9galement des outils p\u00e9dagogiques ludiques pour accompagner la pr\u00e9vention des risques professionnels et la qualit\u00e9 de vie au travail, notamment en EHPAD et \u00e0 domicile. Notre ambition est d\u2019allier innovation, pr\u00e9vention et qualit\u00e9 de vie, en proposant aux \u00e9tablissements et aux professionnels des solutions concr\u00e8tes, accessibles et adapt\u00e9es aux enjeux du grand \u00e2ge.<\/p>\n\n\n\n<figure class=\"wp-block-image size-full\"><img loading=\"lazy\" decoding=\"async\" width=\"25\" height=\"25\" src=\"https:\/\/silvereco.org\/doc\/wp-content\/uploads\/2025\/10\/image-130.png\" alt=\"\" class=\"wp-image-45237\"\/><\/figure>\n\n\n\n<p>AMN Concept is an innovative young company specializing in the design, manufacturing, and distribution of ergonomic assistive devices and playful educational tools dedicated to the healthcare, medico-social, and home care sectors.<\/p>\n\n\n\n<p>The company created CARL\u00ae \u2013 the Lateral Turning Aid Cushion, a patented and CE-certified device that won the 2023 Pr\u00e9ventica Award (in the MSD prevention category) and was nominated for the 2025 Silver Eco Solutions Awards. CARL\u00ae is a simple, effective, and cost-efficient solution that eases caregivers\u2019 work, helps prevent musculoskeletal disorders (MSDs), and improves comfort for older adults or individuals with reduced mobility.<\/p>\n\n\n\n<p>Beyond technical devices, AMN Concept also develops engaging educational tools to promote occupational risk prevention and quality of life at work, particularly in nursing homes and home care settings. Its ambition is to combine innovation, prevention, and wellbeing by providing professionals and institutions with practical, accessible, and tailored solutions to the challenges of ageing care.<\/p>\n\n\n\n<p><strong>Mots Clefs :<\/strong><br>Silver \u00c9conomie \u2013 Innovation \u2013 Dignit\u00e9 \u2013 Respect \u2013 Confort des personnes \u00e2g\u00e9es \u2013 Ergonomie \u2013 Aides techniques \u2013 EHPAD \u2013 Domicile \u2013 Qualit\u00e9 de vie et conditions de travail (QVCT) \u2013 Qualit\u00e9 de l\u2019accompagnement \u2013 Ludop\u00e9dagogie \u2013 Bien vieillir<\/p>\n\n\n\n<p><strong>KeyWords :<\/strong><br>Silver Economy \u2013 Innovation \u2013 Dignity \u2013 Respect \u2013 Comfort for older people \u2013 Ergonomics \u2013 Assistive technologies \u2013 Nursing homes \u2013 Home care \u2013 Quality of life and working conditions (QLWC) \u2013 Quality of care \u2013 Playful pedagogy \u2013 Ageing well<\/p>\n\n\n\n<p><strong>SilverEco Congr\u00e8s \/ Summits :<\/strong><br>Living at Home Summit \u2013 le Congr\u00e8s Bien-vieillir chez soi<br>Nursing Home Summit \u2013 le Congr\u00e8s EHPAD, RSS et h\u00e9bergement collectif<br>Yes We Care Summit \u2013 le Congr\u00e8s de l\u2019aide aux aidants<\/p>\n\n\n\n<p><strong>Contact :<\/strong><br>20Bis rue Joseph Rainard \/ Arles \/ 13200 \/ France<br>+33 6 98 96 45 85<br>nathalie.vancelst.amncf@gmail.com<br><a href=\"https:\/\/amn-concept.com\/\">Website<\/a><\/p>\n","protected":false},"excerpt":{"rendered":"<p>AMN Concept est une jeune soci\u00e9t\u00e9 innovante, sp\u00e9cialis\u00e9e dans la conception, la fabrication et la diffusion d\u2019aides techniques ergonomiques et d\u2019outils de ludop\u00e9dagogie d\u00e9di\u00e9s notamment, au secteur sanitaire, m\u00e9dico-social et \u00e0 domicile. Nous sommes les cr\u00e9ateurs de CARL\u00ae \u2013 Coussin d\u2019Aide au Retournement Lat\u00e9ral, un dispositif brevet\u00e9 et certifi\u00e9 CE, r\u00e9compens\u00e9 par le Prix Pr\u00e9ventica [&hellip;]<\/p>\n","protected":false},"author":639,"featured_media":0,"parent":0,"menu_order":0,"comment_status":"closed","ping_status":"closed","template":"","meta":{"site-sidebar-layout":"default","site-content-layout":"","ast-site-content-layout":"default","site-content-style":"default","site-sidebar-style":"default","ast-global-header-display":"","ast-banner-title-visibility":"","ast-main-header-display":"","ast-hfb-above-header-display":"","ast-hfb-below-header-display":"","ast-hfb-mobile-header-display":"","site-post-title":"","ast-breadcrumbs-content":"","ast-featured-img":"","footer-sml-layout":"","ast-disable-related-posts":"","theme-transparent-header-meta":"","adv-header-id-meta":"","stick-header-meta":"","header-above-stick-meta":"","header-main-stick-meta":"","header-below-stick-meta":"","astra-migrate-meta-layouts":"set","ast-page-background-enabled":"default","ast-page-background-meta":{"desktop":{"background-color":"var(--ast-global-color-4)","background-image":"","background-repeat":"repeat","background-position":"center center","background-size":"auto","background-attachment":"scroll","background-type":"","background-media":"","overlay-type":"","overlay-color":"","overlay-opacity":"","overlay-gradient":""},"tablet":{"background-color":"","background-image":"","background-repeat":"repeat","background-position":"center center","background-size":"auto","background-attachment":"scroll","background-type":"","background-media":"","overlay-type":"","overlay-color":"","overlay-opacity":"","overlay-gradient":""},"mobile":{"background-color":"","background-image":"","background-repeat":"repeat","background-position":"center center","background-size":"auto","background-attachment":"scroll","background-type":"","background-media":"","overlay-type":"","overlay-color":"","overlay-opacity":"","overlay-gradient":""}},"ast-content-background-meta":{"desktop":{"background-color":"var(--ast-global-color-5)","background-image":"","background-repeat":"repeat","background-position":"center center","background-size":"auto","background-attachment":"scroll","background-type":"","background-media":"","overlay-type":"","overlay-color":"","overlay-opacity":"","overlay-gradient":""},"tablet":{"background-color":"var(--ast-global-color-5)","background-image":"","background-repeat":"repeat","background-position":"center center","background-size":"auto","background-attachment":"scroll","background-type":"","background-media":"","overlay-type":"","overlay-color":"","overlay-opacity":"","overlay-gradient":""},"mobile":{"background-color":"var(--ast-global-color-5)","background-image":"","background-repeat":"repeat","background-position":"center center","background-size":"auto","background-attachment":"scroll","background-type":"","background-media":"","overlay-type":"","overlay-color":"","overlay-opacity":"","overlay-gradient":""}},"footnotes":""},"class_list":["post-44843","page","type-page","status-publish","hentry"],"_links":{"self":[{"href":"https:\/\/silvereco.org\/doc\/wp-json\/wp\/v2\/pages\/44843","targetHints":{"allow":["GET"]}}],"collection":[{"href":"https:\/\/silvereco.org\/doc\/wp-json\/wp\/v2\/pages"}],"about":[{"href":"https:\/\/silvereco.org\/doc\/wp-json\/wp\/v2\/types\/page"}],"author":[{"embeddable":true,"href":"https:\/\/silvereco.org\/doc\/wp-json\/wp\/v2\/users\/639"}],"replies":[{"embeddable":true,"href":"https:\/\/silvereco.org\/doc\/wp-json\/wp\/v2\/comments?post=44843"}],"version-history":[{"count":5,"href":"https:\/\/silvereco.org\/doc\/wp-json\/wp\/v2\/pages\/44843\/revisions"}],"predecessor-version":[{"id":45564,"href":"https:\/\/silvereco.org\/doc\/wp-json\/wp\/v2\/pages\/44843\/revisions\/45564"}],"wp:attachment":[{"href":"https:\/\/silvereco.org\/doc\/wp-json\/wp\/v2\/media?parent=44843"}],"curies":[{"name":"wp","href":"https:\/\/api.w.org\/{rel}","templated":true}]}}