{"id":44841,"date":"2025-10-11T14:13:57","date_gmt":"2025-10-11T12:13:57","guid":{"rendered":"https:\/\/silvereco.org\/doc\/?page_id=44841"},"modified":"2026-01-22T14:10:46","modified_gmt":"2026-01-22T13:10:46","slug":"robloc-b7-hall-b","status":"publish","type":"page","link":"https:\/\/silvereco.org\/doc\/robloc-b7-hall-b\/","title":{"rendered":"Robloc \/ B7 \/ HALL B"},"content":{"rendered":"\n<figure class=\"wp-block-image is-resized\"><img decoding=\"async\" src=\"https:\/\/silvereco.org\/festival\/fr\/wp-content\/medias\/2025\/10\/robloc-25.png\" alt=\"\" style=\"width:307px;height:auto\"\/><\/figure>\n\n\n\n<h5 class=\"wp-block-heading\"><\/h5>\n\n\n\n<figure class=\"wp-block-image size-full\"><img loading=\"lazy\" decoding=\"async\" width=\"25\" height=\"24\" src=\"https:\/\/silvereco.org\/doc\/wp-content\/uploads\/2025\/10\/image-111.png\" alt=\"\" class=\"wp-image-45187\"\/><\/figure>\n\n\n\n<p>Robloc est le sp\u00e9cialiste du leasing de robots de service pour les \u00e9tablissements professionnels. Nous accompagnons les EHPAD, cliniques, \u00e9tablissements de sant\u00e9 et collectivit\u00e9s dans la modernisation de leurs services gr\u00e2ce \u00e0 des solutions robotiques adapt\u00e9es, accessibles et performantes.<\/p>\n\n\n\n<p>Notre expertise : proposer des robots de nettoyage de sols, des robots serveurs et des robots d\u2019accueil et de communication, le tout en leasing, afin de faciliter l\u2019investissement et r\u00e9duire les co\u00fbts de fonctionnement.<\/p>\n\n\n\n<p>Les avantages pour les structures :<br>&#8211; R\u00e9duire les co\u00fbts de fonctionnement tout en am\u00e9liorant la qualit\u00e9 du service rendu aux r\u00e9sidents et patients.<br>&#8211; R\u00e9pondre aux enjeux RH face \u00e0 la p\u00e9nurie de main-d\u2019\u0153uvre, en d\u00e9chargeant le personnel des t\u00e2ches r\u00e9p\u00e9titives et p\u00e9nibles.<br>&#8211; Am\u00e9liorer l\u2019hygi\u00e8ne et la s\u00e9curit\u00e9 avec des robots de nettoyage autonomes (comme le Pudu CC1).<br>&#8211; Acc\u00e9der \u00e0 l\u2019innovation sans contrainte gr\u00e2ce au mod\u00e8le de leasing flexible et transparent.<\/p>\n\n\n\n<p>Lors du Festival SilverEco, Robloc mettra en avant son offre d\u00e9di\u00e9e aux EHPAD et \u00e9tablissements de sant\u00e9 : des robots de nettoyage en leasing, qui permettent jusqu\u2019\u00e0 40% de ROI et une am\u00e9lioration mesurable de la qualit\u00e9 de vie des \u00e9quipes comme des r\u00e9sidents.<\/p>\n\n\n\n<p>Nous proposons \u00e9galement un audit gratuit des co\u00fbts de fonctionnement pour identifier les \u00e9conomies potentielles et accompagner les directions dans leur strat\u00e9gie de modernisation.<\/p>\n\n\n\n<p>Venez d\u00e9couvrir nos solutions sur notre stand, tester nos robots en d\u00e9mo, et \u00e9changer sur vos projets.<\/p>\n\n\n\n<figure class=\"wp-block-image size-full\"><img loading=\"lazy\" decoding=\"async\" width=\"25\" height=\"25\" src=\"https:\/\/silvereco.org\/doc\/wp-content\/uploads\/2025\/10\/image-132.png\" alt=\"\" class=\"wp-image-45241\"\/><\/figure>\n\n\n\n<p>Robloc is a specialist in leasing service robots for professional facilities. It supports nursing homes, clinics, healthcare institutions, and local authorities in modernizing their services with accessible, efficient, and tailored robotic solutions.<\/p>\n\n\n\n<p>Its expertise includes providing floor-cleaning robots, serving robots, and reception or communication robots \u2014 all available through leasing to make investment easier and reduce operational costs.<\/p>\n\n\n\n<p>For organizations, the benefits are clear:<br>\u2013 Lower operating costs while improving service quality for residents and patients.<br>\u2013 Address HR challenges linked to staff shortages by freeing employees from repetitive and physically demanding tasks.<br>\u2013 Improve hygiene and safety with autonomous cleaning robots such as the Pudu CC1.<br>\u2013 Access innovation without constraints thanks to a flexible and transparent leasing model.<\/p>\n\n\n\n<p>At the SilverEco Festival, Robloc will showcase its offer dedicated to nursing homes and healthcare facilities \u2014 leasing cleaning robots that deliver up to 40% ROI and measurable improvements in the wellbeing of both staff and residents. The company also provides a free operational cost audit to identify potential savings and help management teams shape their modernization strategies. Visitors are invited to discover the solutions at their booth, test the robots in live demos, and discuss their projects.<\/p>\n\n\n\n<p><strong>Mots Clefs :<\/strong><br>leasing robotique , robots de nettoyage, EHPAD innovants, optimisation des co\u00fbts, innovation sant\u00e9, efficacit\u00e9 op\u00e9rationnelle<\/p>\n\n\n\n<p><strong>KeyWords :<\/strong><br>Robotic leasing, cleaning robots, innovative nursing homes, cost optimization, health innovation, operational efficiency.<\/p>\n\n\n\n<p><strong>SilverEco Congr\u00e8s \/ Summits :<\/strong><br>Nursing Home Summit \u2013 le Congr\u00e8s EHPAD, RSS et h\u00e9bergement collectif<br>SilverTech Summit \u2013 le Congr\u00e8s des technologies pour l\u2019autonomie<br>Yes We Care Summit \u2013 le Congr\u00e8s de l\u2019aide aux aidants<\/p>\n\n\n\n<p><strong>Contact :<\/strong><br>1 avenue des romains 74000 Annecy \u2013 France<br>+33 6 11 68 72 50<br>charles.justal@robloc.fr<br><a href=\"https:\/\/www.robloc.fr\/\">Website<\/a><\/p>\n","protected":false},"excerpt":{"rendered":"<p>Robloc est le sp\u00e9cialiste du leasing de robots de service pour les \u00e9tablissements professionnels. Nous accompagnons les EHPAD, cliniques, \u00e9tablissements de sant\u00e9 et collectivit\u00e9s dans la modernisation de leurs services gr\u00e2ce \u00e0 des solutions robotiques adapt\u00e9es, accessibles et performantes. Notre expertise : proposer des robots de nettoyage de sols, des robots serveurs et des robots [&hellip;]<\/p>\n","protected":false},"author":639,"featured_media":0,"parent":0,"menu_order":0,"comment_status":"closed","ping_status":"closed","template":"","meta":{"site-sidebar-layout":"default","site-content-layout":"","ast-site-content-layout":"default","site-content-style":"default","site-sidebar-style":"default","ast-global-header-display":"","ast-banner-title-visibility":"","ast-main-header-display":"","ast-hfb-above-header-display":"","ast-hfb-below-header-display":"","ast-hfb-mobile-header-display":"","site-post-title":"","ast-breadcrumbs-content":"","ast-featured-img":"","footer-sml-layout":"","ast-disable-related-posts":"","theme-transparent-header-meta":"","adv-header-id-meta":"","stick-header-meta":"","header-above-stick-meta":"","header-main-stick-meta":"","header-below-stick-meta":"","astra-migrate-meta-layouts":"set","ast-page-background-enabled":"default","ast-page-background-meta":{"desktop":{"background-color":"var(--ast-global-color-4)","background-image":"","background-repeat":"repeat","background-position":"center center","background-size":"auto","background-attachment":"scroll","background-type":"","background-media":"","overlay-type":"","overlay-color":"","overlay-opacity":"","overlay-gradient":""},"tablet":{"background-color":"","background-image":"","background-repeat":"repeat","background-position":"center center","background-size":"auto","background-attachment":"scroll","background-type":"","background-media":"","overlay-type":"","overlay-color":"","overlay-opacity":"","overlay-gradient":""},"mobile":{"background-color":"","background-image":"","background-repeat":"repeat","background-position":"center center","background-size":"auto","background-attachment":"scroll","background-type":"","background-media":"","overlay-type":"","overlay-color":"","overlay-opacity":"","overlay-gradient":""}},"ast-content-background-meta":{"desktop":{"background-color":"var(--ast-global-color-5)","background-image":"","background-repeat":"repeat","background-position":"center center","background-size":"auto","background-attachment":"scroll","background-type":"","background-media":"","overlay-type":"","overlay-color":"","overlay-opacity":"","overlay-gradient":""},"tablet":{"background-color":"var(--ast-global-color-5)","background-image":"","background-repeat":"repeat","background-position":"center center","background-size":"auto","background-attachment":"scroll","background-type":"","background-media":"","overlay-type":"","overlay-color":"","overlay-opacity":"","overlay-gradient":""},"mobile":{"background-color":"var(--ast-global-color-5)","background-image":"","background-repeat":"repeat","background-position":"center center","background-size":"auto","background-attachment":"scroll","background-type":"","background-media":"","overlay-type":"","overlay-color":"","overlay-opacity":"","overlay-gradient":""}},"footnotes":""},"class_list":["post-44841","page","type-page","status-publish","hentry"],"_links":{"self":[{"href":"https:\/\/silvereco.org\/doc\/wp-json\/wp\/v2\/pages\/44841","targetHints":{"allow":["GET"]}}],"collection":[{"href":"https:\/\/silvereco.org\/doc\/wp-json\/wp\/v2\/pages"}],"about":[{"href":"https:\/\/silvereco.org\/doc\/wp-json\/wp\/v2\/types\/page"}],"author":[{"embeddable":true,"href":"https:\/\/silvereco.org\/doc\/wp-json\/wp\/v2\/users\/639"}],"replies":[{"embeddable":true,"href":"https:\/\/silvereco.org\/doc\/wp-json\/wp\/v2\/comments?post=44841"}],"version-history":[{"count":4,"href":"https:\/\/silvereco.org\/doc\/wp-json\/wp\/v2\/pages\/44841\/revisions"}],"predecessor-version":[{"id":45658,"href":"https:\/\/silvereco.org\/doc\/wp-json\/wp\/v2\/pages\/44841\/revisions\/45658"}],"wp:attachment":[{"href":"https:\/\/silvereco.org\/doc\/wp-json\/wp\/v2\/media?parent=44841"}],"curies":[{"name":"wp","href":"https:\/\/api.w.org\/{rel}","templated":true}]}}