{"id":44840,"date":"2025-10-11T14:12:20","date_gmt":"2025-10-11T12:12:20","guid":{"rendered":"https:\/\/silvereco.org\/doc\/?page_id=44840"},"modified":"2026-01-22T14:10:23","modified_gmt":"2026-01-22T13:10:23","slug":"belavie-a3-hall-a","status":"publish","type":"page","link":"https:\/\/silvereco.org\/doc\/belavie-a3-hall-a\/","title":{"rendered":"BelAvie \/ A3 \/ HALL A"},"content":{"rendered":"\n<figure class=\"wp-block-image is-resized\"><img decoding=\"async\" src=\"https:\/\/silvereco.org\/festival\/fr\/wp-content\/medias\/2025\/10\/belavie-25.png\" alt=\"\" style=\"width:312px;height:auto\"\/><\/figure>\n\n\n\n<h5 class=\"wp-block-heading\"><\/h5>\n\n\n\n<figure class=\"wp-block-image size-full\"><img loading=\"lazy\" decoding=\"async\" width=\"25\" height=\"24\" src=\"https:\/\/silvereco.org\/doc\/wp-content\/uploads\/2025\/10\/image-112.png\" alt=\"\" class=\"wp-image-45191\"\/><\/figure>\n\n\n\n<p>Bel\u2019Avie est une entreprise fond\u00e9e en 2016 bas\u00e9e sur Ivry sur Seine (\u00cele\u2011de\u2011France).<\/p>\n\n\n\n<p>Sa mission : permettre aux seniors et aux personnes en situation de handicap de vivre en autonomie et en s\u00e9curit\u00e9 \u00e0 domicile. Elle agit comme op\u00e9rateur d\u2019Assistance \u00e0 Ma\u00eetrise d\u2019Ouvrage (AMO) sp\u00e9cialis\u00e9 dans l\u2019adaptation des logements, c\u2019est\u2011\u00e0\u2011dire qu\u2019elle accompagne de bout en bout les projets d\u2019adaptation de logement : diagnostic, financement, travaux, suivi. Bel\u2019Avie est une entreprise habilit\u00e9e par l\u2019\u00c9tat pour certains dispositifs comme MaPrimeAdapt\u2019 (via l\u2019ANAH), par des caisses de retraite, conseils d\u00e9partementaux, etc. Bel\u2019Avie ne fabrique pas de mat\u00e9riel physique majeur innovant, mais innove surtout sur les services, l\u2019accompagnement, les processus, pour lever les freins (administratifs, techniques, financiers). <\/p>\n\n\n\n<p>Voici les principaux leviers d\u2019innovation qu\u2019elle utilise : <br>\u2013 Simulateur et outils d\u2019\u00e9ligibilit\u00e9 <br>\u2013 Logiciel de suivi de missions <br>\u2013 R\u00e9seau professionnel structur\u00e9 <br>\u2013 Accompagnement complet \/ service cl\u00e9 en main <br>\u2013 R\u00e9activit\u00e9 et simplification administrative <br>\u2013 Financements et aides publiques <br>\u2013 Impact social mesur\u00e9 et chiffr\u00e9s <\/p>\n\n\n\n<p>Les actions \u00e0 mettre en avant : <br>\u2013 Humanisation de l\u2019exp\u00e9rience <br>\u2013 Simplification administrative <br>\u2013 Expertise et r\u00e9seau <br>\u2013 Effet sur le territoire \/ inclusion <br>\u2013 Innovation par les services<\/p>\n\n\n\n<figure class=\"wp-block-image size-full\"><img loading=\"lazy\" decoding=\"async\" width=\"25\" height=\"25\" src=\"https:\/\/silvereco.org\/doc\/wp-content\/uploads\/2025\/10\/image-133.png\" alt=\"\" class=\"wp-image-45243\"\/><\/figure>\n\n\n\n<p>Bel\u2019Avie is a company founded in 2016 and based in Ivry-sur-Seine (\u00cele-de-France).<\/p>\n\n\n\n<p>Its mission is to help seniors and people with disabilities live independently and safely at home. Acting as a project management assistance operator (AMO) specialized in home adaptation, Bel\u2019Avie supports every step of the process \u2014 from assessment and financing to renovation and follow-up. The company is authorized by the French State for programs such as MaPrimeAdapt\u2019 (via ANAH), as well as by pension funds and local authorities. Bel\u2019Avie does not produce major physical equipment but innovates through its services, guidance, and processes to remove administrative, technical, and financial barriers to home adaptation.<\/p>\n\n\n\n<p><strong>Mots Clefs :<\/strong><br>Assistant \u00e0 Maitrise d\u2019Ouvrage \u2013 Am\u00e9nagement de domicile \u2013 Ma Prime Adapt \u2013 Maintien \u00e0 domicile \u2013 Handicap \u2013 Vieillissement \u2013 Ergoth\u00e9rapie \u2013 Service cl\u00e9 en main \u2013 Simplification administrative \u2013 R\u00e9seau de professionnels<\/p>\n\n\n\n<p><strong>KeyWords :<\/strong><br>Project Management Assistance \u2013 Home Adaptation \u2013 Ma Prime Adapt \u2013 Ageing in Place \u2013 Disability \u2013 Ageing \u2013 Occupational Therapy \u2013 Turnkey Service \u2013 Administrative Simplification \u2013 Network of Professionals<\/p>\n\n\n\n<p><strong>SilverEco Congr\u00e8s \/ Summits :<\/strong><br>Living at Home Summit \u2013 le Congr\u00e8s Bien-vieillir chez soi<\/p>\n\n\n\n<p><strong>Contact :<\/strong><br>54 rue Moli\u00e8re 94200 Ivry sur Seine \u2013 France<br>+33 6 62 94 05 51<br>aurelie.zimmermann@bel-avie.com<br><a href=\"https:\/\/bel-avie.com\/\">Website<\/a><\/p>\n","protected":false},"excerpt":{"rendered":"<p>Bel\u2019Avie est une entreprise fond\u00e9e en 2016 bas\u00e9e sur Ivry sur Seine (\u00cele\u2011de\u2011France). Sa mission : permettre aux seniors et aux personnes en situation de handicap de vivre en autonomie et en s\u00e9curit\u00e9 \u00e0 domicile. Elle agit comme op\u00e9rateur d\u2019Assistance \u00e0 Ma\u00eetrise d\u2019Ouvrage (AMO) sp\u00e9cialis\u00e9 dans l\u2019adaptation des logements, c\u2019est\u2011\u00e0\u2011dire qu\u2019elle accompagne de bout en [&hellip;]<\/p>\n","protected":false},"author":639,"featured_media":0,"parent":0,"menu_order":0,"comment_status":"closed","ping_status":"closed","template":"","meta":{"site-sidebar-layout":"default","site-content-layout":"","ast-site-content-layout":"default","site-content-style":"default","site-sidebar-style":"default","ast-global-header-display":"","ast-banner-title-visibility":"","ast-main-header-display":"","ast-hfb-above-header-display":"","ast-hfb-below-header-display":"","ast-hfb-mobile-header-display":"","site-post-title":"","ast-breadcrumbs-content":"","ast-featured-img":"","footer-sml-layout":"","ast-disable-related-posts":"","theme-transparent-header-meta":"","adv-header-id-meta":"","stick-header-meta":"","header-above-stick-meta":"","header-main-stick-meta":"","header-below-stick-meta":"","astra-migrate-meta-layouts":"set","ast-page-background-enabled":"default","ast-page-background-meta":{"desktop":{"background-color":"var(--ast-global-color-4)","background-image":"","background-repeat":"repeat","background-position":"center center","background-size":"auto","background-attachment":"scroll","background-type":"","background-media":"","overlay-type":"","overlay-color":"","overlay-opacity":"","overlay-gradient":""},"tablet":{"background-color":"","background-image":"","background-repeat":"repeat","background-position":"center center","background-size":"auto","background-attachment":"scroll","background-type":"","background-media":"","overlay-type":"","overlay-color":"","overlay-opacity":"","overlay-gradient":""},"mobile":{"background-color":"","background-image":"","background-repeat":"repeat","background-position":"center center","background-size":"auto","background-attachment":"scroll","background-type":"","background-media":"","overlay-type":"","overlay-color":"","overlay-opacity":"","overlay-gradient":""}},"ast-content-background-meta":{"desktop":{"background-color":"var(--ast-global-color-5)","background-image":"","background-repeat":"repeat","background-position":"center center","background-size":"auto","background-attachment":"scroll","background-type":"","background-media":"","overlay-type":"","overlay-color":"","overlay-opacity":"","overlay-gradient":""},"tablet":{"background-color":"var(--ast-global-color-5)","background-image":"","background-repeat":"repeat","background-position":"center center","background-size":"auto","background-attachment":"scroll","background-type":"","background-media":"","overlay-type":"","overlay-color":"","overlay-opacity":"","overlay-gradient":""},"mobile":{"background-color":"var(--ast-global-color-5)","background-image":"","background-repeat":"repeat","background-position":"center center","background-size":"auto","background-attachment":"scroll","background-type":"","background-media":"","overlay-type":"","overlay-color":"","overlay-opacity":"","overlay-gradient":""}},"footnotes":""},"class_list":["post-44840","page","type-page","status-publish","hentry"],"_links":{"self":[{"href":"https:\/\/silvereco.org\/doc\/wp-json\/wp\/v2\/pages\/44840","targetHints":{"allow":["GET"]}}],"collection":[{"href":"https:\/\/silvereco.org\/doc\/wp-json\/wp\/v2\/pages"}],"about":[{"href":"https:\/\/silvereco.org\/doc\/wp-json\/wp\/v2\/types\/page"}],"author":[{"embeddable":true,"href":"https:\/\/silvereco.org\/doc\/wp-json\/wp\/v2\/users\/639"}],"replies":[{"embeddable":true,"href":"https:\/\/silvereco.org\/doc\/wp-json\/wp\/v2\/comments?post=44840"}],"version-history":[{"count":5,"href":"https:\/\/silvereco.org\/doc\/wp-json\/wp\/v2\/pages\/44840\/revisions"}],"predecessor-version":[{"id":45585,"href":"https:\/\/silvereco.org\/doc\/wp-json\/wp\/v2\/pages\/44840\/revisions\/45585"}],"wp:attachment":[{"href":"https:\/\/silvereco.org\/doc\/wp-json\/wp\/v2\/media?parent=44840"}],"curies":[{"name":"wp","href":"https:\/\/api.w.org\/{rel}","templated":true}]}}