{"id":44839,"date":"2025-10-11T14:10:58","date_gmt":"2025-10-11T12:10:58","guid":{"rendered":"https:\/\/silvereco.org\/doc\/?page_id=44839"},"modified":"2026-01-22T14:10:46","modified_gmt":"2026-01-22T13:10:46","slug":"roule-ma-poule-c41-hallc","status":"publish","type":"page","link":"https:\/\/silvereco.org\/doc\/roule-ma-poule-c41-hallc\/","title":{"rendered":"Roule ma Poule \/ C41 \/ HALLC"},"content":{"rendered":"\n<figure class=\"wp-block-image is-resized\"><img decoding=\"async\" src=\"https:\/\/silvereco.org\/festival\/fr\/wp-content\/medias\/2025\/10\/roulemapoule-25.png\" alt=\"\" style=\"width:319px;height:auto\"\/><\/figure>\n\n\n\n<h5 class=\"wp-block-heading\"><\/h5>\n\n\n\n<figure class=\"wp-block-image size-full\"><img loading=\"lazy\" decoding=\"async\" width=\"25\" height=\"24\" src=\"https:\/\/silvereco.org\/doc\/wp-content\/uploads\/2025\/10\/image-113.png\" alt=\"\" class=\"wp-image-45195\"\/><\/figure>\n\n\n\n<p>Roule ma Poule est une startup qui lutte contre la s\u00e9dentarit\u00e9 des seniors vivant en maisons de retraite, gr\u00e2ce \u00e0 un ensemble de solutions connect\u00e9es, m\u00ealant jeux vid\u00e9o et activit\u00e9 physique.<\/p>\n\n\n\n<p>Notre solution transforme les \u00e9quipements sportifs des r\u00e9sidences (p\u00e9dalier d\u2019appartement, v\u00e9lo d\u2019appartement, etc), souvent peu utilis\u00e9s, en outils ludiques pour des animations engageantes et stimulantes.<\/p>\n\n\n\n<figure class=\"wp-block-image size-full\"><img loading=\"lazy\" decoding=\"async\" width=\"25\" height=\"25\" src=\"https:\/\/silvereco.org\/doc\/wp-content\/uploads\/2025\/10\/image-134.png\" alt=\"\" class=\"wp-image-45245\"\/><\/figure>\n\n\n\n<p>Roule ma Poule is a startup combating sedentary lifestyles among seniors living in care homes through a set of connected solutions that combine video games with physical activity.<\/p>\n\n\n\n<p>Its technology transforms underused exercise equipment \u2014 such as pedal trainers and stationary bikes \u2014 into fun, interactive tools that encourage engaging and motivating physical sessions for older adults.<\/p>\n\n\n\n<p><strong>Mots Clefs :<\/strong><br>Exergame \/ Jeux vid\u00e9o \/ Sport \/ Activit\u00e9 physique \/ R\u00e9sidence seniors \/ Motivation<\/p>\n\n\n\n<p><strong>KeyWords :<\/strong><br>Exergame, Video games, Sport, Physical activity, Senior residence, Motivation.<\/p>\n\n\n\n<p><strong>SilverEco Congr\u00e8s \/ Summits :<\/strong><br>Living at Home Summit \u2013 le Congr\u00e8s Bien-vieillir chez soi<br>Nursing Home Summit \u2013 le Congr\u00e8s EHPAD, RSS et h\u00e9bergement collectif<br>SilverTech Summit \u2013 le Congr\u00e8s des technologies pour l\u2019autonomie<br>Healthy Ageing Summit \u2013 le Congr\u00e8s Sant\u00e9 e-Sant\u00e9<\/p>\n\n\n\n<p><strong>Contact :<\/strong><br>17 rue Claude Bloch\/ Caen\/ 14000\/ France<br>+33 6 98 76 43 41<br>contact@roulemapoule.io<br><a href=\"https:\/\/roulemapoule.io\/\">Website<\/a><\/p>\n","protected":false},"excerpt":{"rendered":"<p>Roule ma Poule est une startup qui lutte contre la s\u00e9dentarit\u00e9 des seniors vivant en maisons de retraite, gr\u00e2ce \u00e0 un ensemble de solutions connect\u00e9es, m\u00ealant jeux vid\u00e9o et activit\u00e9 physique. Notre solution transforme les \u00e9quipements sportifs des r\u00e9sidences (p\u00e9dalier d\u2019appartement, v\u00e9lo d\u2019appartement, etc), souvent peu utilis\u00e9s, en outils ludiques pour des animations engageantes et [&hellip;]<\/p>\n","protected":false},"author":639,"featured_media":0,"parent":0,"menu_order":0,"comment_status":"closed","ping_status":"closed","template":"","meta":{"site-sidebar-layout":"default","site-content-layout":"","ast-site-content-layout":"default","site-content-style":"default","site-sidebar-style":"default","ast-global-header-display":"","ast-banner-title-visibility":"","ast-main-header-display":"","ast-hfb-above-header-display":"","ast-hfb-below-header-display":"","ast-hfb-mobile-header-display":"","site-post-title":"","ast-breadcrumbs-content":"","ast-featured-img":"","footer-sml-layout":"","ast-disable-related-posts":"","theme-transparent-header-meta":"","adv-header-id-meta":"","stick-header-meta":"","header-above-stick-meta":"","header-main-stick-meta":"","header-below-stick-meta":"","astra-migrate-meta-layouts":"set","ast-page-background-enabled":"default","ast-page-background-meta":{"desktop":{"background-color":"var(--ast-global-color-4)","background-image":"","background-repeat":"repeat","background-position":"center center","background-size":"auto","background-attachment":"scroll","background-type":"","background-media":"","overlay-type":"","overlay-color":"","overlay-opacity":"","overlay-gradient":""},"tablet":{"background-color":"","background-image":"","background-repeat":"repeat","background-position":"center center","background-size":"auto","background-attachment":"scroll","background-type":"","background-media":"","overlay-type":"","overlay-color":"","overlay-opacity":"","overlay-gradient":""},"mobile":{"background-color":"","background-image":"","background-repeat":"repeat","background-position":"center center","background-size":"auto","background-attachment":"scroll","background-type":"","background-media":"","overlay-type":"","overlay-color":"","overlay-opacity":"","overlay-gradient":""}},"ast-content-background-meta":{"desktop":{"background-color":"var(--ast-global-color-5)","background-image":"","background-repeat":"repeat","background-position":"center center","background-size":"auto","background-attachment":"scroll","background-type":"","background-media":"","overlay-type":"","overlay-color":"","overlay-opacity":"","overlay-gradient":""},"tablet":{"background-color":"var(--ast-global-color-5)","background-image":"","background-repeat":"repeat","background-position":"center center","background-size":"auto","background-attachment":"scroll","background-type":"","background-media":"","overlay-type":"","overlay-color":"","overlay-opacity":"","overlay-gradient":""},"mobile":{"background-color":"var(--ast-global-color-5)","background-image":"","background-repeat":"repeat","background-position":"center center","background-size":"auto","background-attachment":"scroll","background-type":"","background-media":"","overlay-type":"","overlay-color":"","overlay-opacity":"","overlay-gradient":""}},"footnotes":""},"class_list":["post-44839","page","type-page","status-publish","hentry"],"_links":{"self":[{"href":"https:\/\/silvereco.org\/doc\/wp-json\/wp\/v2\/pages\/44839","targetHints":{"allow":["GET"]}}],"collection":[{"href":"https:\/\/silvereco.org\/doc\/wp-json\/wp\/v2\/pages"}],"about":[{"href":"https:\/\/silvereco.org\/doc\/wp-json\/wp\/v2\/types\/page"}],"author":[{"embeddable":true,"href":"https:\/\/silvereco.org\/doc\/wp-json\/wp\/v2\/users\/639"}],"replies":[{"embeddable":true,"href":"https:\/\/silvereco.org\/doc\/wp-json\/wp\/v2\/comments?post=44839"}],"version-history":[{"count":4,"href":"https:\/\/silvereco.org\/doc\/wp-json\/wp\/v2\/pages\/44839\/revisions"}],"predecessor-version":[{"id":45657,"href":"https:\/\/silvereco.org\/doc\/wp-json\/wp\/v2\/pages\/44839\/revisions\/45657"}],"wp:attachment":[{"href":"https:\/\/silvereco.org\/doc\/wp-json\/wp\/v2\/media?parent=44839"}],"curies":[{"name":"wp","href":"https:\/\/api.w.org\/{rel}","templated":true}]}}