{"id":44838,"date":"2025-10-11T14:10:35","date_gmt":"2025-10-11T12:10:35","guid":{"rendered":"https:\/\/silvereco.org\/doc\/?page_id=44838"},"modified":"2026-01-22T14:10:45","modified_gmt":"2026-01-22T13:10:45","slug":"missia-c34-hallc","status":"publish","type":"page","link":"https:\/\/silvereco.org\/doc\/missia-c34-hallc\/","title":{"rendered":"Missia \/ C34 \/ HALLC"},"content":{"rendered":"\n<figure class=\"wp-block-image is-resized\"><img decoding=\"async\" src=\"https:\/\/silvereco.org\/festival\/fr\/wp-content\/medias\/2025\/10\/missia-25.png\" alt=\"\" style=\"width:532px;height:auto\"\/><\/figure>\n\n\n\n<h5 class=\"wp-block-heading\"><\/h5>\n\n\n\n<figure class=\"wp-block-image size-full\"><img loading=\"lazy\" decoding=\"async\" width=\"25\" height=\"24\" src=\"https:\/\/silvereco.org\/doc\/wp-content\/uploads\/2025\/10\/image-114.png\" alt=\"\" class=\"wp-image-45198\"\/><\/figure>\n\n\n\n<p>MISSIA est une solution discr\u00e8te et efficace pens\u00e9e pour accompagner les professionnels de soins \u00e0 domicile dans leur mission quotidienne.<\/p>\n\n\n\n<p>Gr\u00e2ce \u00e0 l\u2019intelligence artificielle, MISSIA d\u00e9tecte et analyse les signaux subtils du quotidien pouvant r\u00e9v\u00e9ler une d\u00e9gradation de l\u2019\u00e9tat de sant\u00e9 ou une perte d\u2019autonomie. Les soignants acc\u00e8dent ainsi rapidement aux informations pertinentes, ce qui leur permet d\u2019optimiser leurs interventions, de prioriser les actions n\u00e9cessaires et d\u2019assurer un meilleur suivi personnalis\u00e9. Pour les patients, cela se traduit par un soutien renforc\u00e9 de leur autonomie, une meilleure pr\u00e9vention des risques et une prise en charge plus r\u00e9active, tout en garantissant le respect strict de leur vie priv\u00e9e.<\/p>\n\n\n\n<figure class=\"wp-block-image size-full\"><img loading=\"lazy\" decoding=\"async\" width=\"25\" height=\"25\" src=\"https:\/\/silvereco.org\/doc\/wp-content\/uploads\/2025\/10\/image-135.png\" alt=\"\" class=\"wp-image-45247\"\/><\/figure>\n\n\n\n<p>MISSIA is a discreet and efficient solution designed to support home care professionals in their daily work.<\/p>\n\n\n\n<p>Using artificial intelligence, MISSIA detects and analyzes subtle everyday signals that may indicate a decline in health or loss of autonomy. Caregivers can quickly access relevant information, allowing them to optimize interventions, prioritize actions, and ensure more personalized follow-up. For patients, this means stronger support for independence, better risk prevention, and more responsive care \u2014 all while ensuring full respect for privacy.<\/p>\n\n\n\n<p><strong>Mots Clefs :<\/strong><br>Silver Economie, Bien Vieillir, Intelligence Artificielle<\/p>\n\n\n\n<p><strong>KeyWords :<\/strong><br>Silver Economy, Ageing Well, Artificial Intelligence<\/p>\n\n\n\n<p><strong>SilverEco Congr\u00e8s \/ Summits :<\/strong><\/p>\n\n\n\n<p><strong>Contact :<\/strong><br>2 Boulevard Charles Bonaparte \/ Ajaccio \/ 20000 \/ France<br>+33 6 47 77 32 49<br>carla@missia.care<br><a href=\"https:\/\/missia.care\/\">Website<\/a><\/p>\n","protected":false},"excerpt":{"rendered":"<p>MISSIA est une solution discr\u00e8te et efficace pens\u00e9e pour accompagner les professionnels de soins \u00e0 domicile dans leur mission quotidienne. Gr\u00e2ce \u00e0 l\u2019intelligence artificielle, MISSIA d\u00e9tecte et analyse les signaux subtils du quotidien pouvant r\u00e9v\u00e9ler une d\u00e9gradation de l\u2019\u00e9tat de sant\u00e9 ou une perte d\u2019autonomie. Les soignants acc\u00e8dent ainsi rapidement aux informations pertinentes, ce qui [&hellip;]<\/p>\n","protected":false},"author":639,"featured_media":0,"parent":0,"menu_order":0,"comment_status":"closed","ping_status":"closed","template":"","meta":{"site-sidebar-layout":"default","site-content-layout":"","ast-site-content-layout":"default","site-content-style":"default","site-sidebar-style":"default","ast-global-header-display":"","ast-banner-title-visibility":"","ast-main-header-display":"","ast-hfb-above-header-display":"","ast-hfb-below-header-display":"","ast-hfb-mobile-header-display":"","site-post-title":"","ast-breadcrumbs-content":"","ast-featured-img":"","footer-sml-layout":"","ast-disable-related-posts":"","theme-transparent-header-meta":"","adv-header-id-meta":"","stick-header-meta":"","header-above-stick-meta":"","header-main-stick-meta":"","header-below-stick-meta":"","astra-migrate-meta-layouts":"set","ast-page-background-enabled":"default","ast-page-background-meta":{"desktop":{"background-color":"var(--ast-global-color-4)","background-image":"","background-repeat":"repeat","background-position":"center center","background-size":"auto","background-attachment":"scroll","background-type":"","background-media":"","overlay-type":"","overlay-color":"","overlay-opacity":"","overlay-gradient":""},"tablet":{"background-color":"","background-image":"","background-repeat":"repeat","background-position":"center center","background-size":"auto","background-attachment":"scroll","background-type":"","background-media":"","overlay-type":"","overlay-color":"","overlay-opacity":"","overlay-gradient":""},"mobile":{"background-color":"","background-image":"","background-repeat":"repeat","background-position":"center center","background-size":"auto","background-attachment":"scroll","background-type":"","background-media":"","overlay-type":"","overlay-color":"","overlay-opacity":"","overlay-gradient":""}},"ast-content-background-meta":{"desktop":{"background-color":"var(--ast-global-color-5)","background-image":"","background-repeat":"repeat","background-position":"center center","background-size":"auto","background-attachment":"scroll","background-type":"","background-media":"","overlay-type":"","overlay-color":"","overlay-opacity":"","overlay-gradient":""},"tablet":{"background-color":"var(--ast-global-color-5)","background-image":"","background-repeat":"repeat","background-position":"center center","background-size":"auto","background-attachment":"scroll","background-type":"","background-media":"","overlay-type":"","overlay-color":"","overlay-opacity":"","overlay-gradient":""},"mobile":{"background-color":"var(--ast-global-color-5)","background-image":"","background-repeat":"repeat","background-position":"center center","background-size":"auto","background-attachment":"scroll","background-type":"","background-media":"","overlay-type":"","overlay-color":"","overlay-opacity":"","overlay-gradient":""}},"footnotes":""},"class_list":["post-44838","page","type-page","status-publish","hentry"],"_links":{"self":[{"href":"https:\/\/silvereco.org\/doc\/wp-json\/wp\/v2\/pages\/44838","targetHints":{"allow":["GET"]}}],"collection":[{"href":"https:\/\/silvereco.org\/doc\/wp-json\/wp\/v2\/pages"}],"about":[{"href":"https:\/\/silvereco.org\/doc\/wp-json\/wp\/v2\/types\/page"}],"author":[{"embeddable":true,"href":"https:\/\/silvereco.org\/doc\/wp-json\/wp\/v2\/users\/639"}],"replies":[{"embeddable":true,"href":"https:\/\/silvereco.org\/doc\/wp-json\/wp\/v2\/comments?post=44838"}],"version-history":[{"count":4,"href":"https:\/\/silvereco.org\/doc\/wp-json\/wp\/v2\/pages\/44838\/revisions"}],"predecessor-version":[{"id":45615,"href":"https:\/\/silvereco.org\/doc\/wp-json\/wp\/v2\/pages\/44838\/revisions\/45615"}],"wp:attachment":[{"href":"https:\/\/silvereco.org\/doc\/wp-json\/wp\/v2\/media?parent=44838"}],"curies":[{"name":"wp","href":"https:\/\/api.w.org\/{rel}","templated":true}]}}