{"id":44837,"date":"2025-10-11T14:10:05","date_gmt":"2025-10-11T12:10:05","guid":{"rendered":"https:\/\/silvereco.org\/doc\/?page_id=44837"},"modified":"2026-01-22T14:10:45","modified_gmt":"2026-01-22T13:10:45","slug":"life-pus-h26-hall-a","status":"publish","type":"page","link":"https:\/\/silvereco.org\/doc\/life-pus-h26-hall-a\/","title":{"rendered":"Life Pus \/ H26 \/ HALL A"},"content":{"rendered":"\n<figure class=\"wp-block-image is-resized\"><img decoding=\"async\" src=\"https:\/\/silvereco.org\/festival\/fr\/wp-content\/medias\/2025\/10\/lifeplus-25.png\" alt=\"\" style=\"width:414px;height:auto\"\/><\/figure>\n\n\n\n<h5 class=\"wp-block-heading\"><\/h5>\n\n\n\n<figure class=\"wp-block-image size-full\"><img loading=\"lazy\" decoding=\"async\" width=\"25\" height=\"24\" src=\"https:\/\/silvereco.org\/doc\/wp-content\/uploads\/2025\/10\/image-115.png\" alt=\"\" class=\"wp-image-45201\"\/><\/figure>\n\n\n\n<p>Life Plus est une entreprise innovante fran\u00e7aise qui a pour mission d\u2019am\u00e9liorer le bien-\u00eatre et la sant\u00e9 des seniors \u00e0 travers deux axes principaux : la pr\u00e9vention de la fragilit\u00e9 pour les jeunes seniors, et la non-contention pour les seniors plus d\u00e9pendants.<\/p>\n\n\n\n<p>Pour cela, Life Plus d\u00e9veloppe des solutions d\u2019assistance et de pr\u00e9vention de la fragilit\u00e9 \u00e0 destination des professionnels du Grand \u00c2ge : EHPAD, R\u00e9sidences Seniors, Services \u00e0 la personne, Mutuelles,\u2026 <\/p>\n\n\n\n<p>Life Plus propose notamment une solution de pr\u00e9vention de la fragilit\u00e9 et d\u2019assistance, Dona Care, qui \u00e9quipe plus de 5000 seniors, une centaine d\u2019\u00e9tablissements, dans 5 pays. La solution Dona Care, compos\u00e9e d\u2019une plateforme logicielle et de dispositifs (une montre connect\u00e9e et un m\u00e9daillon notamment), d\u00e9tecte automatiquement les \u00e9v\u00e9nements tels que les chutes, les errances ou encore les activit\u00e9s inhabituelles. Les alertes \u00e9mises sont accompagn\u00e9es de la localisation de la personne en difficult\u00e9, facilitant une intervention rapide pour les professionnels (gain de temps et de s\u00e9r\u00e9nit\u00e9). <\/p>\n\n\n\n<p>Un des dispositifs phares de la solution est une montre connect\u00e9e, co d\u00e9velopp\u00e9e avec ses utilisateurs, qui en fait une montre design, personnalisable et simple d\u2019utilisation. Dot\u00e9e d\u2019un coach digital d\u2019activit\u00e9 physique, elle motive les seniors \u00e0 rester plus dynamiques et autonomes. D\u2019autres dispositifs de l\u2019univers du Care (m\u00e9daillon, appel infirmer, capteurs d\u2019environnement,\u2026) sont \u00e9galement disponibles avec la solution.<\/p>\n\n\n\n<figure class=\"wp-block-image size-full\"><img loading=\"lazy\" decoding=\"async\" width=\"25\" height=\"25\" src=\"https:\/\/silvereco.org\/doc\/wp-content\/uploads\/2025\/10\/image-136.png\" alt=\"\" class=\"wp-image-45249\"\/><\/figure>\n\n\n\n<p>Life Plus is an innovative French company whose mission is to improve seniors\u2019 health and wellbeing through two main focuses: preventing frailty among younger seniors and promoting non-restraint care for those who are more dependent.<\/p>\n\n\n\n<p>To achieve this, Life Plus develops assistance and frailty-prevention solutions for ageing care professionals, including nursing homes, senior residences, home care providers, and mutual insurance companies. Its flagship solution, <strong>Dona Care<\/strong>, is already used by over 5,000 seniors and around 100 facilities across five countries. Combining a software platform with connected devices (such as a smartwatch and pendant), Dona Care automatically detects falls, wandering, or unusual activity patterns. Alerts include the person\u2019s location, enabling professionals to intervene quickly and effectively \u2014 saving time and providing peace of mind.<\/p>\n\n\n\n<p>One of the key devices, a connected watch co-designed with its users, stands out for its stylish, customizable, and easy-to-use design. Equipped with a digital activity coach, it encourages seniors to stay active and independent. Additional connected care devices \u2014 including pendants, nurse call systems, and environmental sensors \u2014 are also integrated within the solution\u2019s ecosystem.<\/p>\n\n\n\n<p><strong>Mots Clefs :<\/strong><br>assistance; pr\u00e9vention; seniors; IoT; montre connect\u00e9e; QVT; s\u00e9curit\u00e9; Care ; non-contention<\/p>\n\n\n\n<p><strong>KeyWords :<\/strong><br>assistance; prevention; seniors; IoT; smartwatch; quality of work life (QWL); safety; care; non-restraint<\/p>\n\n\n\n<p><strong>SilverEco Congr\u00e8s \/ Summits :<\/strong><br>Living at Home Summit \u2013 le Congr\u00e8s Bien-vieillir chez soi<br>Nursing Home Summit \u2013 le Congr\u00e8s EHPAD, RSS et h\u00e9bergement collectif<br>SilverTech Summit \u2013 le Congr\u00e8s des technologies pour l\u2019autonomie<br>Healthy Ageing Summit \u2013 le Congr\u00e8s Sant\u00e9 e-Sant\u00e9<\/p>\n\n\n\n<p><strong>Contact :<\/strong><br>9 Bd Gouvion-Saint-Cyr, 75017 Paris, France<br>+33 1 89 70 50 45<br>sales@lifeplus.io<br><a href=\"https:\/\/www.lifeplus.io\/\">Website<\/a><\/p>\n","protected":false},"excerpt":{"rendered":"<p>Life Plus est une entreprise innovante fran\u00e7aise qui a pour mission d\u2019am\u00e9liorer le bien-\u00eatre et la sant\u00e9 des seniors \u00e0 travers deux axes principaux : la pr\u00e9vention de la fragilit\u00e9 pour les jeunes seniors, et la non-contention pour les seniors plus d\u00e9pendants. Pour cela, Life Plus d\u00e9veloppe des solutions d\u2019assistance et de pr\u00e9vention de la [&hellip;]<\/p>\n","protected":false},"author":639,"featured_media":0,"parent":0,"menu_order":0,"comment_status":"closed","ping_status":"closed","template":"","meta":{"site-sidebar-layout":"default","site-content-layout":"","ast-site-content-layout":"default","site-content-style":"default","site-sidebar-style":"default","ast-global-header-display":"","ast-banner-title-visibility":"","ast-main-header-display":"","ast-hfb-above-header-display":"","ast-hfb-below-header-display":"","ast-hfb-mobile-header-display":"","site-post-title":"","ast-breadcrumbs-content":"","ast-featured-img":"","footer-sml-layout":"","ast-disable-related-posts":"","theme-transparent-header-meta":"","adv-header-id-meta":"","stick-header-meta":"","header-above-stick-meta":"","header-main-stick-meta":"","header-below-stick-meta":"","astra-migrate-meta-layouts":"set","ast-page-background-enabled":"default","ast-page-background-meta":{"desktop":{"background-color":"var(--ast-global-color-4)","background-image":"","background-repeat":"repeat","background-position":"center center","background-size":"auto","background-attachment":"scroll","background-type":"","background-media":"","overlay-type":"","overlay-color":"","overlay-opacity":"","overlay-gradient":""},"tablet":{"background-color":"","background-image":"","background-repeat":"repeat","background-position":"center center","background-size":"auto","background-attachment":"scroll","background-type":"","background-media":"","overlay-type":"","overlay-color":"","overlay-opacity":"","overlay-gradient":""},"mobile":{"background-color":"","background-image":"","background-repeat":"repeat","background-position":"center center","background-size":"auto","background-attachment":"scroll","background-type":"","background-media":"","overlay-type":"","overlay-color":"","overlay-opacity":"","overlay-gradient":""}},"ast-content-background-meta":{"desktop":{"background-color":"var(--ast-global-color-5)","background-image":"","background-repeat":"repeat","background-position":"center center","background-size":"auto","background-attachment":"scroll","background-type":"","background-media":"","overlay-type":"","overlay-color":"","overlay-opacity":"","overlay-gradient":""},"tablet":{"background-color":"var(--ast-global-color-5)","background-image":"","background-repeat":"repeat","background-position":"center center","background-size":"auto","background-attachment":"scroll","background-type":"","background-media":"","overlay-type":"","overlay-color":"","overlay-opacity":"","overlay-gradient":""},"mobile":{"background-color":"var(--ast-global-color-5)","background-image":"","background-repeat":"repeat","background-position":"center center","background-size":"auto","background-attachment":"scroll","background-type":"","background-media":"","overlay-type":"","overlay-color":"","overlay-opacity":"","overlay-gradient":""}},"footnotes":""},"class_list":["post-44837","page","type-page","status-publish","hentry"],"_links":{"self":[{"href":"https:\/\/silvereco.org\/doc\/wp-json\/wp\/v2\/pages\/44837","targetHints":{"allow":["GET"]}}],"collection":[{"href":"https:\/\/silvereco.org\/doc\/wp-json\/wp\/v2\/pages"}],"about":[{"href":"https:\/\/silvereco.org\/doc\/wp-json\/wp\/v2\/types\/page"}],"author":[{"embeddable":true,"href":"https:\/\/silvereco.org\/doc\/wp-json\/wp\/v2\/users\/639"}],"replies":[{"embeddable":true,"href":"https:\/\/silvereco.org\/doc\/wp-json\/wp\/v2\/comments?post=44837"}],"version-history":[{"count":4,"href":"https:\/\/silvereco.org\/doc\/wp-json\/wp\/v2\/pages\/44837\/revisions"}],"predecessor-version":[{"id":45624,"href":"https:\/\/silvereco.org\/doc\/wp-json\/wp\/v2\/pages\/44837\/revisions\/45624"}],"wp:attachment":[{"href":"https:\/\/silvereco.org\/doc\/wp-json\/wp\/v2\/media?parent=44837"}],"curies":[{"name":"wp","href":"https:\/\/api.w.org\/{rel}","templated":true}]}}