{"id":44823,"date":"2025-10-11T14:04:25","date_gmt":"2025-10-11T12:04:25","guid":{"rendered":"https:\/\/silvereco.org\/doc\/?page_id=44823"},"modified":"2026-01-22T14:10:45","modified_gmt":"2026-01-22T13:10:45","slug":"hexapro-c21-hallc","status":"publish","type":"page","link":"https:\/\/silvereco.org\/doc\/hexapro-c21-hallc\/","title":{"rendered":"HEXAPRO \/ C21 \/ HALLC"},"content":{"rendered":"\n<figure class=\"wp-block-image is-resized\"><img decoding=\"async\" src=\"https:\/\/silvereco.org\/festival\/fr\/wp-content\/medias\/2025\/10\/hexapro-25.png\" alt=\"\" style=\"width:384px;height:auto\"\/><\/figure>\n\n\n\n<h5 class=\"wp-block-heading\"><\/h5>\n\n\n\n<figure class=\"wp-block-image size-full\"><img loading=\"lazy\" decoding=\"async\" width=\"25\" height=\"24\" src=\"https:\/\/silvereco.org\/doc\/wp-content\/uploads\/2025\/10\/image-138.png\" alt=\"\" class=\"wp-image-45253\"\/><\/figure>\n\n\n\n<p>HEXAOM, groupe leader sur les march\u00e9s de la construction et de la r\u00e9novation de maisons, qui anime et f\u00e9d\u00e8re un \u00e9cosyst\u00e8me de 45 marques et filiales, propose d\u00e9sormais une offre de construction et r\u00e9novation aux entreprises, collectivit\u00e9s et porteurs de projets.<\/p>\n\n\n\n<p>Cette offre s\u2019adresse aux entreprises et collectivit\u00e9s, mais aussi aux investisseurs et porteurs de projets, souhaitant construire ou r\u00e9nover des b\u00e2timents \u00e0 usage public, tels que des micro-cr\u00e8ches, des espaces de coliving pour s\u00e9niors, des bureaux ou encore des cabinets m\u00e9dicaux. <\/p>\n\n\n\n<p>Le Groupe allie savoir-faire traditionnel et innovation pour proposer des solutions adapt\u00e9es aux besoins actuels et futurs de ses clients porteurs de projets. Gr\u00e2ce \u00e0 son expertise et \u00e0 son r\u00e9seau local d\u2019artisans qualifi\u00e9s, HEXAOM assure une coordination optimale des projets, garantissant qualit\u00e9 et agilit\u00e9. <\/p>\n\n\n\n<p>Les professionnels et les collectivit\u00e9s peuvent ainsi b\u00e9n\u00e9ficier d\u2019un sp\u00e9cialiste de la construction\/r\u00e9novation qui s\u2019engage \u00e0 r\u00e9aliser des prestations de haute qualit\u00e9, et faire b\u00e9n\u00e9ficier de ses garanties.<\/p>\n\n\n\n<figure class=\"wp-block-image size-full\"><img loading=\"lazy\" decoding=\"async\" width=\"25\" height=\"25\" src=\"https:\/\/silvereco.org\/doc\/wp-content\/uploads\/2025\/10\/image-196.png\" alt=\"\" class=\"wp-image-45362\"\/><\/figure>\n\n\n\n<p>HEXAOM, a leading group in the house construction and renovation markets, brings together an ecosystem of 45 brands and subsidiaries. The company now offers construction and renovation services tailored to businesses, local authorities, and project developers.<\/p>\n\n\n\n<p>This offer targets companies, public institutions, investors, and developers wishing to build or renovate facilities such as micro-nurseries, senior coliving spaces, offices, or medical practices. Combining traditional craftsmanship with innovation, HEXAOM provides solutions adapted to the current and future needs of its clients.<\/p>\n\n\n\n<p>With its expertise and local network of skilled craftsmen, the Group ensures optimal project coordination, guaranteeing both quality and flexibility. Professionals and local authorities can rely on HEXAOM as a trusted partner committed to delivering high-quality work backed by solid guarantees.<\/p>\n\n\n\n<p><strong>Mots Clefs :<\/strong><br>Construction \/ R\u00e9novation de b\u00e2timents professionnels<\/p>\n\n\n\n<p><strong>KeyWords :<\/strong><br>Construction, Renovation of professional buildings<\/p>\n\n\n\n<p><strong>SilverEco Congr\u00e8s \/ Summits :<\/strong><br>Living at Home Summit \u2013 le Congr\u00e8s Bien-vieillir chez soi<\/p>\n\n\n\n<p><strong>Contact :<\/strong><br>208 avenue du Lion, Espace Cadenet 83210 Solli\u00e8s Pont \u2013 France<br>+33 6 12 58 25 24<br>estelle.gentit@hexaom.fr<br><a href=\"https:\/\/www.hexaom.fr\/hexapro\">Website<\/a><\/p>\n","protected":false},"excerpt":{"rendered":"<p>HEXAOM, groupe leader sur les march\u00e9s de la construction et de la r\u00e9novation de maisons, qui anime et f\u00e9d\u00e8re un \u00e9cosyst\u00e8me de 45 marques et filiales, propose d\u00e9sormais une offre de construction et r\u00e9novation aux entreprises, collectivit\u00e9s et porteurs de projets. Cette offre s\u2019adresse aux entreprises et collectivit\u00e9s, mais aussi aux investisseurs et porteurs de [&hellip;]<\/p>\n","protected":false},"author":639,"featured_media":0,"parent":0,"menu_order":0,"comment_status":"closed","ping_status":"closed","template":"","meta":{"site-sidebar-layout":"default","site-content-layout":"","ast-site-content-layout":"default","site-content-style":"default","site-sidebar-style":"default","ast-global-header-display":"","ast-banner-title-visibility":"","ast-main-header-display":"","ast-hfb-above-header-display":"","ast-hfb-below-header-display":"","ast-hfb-mobile-header-display":"","site-post-title":"","ast-breadcrumbs-content":"","ast-featured-img":"","footer-sml-layout":"","ast-disable-related-posts":"","theme-transparent-header-meta":"","adv-header-id-meta":"","stick-header-meta":"","header-above-stick-meta":"","header-main-stick-meta":"","header-below-stick-meta":"","astra-migrate-meta-layouts":"set","ast-page-background-enabled":"default","ast-page-background-meta":{"desktop":{"background-color":"var(--ast-global-color-4)","background-image":"","background-repeat":"repeat","background-position":"center center","background-size":"auto","background-attachment":"scroll","background-type":"","background-media":"","overlay-type":"","overlay-color":"","overlay-opacity":"","overlay-gradient":""},"tablet":{"background-color":"","background-image":"","background-repeat":"repeat","background-position":"center center","background-size":"auto","background-attachment":"scroll","background-type":"","background-media":"","overlay-type":"","overlay-color":"","overlay-opacity":"","overlay-gradient":""},"mobile":{"background-color":"","background-image":"","background-repeat":"repeat","background-position":"center center","background-size":"auto","background-attachment":"scroll","background-type":"","background-media":"","overlay-type":"","overlay-color":"","overlay-opacity":"","overlay-gradient":""}},"ast-content-background-meta":{"desktop":{"background-color":"var(--ast-global-color-5)","background-image":"","background-repeat":"repeat","background-position":"center center","background-size":"auto","background-attachment":"scroll","background-type":"","background-media":"","overlay-type":"","overlay-color":"","overlay-opacity":"","overlay-gradient":""},"tablet":{"background-color":"var(--ast-global-color-5)","background-image":"","background-repeat":"repeat","background-position":"center center","background-size":"auto","background-attachment":"scroll","background-type":"","background-media":"","overlay-type":"","overlay-color":"","overlay-opacity":"","overlay-gradient":""},"mobile":{"background-color":"var(--ast-global-color-5)","background-image":"","background-repeat":"repeat","background-position":"center center","background-size":"auto","background-attachment":"scroll","background-type":"","background-media":"","overlay-type":"","overlay-color":"","overlay-opacity":"","overlay-gradient":""}},"footnotes":""},"class_list":["post-44823","page","type-page","status-publish","hentry"],"_links":{"self":[{"href":"https:\/\/silvereco.org\/doc\/wp-json\/wp\/v2\/pages\/44823","targetHints":{"allow":["GET"]}}],"collection":[{"href":"https:\/\/silvereco.org\/doc\/wp-json\/wp\/v2\/pages"}],"about":[{"href":"https:\/\/silvereco.org\/doc\/wp-json\/wp\/v2\/types\/page"}],"author":[{"embeddable":true,"href":"https:\/\/silvereco.org\/doc\/wp-json\/wp\/v2\/users\/639"}],"replies":[{"embeddable":true,"href":"https:\/\/silvereco.org\/doc\/wp-json\/wp\/v2\/comments?post=44823"}],"version-history":[{"count":4,"href":"https:\/\/silvereco.org\/doc\/wp-json\/wp\/v2\/pages\/44823\/revisions"}],"predecessor-version":[{"id":45594,"href":"https:\/\/silvereco.org\/doc\/wp-json\/wp\/v2\/pages\/44823\/revisions\/45594"}],"wp:attachment":[{"href":"https:\/\/silvereco.org\/doc\/wp-json\/wp\/v2\/media?parent=44823"}],"curies":[{"name":"wp","href":"https:\/\/api.w.org\/{rel}","templated":true}]}}