{"id":44822,"date":"2025-10-11T14:03:47","date_gmt":"2025-10-11T12:03:47","guid":{"rendered":"https:\/\/silvereco.org\/doc\/?page_id=44822"},"modified":"2026-01-22T14:10:45","modified_gmt":"2026-01-22T13:10:45","slug":"isensi-barcelona-c24-hall-c","status":"publish","type":"page","link":"https:\/\/silvereco.org\/doc\/isensi-barcelona-c24-hall-c\/","title":{"rendered":"ISENSI BARCELONA \/ C24 \/ HALL C"},"content":{"rendered":"\n<figure class=\"wp-block-image is-resized\"><img decoding=\"async\" src=\"https:\/\/silvereco.org\/festival\/fr\/wp-content\/medias\/2025\/10\/insensi-25.png\" alt=\"\" style=\"width:450px;height:auto\"\/><\/figure>\n\n\n\n<h5 class=\"wp-block-heading\"><\/h5>\n\n\n\n<p>Isensi est une entreprise innovante d\u00e9di\u00e9e \u00e0 transformer le soin en bien-\u00eatre gr\u00e2ce \u00e0 des solutions sensorielles con\u00e7ues pour am\u00e9liorer la qualit\u00e9 de vie des personnes.<\/p>\n\n\n\n<p>Sa mission est de cr\u00e9er des exp\u00e9riences favorisant le bien-\u00eatre physique et \u00e9motionnel, en particulier dans les environnements accueillant des personnes \u00e2g\u00e9es ou \u00e0 mobilit\u00e9 r\u00e9duite.<\/p>\n\n\n\n<p>Alma est une douche inclusive et sensorielle qui associe l\u2019eau, la lumi\u00e8re, les ar\u00f4mes et le son pour offrir une exp\u00e9rience d\u2019hygi\u00e8ne s\u00fbre, autonome et \u00e9motionnellement positive. Con\u00e7ue pour s\u2019adapter \u00e0 diff\u00e9rentes capacit\u00e9s physiques et cognitives, Alma permet aux utilisateurs de profiter d\u2019une douche relaxante et th\u00e9rapeutique, favorisant l\u2019autonomie et r\u00e9duisant l\u2019anxi\u00e9t\u00e9.<\/p>\n\n\n\n<figure class=\"wp-block-image size-full\"><img loading=\"lazy\" decoding=\"async\" width=\"25\" height=\"24\" src=\"https:\/\/silvereco.org\/doc\/wp-content\/uploads\/2025\/10\/image-139.png\" alt=\"\" class=\"wp-image-45254\"\/><\/figure>\n\n\n\n<p>Avec son design ergonomique et accessible, Alma s\u2019int\u00e8gre parfaitement dans les foyers, les h\u00f4pitaux et les \u00e9tablissements de soins, apportant du bien-\u00eatre \u00e0 travers l\u2019\u00e9galit\u00e9 et l\u2019empathie.<\/p>\n\n\n\n<figure class=\"wp-block-image size-full\"><img loading=\"lazy\" decoding=\"async\" width=\"25\" height=\"25\" src=\"https:\/\/silvereco.org\/doc\/wp-content\/uploads\/2025\/10\/image-195.png\" alt=\"\" class=\"wp-image-45360\"\/><\/figure>\n\n\n\n<p>Isensi is an innovative company dedicated to transforming care into wellbeing through sensory solutions designed to enhance people\u2019s quality of life.<\/p>\n\n\n\n<p>Its mission is to create experiences that promote physical and emotional wellbeing, especially in environments that support older adults or people with reduced mobility.<\/p>\n\n\n\n<p>Alma is an inclusive and sensory shower that combines water, light, aromas, and sound to provide a safe, autonomous, and emotionally positive hygiene experience. Designed to adapt to different physical and cognitive abilities, Alma allows users to enjoy a relaxing and therapeutic shower, fostering autonomy and reducing anxiety.<\/p>\n\n\n\n<p>With its ergonomic and accessible design, Alma integrates seamlessly into homes, hospitals, and care centers \u2014 delivering care through equality and empathy.<\/p>\n\n\n\n<p><strong>Spanish<\/strong><\/p>\n\n\n\n<p>Isensi es una empresa innovadora dedicada a transformar el cuidado en bienestar a trav\u00e9s de soluciones sensoriales dise\u00f1adas para mejorar la calidad de vida de las personas.<\/p>\n\n\n\n<p>Su misi\u00f3n es crear experiencias que promuevan el bienestar f\u00edsico y emocional, especialmente en entornos de atenci\u00f3n a personas mayores o con movilidad reducida. <\/p>\n\n\n\n<p>Alma es una ducha inclusiva y sensorial que combina agua, luz, aromas y sonido para ofrecer una experiencia de higiene segura, aut\u00f3noma y emocionalmente positiva. Dise\u00f1ada para adaptarse a diferentes capacidades f\u00edsicas y cognitivas, Alma permite a los usuarios disfrutar de una ducha relajante y terap\u00e9utica, fomentando la autonom\u00eda y reduciendo la ansiedad. <\/p>\n\n\n\n<p>Con un dise\u00f1o ergon\u00f3mico y accesible, Alma se integra perfectamente en hogares, hospitales y centros de atenci\u00f3n, brindando cuidado a trav\u00e9s de la igualdad y la empat\u00eda.<\/p>\n\n\n\n<p><strong>Mots Clefs :<\/strong><br>bien-\u00eatre<\/p>\n\n\n\n<p><strong>KeyWords :<\/strong><br>wellbeing <\/p>\n\n\n\n<p><strong>SilverEco Congr\u00e8s \/ Summits :<\/strong><\/p>\n\n\n\n<p><strong>Contact :<\/strong><br>8202 \u2013 SPAIN<br>6 48 22 02 63<br>info@isensi.com<br><a href=\"https:\/\/isensi.com\/\">Website<\/a><\/p>\n","protected":false},"excerpt":{"rendered":"<p>Isensi est une entreprise innovante d\u00e9di\u00e9e \u00e0 transformer le soin en bien-\u00eatre gr\u00e2ce \u00e0 des solutions sensorielles con\u00e7ues pour am\u00e9liorer la qualit\u00e9 de vie des personnes. Sa mission est de cr\u00e9er des exp\u00e9riences favorisant le bien-\u00eatre physique et \u00e9motionnel, en particulier dans les environnements accueillant des personnes \u00e2g\u00e9es ou \u00e0 mobilit\u00e9 r\u00e9duite. Alma est une [&hellip;]<\/p>\n","protected":false},"author":639,"featured_media":0,"parent":0,"menu_order":0,"comment_status":"closed","ping_status":"closed","template":"","meta":{"site-sidebar-layout":"default","site-content-layout":"","ast-site-content-layout":"default","site-content-style":"default","site-sidebar-style":"default","ast-global-header-display":"","ast-banner-title-visibility":"","ast-main-header-display":"","ast-hfb-above-header-display":"","ast-hfb-below-header-display":"","ast-hfb-mobile-header-display":"","site-post-title":"","ast-breadcrumbs-content":"","ast-featured-img":"","footer-sml-layout":"","ast-disable-related-posts":"","theme-transparent-header-meta":"","adv-header-id-meta":"","stick-header-meta":"","header-above-stick-meta":"","header-main-stick-meta":"","header-below-stick-meta":"","astra-migrate-meta-layouts":"set","ast-page-background-enabled":"default","ast-page-background-meta":{"desktop":{"background-color":"var(--ast-global-color-4)","background-image":"","background-repeat":"repeat","background-position":"center center","background-size":"auto","background-attachment":"scroll","background-type":"","background-media":"","overlay-type":"","overlay-color":"","overlay-opacity":"","overlay-gradient":""},"tablet":{"background-color":"","background-image":"","background-repeat":"repeat","background-position":"center center","background-size":"auto","background-attachment":"scroll","background-type":"","background-media":"","overlay-type":"","overlay-color":"","overlay-opacity":"","overlay-gradient":""},"mobile":{"background-color":"","background-image":"","background-repeat":"repeat","background-position":"center center","background-size":"auto","background-attachment":"scroll","background-type":"","background-media":"","overlay-type":"","overlay-color":"","overlay-opacity":"","overlay-gradient":""}},"ast-content-background-meta":{"desktop":{"background-color":"var(--ast-global-color-5)","background-image":"","background-repeat":"repeat","background-position":"center center","background-size":"auto","background-attachment":"scroll","background-type":"","background-media":"","overlay-type":"","overlay-color":"","overlay-opacity":"","overlay-gradient":""},"tablet":{"background-color":"var(--ast-global-color-5)","background-image":"","background-repeat":"repeat","background-position":"center center","background-size":"auto","background-attachment":"scroll","background-type":"","background-media":"","overlay-type":"","overlay-color":"","overlay-opacity":"","overlay-gradient":""},"mobile":{"background-color":"var(--ast-global-color-5)","background-image":"","background-repeat":"repeat","background-position":"center center","background-size":"auto","background-attachment":"scroll","background-type":"","background-media":"","overlay-type":"","overlay-color":"","overlay-opacity":"","overlay-gradient":""}},"footnotes":""},"class_list":["post-44822","page","type-page","status-publish","hentry"],"_links":{"self":[{"href":"https:\/\/silvereco.org\/doc\/wp-json\/wp\/v2\/pages\/44822","targetHints":{"allow":["GET"]}}],"collection":[{"href":"https:\/\/silvereco.org\/doc\/wp-json\/wp\/v2\/pages"}],"about":[{"href":"https:\/\/silvereco.org\/doc\/wp-json\/wp\/v2\/types\/page"}],"author":[{"embeddable":true,"href":"https:\/\/silvereco.org\/doc\/wp-json\/wp\/v2\/users\/639"}],"replies":[{"embeddable":true,"href":"https:\/\/silvereco.org\/doc\/wp-json\/wp\/v2\/comments?post=44822"}],"version-history":[{"count":5,"href":"https:\/\/silvereco.org\/doc\/wp-json\/wp\/v2\/pages\/44822\/revisions"}],"predecessor-version":[{"id":45608,"href":"https:\/\/silvereco.org\/doc\/wp-json\/wp\/v2\/pages\/44822\/revisions\/45608"}],"wp:attachment":[{"href":"https:\/\/silvereco.org\/doc\/wp-json\/wp\/v2\/media?parent=44822"}],"curies":[{"name":"wp","href":"https:\/\/api.w.org\/{rel}","templated":true}]}}