{"id":44821,"date":"2025-10-11T14:03:06","date_gmt":"2025-10-11T12:03:06","guid":{"rendered":"https:\/\/silvereco.org\/doc\/?page_id=44821"},"modified":"2026-01-22T14:10:45","modified_gmt":"2026-01-22T13:10:45","slug":"laboratoires-innothera-a28-hall-a","status":"publish","type":"page","link":"https:\/\/silvereco.org\/doc\/laboratoires-innothera-a28-hall-a\/","title":{"rendered":"Laboratoires INNOTHERA \/ A28 \/ HALL A"},"content":{"rendered":"\n<figure class=\"wp-block-image is-resized\"><img decoding=\"async\" src=\"https:\/\/silvereco.org\/festival\/fr\/wp-content\/medias\/2025\/10\/innothera-25.png\" alt=\"\" style=\"width:419px;height:auto\"\/><\/figure>\n\n\n\n<h5 class=\"wp-block-heading\"><\/h5>\n\n\n\n<figure class=\"wp-block-image size-full\"><img loading=\"lazy\" decoding=\"async\" width=\"25\" height=\"24\" src=\"https:\/\/silvereco.org\/doc\/wp-content\/uploads\/2025\/10\/image-140.png\" alt=\"\" class=\"wp-image-45257\"\/><\/figure>\n\n\n\n<p>Depuis plus d\u2019un si\u00e8cle, INNOTHERA, entreprise familiale fran\u00e7aise et ind\u00e9pendante, oeuvre chaque jour pour am\u00e9liorer la qualit\u00e9 de vie des personnes touch\u00e9es par des maladies du quotidien.<\/p>\n\n\n\n<p>INNOTHERA commercialise des m\u00e9dicaments, des produits d\u2019hygi\u00e8ne et des dispositifs m\u00e9dicaux . L\u2019union entre INNOTHERA et GIBAUD permet de proposer une large gamme de dispositifs m\u00e9dicaux de compression m\u00e9dicale, d\u2019orthop\u00e9die et de podologie, tous orient\u00e9s vers un m\u00eame objectif : aider \u00e0 pr\u00e9server le mouvement. Le lancement d\u2019OTONOM\u00ae, une gamme de chaussures th\u00e9rapeutiques anti-chute offrant une solution brevet\u00e9e pour am\u00e9liorer la stabilit\u00e9 des personnes \u00e2g\u00e9es et dynamiser leurs d\u00e9placements en toute s\u00e9curit\u00e9, place l\u2019ann\u00e9e 2025 sous le signe de l\u2019innovation. <\/p>\n\n\n\n<p>Forte de son savoir-faire et de sa d\u00e9termination \u00e0 servir la sant\u00e9 au quotidien, INNOTHERA est aujourd\u2019hui pr\u00e9sente dans plus de 100 pays. Cette implantation internationale t\u00e9moigne de notre engagement \u00e0 fournir des solution de sant\u00e9 efficaces et accessibles \u00e0 des millions de personnes. En restant \u00e0 l\u2019\u00e9coute des besoins locaux et des attentes de nos patients, nous renfor\u00e7ons chaque jour notre pr\u00e9sence et notre r\u00f4le dans le domaine de la sant\u00e9, \u00e0 l\u2019\u00e9chelle mondiale.<\/p>\n\n\n\n<figure class=\"wp-block-image size-full\"><img loading=\"lazy\" decoding=\"async\" width=\"25\" height=\"25\" src=\"https:\/\/silvereco.org\/doc\/wp-content\/uploads\/2025\/10\/image-194.png\" alt=\"\" class=\"wp-image-45358\"\/><\/figure>\n\n\n\n<p>For over a century, INNOTHERA, a French independent family-owned company, has been dedicated to improving the quality of life of people affected by everyday health conditions.<\/p>\n\n\n\n<p>INNOTHERA markets medicines, hygiene products, and medical devices. Its partnership with GIBAUD enables it to offer a wide range of medical compression, orthopaedic, and podiatric devices, all driven by the same goal: helping to preserve mobility. The launch of OTONOM\u00ae, a line of patented anti-fall therapeutic shoes designed to improve stability and support safe, dynamic movement for older adults, marks 2025 as a year of innovation.<\/p>\n\n\n\n<p>With strong expertise and a lasting commitment to everyday healthcare, INNOTHERA is now present in more than 100 countries. This international presence reflects its dedication to providing effective, accessible health solutions to millions of people while staying attuned to local needs and patient expectations, reinforcing its global role in advancing health and wellbeing.<\/p>\n\n\n\n<p><strong>Mots Clefs :<\/strong><br>Fabricant de dispositifs m\u00e9dicaux \/ Orthop\u00e9die \/ Podologie \/ Compression Veineuse Elastique \/ Produits d\u2019hygi\u00e8ne \/M\u00e9dicaments \/ Innovation \/ Pr\u00e9servation du mouvement \/ Autonomie<\/p>\n\n\n\n<p><strong>KeyWords :<\/strong><br>Medical device manufacturer, Orthopedics, Podiatry, Elastic Venous Compression, Hygiene products, Medicines, Innovation, Preservation of movement, Autonomy<\/p>\n\n\n\n<p><strong>SilverEco Congr\u00e8s \/ Summits :<\/strong><br>Living at Home Summit \u2013 le Congr\u00e8s Bien-vieillir chez soi<br>SilverTech Summit \u2013 le Congr\u00e8s des technologies pour l\u2019autonomie<br>Silver Citizen Summit \u2013 le Congr\u00e8s Silver citoyennet\u00e9<\/p>\n\n\n\n<p><strong>Contact :<\/strong><br>22 avenue Aristide Briand, BP 20032, 94111 ARCUEIL, France<br>+33 7 86 17 81 23<br>olivier.joassard@innothera.com<br><a href=\"https:\/\/www.innothera.fr\/fr\/\">Website<\/a><\/p>\n","protected":false},"excerpt":{"rendered":"<p>Depuis plus d\u2019un si\u00e8cle, INNOTHERA, entreprise familiale fran\u00e7aise et ind\u00e9pendante, oeuvre chaque jour pour am\u00e9liorer la qualit\u00e9 de vie des personnes touch\u00e9es par des maladies du quotidien. INNOTHERA commercialise des m\u00e9dicaments, des produits d\u2019hygi\u00e8ne et des dispositifs m\u00e9dicaux . L\u2019union entre INNOTHERA et GIBAUD permet de proposer une large gamme de dispositifs m\u00e9dicaux de compression [&hellip;]<\/p>\n","protected":false},"author":639,"featured_media":0,"parent":0,"menu_order":0,"comment_status":"closed","ping_status":"closed","template":"","meta":{"site-sidebar-layout":"default","site-content-layout":"","ast-site-content-layout":"default","site-content-style":"default","site-sidebar-style":"default","ast-global-header-display":"","ast-banner-title-visibility":"","ast-main-header-display":"","ast-hfb-above-header-display":"","ast-hfb-below-header-display":"","ast-hfb-mobile-header-display":"","site-post-title":"","ast-breadcrumbs-content":"","ast-featured-img":"","footer-sml-layout":"","ast-disable-related-posts":"","theme-transparent-header-meta":"","adv-header-id-meta":"","stick-header-meta":"","header-above-stick-meta":"","header-main-stick-meta":"","header-below-stick-meta":"","astra-migrate-meta-layouts":"set","ast-page-background-enabled":"default","ast-page-background-meta":{"desktop":{"background-color":"var(--ast-global-color-4)","background-image":"","background-repeat":"repeat","background-position":"center center","background-size":"auto","background-attachment":"scroll","background-type":"","background-media":"","overlay-type":"","overlay-color":"","overlay-opacity":"","overlay-gradient":""},"tablet":{"background-color":"","background-image":"","background-repeat":"repeat","background-position":"center center","background-size":"auto","background-attachment":"scroll","background-type":"","background-media":"","overlay-type":"","overlay-color":"","overlay-opacity":"","overlay-gradient":""},"mobile":{"background-color":"","background-image":"","background-repeat":"repeat","background-position":"center center","background-size":"auto","background-attachment":"scroll","background-type":"","background-media":"","overlay-type":"","overlay-color":"","overlay-opacity":"","overlay-gradient":""}},"ast-content-background-meta":{"desktop":{"background-color":"var(--ast-global-color-5)","background-image":"","background-repeat":"repeat","background-position":"center center","background-size":"auto","background-attachment":"scroll","background-type":"","background-media":"","overlay-type":"","overlay-color":"","overlay-opacity":"","overlay-gradient":""},"tablet":{"background-color":"var(--ast-global-color-5)","background-image":"","background-repeat":"repeat","background-position":"center center","background-size":"auto","background-attachment":"scroll","background-type":"","background-media":"","overlay-type":"","overlay-color":"","overlay-opacity":"","overlay-gradient":""},"mobile":{"background-color":"var(--ast-global-color-5)","background-image":"","background-repeat":"repeat","background-position":"center center","background-size":"auto","background-attachment":"scroll","background-type":"","background-media":"","overlay-type":"","overlay-color":"","overlay-opacity":"","overlay-gradient":""}},"footnotes":""},"class_list":["post-44821","page","type-page","status-publish","hentry"],"_links":{"self":[{"href":"https:\/\/silvereco.org\/doc\/wp-json\/wp\/v2\/pages\/44821","targetHints":{"allow":["GET"]}}],"collection":[{"href":"https:\/\/silvereco.org\/doc\/wp-json\/wp\/v2\/pages"}],"about":[{"href":"https:\/\/silvereco.org\/doc\/wp-json\/wp\/v2\/types\/page"}],"author":[{"embeddable":true,"href":"https:\/\/silvereco.org\/doc\/wp-json\/wp\/v2\/users\/639"}],"replies":[{"embeddable":true,"href":"https:\/\/silvereco.org\/doc\/wp-json\/wp\/v2\/comments?post=44821"}],"version-history":[{"count":4,"href":"https:\/\/silvereco.org\/doc\/wp-json\/wp\/v2\/pages\/44821\/revisions"}],"predecessor-version":[{"id":45626,"href":"https:\/\/silvereco.org\/doc\/wp-json\/wp\/v2\/pages\/44821\/revisions\/45626"}],"wp:attachment":[{"href":"https:\/\/silvereco.org\/doc\/wp-json\/wp\/v2\/media?parent=44821"}],"curies":[{"name":"wp","href":"https:\/\/api.w.org\/{rel}","templated":true}]}}