{"id":44820,"date":"2025-10-11T14:02:30","date_gmt":"2025-10-11T12:02:30","guid":{"rendered":"https:\/\/silvereco.org\/doc\/?page_id=44820"},"modified":"2026-01-22T14:09:55","modified_gmt":"2026-01-22T13:09:55","slug":"1-lettre-1-sourire-c35-hallc","status":"publish","type":"page","link":"https:\/\/silvereco.org\/doc\/1-lettre-1-sourire-c35-hallc\/","title":{"rendered":"1 Lettre 1 Sourire \/ C35 \/ HALLC"},"content":{"rendered":"\n<figure class=\"wp-block-image is-resized\"><img decoding=\"async\" src=\"https:\/\/silvereco.org\/festival\/fr\/wp-content\/medias\/2025\/10\/1lettre1sourire-25.jpg\" alt=\"\" style=\"width:288px;height:auto\"\/><\/figure>\n\n\n\n<h5 class=\"wp-block-heading\"><\/h5>\n\n\n\n<figure class=\"wp-block-image size-full\"><img loading=\"lazy\" decoding=\"async\" width=\"25\" height=\"24\" src=\"https:\/\/silvereco.org\/doc\/wp-content\/uploads\/2025\/10\/image-141.png\" alt=\"\" class=\"wp-image-45258\"\/><\/figure>\n\n\n\n<p>1 Lettre 1 Sourire est une initiative citoyenne n\u00e9e pendant la crise sanitaire, avec une id\u00e9e simple : permettre \u00e0 toute personne, et en particulier aux jeunes, d\u2019envoyer des lettres de bienveillance \u00e0 des a\u00een\u00e9s isol\u00e9s dans les Ehpad et r\u00e9sidences seniors.<\/p>\n\n\n\n<p>Notre mission est de recr\u00e9er du lien interg\u00e9n\u00e9rationnel en luttant contre la solitude et l\u2019\u00e2gisme. <\/p>\n\n\n\n<p>Chaque lettre est une passerelle entre deux g\u00e9n\u00e9rations : elle valorise la cr\u00e9ativit\u00e9 et l\u2019empathie des jeunes, et redonne aux personnes \u00e2g\u00e9es une reconnaissance et une place dans la soci\u00e9t\u00e9. Depuis sa cr\u00e9ation, plusieurs centaines de milliers de lettres ont \u00e9t\u00e9 partag\u00e9es, gr\u00e2ce \u00e0 une plateforme num\u00e9rique simple et inclusive, et \u00e0 des ateliers men\u00e9s dans les \u00e9coles, coll\u00e8ges, lyc\u00e9es et lieux culturels. Notre innovation est \u00e0 la fois humaine et digitale : en s\u2019appuyant sur la force de l\u2019\u00e9criture, nous transformons un geste simple en un levier puissant pour le bien-vieillir, la solidarit\u00e9 et le vivre-ensemble.<\/p>\n\n\n\n<figure class=\"wp-block-image size-full\"><img loading=\"lazy\" decoding=\"async\" width=\"25\" height=\"25\" src=\"https:\/\/silvereco.org\/doc\/wp-content\/uploads\/2025\/10\/image-193.png\" alt=\"\" class=\"wp-image-45356\"\/><\/figure>\n\n\n\n<p>1 Lettre 1 Sourire is a citizen-led initiative born during the health crisis with a simple idea: to allow anyone, especially young people, to send letters of kindness to isolated older adults living in nursing homes and senior residences.<\/p>\n\n\n\n<p>Its mission is to rebuild intergenerational bonds by combating loneliness and ageism. Each letter serves as a bridge between generations \u2014 highlighting young people\u2019s creativity and empathy while giving older adults a renewed sense of recognition and belonging in society. Since its creation, hundreds of thousands of letters have been shared through a simple and inclusive digital platform and through workshops held in schools, colleges, high schools, and cultural spaces. This initiative is both human and digital: by harnessing the power of writing, it turns a simple gesture into a powerful tool for ageing well, solidarity, and social connection.<\/p>\n\n\n\n<p><strong>Mots Clefs :<\/strong><br>Bienveillance, lettres, Sourires<\/p>\n\n\n\n<p><strong>KeyWords :<\/strong><br>Kindness, letters, smiles<\/p>\n\n\n\n<p><strong>SilverEco Congr\u00e8s \/ Summits :<\/strong><br>Living at Home Summit \u2013 le Congr\u00e8s Bien-vieillir chez soi<br>Nursing Home Summit \u2013 le Congr\u00e8s EHPAD, RSS et h\u00e9bergement collectif<br>Silver Citizen Summit \u2013 le Congr\u00e8s Silver citoyennet\u00e9<\/p>\n\n\n\n<p><strong>Contact :<\/strong><br>75001 \u2013 Paris \u2013 France<br>+33 6 46 28 31 76<br>stephanie.delepoulle@1lettre1sourire.org<br><a href=\"https:\/\/1lettre1sourire.org\/\">Website<\/a><\/p>\n","protected":false},"excerpt":{"rendered":"<p>1 Lettre 1 Sourire est une initiative citoyenne n\u00e9e pendant la crise sanitaire, avec une id\u00e9e simple : permettre \u00e0 toute personne, et en particulier aux jeunes, d\u2019envoyer des lettres de bienveillance \u00e0 des a\u00een\u00e9s isol\u00e9s dans les Ehpad et r\u00e9sidences seniors. Notre mission est de recr\u00e9er du lien interg\u00e9n\u00e9rationnel en luttant contre la solitude [&hellip;]<\/p>\n","protected":false},"author":639,"featured_media":0,"parent":0,"menu_order":0,"comment_status":"closed","ping_status":"closed","template":"","meta":{"site-sidebar-layout":"default","site-content-layout":"","ast-site-content-layout":"default","site-content-style":"default","site-sidebar-style":"default","ast-global-header-display":"","ast-banner-title-visibility":"","ast-main-header-display":"","ast-hfb-above-header-display":"","ast-hfb-below-header-display":"","ast-hfb-mobile-header-display":"","site-post-title":"","ast-breadcrumbs-content":"","ast-featured-img":"","footer-sml-layout":"","ast-disable-related-posts":"","theme-transparent-header-meta":"","adv-header-id-meta":"","stick-header-meta":"","header-above-stick-meta":"","header-main-stick-meta":"","header-below-stick-meta":"","astra-migrate-meta-layouts":"set","ast-page-background-enabled":"default","ast-page-background-meta":{"desktop":{"background-color":"var(--ast-global-color-4)","background-image":"","background-repeat":"repeat","background-position":"center center","background-size":"auto","background-attachment":"scroll","background-type":"","background-media":"","overlay-type":"","overlay-color":"","overlay-opacity":"","overlay-gradient":""},"tablet":{"background-color":"","background-image":"","background-repeat":"repeat","background-position":"center center","background-size":"auto","background-attachment":"scroll","background-type":"","background-media":"","overlay-type":"","overlay-color":"","overlay-opacity":"","overlay-gradient":""},"mobile":{"background-color":"","background-image":"","background-repeat":"repeat","background-position":"center center","background-size":"auto","background-attachment":"scroll","background-type":"","background-media":"","overlay-type":"","overlay-color":"","overlay-opacity":"","overlay-gradient":""}},"ast-content-background-meta":{"desktop":{"background-color":"var(--ast-global-color-5)","background-image":"","background-repeat":"repeat","background-position":"center center","background-size":"auto","background-attachment":"scroll","background-type":"","background-media":"","overlay-type":"","overlay-color":"","overlay-opacity":"","overlay-gradient":""},"tablet":{"background-color":"var(--ast-global-color-5)","background-image":"","background-repeat":"repeat","background-position":"center center","background-size":"auto","background-attachment":"scroll","background-type":"","background-media":"","overlay-type":"","overlay-color":"","overlay-opacity":"","overlay-gradient":""},"mobile":{"background-color":"var(--ast-global-color-5)","background-image":"","background-repeat":"repeat","background-position":"center center","background-size":"auto","background-attachment":"scroll","background-type":"","background-media":"","overlay-type":"","overlay-color":"","overlay-opacity":"","overlay-gradient":""}},"footnotes":""},"class_list":["post-44820","page","type-page","status-publish","hentry"],"_links":{"self":[{"href":"https:\/\/silvereco.org\/doc\/wp-json\/wp\/v2\/pages\/44820","targetHints":{"allow":["GET"]}}],"collection":[{"href":"https:\/\/silvereco.org\/doc\/wp-json\/wp\/v2\/pages"}],"about":[{"href":"https:\/\/silvereco.org\/doc\/wp-json\/wp\/v2\/types\/page"}],"author":[{"embeddable":true,"href":"https:\/\/silvereco.org\/doc\/wp-json\/wp\/v2\/users\/639"}],"replies":[{"embeddable":true,"href":"https:\/\/silvereco.org\/doc\/wp-json\/wp\/v2\/comments?post=44820"}],"version-history":[{"count":4,"href":"https:\/\/silvereco.org\/doc\/wp-json\/wp\/v2\/pages\/44820\/revisions"}],"predecessor-version":[{"id":45561,"href":"https:\/\/silvereco.org\/doc\/wp-json\/wp\/v2\/pages\/44820\/revisions\/45561"}],"wp:attachment":[{"href":"https:\/\/silvereco.org\/doc\/wp-json\/wp\/v2\/media?parent=44820"}],"curies":[{"name":"wp","href":"https:\/\/api.w.org\/{rel}","templated":true}]}}